{"id":212278,"date":"2025-12-26T18:27:59","date_gmt":"2025-12-26T15:27:59","guid":{"rendered":"https:\/\/baldumarket.lt\/?post_type=product&#038;p=212278"},"modified":"2026-02-03T23:15:37","modified_gmt":"2026-02-03T20:15:37","slug":"lozko-kontynentalne-nero-180x200-tapicerowane-materac-topper-pojemnik","status":"publish","type":"product","link":"https:\/\/baldumarket.lt\/ru\/product\/lozko-kontynentalne-nero-180x200-tapicerowane-materac-topper-pojemnik\/","title":{"rendered":"Nero kontinentin\u0117 lova 180\u00d7200, apmu\u0161ta, ciu\u017einys, ciu\u017einuko u\u017etiesalas, konteineris"},"content":{"rendered":"<p>\u041a\u043e\u043d\u0442\u0438\u043d\u0435\u043d\u0442\u0430\u043b\u044c\u043d\u0430\u044f \u043a\u0440\u043e\u0432\u0430\u0442\u044c Nero \u0440\u0430\u0437\u043c\u0435\u0440\u043e\u043c 180\u00d7200 \u0441\u043c \u2013 \u044d\u0442\u043e \u0438\u0434\u0435\u0430\u043b\u044c\u043d\u043e\u0435 \u0441\u043e\u0447\u0435\u0442\u0430\u043d\u0438\u0435 \u044d\u043b\u0435\u0433\u0430\u043d\u0442\u043d\u043e\u0433\u043e \u0434\u0438\u0437\u0430\u0439\u043d\u0430, \u043f\u0440\u0435\u0432\u043e\u0441\u0445\u043e\u0434\u043d\u043e\u0433\u043e \u043a\u043e\u043c\u0444\u043e\u0440\u0442\u0430 \u0432\u043e \u0432\u0440\u0435\u043c\u044f \u0441\u043d\u0430 \u0438 \u043f\u0440\u0430\u043a\u0442\u0438\u0447\u043d\u044b\u0445 \u0440\u0435\u0448\u0435\u043d\u0438\u0439 \u0434\u043b\u044f \u043f\u043e\u0432\u0441\u0435\u0434\u043d\u0435\u0432\u043d\u043e\u0439 \u0436\u0438\u0437\u043d\u0438. \u0420\u0430\u0437\u0440\u0430\u0431\u043e\u0442\u0430\u043d\u043d\u0430\u044f \u0438\u0437\u0432\u0435\u0441\u0442\u043d\u044b\u043c \u043f\u043e\u043b\u044c\u0441\u043a\u0438\u043c \u043f\u0440\u043e\u0438\u0437\u0432\u043e\u0434\u0438\u0442\u0435\u043b\u0435\u043c Gruszka Meble, \u044d\u0442\u0430 \u043c\u043e\u0434\u0435\u043b\u044c \u0432\u043f\u0435\u0447\u0430\u0442\u043b\u044f\u0435\u0442 \u043a\u0430\u043a \u0444\u043e\u0440\u043c\u043e\u0439, \u0442\u0430\u043a \u0438 \u0444\u0443\u043d\u043a\u0446\u0438\u043e\u043d\u0430\u043b\u044c\u043d\u043e\u0441\u0442\u044c\u044e, \u043f\u0440\u0435\u0434\u043b\u0430\u0433\u0430\u044f \u0443\u0434\u043e\u0431\u043d\u0443\u044e \u0438 \u043f\u0440\u043e\u0441\u0442\u043e\u0440\u043d\u0443\u044e \u0441\u043f\u0430\u043b\u044c\u043d\u0443\u044e \u043f\u043e\u0432\u0435\u0440\u0445\u043d\u043e\u0441\u0442\u044c \u0434\u043b\u044f \u0434\u0432\u0443\u0445 \u0447\u0435\u043b\u043e\u0432\u0435\u043a.<\/p>","protected":false},"excerpt":{"rendered":"<p>\u0428\u0438\u0440\u0438\u043d\u0430: 180 \u0441\u043c<br \/>\n\u0414\u043b\u0438\u043d\u0430: 217 \u0441\u043c<br \/>\n\u0412\u044b\u0441\u043e\u0442\u0430: 123 \u0441\u043c<br \/>\n\u0421\u043f\u0430\u043b\u044c\u043d\u0430\u044f \u0437\u043e\u043d\u0430: 180\u00d7200 \u0441\u043c<br \/>\n\u0412\u044b\u0441\u043e\u0442\u0430 \u0441\u043f\u0430\u043b\u044c\u043d\u043e\u0433\u043e \u043c\u0435\u0441\u0442\u0430: 64 \u0441\u043c<\/p>","protected":false},"featured_media":212391,"comment_status":"open","ping_status":"closed","template":"","meta":[],"product_brand":[],"product_cat":[505,1972,514,7271],"product_tag":[],"class_list":{"0":"post-212278","1":"product","2":"type-product","3":"status-publish","4":"has-post-thumbnail","6":"product_cat-bedroom-beds","7":"product_cat-beds-180x200","8":"product_cat-continental-beds","9":"product_cat-meble-gruszka","11":"first","12":"instock","13":"shipping-taxable","14":"purchasable","15":"product-type-variable","16":"wvs-archive-product-wrapper"},"_links":{"self":[{"href":"https:\/\/baldumarket.lt\/ru\/wp-json\/wp\/v2\/product\/212278","targetHints":{"allow":["GET"]}}],"collection":[{"href":"https:\/\/baldumarket.lt\/ru\/wp-json\/wp\/v2\/product"}],"about":[{"href":"https:\/\/baldumarket.lt\/ru\/wp-json\/wp\/v2\/types\/product"}],"replies":[{"embeddable":true,"href":"https:\/\/baldumarket.lt\/ru\/wp-json\/wp\/v2\/comments?post=212278"}],"wp:featuredmedia":[{"embeddable":true,"href":"https:\/\/baldumarket.lt\/ru\/wp-json\/wp\/v2\/media\/212391"}],"wp:attachment":[{"href":"https:\/\/baldumarket.lt\/ru\/wp-json\/wp\/v2\/media?parent=212278"}],"wp:term":[{"taxonomy":"product_brand","embeddable":true,"href":"https:\/\/baldumarket.lt\/ru\/wp-json\/wp\/v2\/product_brand?post=212278"},{"taxonomy":"product_cat","embeddable":true,"href":"https:\/\/baldumarket.lt\/ru\/wp-json\/wp\/v2\/product_cat?post=212278"},{"taxonomy":"product_tag","embeddable":true,"href":"https:\/\/baldumarket.lt\/ru\/wp-json\/wp\/v2\/product_tag?post=212278"}],"curies":[{"name":"WP","href":"https:\/\/api.w.org\/{rel}","templated":true}]}}