{"id":212020,"date":"2025-12-26T18:18:17","date_gmt":"2025-12-26T15:18:17","guid":{"rendered":"https:\/\/baldumarket.lt\/?post_type=product&#038;p=212020"},"modified":"2026-02-03T23:15:42","modified_gmt":"2026-02-03T20:15:42","slug":"lozko-kontynentalne-primo-160x200-tapicerowane-materac-topper","status":"publish","type":"product","link":"https:\/\/baldumarket.lt\/ru\/product\/lozko-kontynentalne-primo-160x200-tapicerowane-materac-topper\/","title":{"rendered":"Primo kontinentin\u0117 lova 160\u00d7200, apmu\u0161ta, su ciu\u017einiu, vir\u0161utiniu ciu\u017einiu"},"content":{"rendered":"<p>\u041a\u043e\u043d\u0442\u0438\u043d\u0435\u043d\u0442\u0430\u043b\u044c\u043d\u0430\u044f \u043a\u0440\u043e\u0432\u0430\u0442\u044c Primo 160\u00d7200 \u0441\u043c \u2014 \u0438\u0434\u0435\u0430\u043b\u044c\u043d\u043e\u0435 \u0440\u0435\u0448\u0435\u043d\u0438\u0435 \u0434\u043b\u044f \u0442\u0435\u0445, \u043a\u0442\u043e \u0446\u0435\u043d\u0438\u0442 \u0441\u043e\u0432\u0440\u0435\u043c\u0435\u043d\u043d\u044b\u0439 \u0434\u0438\u0437\u0430\u0439\u043d \u0441 \u043d\u043e\u0442\u043a\u0430\u043c\u0438 \u043a\u043b\u0430\u0441\u0441\u0438\u043a\u0438 \u0438 \u0432\u044b\u0441\u043e\u0447\u0430\u0439\u0448\u0438\u0439 \u0443\u0440\u043e\u0432\u0435\u043d\u044c \u043a\u043e\u043c\u0444\u043e\u0440\u0442\u0430. \u041f\u0440\u043e\u0438\u0437\u0432\u0435\u0434\u0435\u043d\u043d\u0430\u044f \u0438\u0437\u0432\u0435\u0441\u0442\u043d\u044b\u043c \u043f\u043e\u043b\u044c\u0441\u043a\u0438\u043c \u043f\u0440\u043e\u0438\u0437\u0432\u043e\u0434\u0438\u0442\u0435\u043b\u0435\u043c Gruszka Mebel, \u044d\u0442\u0430 \u0443\u043d\u0438\u0432\u0435\u0440\u0441\u0430\u043b\u044c\u043d\u0430\u044f \u043a\u043e\u043d\u0442\u0438\u043d\u0435\u043d\u0442\u0430\u043b\u044c\u043d\u0430\u044f \u043a\u0440\u043e\u0432\u0430\u0442\u044c \u043b\u0435\u0433\u043a\u043e \u0432\u043f\u0438\u0448\u0435\u0442\u0441\u044f \u0432 \u0440\u0430\u0437\u043b\u0438\u0447\u043d\u044b\u0435 \u0438\u043d\u0442\u0435\u0440\u044c\u0435\u0440\u044b \u0441\u043f\u0430\u043b\u0435\u043d. \u0413\u043b\u0430\u0432\u043d\u043e\u0435 \u043f\u0440\u0435\u0438\u043c\u0443\u0449\u0435\u0441\u0442\u0432\u043e \u043a\u043e\u043d\u0442\u0438\u043d\u0435\u043d\u0442\u0430\u043b\u044c\u043d\u043e\u0439 \u043a\u0440\u043e\u0432\u0430\u0442\u0438 Primo 160\u00d7200 \u0441\u043c \u2014 \u044d\u043b\u0435\u0433\u0430\u043d\u0442\u043d\u0430\u044f, \u0431\u043e\u0433\u0430\u0442\u043e \u043f\u0440\u043e\u0441\u0442\u0435\u0433\u0430\u043d\u043d\u0430\u044f \u0438 \u043c\u044f\u0433\u043a\u0430\u044f \u0441\u043f\u0438\u043d\u043a\u0430, \u0443\u043a\u0440\u0430\u0448\u0435\u043d\u043d\u0430\u044f \u0438\u0437\u044f\u0449\u043d\u043e\u0439 \u0441\u0442\u0440\u043e\u0447\u043a\u043e\u0439. \u041e\u043d\u0430 \u043e\u0431\u0435\u0441\u043f\u0435\u0447\u0438\u0432\u0430\u0435\u0442 \u043d\u0435 \u0442\u043e\u043b\u044c\u043a\u043e \u044d\u0441\u0442\u0435\u0442\u0438\u0447\u0435\u0441\u043a\u0438 \u043f\u0440\u0438\u0432\u043b\u0435\u043a\u0430\u0442\u0435\u043b\u044c\u043d\u044b\u0439 \u0432\u043d\u0435\u0448\u043d\u0438\u0439 \u0432\u0438\u0434, \u043d\u043e \u0438 \u043a\u043e\u043c\u0444\u043e\u0440\u0442\u043d\u0443\u044e \u043e\u043f\u043e\u0440\u0443 \u0434\u043b\u044f \u043e\u0442\u0434\u044b\u0445\u0430 \u0438\u043b\u0438 \u0447\u0442\u0435\u043d\u0438\u044f \u0432\u0435\u0447\u0435\u0440\u043e\u043c.<\/p>","protected":false},"excerpt":{"rendered":"<p>\u0428\u0438\u0440\u0438\u043d\u0430: 160 \u0441\u043c<br \/>\n\u0414\u043b\u0438\u043d\u0430: 215 \u0441\u043c<br \/>\n\u0412\u044b\u0441\u043e\u0442\u0430: 120 \u0441\u043c<br \/>\n\u0421\u043f\u0430\u043b\u044c\u043d\u0430\u044f \u0437\u043e\u043d\u0430: 160\u00d7200 \u0441\u043c<br \/>\n\u0412\u044b\u0441\u043e\u0442\u0430 \u0434\u043b\u044f \u0441\u043d\u0430: 58 \u0441\u043c<\/p>","protected":false},"featured_media":212145,"comment_status":"open","ping_status":"closed","template":"","meta":[],"product_brand":[],"product_cat":[505,1971,514,7271],"product_tag":[],"class_list":{"0":"post-212020","1":"product","2":"type-product","3":"status-publish","4":"has-post-thumbnail","6":"product_cat-bedroom-beds","7":"product_cat-beds-160x200","8":"product_cat-continental-beds","9":"product_cat-meble-gruszka","11":"first","12":"instock","13":"shipping-taxable","14":"purchasable","15":"product-type-variable","16":"wvs-archive-product-wrapper"},"_links":{"self":[{"href":"https:\/\/baldumarket.lt\/ru\/wp-json\/wp\/v2\/product\/212020","targetHints":{"allow":["GET"]}}],"collection":[{"href":"https:\/\/baldumarket.lt\/ru\/wp-json\/wp\/v2\/product"}],"about":[{"href":"https:\/\/baldumarket.lt\/ru\/wp-json\/wp\/v2\/types\/product"}],"replies":[{"embeddable":true,"href":"https:\/\/baldumarket.lt\/ru\/wp-json\/wp\/v2\/comments?post=212020"}],"wp:featuredmedia":[{"embeddable":true,"href":"https:\/\/baldumarket.lt\/ru\/wp-json\/wp\/v2\/media\/212145"}],"wp:attachment":[{"href":"https:\/\/baldumarket.lt\/ru\/wp-json\/wp\/v2\/media?parent=212020"}],"wp:term":[{"taxonomy":"product_brand","embeddable":true,"href":"https:\/\/baldumarket.lt\/ru\/wp-json\/wp\/v2\/product_brand?post=212020"},{"taxonomy":"product_cat","embeddable":true,"href":"https:\/\/baldumarket.lt\/ru\/wp-json\/wp\/v2\/product_cat?post=212020"},{"taxonomy":"product_tag","embeddable":true,"href":"https:\/\/baldumarket.lt\/ru\/wp-json\/wp\/v2\/product_tag?post=212020"}],"curies":[{"name":"WP","href":"https:\/\/api.w.org\/{rel}","templated":true}]}}