{"id":195744,"date":"2025-12-23T23:56:54","date_gmt":"2025-12-23T20:56:54","guid":{"rendered":"https:\/\/baldumarket.lt\/?post_type=product&#038;p=195744"},"modified":"2026-03-23T16:18:20","modified_gmt":"2026-03-23T13:18:20","slug":"naroznik-rozkladany-z-pojemnikiem-laren-gr1","status":"publish","type":"product","link":"https:\/\/baldumarket.lt\/ru\/product\/naroznik-rozkladany-z-pojemnikiem-laren-gr1\/","title":{"rendered":"Laren Gr1 i\u0161skleid\u017eiama kampin\u0117 sofa su daiktad\u0117\u017ee"},"content":{"rendered":"<p>\u0423\u0433\u043b\u043e\u0432\u043e\u0439 \u0434\u0438\u0432\u0430\u043d Laren \u043f\u0440\u0438\u0432\u043b\u0435\u043a\u0430\u0435\u0442 \u0432\u043d\u0438\u043c\u0430\u043d\u0438\u0435 \u0441\u043e\u0447\u0435\u0442\u0430\u043d\u0438\u0435\u043c \u0444\u0443\u043d\u043a\u0446\u0438\u043e\u043d\u0430\u043b\u044c\u043d\u043e\u0441\u0442\u0438 \u0438 \u0434\u0435\u043a\u043e\u0440\u0430\u0442\u0438\u0432\u043d\u044b\u0445 \u044d\u043b\u0435\u043c\u0435\u043d\u0442\u043e\u0432. \u0418\u0437\u044f\u0449\u043d\u0430\u044f \u0441\u0442\u0440\u043e\u0447\u043a\u0430 \u043d\u0430 \u0441\u0438\u0434\u0435\u043d\u044c\u0435, \u0437\u0430\u043a\u0440\u0443\u0433\u043b\u0435\u043d\u043d\u044b\u0435 \u0431\u043e\u043a\u043e\u0432\u044b\u0435 \u0441\u0442\u043e\u0440\u043e\u043d\u044b \u0438 \u0445\u0430\u0440\u0430\u043a\u0442\u0435\u0440\u043d\u044b\u0435 \u0437\u043e\u043b\u043e\u0442\u0438\u0441\u0442\u044b\u0435 \u043c\u0435\u0442\u0430\u043b\u043b\u0438\u0447\u0435\u0441\u043a\u0438\u0435 \u043d\u043e\u0436\u043a\u0438 \u0441\u043e\u0437\u0434\u0430\u044e\u0442 \u043d\u0435\u043f\u043e\u0432\u0442\u043e\u0440\u0438\u043c\u044b\u0439 \u0441\u0442\u0438\u043b\u044c.<br \/>\n\u0420\u0410\u0417\u041c\u0415\u0420\u042b<br \/>\n\u2013 \u0428\u0438\u0440\u0438\u043d\u0430 \u2013 255 \u0441\u043c<br \/>\n\u2013 \u0412\u044b\u0441\u043e\u0442\u0430 \u2013 86 \u0441\u043c<br \/>\n\u2013 \u0413\u043b\u0443\u0431\u0438\u043d\u0430 \u2013 255 \u0441\u043c<br \/>\n\u0414\u041e\u041f\u041e\u041b\u041d\u0418\u0422\u0415\u041b\u042c\u041d\u042b\u0415 \u0420\u0410\u0417\u041c\u0415\u0420\u042b<br \/>\n\u2013 \u0421\u043f\u0430\u043b\u044c\u043d\u0430\u044f \u0437\u043e\u043d\u0430 \u2013 140 x 210 \u0441\u043c<br \/>\n\u2013 \u0412\u044b\u0441\u043e\u0442\u0430 \u0441\u0438\u0434\u0435\u043d\u044c\u044f \u2013 43 \u0441\u043c<br \/>\n\u2013 \u0413\u043b\u0443\u0431\u0438\u043d\u0430 \u0441\u0438\u0434\u0435\u043d\u044c\u044f \u2013 58 \u0441\u043c<br \/>\n\u2013 \u0412\u044b\u0441\u043e\u0442\u0430 \u043f\u043e\u0434\u043b\u043e\u043a\u043e\u0442\u043d\u0438\u043a\u0430 \u2013 57 \u0441\u043c<br \/>\n\u041e\u0411\u0429\u0418\u0415 \u0414\u0410\u041d\u041d\u042b\u0415<br \/>\n\u2013 \u0424\u0443\u043d\u043a\u0446\u0438\u044f \u0441\u043d\u0430<br \/>\n\u2013 \u0425\u0440\u0430\u043d\u0435\u043d\u0438\u0435 \u043f\u043e\u0441\u0442\u0435\u043b\u044c\u043d\u043e\u0433\u043e \u0431\u0435\u043b\u044c\u044f<br \/>\n\u2013 \u041c\u0435\u0445\u0430\u043d\u0438\u0437\u043c \u0430\u0432\u0442\u043e\u043c\u0430\u0442\u0438\u0447\u0435\u0441\u043a\u043e\u0433\u043e \u0440\u0430\u0441\u043a\u043b\u0430\u0434\u044b\u0432\u0430\u043d\u0438\u044f<br \/>\n\u2013 \u041c\u044f\u0433\u043a\u0430\u044f \u0441\u043f\u0438\u043d\u043a\u0430<br \/>\n\u2013 \u041d\u043e\u0433\u0438\/\u0441\u0442\u0443\u043f\u043d\u0438 \u2013 \u041c\u0435\u0442\u0430\u043b\u043b, \u043f\u043b\u0430\u0441\u0442\u0438\u043a<br \/>\n\u2013 \u041a\u043e\u043d\u0441\u0442\u0440\u0443\u043a\u0446\u0438\u044f \u2013 \u0414\u0435\u0440\u0435\u0432\u043e + \u0414\u0421\u041f + \u0424\u0430\u043d\u0435\u0440\u0430<br \/>\n\u2013 \u0421\u0438\u0434\u0435\u043d\u044c\u0435 \u2013 \u041f\u0435\u043d\u043e\u043f\u043e\u043b\u0438\u0443\u0440\u0435\u0442\u0430\u043d + \u0413\u043e\u0444\u0440\u0438\u0440\u043e\u0432\u0430\u043d\u043d\u0430\u044f \u043f\u0440\u0443\u0436\u0438\u043d\u0430<br \/>\n\u0423\u043d\u0438\u0432\u0435\u0440\u0441\u0430\u043b\u044c\u043d\u044b\u0439 \u0443\u0433\u043b\u043e\u0432\u043e\u0439 \u0434\u0438\u0432\u0430\u043d.<br \/>\n\u041d\u0430 \u0433\u043b\u0430\u0432\u043d\u043e\u0439 \u0444\u043e\u0442\u043e\u0433\u0440\u0430\u0444\u0438\u0438 \u0438\u0437\u043e\u0431\u0440\u0430\u0436\u0435\u043d\u0430 \u043c\u0435\u0431\u0435\u043b\u044c, \u043e\u0431\u0438\u0442\u0430\u044f \u0442\u043a\u0430\u043d\u044c\u044e Castel 15.<\/p>","protected":false},"excerpt":{"rendered":"<p>\u0428\u0438\u0440\u0438\u043d\u0430 \u0431\u043e\u043b\u0435\u0435 \u0434\u043b\u0438\u043d\u043d\u043e\u0439 \u0441\u0442\u043e\u0440\u043e\u043d\u044b [\u0441\u043c] 255<br \/>\n\u0428\u0438\u0440\u0438\u043d\u0430 \u0431\u043e\u043b\u0435\u0435 \u043a\u043e\u0440\u043e\u0442\u043a\u043e\u0439 \u0441\u0442\u043e\u0440\u043e\u043d\u044b [\u0441\u043c] 255<br \/>\n\u0413\u043b\u0443\u0431\u0438\u043d\u0430 [\u0441\u043c] 90<br \/>\n\u0421\u043f\u0430\u043b\u044c\u043d\u0430\u044f \u043f\u043b\u043e\u0449\u0430\u0434\u044c [\u0441\u043c] 140\u00d7210<br \/>\n\u0421\u0442\u0438\u043b\u044c: \u0443\u0433\u043b\u043e\u0432\u043e\u0439 \u0434\u0438\u0432\u0430\u043d \u00ab\u0427\u0435\u0441\u0442\u0435\u0440\u0444\u0438\u043b\u0434\u00bb\/\u0441\u0442\u0435\u0433\u0430\u043d\u044b\u0439 \u0441\u043e\u0432\u0440\u0435\u043c\u0435\u043d\u043d\u044b\u0439<br \/>\n\u0421\u0438\u0441\u0442\u0435\u043c\u0430 \u0440\u0430\u0441\u043a\u043b\u0430\u0434\u044b\u0432\u0430\u043d\u0438\u044f: \u0430\u0432\u0442\u043e\u043c\u0430\u0442\u0438\u0447\u0435\u0441\u043a\u0430\u044f \u0434\u043b\u044f \u043b\u0435\u0433\u043a\u043e\u0433\u043e \u0440\u0430\u0441\u043a\u043b\u0430\u0434\u044b\u0432\u0430\u043d\u0438\u044f \/ DL<\/p>","protected":false},"featured_media":195864,"comment_status":"open","ping_status":"closed","template":"","meta":[],"product_brand":[],"product_cat":[9640,5570,826],"product_tag":[],"class_list":{"0":"post-195744","1":"product","2":"type-product","3":"status-publish","4":"has-post-thumbnail","6":"product_cat-upholstered-furniture-laski","7":"product_cat-laski-meble","8":"product_cat-poufs","10":"first","11":"instock","12":"shipping-taxable","13":"purchasable","14":"product-type-variable","15":"wvs-archive-product-wrapper"},"_links":{"self":[{"href":"https:\/\/baldumarket.lt\/ru\/wp-json\/wp\/v2\/product\/195744","targetHints":{"allow":["GET"]}}],"collection":[{"href":"https:\/\/baldumarket.lt\/ru\/wp-json\/wp\/v2\/product"}],"about":[{"href":"https:\/\/baldumarket.lt\/ru\/wp-json\/wp\/v2\/types\/product"}],"replies":[{"embeddable":true,"href":"https:\/\/baldumarket.lt\/ru\/wp-json\/wp\/v2\/comments?post=195744"}],"wp:featuredmedia":[{"embeddable":true,"href":"https:\/\/baldumarket.lt\/ru\/wp-json\/wp\/v2\/media\/195864"}],"wp:attachment":[{"href":"https:\/\/baldumarket.lt\/ru\/wp-json\/wp\/v2\/media?parent=195744"}],"wp:term":[{"taxonomy":"product_brand","embeddable":true,"href":"https:\/\/baldumarket.lt\/ru\/wp-json\/wp\/v2\/product_brand?post=195744"},{"taxonomy":"product_cat","embeddable":true,"href":"https:\/\/baldumarket.lt\/ru\/wp-json\/wp\/v2\/product_cat?post=195744"},{"taxonomy":"product_tag","embeddable":true,"href":"https:\/\/baldumarket.lt\/ru\/wp-json\/wp\/v2\/product_tag?post=195744"}],"curies":[{"name":"WP","href":"https:\/\/api.w.org\/{rel}","templated":true}]}}