{"id":195720,"date":"2025-12-23T23:56:11","date_gmt":"2025-12-23T20:56:11","guid":{"rendered":"https:\/\/baldumarket.lt\/?post_type=product&#038;p=195720"},"modified":"2026-03-23T16:18:20","modified_gmt":"2026-03-23T13:18:20","slug":"naroznik-rozkladany-olio-oferta-specjalna-gr1","status":"publish","type":"product","link":"https:\/\/baldumarket.lt\/ru\/product\/naroznik-rozkladany-olio-oferta-specjalna-gr1\/","title":{"rendered":"\u0414\u0438\u0432\u0430\u043d Olio i\u0161skleid\u017eiama kampin\u0117 \u2013 SPECIALUS PASI\u016aLYMAS Gr1"},"content":{"rendered":"<p>\u042d\u0442\u043e\u0442 \u0443\u043d\u0438\u043a\u0430\u043b\u044c\u043d\u044b\u0439 \u043f\u0440\u0435\u0434\u043c\u0435\u0442 \u043c\u0435\u0431\u0435\u043b\u0438 \u043e\u0440\u0438\u0433\u0438\u043d\u0430\u043b\u044c\u043d\u043e\u0439 \u0444\u043e\u0440\u043c\u044b, \u043d\u0435\u0441\u043e\u043c\u043d\u0435\u043d\u043d\u043e, \u0441\u0442\u0430\u043d\u0435\u0442 \u0438\u0437\u044e\u043c\u0438\u043d\u043a\u043e\u0439 \u043b\u044e\u0431\u043e\u0439 \u0433\u043e\u0441\u0442\u0438\u043d\u043e\u0439.<br \/>\n\u0423\u0433\u043b\u043e\u0432\u043e\u0439 \u0434\u0438\u0432\u0430\u043d Olio \u043e\u0442\u043b\u0438\u0447\u0430\u0435\u0442\u0441\u044f \u043b\u0430\u043a\u043e\u043d\u0438\u0447\u043d\u044b\u043c \u0434\u0438\u0437\u0430\u0439\u043d\u043e\u043c \u0438 \u0432 \u0441\u0442\u0430\u043d\u0434\u0430\u0440\u0442\u043d\u043e\u0439 \u043a\u043e\u043c\u043f\u043b\u0435\u043a\u0442\u0430\u0446\u0438\u0438 \u043f\u043e\u0441\u0442\u0430\u0432\u043b\u044f\u0435\u0442\u0441\u044f \u0441 \u0434\u0432\u0443\u043c\u044f \u043d\u0435\u0431\u043e\u043b\u044c\u0448\u0438\u043c\u0438 \u043a\u0440\u0443\u0433\u043b\u044b\u043c\u0438 \u043f\u043e\u0434\u0443\u0448\u043a\u0430\u043c\u0438.<br \/>\n\u0420\u0410\u0417\u041c\u0415\u0420\u042b<br \/>\n\u2013 \u0428\u0438\u0440\u0438\u043d\u0430 \u2013 248 \u0441\u043c<br \/>\n\u2013 \u0412\u044b\u0441\u043e\u0442\u0430 \u2013 86,5 \u0441\u043c<br \/>\n\u2013 \u0413\u043b\u0443\u0431\u0438\u043d\u0430 \u2013 174 \u0441\u043c<br \/>\n\u0414\u041e\u041f\u041e\u041b\u041d\u0418\u0422\u0415\u041b\u042c\u041d\u042b\u0415 \u0420\u0410\u0417\u041c\u0415\u0420\u042b<br \/>\n\u2013 \u0421\u043f\u0430\u043b\u044c\u043d\u0430\u044f \u0437\u043e\u043d\u0430 \u2013 138 x 210 \u0441\u043c<br \/>\n\u2013 \u0412\u044b\u0441\u043e\u0442\u0430 \u0441\u0438\u0434\u0435\u043d\u044c\u044f \u2013 39 \u0441\u043c<br \/>\n\u2013 \u0413\u043b\u0443\u0431\u0438\u043d\u0430 \u0441\u0438\u0434\u0435\u043d\u044c\u044f \u2013 58 \u0441\u043c<br \/>\n\u2013 \u0412\u044b\u0441\u043e\u0442\u0430 \u043f\u043e\u0434\u043b\u043e\u043a\u043e\u0442\u043d\u0438\u043a\u0430 \u2013 34 \u0441\u043c<br \/>\n\u041e\u0411\u0429\u0418\u0415 \u0414\u0410\u041d\u041d\u042b\u0415<br \/>\n\u2013 \u0424\u0443\u043d\u043a\u0446\u0438\u044f \u0441\u043d\u0430<br \/>\n\u2013 \u0425\u0440\u0430\u043d\u0435\u043d\u0438\u0435 \u043f\u043e\u0441\u0442\u0435\u043b\u044c\u043d\u043e\u0433\u043e \u0431\u0435\u043b\u044c\u044f<br \/>\n\u2013 \u041c\u0435\u0445\u0430\u043d\u0438\u0437\u043c \u0430\u0432\u0442\u043e\u043c\u0430\u0442\u0438\u0447\u0435\u0441\u043a\u043e\u0433\u043e \u0440\u0430\u0441\u043a\u043b\u0430\u0434\u044b\u0432\u0430\u043d\u0438\u044f<br \/>\n\u2013 \u041c\u044f\u0433\u043a\u0430\u044f \u0441\u043f\u0438\u043d\u043a\u0430<br \/>\n\u2013 \u041f\u043b\u0430\u0441\u0442\u0438\u043a\u043e\u0432\u044b\u0435 \u043d\u043e\u0436\u043a\u0438 \u0432\u044b\u0441\u043e\u0442\u043e\u0439 3,5 \u0441\u043c<br \/>\n\u2013 \u0421\u0442\u0440\u043e\u0438\u0442\u0435\u043b\u044c\u0441\u0442\u0432\u043e \u2013 \u0414\u0435\u0440\u0435\u0432\u043e + \u0414\u0421\u041f<br \/>\n\u2013 \u0421\u0438\u0434\u0435\u043d\u044c\u0435 \u2013 \u041f\u0435\u043d\u043e\u043f\u043e\u043b\u0438\u0443\u0440\u0435\u0442\u0430\u043d + \u043f\u0440\u0443\u0436\u0438\u043d\u044b \u0411\u043e\u043d\u043d\u0435\u043b\u043b\u0430<br \/>\n\u2013 \u0421\u0432\u043e\u0431\u043e\u0434\u043d\u044b\u0435 \u043f\u043e\u0434\u0443\u0448\u043a\u0438<br \/>\n\u0423\u0433\u043b\u043e\u0432\u043e\u0439 \u0434\u0438\u0432\u0430\u043d \u0438\u0437\u043e\u0431\u0440\u0430\u0436\u0435\u043d \u0441\u043f\u0440\u0430\u0432\u0430.<br \/>\n\u0414\u043e\u0441\u0442\u0443\u043f\u043d\u043e \u0442\u043e\u043b\u044c\u043a\u043e \u0432 \u0442\u043a\u0430\u043d\u044f\u0445 Aragon.<br \/>\n\u0422\u043a\u0430\u043d\u044c Aragon 3 \u043a\u0440\u0435\u043c\u043e\u0432\u043e\u0433\u043e \u0446\u0432\u0435\u0442\u0430 \u0438\u0437\u043b\u0443\u0447\u0430\u0435\u0442 \u044d\u043b\u0435\u0433\u0430\u043d\u0442\u043d\u043e\u0441\u0442\u044c \u0438 \u0441\u043f\u043e\u043a\u043e\u0439\u0441\u0442\u0432\u0438\u0435.<br \/>\n\u0418\u0437\u0433\u043e\u0442\u043e\u0432\u043b\u0435\u043d\u043d\u0430\u044f \u0438\u0437 \u0432\u044b\u0441\u043e\u043a\u043e\u043a\u0430\u0447\u0435\u0441\u0442\u0432\u0435\u043d\u043d\u043e\u0439 \u043f\u0440\u044f\u0436\u0438, \u044d\u0442\u0430 \u0442\u043a\u0430\u043d\u044c \u043d\u0435\u0432\u0435\u0440\u043e\u044f\u0442\u043d\u043e \u043c\u044f\u0433\u043a\u0430\u044f \u0438 \u043f\u0440\u0438\u044f\u0442\u043d\u0430\u044f \u043d\u0430 \u043e\u0449\u0443\u043f\u044c, \u043f\u043e\u044d\u0442\u043e\u043c\u0443 \u0441\u0438\u0434\u0435\u0442\u044c \u043d\u0430 \u043d\u0435\u0439 \u2013 \u0441\u043f\u043b\u043e\u0448\u043d\u043e\u0435 \u0443\u0434\u043e\u0432\u043e\u043b\u044c\u0441\u0442\u0432\u0438\u0435.<br \/>\n\u042d\u0442\u0430 \u0442\u043a\u0430\u043d\u044c \u0438\u043c\u0435\u0435\u0442 \u0441\u043f\u0435\u0446\u0438\u0430\u043b\u044c\u043d\u043e\u0435 \u0432\u043e\u0434\u043e\u043e\u0442\u0442\u0430\u043b\u043a\u0438\u0432\u0430\u044e\u0449\u0435\u0435 \u043f\u043e\u043a\u0440\u044b\u0442\u0438\u0435, \u043a\u043e\u0442\u043e\u0440\u043e\u0435 \u0437\u0430\u0449\u0438\u0449\u0430\u0435\u0442 \u0435\u0435 \u043e\u0442 \u0432\u043b\u0430\u0433\u0438 \u0438 \u0436\u0438\u0434\u043a\u043e\u0441\u0442\u0435\u0439.<br \/>\n\u0422\u0435\u0445\u043d\u0438\u0447\u0435\u0441\u043a\u0438\u0435 \u0445\u0430\u0440\u0430\u043a\u0442\u0435\u0440\u0438\u0441\u0442\u0438\u043a\u0438:<br \/>\n\u0421\u043e\u0441\u0442\u0430\u0432: 951\u0422\u041f3\u0422 \u041f\u042d\u0421 51\u0422\u041f3\u0422 \u041d\u0419<br \/>\n\u0412\u0435\u0441: 340 \u0433\/\u043c\u00b2 (+\/- 5%)<br \/>\n\u0428\u0438\u0440\u0438\u043d\u0430: 140 \u0441\u043c (+\/- 2 \u0441\u043c)<br \/>\n\u0418\u0437\u043d\u043e\u0441\u043e\u0441\u0442\u043e\u0439\u043a\u043e\u0441\u0442\u044c: 45 000 \u2013 60 000 \u0446\u0438\u043a\u043b\u043e\u0432<\/p>","protected":false},"excerpt":{"rendered":"<p>\u0428\u0438\u0440\u0438\u043d\u0430 \u0431\u043e\u043b\u0435\u0435 \u0434\u043b\u0438\u043d\u043d\u043e\u0439 \u0441\u0442\u043e\u0440\u043e\u043d\u044b [\u0441\u043c] 248<br \/>\n\u0428\u0438\u0440\u0438\u043d\u0430 \u0431\u043e\u043b\u0435\u0435 \u043a\u043e\u0440\u043e\u0442\u043a\u043e\u0439 \u0441\u0442\u043e\u0440\u043e\u043d\u044b [\u0441\u043c] 174<br \/>\n\u0412\u044b\u0441\u043e\u0442\u0430 [\u0441\u043c] 86,5<br \/>\n\u0421\u043f\u0430\u043b\u044c\u043d\u0430\u044f \u043f\u043b\u043e\u0449\u0430\u0434\u044c [\u0441\u043c] 138\u00d7210<br \/>\n\u0421\u043e\u0432\u0440\u0435\u043c\u0435\u043d\u043d\u044b\u0439 \u0443\u0433\u043b\u043e\u0432\u043e\u0439 \u0434\u0438\u0432\u0430\u043d<br \/>\n\u0421\u0438\u0441\u0442\u0435\u043c\u0430 \u0440\u0430\u0441\u043a\u043b\u0430\u0434\u044b\u0432\u0430\u043d\u0438\u044f: \u0430\u0432\u0442\u043e\u043c\u0430\u0442\u0438\u0447\u0435\u0441\u043a\u0430\u044f \u0434\u043b\u044f \u043b\u0435\u0433\u043a\u043e\u0433\u043e \u0440\u0430\u0441\u043a\u043b\u0430\u0434\u044b\u0432\u0430\u043d\u0438\u044f \/ DL<\/p>","protected":false},"featured_media":195819,"comment_status":"open","ping_status":"closed","template":"","meta":[],"product_brand":[],"product_cat":[9640,5570,560],"product_tag":[],"class_list":{"0":"post-195720","1":"product","2":"type-product","3":"status-publish","4":"has-post-thumbnail","6":"product_cat-upholstered-furniture-laski","7":"product_cat-laski-meble","8":"product_cat-sofas-and-couches","10":"first","11":"instock","12":"shipping-taxable","13":"purchasable","14":"product-type-variable","15":"wvs-archive-product-wrapper"},"_links":{"self":[{"href":"https:\/\/baldumarket.lt\/ru\/wp-json\/wp\/v2\/product\/195720","targetHints":{"allow":["GET"]}}],"collection":[{"href":"https:\/\/baldumarket.lt\/ru\/wp-json\/wp\/v2\/product"}],"about":[{"href":"https:\/\/baldumarket.lt\/ru\/wp-json\/wp\/v2\/types\/product"}],"replies":[{"embeddable":true,"href":"https:\/\/baldumarket.lt\/ru\/wp-json\/wp\/v2\/comments?post=195720"}],"wp:featuredmedia":[{"embeddable":true,"href":"https:\/\/baldumarket.lt\/ru\/wp-json\/wp\/v2\/media\/195819"}],"wp:attachment":[{"href":"https:\/\/baldumarket.lt\/ru\/wp-json\/wp\/v2\/media?parent=195720"}],"wp:term":[{"taxonomy":"product_brand","embeddable":true,"href":"https:\/\/baldumarket.lt\/ru\/wp-json\/wp\/v2\/product_brand?post=195720"},{"taxonomy":"product_cat","embeddable":true,"href":"https:\/\/baldumarket.lt\/ru\/wp-json\/wp\/v2\/product_cat?post=195720"},{"taxonomy":"product_tag","embeddable":true,"href":"https:\/\/baldumarket.lt\/ru\/wp-json\/wp\/v2\/product_tag?post=195720"}],"curies":[{"name":"WP","href":"https:\/\/api.w.org\/{rel}","templated":true}]}}