{"id":190118,"date":"2025-12-22T21:07:02","date_gmt":"2025-12-22T18:07:02","guid":{"rendered":"https:\/\/baldumarket.lt\/product\/panel-boczny-szafki-wiszacej-wysokiej-92x304-max\/"},"modified":"2026-02-03T23:25:25","modified_gmt":"2026-02-03T20:25:25","slug":"panel-boczny-szafki-wiszacej-wysokiej-92x304-max","status":"publish","type":"product","link":"https:\/\/baldumarket.lt\/ru\/product\/panel-boczny-szafki-wiszacej-wysokiej-92x304-max\/","title":{"rendered":"Auk\u0161tos pakabinamos spintel\u0117s \u0161onin\u0117 sienel\u0117 92&#215;30,4 Max"},"content":{"rendered":"<p>\u0411\u043e\u043a\u043e\u0432\u0430\u044f \u043f\u0430\u043d\u0435\u043b\u044c \u043d\u0430\u0441\u0442\u0435\u043d\u043d\u043e\u0433\u043e \u0448\u043a\u0430\u0444\u0430 Max \u0440\u0430\u0437\u043c\u0435\u0440\u043e\u043c 92\u00d730,4 \u0441\u043c \u0432\u0445\u043e\u0434\u0438\u0442 \u0432 \u043a\u0443\u0445\u043e\u043d\u043d\u044b\u0439 \u0433\u0430\u0440\u043d\u0438\u0442\u0443\u0440 Trend \u0441\u043e \u0441\u043b\u0435\u0434\u0443\u044e\u0449\u0438\u043c\u0438 \u0445\u0430\u0440\u0430\u043a\u0442\u0435\u0440\u0438\u0441\u0442\u0438\u043a\u0430\u043c\u0438:<br \/>\n\u0414\u0438\u0437\u0430\u0439\u043d:<br \/>\n\u0424\u0430\u0441\u0430\u0434\u044b \u0438\u0437\u0433\u043e\u0442\u043e\u0432\u043b\u0435\u043d\u044b \u0438\u0437 \u041c\u0414\u0424, \u043f\u043e\u043a\u0440\u044b\u0442\u043e\u0433\u043e \u043c\u0430\u0442\u043e\u0432\u043e\u0439 \u041f\u0412\u0425-\u043f\u043b\u0435\u043d\u043a\u043e\u0439.<br \/>\n\u041d\u0430 \u043f\u0435\u0440\u0435\u0434\u043d\u0438\u0445 \u043f\u0430\u043d\u0435\u043b\u044f\u0445 \u043d\u0435\u0442 \u043f\u0440\u0435\u0434\u0432\u0430\u0440\u0438\u0442\u0435\u043b\u044c\u043d\u043e \u043f\u0440\u043e\u0441\u0432\u0435\u0440\u043b\u0435\u043d\u043d\u044b\u0445 \u043e\u0442\u0432\u0435\u0440\u0441\u0442\u0438\u0439 \u0434\u043b\u044f \u0440\u0443\u0447\u0435\u043a; \u0438\u0445 \u043d\u0435\u043e\u0431\u0445\u043e\u0434\u0438\u043c\u043e \u043f\u0440\u043e\u0441\u0432\u0435\u0440\u043b\u0438\u0442\u044c \u0441\u0430\u043c\u043e\u0441\u0442\u043e\u044f\u0442\u0435\u043b\u044c\u043d\u043e (\u043e\u0442\u0432\u0435\u0440\u0441\u0442\u0438\u044f \u0443\u0436\u0435 \u043f\u0440\u043e\u0441\u0432\u0435\u0440\u043b\u0435\u043d\u044b \u0438 \u0440\u0430\u0441\u043f\u043e\u043b\u043e\u0436\u0435\u043d\u044b \u043d\u0430 \u0440\u0430\u0441\u0441\u0442\u043e\u044f\u043d\u0438\u0438 16 \u0441\u043c \u0434\u0440\u0443\u0433 \u043e\u0442 \u0434\u0440\u0443\u0433\u0430).<br \/>\n\u041a\u043e\u0440\u043f\u0443\u0441\u0430 \u0438\u0437\u0433\u043e\u0442\u043e\u0432\u043b\u0435\u043d\u044b \u0438\u0437 \u043b\u0430\u043c\u0438\u043d\u0438\u0440\u043e\u0432\u0430\u043d\u043d\u043e\u0439 \u043f\u043b\u0438\u0442\u044b \u0442\u043e\u043b\u0449\u0438\u043d\u043e\u0439 16 \u043c\u043c.<br \/>\n\u0420\u0443\u0447\u043a\u0438 \u0438\u043c\u0435\u044e\u0442\u0441\u044f \u0432 \u043d\u0430\u043b\u0438\u0447\u0438\u0438.<br \/>\n\u0420\u0435\u0433\u0443\u043b\u0438\u0440\u0443\u0435\u043c\u044b\u0435 \u043e\u043f\u043e\u0440\u043d\u044b\u0435 \u043d\u043e\u0436\u043a\u0438, \u0432\u044b\u0441\u043e\u0442\u0430 10 \u0441\u043c.<br \/>\n\u041e\u0441\u043d\u043e\u0432\u0430\u043d\u0438\u0435 \u0434\u043b\u044f \u043a\u0430\u0436\u0434\u043e\u0433\u043e \u0448\u043a\u0430\u0444\u0430 \u0432\u044b\u0440\u0435\u0437\u0430\u0435\u0442\u0441\u044f \u043e\u0442\u0434\u0435\u043b\u044c\u043d\u043e.<br \/>\n\u041f\u0435\u0442\u043b\u0438 \u2013 \u0441\u0438\u0441\u0442\u0435\u043c\u0430 \u043f\u043b\u0430\u0432\u043d\u043e\u0433\u043e \u0437\u0430\u043a\u0440\u044b\u0432\u0430\u043d\u0438\u044f.<br \/>\n\u042f\u0449\u0438\u043a\u0438 \u2013 \u0441\u0438\u0441\u0442\u0435\u043c\u0430 \u043f\u043b\u0430\u0432\u043d\u043e\u0433\u043e \u0437\u0430\u043a\u0440\u044b\u0432\u0430\u043d\u0438\u044f.<br \/>\n\u0413\u0430\u0437\u043e\u0432\u044b\u0435 \u043f\u043e\u0434\u044a\u0435\u043c\u043d\u0438\u043a\u0438.<br \/>\n\u041d\u0438\u0436\u043d\u0438\u0435 \u0448\u043a\u0430\u0444\u044b \u0434\u043e\u0441\u0442\u0443\u043f\u043d\u044b \u0431\u0435\u0437 \u0441\u0442\u043e\u043b\u0435\u0448\u043d\u0438\u0446.<br \/>\n\u0422\u0435\u0445\u043d\u0438\u0447\u0435\u0441\u043a\u0438\u0435 \u0445\u0430\u0440\u0430\u043a\u0442\u0435\u0440\u0438\u0441\u0442\u0438\u043a\u0438 \u0441\u0438\u0441\u0442\u0435\u043c\u044b:<br \/>\n\u041d\u0430\u0437\u0432\u0430\u043d\u0438\u0435 \u043c\u043e\u0434\u0435\u043b\u0438: MAX<br \/>\n\u041c\u0435\u0431\u0435\u043b\u044c\u043d\u0430\u044f \u0441\u0438\u0441\u0442\u0435\u043c\u0430: TREND LINE<br \/>\n\u0426\u0432\u0435\u0442 \u043a\u043e\u0440\u043f\u0443\u0441\u0430: \u0411\u0415\u041b\u042b\u0419 \/ \u0413\u0420\u0410\u0424\u0418\u0422\u041e\u0412\u041e-\u0421\u0415\u0420\u042b\u0419 \/ \u0414\u0423\u0411 \u0410\u0420\u0422\u0418\u0417\u0410\u041d<br \/>\n\u0426\u0432\u0435\u0442 \u043f\u0435\u0440\u0435\u0434\u043d\u0435\u0439 \u043f\u0430\u043d\u0435\u043b\u0438 \u0432\u0435\u0440\u0445\u043d\u0435\u0433\u043e \u0448\u043a\u0430\u0444\u0430: \u0410\u041b\u042c\u041f\u0418\u0419\u0421\u041a\u0418\u0419 \u0411\u0415\u041b\u042b\u0419 \/ \u0421\u0415\u0420\u042b\u0419 \/ \u0421\u0412\u0415\u0422\u041b\u041e-\u0411\u0415\u0416\u0415\u0412\u042b\u0419 \/ \u0427\u0415\u0420\u041d\u042b\u0419 \/ \u0410\u041d\u0422\u0420\u0410\u0426\u0418\u0422 \/ \u0422\u0415\u041c\u041d\u041e-\u0421\u0418\u041d\u0418\u0419 \/ \u041a\u0418\u0420\u041f\u0418\u0427\u041d\u041e-\u041a\u0420\u0410\u0421\u041d\u042b\u0419 \/ \u041a\u041e\u0420\u0418\u0427\u041d\u0415\u0412\u042b\u0419 \/ \u0422\u0415\u041c\u041d\u041e-\u0417\u0415\u041b\u0415\u041d\u042b\u0419<br \/>\n\u0426\u0432\u0435\u0442 \u043f\u0435\u0440\u0435\u0434\u043d\u0435\u0439 \u043f\u0430\u043d\u0435\u043b\u0438 \u043d\u0438\u0436\u043d\u0435\u0433\u043e \u0448\u043a\u0430\u0444\u0430: \u0410\u041b\u042c\u041f\u0418\u0419\u0421\u041a\u0418\u0419 \u0411\u0415\u041b\u042b\u0419 \/ \u0421\u0415\u0420\u042b\u0419 \/ \u0421\u0412\u0415\u0422\u041b\u041e-\u0411\u0415\u0416\u0415\u0412\u042b\u0419 \/ \u0427\u0415\u0420\u041d\u042b\u0419 \/ \u0410\u041d\u0422\u0420\u0410\u0426\u0418\u0422 \/ \u0422\u0415\u041c\u041d\u041e-\u0421\u0418\u041d\u0418\u0419 \/ \u041a\u0418\u0420\u041f\u0418\u0427\u041d\u041e-\u041a\u0420\u0410\u0421\u041d\u042b\u0419 \/ \u041a\u041e\u0420\u0418\u0427\u041d\u0415\u0412\u042b\u0419 \/ \u0422\u0415\u041c\u041d\u041e-\u0417\u0415\u041b\u0415\u041d\u042b\u0419<br \/>\n\u041c\u0430\u0442\u0435\u0440\u0438\u0430\u043b \u043f\u0435\u0440\u0435\u0434\u043d\u0435\u0439 \u043f\u0430\u043d\u0435\u043b\u0438: \u043c\u0430\u0442\u043e\u0432\u0430\u044f \u0430\u043a\u0440\u0438\u043b\u043e\u0432\u0430\u044f \u043f\u0430\u043d\u0435\u043b\u044c \u0442\u043e\u043b\u0449\u0438\u043d\u043e\u0439 18 \u043c\u043c.<br \/>\n\u041c\u0430\u0442\u0435\u0440\u0438\u0430\u043b \u043a\u043e\u0440\u043f\u0443\u0441\u0430: \u043b\u0430\u043c\u0438\u043d\u0438\u0440\u043e\u0432\u0430\u043d\u043d\u0430\u044f \u043f\u0430\u043d\u0435\u043b\u044c \u0442\u043e\u043b\u0449\u0438\u043d\u043e\u0439 16 \u043c\u043c.<br \/>\n\u0421\u0442\u043e\u043b\u0435\u0448\u043d\u0438\u0446\u0430 \u0432 \u043a\u043e\u043c\u043f\u043b\u0435\u043a\u0442\u0435: \u041d\u0415\u0422, \u041f\u0420\u041e\u0414\u0410\u0415\u0422\u0421\u042f \u041e\u0422\u0414\u0415\u041b\u042c\u041d\u041e<br \/>\n\u0420\u0443\u0447\u043a\u0438: \u041d\u0415\u0422, \u041f\u0420\u041e\u0414\u0410\u042e\u0422\u0421 \u041e\u0422\u0414\u0415\u041b\u042c\u041d\u041e<br \/>\n\u041f\u043b\u0430\u0432\u043d\u043e\u0435 \u0437\u0430\u043a\u0440\u044b\u0432\u0430\u043d\u0438\u0435: \u0414\u0410<br \/>\n\u0412\u044b\u0441\u043e\u0442\u0430 \u0432\u0435\u0440\u0445\u043d\u0438\u0445 \u0448\u043a\u0430\u0444\u043e\u0432 [\u043c\u043c]: 360 \/ 720 \/ 880 \/ 920<br \/>\n\u0413\u043b\u0443\u0431\u0438\u043d\u0430 \u0432\u0435\u0440\u0445\u043d\u0438\u0445 \u0448\u043a\u0430\u0444\u043e\u0432 \u0431\u0435\u0437 \u0444\u0430\u0441\u0430\u0434\u043e\u0432 [\u043c\u043c]: 300 \/ 560<br \/>\n\u0412\u044b\u0441\u043e\u0442\u0430 \u043d\u0438\u0436\u043d\u0438\u0445 \u0448\u043a\u0430\u0444\u043e\u0432 [\u043c\u043c]: 820<br \/>\n\u0413\u043b\u0443\u0431\u0438\u043d\u0430 \u043d\u0438\u0436\u043d\u0438\u0445 \u0448\u043a\u0430\u0444\u043e\u0432 \u0431\u0435\u0437 \u0444\u0430\u0441\u0430\u0434\u043e\u0432 [\u043c\u043c]: 524<br \/>\n\u0412\u044b\u0441\u043e\u0442\u0430 \u043a\u043e\u043b\u043e\u043d\u043d [\u043c\u043c]: 2133 \/ 2183<br \/>\n\u0413\u043b\u0443\u0431\u0438\u043d\u0430 \u043a\u043e\u043b\u043e\u043d\u043d \u0431\u0435\u0437 \u0444\u0430\u0441\u0430\u0434\u043e\u0432 [\u043c\u043c]: 560<br \/>\n\u0426\u0432\u0435\u0442\u0430 \u0434\u043b\u044f \u043a\u0443\u0445\u043d\u0438 (\u0434\u043e\u0441\u0442\u0443\u043f\u043d\u044b \u0432 \u0432\u0430\u0440\u0438\u0430\u043d\u0442\u0430\u0445):<br \/>\n\u041b\u0438\u0446\u0435\u0432\u0430\u044f \u0441\u0442\u043e\u0440\u043e\u043d\u0430: \u043c\u0430\u0442\u043e\u0432\u044b\u0439 \u0430\u043a\u0440\u0438\u043b\u043e\u0432\u044b\u0439 \u043a\u0430\u0440\u0442\u043e\u043d<br \/>\n\u0426\u0412\u0415\u0422: \u0410\u041b\u042c\u041f\u0418\u0419\u0421\u041a\u0418\u0419 \u0411\u0415\u041b\u042b\u0419 \/ \u0421\u0415\u0420\u042b\u0419 \/ \u0421\u0412\u0415\u0422\u041b\u041e-\u0411\u0415\u0416\u0415\u0412\u042b\u0419 \/ \u0427\u0415\u0420\u041d\u042b\u0419 \/ \u0410\u041d\u0422\u0420\u0410\u0426\u0418\u0422 \/ \u0422\u0415\u041c\u041d\u041e-\u0421\u0418\u041d\u0418\u0419 \/ \u041a\u0418\u0420\u041f\u0418\u0427\u041d\u041e-\u041a\u0420\u0410\u0421\u041d\u042b\u0419 \/ \u041a\u041e\u0420\u0418\u0427\u041d\u0415\u0412\u042b\u0419 \/ \u0422\u0415\u041c\u041d\u041e-\u0417\u0415\u041b\u0415\u041d\u042b\u0419<br \/>\n\u041a\u041e\u0420\u041f\u0423\u0421: \u0411\u0415\u041b\u042b\u0419, \u0413\u0420\u0410\u0424\u0418\u0422\u041e\u0412\u042b\u0419 \u0438\u043b\u0438 \u0414\u0423\u0411 \u0420\u0415\u041c\u0415\u0421\u041b\u0415\u041d\u041d\u041e\u0413\u041e \u041f\u0420\u041e\u0418\u0417\u0412\u041e\u0414\u0421\u0422\u0412\u0410<br \/>\n\u0421\u0422\u0415\u041a\u041b\u041e: \u0421\u0410\u0422\u0418\u041d\u0410\u0422\u041e<br \/>\n\u0420\u0423\u0427\u041a\u0410: \u0411\u0415\u0417 \u0420\u0423\u0427\u041a\u0418<br \/>\n\u041d\u0418\u0416\u041d\u0418\u0415 \u0428\u041a\u0410\u0424\u042b: 524 \u043c\u043c \u2013 \u041c\u041e\u041d\u0422\u0410\u0416\u041d\u042b\u0415 \u041d\u041e\u0416\u041a\u0418<br \/>\n\u042f\u0429\u0418\u041a\u0418: \u0411\u0415\u0421\u0428\u0423\u041c\u041d\u041e\u0415 \u0417\u0410\u041a\u0420\u042b\u0412\u0410\u041d\u0418\u0415<br \/>\n\u041f\u0415\u0422\u041b\u042f: \u0411\u0415\u0421\u0428\u0423\u041c\u041d\u041e\u0415 \u0417\u0410\u041a\u0420\u042b\u0412\u0410\u041d\u0418\u0415<br \/>\n\u00a0<\/p>","protected":false},"excerpt":{"rendered":"<p>\u0421\u0442\u0438\u043b\u044c \u043a\u0443\u0445\u043d\u0438 \u2013 \u0441\u043e\u0432\u0440\u0435\u043c\u0435\u043d\u043d\u044b\u0439 | \u0422\u0438\u043f \u0444\u0430\u0441\u0430\u0434\u0430: \u043b\u0430\u043c\u0438\u043d\u0438\u0440\u043e\u0432\u0430\u043d\u043d\u0430\u044f \u043f\u043b\u0438\u0442\u0430 \/ \u041c\u0414\u0424 \/ \u043b\u0430\u043a\u0438\u0440\u043e\u0432\u0430\u043d\u043d\u0430\u044f \u043f\u043b\u0438\u0442\u0430 \u041c\u0414\u0424, \u043f\u043e\u043a\u0440\u044b\u0442\u0430\u044f \u041f\u0412\u0425-\u043f\u043b\u0435\u043d\u043a\u043e\u0439 | \u0420\u0430\u0437\u043c\u0435\u0440\u044b: \u0433\u043b\u0443\u0431\u0438\u043d\u0430 [\u0441\u043c] &gt; 1,8, \u0448\u0438\u0440\u0438\u043d\u0430 [\u0441\u043c] &gt; 30,4, \u0432\u044b\u0441\u043e\u0442\u0430 [\u0441\u043c] &gt; 92<\/p>","protected":false},"featured_media":190119,"comment_status":"open","ping_status":"open","template":"","meta":[],"product_brand":[],"product_cat":[1043,2822],"product_tag":[],"class_list":{"0":"post-190118","1":"product","2":"type-product","3":"status-publish","4":"has-post-thumbnail","6":"product_cat-extras","7":"product_cat-stolkar","9":"first","10":"instock","11":"purchasable","12":"product-type-simple"},"_links":{"self":[{"href":"https:\/\/baldumarket.lt\/ru\/wp-json\/wp\/v2\/product\/190118","targetHints":{"allow":["GET"]}}],"collection":[{"href":"https:\/\/baldumarket.lt\/ru\/wp-json\/wp\/v2\/product"}],"about":[{"href":"https:\/\/baldumarket.lt\/ru\/wp-json\/wp\/v2\/types\/product"}],"replies":[{"embeddable":true,"href":"https:\/\/baldumarket.lt\/ru\/wp-json\/wp\/v2\/comments?post=190118"}],"wp:featuredmedia":[{"embeddable":true,"href":"https:\/\/baldumarket.lt\/ru\/wp-json\/wp\/v2\/media\/190119"}],"wp:attachment":[{"href":"https:\/\/baldumarket.lt\/ru\/wp-json\/wp\/v2\/media?parent=190118"}],"wp:term":[{"taxonomy":"product_brand","embeddable":true,"href":"https:\/\/baldumarket.lt\/ru\/wp-json\/wp\/v2\/product_brand?post=190118"},{"taxonomy":"product_cat","embeddable":true,"href":"https:\/\/baldumarket.lt\/ru\/wp-json\/wp\/v2\/product_cat?post=190118"},{"taxonomy":"product_tag","embeddable":true,"href":"https:\/\/baldumarket.lt\/ru\/wp-json\/wp\/v2\/product_tag?post=190118"}],"curies":[{"name":"WP","href":"https:\/\/api.w.org\/{rel}","templated":true}]}}