{"id":185023,"date":"2025-12-22T18:49:57","date_gmt":"2025-12-22T15:49:57","guid":{"rendered":"https:\/\/baldumarket.lt\/product\/kuchnia-mela-180-240-cm-dab-sonoma-z-blatami-oferta-specjalna\/"},"modified":"2026-02-03T23:26:22","modified_gmt":"2026-02-03T20:26:22","slug":"kuchnia-mela-180-240-cm-dab-sonoma-z-blatami-oferta-specjalna","status":"publish","type":"product","link":"https:\/\/baldumarket.lt\/ru\/product\/kuchnia-mela-180-240-cm-dab-sonoma-z-blatami-oferta-specjalna\/","title":{"rendered":"\u201e\u041c\u0435\u043b\u0430\u201c \u0432\u0438\u0440\u0442\u0443\u0432\u0435 180\u2013240 \u0441\u043c, sonoma \u0105\u017euolo spalvos, su stalvir\u0161iais \u2013 SPECIALUS PASI\u016aLYMAS"},"content":{"rendered":"<p>\u041a\u0443\u0445\u043e\u043d\u043d\u044b\u0439 \u0433\u0430\u0440\u043d\u0438\u0442\u0443\u0440 Mela Sonoma Oak \u0448\u0438\u0440\u0438\u043d\u043e\u0439 180\/240 \u0441\u043c \u2014 \u044d\u0442\u043e \u044d\u0440\u0433\u043e\u043d\u043e\u043c\u0438\u0447\u043d\u044b\u0439 \u043a\u043e\u043c\u043f\u043b\u0435\u043a\u0442 \u0438\u0437 7 \u043f\u0440\u0430\u043a\u0442\u0438\u0447\u043d\u044b\u0445 \u0448\u043a\u0430\u0444\u043e\u0432, \u0440\u0430\u0437\u0440\u0430\u0431\u043e\u0442\u0430\u043d\u043d\u044b\u0439 \u0434\u043b\u044f \u0441\u043e\u0432\u0440\u0435\u043c\u0435\u043d\u043d\u044b\u0445 \u043a\u0443\u0445\u043e\u043d\u044c \u0438 \u043c\u0438\u043d\u0438-\u043a\u0443\u0445\u043e\u043d\u044c.<br \/>\n\u0412 \u043a\u043e\u043c\u043f\u043b\u0435\u043a\u0442, \u0438\u0437\u043e\u0431\u0440\u0430\u0436\u0435\u043d\u043d\u044b\u0439 \u043d\u0430 \u0444\u043e\u0442\u043e\u0433\u0440\u0430\u0444\u0438\u0438, \u043f\u043e \u0443\u043a\u0430\u0437\u0430\u043d\u043d\u043e\u0439 \u0446\u0435\u043d\u0435 \u0432\u0445\u043e\u0434\u044f\u0442 \u0441\u043b\u0435\u0434\u0443\u044e\u0449\u0438\u0435 \u0448\u043a\u0430\u0444\u044b:<br \/>\n\u041d\u0438\u0436\u043d\u0438\u0439:<br \/>\nD80ZL \u2013 \u0431\u0435\u0437 \u043c\u043e\u0439\u043a\u0438 \u0438 \u0441\u0442\u043e\u043b\u0435\u0448\u043d\u0438\u0446\u044b<br \/>\nD40S\/1 P\/L \u2013 \u0441\u043e \u0441\u0442\u043e\u043b\u0435\u0448\u043d\u0438\u0446\u0435\u0439<br \/>\nD60P\/L \u2013 \u0441\u043e \u0441\u0442\u043e\u043b\u0435\u0448\u043d\u0438\u0446\u0435\u0439<br \/>\n\u0412\u0435\u0440\u0445\u043d\u044f\u044f \u0447\u0430\u0441\u0442\u044c:<br \/>\nW80\/56<br \/>\nW40\/56 P\/L<br \/>\nW60\/56 P\/L<br \/>\nW60OKGR<br \/>\n\u0422\u0435\u0445\u043d\u0438\u0447\u0435\u0441\u043a\u0438\u0435 \u0445\u0430\u0440\u0430\u043a\u0442\u0435\u0440\u0438\u0441\u0442\u0438\u043a\u0438:<br \/>\n\u041b\u0430\u043c\u0438\u043d\u0438\u0440\u043e\u0432\u0430\u043d\u043d\u0430\u044f \u0434\u043e\u0441\u043a\u0430 \u0442\u043e\u043b\u0449\u0438\u043d\u043e\u0439 16 \u043c\u043c<br \/>\n\u0420\u0443\u0447\u043a\u0438 \u2013 \u043f\u043b\u0430\u0441\u0442\u0438\u043a\u043e\u0432\u044b\u0435<br \/>\n\u0421\u0442\u043e\u043b\u0435\u0448\u043d\u0438\u0446\u0430: \u0431\u0435\u0436\u0435\u0432\u0430\u044f \u00ab\u041f\u0435\u0442\u0440\u0430\u00bb, \u0442\u043e\u043b\u0449\u0438\u043d\u0430 28 \u043c\u043c.<br \/>\n\u0426\u0432\u0435\u0442 \u043a\u043e\u0440\u043f\u0443\u0441\u0430 \u0438 \u043f\u0435\u0440\u0435\u0434\u043d\u0435\u0439 \u0447\u0430\u0441\u0442\u0438 \u2013 \u0434\u0443\u0431 \u0421\u043e\u043d\u043e\u043c\u0430.<\/p>","protected":false},"excerpt":{"rendered":"<p>\u0420\u0430\u0437\u043c\u0435\u0440\u044b: \u0448\u0438\u0440\u0438\u043d\u0430 [\u0441\u043c]&gt;180-240 \u0428\u0438\u0440\u0438\u043d\u0430 \u043a\u043e\u043c\u043f\u043b\u0435\u043a\u0442\u0430 [\u0441\u043c]&gt;240 | \u0420\u0430\u0437\u043c\u0435\u0440\u044b \u0432\u0435\u0440\u0445\u043d\u0438\u0445 \u0448\u043a\u0430\u0444\u043e\u0432: \u0448\u0438\u0440\u0438\u043d\u0430 \u0441\u043b\u0435\u0432\u0430 [\u0441\u043c]&gt;80\/60\/40\/60 \u0432\u044b\u0441\u043e\u0442\u0430 [\u0441\u043c]&gt;56 \u0433\u043b\u0443\u0431\u0438\u043d\u0430 [\u0441\u043c]&gt;28,8 | \u0420\u0430\u0437\u043c\u0435\u0440\u044b \u043d\u0438\u0436\u043d\u0438\u0445 \u0448\u043a\u0430\u0444\u043e\u0432: \u0448\u0438\u0440\u0438\u043d\u0430 \u0441\u043b\u0435\u0432\u0430 [\u0441\u043c]&gt;80\/60\/40 \u0432\u044b\u0441\u043e\u0442\u0430 \u0431\u0435\u0437 \u0441\u0442\u043e\u043b\u0435\u0448\u043d\u0438\u0446\u044b [\u0441\u043c]&gt;82 \u0432\u044b\u0441\u043e\u0442\u0430 \u0441\u043e \u0441\u0442\u043e\u043b\u0435\u0448\u043d\u0438\u0446\u0435\u0439 [\u0441\u043c]&gt;84,8 \u0433\u043b\u0443\u0431\u0438\u043d\u0430 \u0431\u0435\u0437 \u0441\u0442\u043e\u043b\u0435\u0448\u043d\u0438\u0446\u044b [\u0441\u043c]&gt;44,6 \u0433\u043b\u0443\u0431\u0438\u043d\u0430 \u0441\u043e \u0441\u0442\u043e\u043b\u0435\u0448\u043d\u0438\u0446\u0435\u0439 [\u0441\u043c]&gt;60 | \u0425\u0430\u0440\u0430\u043a\u0442\u0435\u0440\u0438\u0441\u0442\u0438\u043a\u0438 \u043a\u0443\u0445\u043d\u0438 \u2013 \u0444\u0430\u0441\u0430\u0434\u044b \u0438\u0437 \u0441\u0432\u0435\u0442\u043b\u043e\u0433\u043e \u0434\u0435\u0440\u0435\u0432\u0430 | \u0421\u0442\u0438\u043b\u044c \u043a\u0443\u0445\u043d\u0438 \u2013 \u0441\u043e\u0432\u0440\u0435\u043c\u0435\u043d\u043d\u044b\u0439 | \u0422\u0438\u043f \u0444\u0430\u0441\u0430\u0434\u043e\u0432: \u043b\u0430\u043c\u0438\u043d\u0438\u0440\u043e\u0432\u0430\u043d\u043d\u0430\u044f \u043f\u043b\u0438\u0442\u0430 \/ \u041c\u0414\u0424 \/ \u043b\u0430\u043a\u0438\u0440\u043e\u0432\u0430\u043d\u043d\u0430\u044f \u043b\u0430\u043c\u0438\u043d\u0438\u0440\u043e\u0432\u0430\u043d\u043d\u0430\u044f \u043f\u043b\u0438\u0442\u0430<\/p>","protected":false},"featured_media":185024,"comment_status":"open","ping_status":"open","template":"","meta":[],"product_brand":[],"product_cat":[1932,2822],"product_tag":[],"class_list":{"0":"post-185023","1":"product","2":"type-product","3":"status-publish","4":"has-post-thumbnail","6":"product_cat-kitchen-sets","7":"product_cat-stolkar","9":"first","10":"instock","11":"purchasable","12":"product-type-simple"},"_links":{"self":[{"href":"https:\/\/baldumarket.lt\/ru\/wp-json\/wp\/v2\/product\/185023","targetHints":{"allow":["GET"]}}],"collection":[{"href":"https:\/\/baldumarket.lt\/ru\/wp-json\/wp\/v2\/product"}],"about":[{"href":"https:\/\/baldumarket.lt\/ru\/wp-json\/wp\/v2\/types\/product"}],"replies":[{"embeddable":true,"href":"https:\/\/baldumarket.lt\/ru\/wp-json\/wp\/v2\/comments?post=185023"}],"wp:featuredmedia":[{"embeddable":true,"href":"https:\/\/baldumarket.lt\/ru\/wp-json\/wp\/v2\/media\/185024"}],"wp:attachment":[{"href":"https:\/\/baldumarket.lt\/ru\/wp-json\/wp\/v2\/media?parent=185023"}],"wp:term":[{"taxonomy":"product_brand","embeddable":true,"href":"https:\/\/baldumarket.lt\/ru\/wp-json\/wp\/v2\/product_brand?post=185023"},{"taxonomy":"product_cat","embeddable":true,"href":"https:\/\/baldumarket.lt\/ru\/wp-json\/wp\/v2\/product_cat?post=185023"},{"taxonomy":"product_tag","embeddable":true,"href":"https:\/\/baldumarket.lt\/ru\/wp-json\/wp\/v2\/product_tag?post=185023"}],"curies":[{"name":"WP","href":"https:\/\/api.w.org\/{rel}","templated":true}]}}