{"id":181177,"date":"2025-12-21T22:32:33","date_gmt":"2025-12-21T19:32:33","guid":{"rendered":"https:\/\/baldumarket.lt\/product\/szafka-dolna-45-cm-z-szuflada-favorit-ribbeck-fr-3d\/"},"modified":"2026-04-14T11:48:26","modified_gmt":"2026-04-14T08:48:26","slug":"szafka-dolna-45-cm-z-szuflada-favorit-ribbeck-fr-3d","status":"publish","type":"product","link":"https:\/\/baldumarket.lt\/ru\/product\/szafka-dolna-45-cm-z-szuflada-favorit-ribbeck-fr-3d\/","title":{"rendered":"Apatin\u0117 spintel\u0117 45 cm su stal\u010diumi Favorit Ribbeck FR-3D"},"content":{"rendered":"<p>\u041a\u0443\u0445\u043d\u044f Favorit \u2014 \u044d\u0442\u043e \u0441\u043e\u0432\u0440\u0435\u043c\u0435\u043d\u043d\u044b\u0439 \u0438 \u044d\u0440\u0433\u043e\u043d\u043e\u043c\u0438\u0447\u043d\u044b\u0439 \u043a\u0443\u0445\u043e\u043d\u043d\u044b\u0439 \u0433\u0430\u0440\u043d\u0438\u0442\u0443\u0440, \u0432\u043a\u043b\u044e\u0447\u0430\u044e\u0449\u0438\u0439 \u0432 \u0441\u0435\u0431\u044f:<br \/>\n\u043a\u043e\u0440\u043f\u0443\u0441\u0430 \u0438\u0437 \u043b\u0430\u043c\u0438\u043d\u0438\u0440\u043e\u0432\u0430\u043d\u043d\u044b\u0445 \u0434\u043e\u0441\u043e\u043a<br \/>\n\u043e\u0441\u043d\u043e\u0432\u0430\u043d\u0438\u044f \u0438\u0437 \u043b\u0430\u043c\u0438\u043d\u0438\u0440\u043e\u0432\u0430\u043d\u043d\u044b\u0445 \u0434\u043e\u0441\u043e\u043a<br \/>\n\u0444\u0430\u0441\u0430\u0434\u044b \u0438\u0437 \u043b\u0430\u043c\u0438\u043d\u0438\u0440\u043e\u0432\u0430\u043d\u043d\u043e\u0439 \u0434\u043e\u0441\u043a\u0438<br \/>\n\u041d\u043e\u0436\u043a\u0438 \u0441 \u0440\u0435\u0433\u0443\u043b\u0438\u0440\u0443\u0435\u043c\u043e\u0439 \u0432\u044b\u0441\u043e\u0442\u043e\u0439 10 \u0441\u043c (\u0440\u0435\u0433\u0443\u043b\u0438\u0440\u043e\u0432\u043a\u0430 \u043e\u0442 9,5 \u0434\u043e 13 \u0441\u043c)<br \/>\n\u043c\u0435\u0442\u0430\u043b\u043b\u0438\u0447\u0435\u0441\u043a\u0438\u0435 \u0440\u0443\u0447\u043a\u0438<br \/>\n\u041f\u0440\u0438\u043c\u0435\u0447\u0430\u043d\u0438\u0435: \u0444\u0440\u0435\u0437\u0435\u0440\u043e\u0432\u043a\u0430 \u043d\u0430 \u043a\u0430\u0436\u0434\u043e\u0439 \u0440\u0443\u043a\u043e\u044f\u0442\u043a\u0435.<br \/>\n\u041f\u0435\u0442\u043b\u0438 \u0441 \u0434\u043e\u0432\u043e\u0434\u0447\u0438\u043a\u0430\u043c\u0438, \u043a\u043e\u0442\u043e\u0440\u044b\u0435 \u0437\u0430\u043a\u0440\u044b\u0432\u0430\u044e\u0442 \u0434\u0432\u0435\u0440\u0438 \u0431\u0435\u0437 \u0440\u0435\u0437\u043a\u043e\u0433\u043e \u0437\u0430\u0445\u043b\u043e\u043f\u044b\u0432\u0430\u043d\u0438\u044f.<br \/>\n\u0412\u0435\u0440\u0445\u043d\u0438\u0435 \u0448\u043a\u0430\u0444\u044b \u0441 \u0440\u0435\u0433\u0443\u043b\u0438\u0440\u043e\u0432\u043a\u043e\u0439 \u0432\u044b\u0441\u043e\u0442\u044b \u0438 \u0443\u0433\u043b\u0430 \u043d\u0430\u043a\u043b\u043e\u043d\u0430.<br \/>\n\u00a0<br \/>\n\u0414\u043e\u043f\u043e\u043b\u043d\u0438\u0442\u0435\u043b\u044c\u043d\u044b\u0435 \u0444\u0443\u043d\u043a\u0446\u0438\u0438:<br \/>\n\u0411\u0430\u0437\u043e\u0432\u043e\u0435 \u043e\u0431\u043e\u0440\u0443\u0434\u043e\u0432\u0430\u043d\u0438\u0435:<br \/>\n\u0413\u043e\u043d\u043e\u0447\u043d\u044b\u0435 \u0430\u0432\u0442\u043e\u043c\u043e\u0431\u0438\u043b\u0438 GTV \u0438\u043b\u0438 NTP (\u043c\u0435\u0442\u0430\u043b\u043b\u0438\u0447\u0435\u0441\u043a\u0438\u0439 \u043a\u0443\u0437\u043e\u0432 \u0441 \u0442\u043e\u0440\u043c\u043e\u0437\u0430\u043c\u0438)<br \/>\n\u0433\u0430\u0437\u043e\u0432\u044b\u0435 \u043f\u043e\u0434\u044a\u0435\u043c\u043d\u0438\u043a\u0438<br \/>\n\u0420\u043e\u0441\u043a\u043e\u0448\u043d\u043e\u0435 \u043e\u0431\u043e\u0440\u0443\u0434\u043e\u0432\u0430\u043d\u0438\u0435 \u0434\u043e\u0441\u0442\u0443\u043f\u043d\u043e \u0437\u0430 \u0434\u043e\u043f\u043e\u043b\u043d\u0438\u0442\u0435\u043b\u044c\u043d\u0443\u044e \u043f\u043b\u0430\u0442\u0443:<br \/>\n\u0411\u0435\u0433\u0443\u043d\u044b \u0425\u0430\u0444\u0435\u043b\u0435 (\u043c\u044f\u0433\u043a\u043e\u0435 \u0437\u0430\u043a\u0440\u044b\u0442\u0438\u0435)<br \/>\n\u041f\u043e\u0434\u044a\u0435\u043c\u043d\u0438\u043a\u0438 \u0411\u043b\u044e\u043c\u0430<br \/>\n\u00a0<br \/>\n\u0426\u0432\u0435\u0442\u0430:<br \/>\n\u0424\u0430\u0441\u0430\u0434\u044b \u2013 \u0431\u0435\u043b\u044b\u0439 \u0433\u043b\u044f\u043d\u0446\u0435\u0432\u044b\u0439 \u041f\u0412\u0425 + \u0432\u0441\u0442\u0430\u0432\u043a\u0438 Ribbeck<br \/>\n\u041a\u043e\u0440\u043f\u0443\u0441 \u2013 \u0442\u0440\u0438 \u0446\u0432\u0435\u0442\u0430 \u043d\u0430 \u0432\u044b\u0431\u043e\u0440: \u0434\u0443\u0431 \u0421\u043e\u043d\u043e\u043c\u0430, \u0434\u0443\u0431 \u00ab\u0410\u0440\u0442\u0438\u0447\u0435\u043d\u00bb \u0438\u043b\u0438 \u0441\u043e\u0441\u043d\u0430 \u0410\u043d\u0434\u0435\u0440\u0441\u0435\u043d.<br \/>\n\u0426\u043e\u043a\u043e\u043b\u0438 \u2013 \u043d\u0430 \u0432\u044b\u0431\u043e\u0440 \u0442\u0440\u0438 \u0446\u0432\u0435\u0442\u0430: \u0434\u0443\u0431 \u0421\u043e\u043d\u043e\u043c\u0430, \u0434\u0443\u0431 \u0410\u0440\u0442\u0438\u0437\u0430\u043d \u0438\u043b\u0438 \u0441\u043e\u0441\u043d\u0430 \u0410\u043d\u0434\u0435\u0440\u0441\u0435\u043d.<br \/>\n\u0422\u0443\u043c\u0431\u0430 \u043f\u043e\u0434 \u0448\u043a\u0430\u0444 \u0448\u0438\u0440\u0438\u043d\u043e\u0439 45 \u0441\u043c \u0441 \u0432\u044b\u0434\u0432\u0438\u0436\u043d\u044b\u043c \u044f\u0449\u0438\u043a\u043e\u043c Favorit Ribbeck FR-3D \u0438 \u043f\u043e\u043b\u043a\u043e\u0439 \u0437\u0430 \u043f\u0435\u0440\u0435\u0434\u043d\u0435\u0439 \u043f\u0430\u043d\u0435\u043b\u044c\u044e.<\/p>","protected":false},"excerpt":{"rendered":"<p>\u0413\u043b\u0443\u0431\u0438\u043d\u0430 \u0431\u0435\u0437 \u0432\u0435\u0440\u0445\u043d\u0435\u0439 \u0447\u0430\u0441\u0442\u0438 [\u0441\u043c] 51<br \/>\n\u0428\u0438\u0440\u0438\u043d\u0430 [\u0441\u043c] 45<br \/>\n\u0412\u044b\u0441\u043e\u0442\u0430 \u0431\u0435\u0437 \u0432\u0435\u0440\u0445\u0430 [\u0441\u043c] 82<\/p>","protected":false},"featured_media":181178,"comment_status":"open","ping_status":"open","template":"","meta":[],"product_brand":[],"product_cat":[9584,4746,9118],"product_tag":[],"class_list":{"0":"post-181177","1":"product","2":"type-product","3":"status-publish","4":"has-post-thumbnail","6":"product_cat-kitchen-furniture-favorit-fadome","7":"product_cat-fadome","8":"product_cat-kitchen-cabinets","10":"first","11":"instock","12":"purchasable","13":"product-type-simple"},"_links":{"self":[{"href":"https:\/\/baldumarket.lt\/ru\/wp-json\/wp\/v2\/product\/181177","targetHints":{"allow":["GET"]}}],"collection":[{"href":"https:\/\/baldumarket.lt\/ru\/wp-json\/wp\/v2\/product"}],"about":[{"href":"https:\/\/baldumarket.lt\/ru\/wp-json\/wp\/v2\/types\/product"}],"replies":[{"embeddable":true,"href":"https:\/\/baldumarket.lt\/ru\/wp-json\/wp\/v2\/comments?post=181177"}],"wp:featuredmedia":[{"embeddable":true,"href":"https:\/\/baldumarket.lt\/ru\/wp-json\/wp\/v2\/media\/181178"}],"wp:attachment":[{"href":"https:\/\/baldumarket.lt\/ru\/wp-json\/wp\/v2\/media?parent=181177"}],"wp:term":[{"taxonomy":"product_brand","embeddable":true,"href":"https:\/\/baldumarket.lt\/ru\/wp-json\/wp\/v2\/product_brand?post=181177"},{"taxonomy":"product_cat","embeddable":true,"href":"https:\/\/baldumarket.lt\/ru\/wp-json\/wp\/v2\/product_cat?post=181177"},{"taxonomy":"product_tag","embeddable":true,"href":"https:\/\/baldumarket.lt\/ru\/wp-json\/wp\/v2\/product_tag?post=181177"}],"curies":[{"name":"WP","href":"https:\/\/api.w.org\/{rel}","templated":true}]}}