{"id":180467,"date":"2025-12-21T22:16:31","date_gmt":"2025-12-21T19:16:31","guid":{"rendered":"https:\/\/baldumarket.lt\/product\/plyta-bok-maskujacy-dolny-82-cm\/"},"modified":"2026-03-30T19:31:43","modified_gmt":"2026-03-30T16:31:43","slug":"plyta-bok-maskujacy-dolny-82-cm","status":"publish","type":"product","link":"https:\/\/baldumarket.lt\/ru\/product\/plyta-bok-maskujacy-dolny-82-cm\/","title":{"rendered":"Apatin\u0117 \u0161onin\u0117 dengiamoji plok\u0161t\u0117 82 \u0441\u043c"},"content":{"rendered":"<p>\u041d\u0438\u0436\u043d\u044f\u044f \u043a\u0440\u044b\u0448\u043a\u0430 \u0438\u043c\u0435\u0435\u0442 \u0434\u043b\u0438\u043d\u0443 82 \u0441\u043c \u0438 \u0433\u043b\u0443\u0431\u0438\u043d\u0443 2,5 \u0441\u043c.<br \/>\n\u0411\u043e\u043a\u043e\u0432\u0430\u044f \u043f\u0430\u043d\u0435\u043b\u044c \u0434\u043e\u0441\u0442\u0443\u043f\u043d\u0430 \u0432 \u0442\u0440\u0435\u0445 \u0446\u0432\u0435\u0442\u0430\u0445: \u0434\u0443\u0431 \u0421\u043e\u043d\u043e\u043c\u0430, \u0434\u0443\u0431 \u0410\u0440\u0442\u0438\u0437\u0430\u043d \u0438 \u0441\u043e\u0441\u043d\u0430 \u0410\u043d\u0434\u0435\u0440\u0441\u0435\u043d.<br \/>\n\u041f\u0420\u0418\u041c\u0415\u0427\u0410\u041d\u0418\u0415. \u041f\u0440\u0438\u043e\u0431\u0440\u0435\u0441\u0442\u0438 \u044d\u0442\u043e\u0442 \u043f\u0440\u043e\u0434\u0443\u043a\u0442 \u043d\u0435\u0432\u043e\u0437\u043c\u043e\u0436\u043d\u043e \u0431\u0435\u0437 \u0437\u0430\u043a\u0430\u0437\u0430 \u043a\u0443\u0445\u043e\u043d\u043d\u043e\u0433\u043e \u0433\u0430\u0440\u043d\u0438\u0442\u0443\u0440\u0430 \u043f\u0440\u043e\u0438\u0437\u0432\u043e\u0434\u0438\u0442\u0435\u043b\u044f 028.<\/p>","protected":false},"excerpt":{"rendered":"<p>\u0412\u044b\u0441\u043e\u0442\u0430 [\u0441\u043c] 82<br \/>\n\u0413\u043b\u0443\u0431\u0438\u043d\u0430 [\u0441\u043c] 2,5<br \/>\n\u0428\u0438\u0440\u0438\u043d\u0430 [\u0441\u043c] 58<\/p>","protected":false},"featured_media":180468,"comment_status":"open","ping_status":"open","template":"","meta":[],"product_brand":[],"product_cat":[1043,4746],"product_tag":[],"class_list":{"0":"post-180467","1":"product","2":"type-product","3":"status-publish","4":"has-post-thumbnail","6":"product_cat-extras","7":"product_cat-fadome","9":"first","10":"instock","11":"purchasable","12":"product-type-simple"},"_links":{"self":[{"href":"https:\/\/baldumarket.lt\/ru\/wp-json\/wp\/v2\/product\/180467","targetHints":{"allow":["GET"]}}],"collection":[{"href":"https:\/\/baldumarket.lt\/ru\/wp-json\/wp\/v2\/product"}],"about":[{"href":"https:\/\/baldumarket.lt\/ru\/wp-json\/wp\/v2\/types\/product"}],"replies":[{"embeddable":true,"href":"https:\/\/baldumarket.lt\/ru\/wp-json\/wp\/v2\/comments?post=180467"}],"wp:featuredmedia":[{"embeddable":true,"href":"https:\/\/baldumarket.lt\/ru\/wp-json\/wp\/v2\/media\/180468"}],"wp:attachment":[{"href":"https:\/\/baldumarket.lt\/ru\/wp-json\/wp\/v2\/media?parent=180467"}],"wp:term":[{"taxonomy":"product_brand","embeddable":true,"href":"https:\/\/baldumarket.lt\/ru\/wp-json\/wp\/v2\/product_brand?post=180467"},{"taxonomy":"product_cat","embeddable":true,"href":"https:\/\/baldumarket.lt\/ru\/wp-json\/wp\/v2\/product_cat?post=180467"},{"taxonomy":"product_tag","embeddable":true,"href":"https:\/\/baldumarket.lt\/ru\/wp-json\/wp\/v2\/product_tag?post=180467"}],"curies":[{"name":"WP","href":"https:\/\/api.w.org\/{rel}","templated":true}]}}