{"id":180440,"date":"2025-12-21T22:15:54","date_gmt":"2025-12-21T19:15:54","guid":{"rendered":"https:\/\/baldumarket.lt\/product\/mebloscianka-meble-system-candy-ryflowane-fronty-a\/"},"modified":"2026-04-14T12:10:31","modified_gmt":"2026-04-14T09:10:31","slug":"mebloscianka-meble-system-candy-ryflowane-fronty-a","status":"publish","type":"product","link":"https:\/\/baldumarket.lt\/ru\/product\/mebloscianka-meble-system-candy-ryflowane-fronty-a\/","title":{"rendered":"\u201eCandy\u201c bald\u0173 sistemos sienin\u0117 spintel\u0117 su grioveliais fasaduose A"},"content":{"rendered":"<p>\u0421\u0442\u0435\u043b\u043b\u0430\u0436 Candy Wall Unit \u0441 \u0440\u0438\u0444\u043b\u0435\u043d\u044b\u043c\u0438 \u0444\u0430\u0441\u0430\u0434\u0430\u043c\u0438 A \u2013 \u0441\u043e\u0432\u0440\u0435\u043c\u0435\u043d\u043d\u044b\u0439 \u0432\u0430\u0440\u0438\u0430\u043d\u0442 \u0434\u043b\u044f \u0432\u0430\u0448\u0435\u0439 \u0433\u043e\u0441\u0442\u0438\u043d\u043e\u0439 \u2013 \u0432 \u0446\u0435\u043d\u0443 \u0432\u0445\u043e\u0434\u0438\u0442 \u0441\u043b\u0435\u0434\u0443\u044e\u0449\u0430\u044f \u043c\u0435\u0431\u0435\u043b\u044c:<br \/>\n\u041f\u043e\u043b\u0443\u0433\u0430\u0440\u0434\u0435\u0440\u043e\u0431 C1 \u2013 49\/199\/38 \u2013 \u0428\/\u0413\/\u0413<br \/>\n\u0412\u0438\u0442\u0440\u0438\u043d\u0430 C2 \u2013 25\/153\/38 \u2013 \u0428\/\u0412\/\u0413<br \/>\n\u0422\u0435\u043b\u0435\u0432\u0438\u0437\u043e\u0440 C4 \u2013 175\/45\/43 \u2013 \u0428\/\u0413\/\u0414<br \/>\n\u041f\u043e\u043b\u043a\u0430 C6 \u2013 140\/27\/20 \u2013 \u0428\/\u0412\/\u0413<br \/>\n\u041a\u043d\u0438\u0436\u043d\u044b\u0439 \u0448\u043a\u0430\u0444 C11 \u2013 25\/103\/38 \u2013 \u0428\/\u0412\/\u0413<br \/>\n\u041d\u0438\u0437\u043a\u0438\u0439 \u0432\u0438\u0442\u0440\u0438\u043d\u043d\u044b\u0439 \u0448\u043a\u0430\u0444 C2a \u2013 75\/148\/38 \u2013 \u0428\/\u0412\/\u0413<br \/>\n\u0426\u0432\u0435\u0442:<br \/>\n\u0420\u0430\u043c\u0430 \u2013 \u0434\u0443\u0431 \u0440\u0443\u0447\u043d\u043e\u0439 \u0440\u0430\u0431\u043e\u0442\u044b<br \/>\n\u0424\u0430\u0441\u0430\u0434\u044b \u2013 \u0414\u0443\u0431 \u0440\u0443\u0447\u043d\u043e\u0439 \u0440\u0430\u0431\u043e\u0442\u044b + \u041a\u0430\u0448\u0435\u043c\u0438\u0440<br \/>\n\u0420\u0438\u0444\u043b\u0435\u043d\u044b\u0435 \u043f\u0435\u0440\u0435\u0434\u043d\u0438\u0435 \u043f\u0430\u043d\u0435\u043b\u0438<br \/>\n\u0420\u0443\u0447\u043a\u0438 \u2013 \u0437\u043e\u043b\u043e\u0442\u044b\u0435<br \/>\n\u0412 \u043a\u043e\u043c\u043f\u043b\u0435\u043a\u0442 \u0432\u0445\u043e\u0434\u044f\u0442 \u0432\u0438\u0442\u0440\u0438\u043d\u044b \u0441\u043e \u0441\u0432\u0435\u0442\u043e\u0434\u0438\u043e\u0434\u043d\u043e\u0439 \u043f\u043e\u0434\u0441\u0432\u0435\u0442\u043a\u043e\u0439.<br \/>\n\u041c\u0435\u0431\u0435\u043b\u044c Candy System \u2014 \u044d\u0442\u043e \u0443\u043d\u0438\u043a\u0430\u043b\u044c\u043d\u0430\u044f \u043c\u0435\u0431\u0435\u043b\u044c \u0434\u043b\u044f \u0433\u043e\u0441\u0442\u0438\u043d\u043e\u0439, \u0432 \u043a\u043e\u0442\u043e\u0440\u043e\u0439 \u043f\u0440\u0435\u0434\u0441\u0442\u0430\u0432\u043b\u0435\u043d\u044b \u0441\u043b\u0435\u0434\u0443\u044e\u0449\u0438\u0435 \u044d\u043b\u0435\u043c\u0435\u043d\u0442\u044b:<br \/>\n\u0441\u043e\u0432\u0440\u0435\u043c\u0435\u043d\u043d\u044b\u0439 \u0434\u0438\u0437\u0430\u0439\u043d<br \/>\n\u041f\u0440\u043e\u0447\u043d\u0430\u044f \u043a\u043e\u043d\u0441\u0442\u0440\u0443\u043a\u0446\u0438\u044f \u0438\u0437 \u0432\u044b\u0441\u043e\u043a\u043e\u043a\u0430\u0447\u0435\u0441\u0442\u0432\u0435\u043d\u043d\u043e\u0439 \u043b\u0430\u043c\u0438\u043d\u0438\u0440\u043e\u0432\u0430\u043d\u043d\u043e\u0439 \u041f\u0412\u0425-\u043f\u043b\u0438\u0442\u044b.<br \/>\n\u0417\u0430\u043f\u0430\u0442\u0435\u043d\u0442\u043e\u0432\u0430\u043d\u043d\u0430\u044f \u043a\u043e\u043d\u0441\u0442\u0440\u0443\u043a\u0446\u0438\u044f, \u0433\u0430\u0440\u0430\u043d\u0442\u0438\u0440\u0443\u044e\u0449\u0430\u044f \u0432\u044b\u0441\u043e\u0447\u0430\u0439\u0448\u0435\u0435 \u043a\u0430\u0447\u0435\u0441\u0442\u0432\u043e \u0438 \u0432\u043d\u0438\u043c\u0430\u043d\u0438\u0435 \u043a \u0434\u0435\u0442\u0430\u043b\u044f\u043c.<br \/>\n\u0432\u044b\u0431\u043e\u0440 \u043e\u0442\u0434\u0435\u043b\u044c\u043d\u044b\u0445 \u044d\u043b\u0435\u043c\u0435\u043d\u0442\u043e\u0432<br \/>\n\u0421\u0432\u0435\u0442\u043e\u0434\u0438\u043e\u0434\u043d\u043e\u0435 \u043e\u0441\u0432\u0435\u0449\u0435\u043d\u0438\u0435 \u0432\u0445\u043e\u0434\u0438\u0442 \u0432 \u0441\u0442\u0430\u043d\u0434\u0430\u0440\u0442\u043d\u0443\u044e \u043a\u043e\u043c\u043f\u043b\u0435\u043a\u0442\u0430\u0446\u0438\u044e.<br \/>\n\u043a\u043e\u0440\u043f\u0443\u0441: \u043b\u0430\u043c\u0438\u043d\u0438\u0440\u043e\u0432\u0430\u043d\u043d\u0430\u044f \u043c\u0435\u0431\u0435\u043b\u044c\u043d\u0430\u044f \u043f\u043b\u0438\u0442\u0430<br \/>\n\u041b\u0438\u0446\u0435\u0432\u0430\u044f \u0441\u0442\u043e\u0440\u043e\u043d\u0430: \u041c\u0414\u0424-\u043f\u043b\u0438\u0442\u0430, \u043f\u043e\u043a\u0440\u044b\u0442\u0430\u044f \u041f\u0412\u0425.<\/p>","protected":false},"excerpt":{"rendered":"<p>\u0428\u0438\u0440\u0438\u043d\u0430 [\u0441\u043c] 299<br \/>\n\u0412\u044b\u0441\u043e\u0442\u0430 [\u0441\u043c] 199<br \/>\n\u0413\u043b\u0443\u0431\u0438\u043d\u0430 [\u0441\u043c] 38-43<br \/>\n\u0413\u0430\u0440\u0430\u043d\u0442\u0438\u044f [\u043c\u0435\u0441\u044f\u0446\u044b] 24<br \/>\n\u0421\u0430\u043c\u043e\u0441\u0442\u043e\u044f\u0442\u0435\u043b\u044c\u043d\u0430\u044f \u0441\u0431\u043e\u0440\u043a\u0430 \u2013 \u043c\u0435\u0431\u0435\u043b\u044c \u043f\u043e\u0441\u0442\u0430\u0432\u043b\u044f\u0435\u0442\u0441\u044f \u0432 \u0443\u043f\u0430\u043a\u043e\u0432\u043a\u0430\u0445 \u0441 \u0438\u043d\u0441\u0442\u0440\u0443\u043a\u0446\u0438\u044f\u043c\u0438 \u0438 \u043a\u043e\u043c\u043f\u043b\u0435\u043a\u0442\u0443\u044e\u0449\u0438\u043c\u0438 \u0434\u043b\u044f \u0441\u0431\u043e\u0440\u043a\u0438.<\/p>","protected":false},"featured_media":180441,"comment_status":"open","ping_status":"open","template":"","meta":[],"product_brand":[],"product_cat":[9578,4746,2008],"product_tag":[],"class_list":{"0":"post-180440","1":"product","2":"type-product","3":"status-publish","4":"has-post-thumbnail","6":"product_cat-furniture-system-candy-fadome","7":"product_cat-fadome","8":"product_cat-wall-units","10":"first","11":"instock","12":"purchasable","13":"product-type-simple"},"_links":{"self":[{"href":"https:\/\/baldumarket.lt\/ru\/wp-json\/wp\/v2\/product\/180440","targetHints":{"allow":["GET"]}}],"collection":[{"href":"https:\/\/baldumarket.lt\/ru\/wp-json\/wp\/v2\/product"}],"about":[{"href":"https:\/\/baldumarket.lt\/ru\/wp-json\/wp\/v2\/types\/product"}],"replies":[{"embeddable":true,"href":"https:\/\/baldumarket.lt\/ru\/wp-json\/wp\/v2\/comments?post=180440"}],"wp:featuredmedia":[{"embeddable":true,"href":"https:\/\/baldumarket.lt\/ru\/wp-json\/wp\/v2\/media\/180441"}],"wp:attachment":[{"href":"https:\/\/baldumarket.lt\/ru\/wp-json\/wp\/v2\/media?parent=180440"}],"wp:term":[{"taxonomy":"product_brand","embeddable":true,"href":"https:\/\/baldumarket.lt\/ru\/wp-json\/wp\/v2\/product_brand?post=180440"},{"taxonomy":"product_cat","embeddable":true,"href":"https:\/\/baldumarket.lt\/ru\/wp-json\/wp\/v2\/product_cat?post=180440"},{"taxonomy":"product_tag","embeddable":true,"href":"https:\/\/baldumarket.lt\/ru\/wp-json\/wp\/v2\/product_tag?post=180440"}],"curies":[{"name":"WP","href":"https:\/\/api.w.org\/{rel}","templated":true}]}}