{"id":180427,"date":"2025-12-21T22:15:37","date_gmt":"2025-12-21T19:15:37","guid":{"rendered":"https:\/\/baldumarket.lt\/product\/meble-systemowe-mebloscianka-keks-a\/"},"modified":"2026-04-14T12:10:31","modified_gmt":"2026-04-14T09:10:31","slug":"meble-systemowe-mebloscianka-keks-a","status":"publish","type":"product","link":"https:\/\/baldumarket.lt\/ru\/product\/meble-systemowe-mebloscianka-keks-a\/","title":{"rendered":"Sistemini\u0173 bald\u0173 sienin\u0117 spintel\u0117 Keks A"},"content":{"rendered":"<p>\u041c\u043e\u0434\u0443\u043b\u044c\u043d\u0430\u044f \u0441\u0438\u0441\u0442\u0435\u043c\u0430 Keks \u2013 \u0441\u043e\u0432\u0440\u0435\u043c\u0435\u043d\u043d\u043e\u0435 \u0440\u0435\u0448\u0435\u043d\u0438\u0435 \u0434\u043b\u044f \u0432\u0430\u0448\u0435\u0439 \u0433\u043e\u0441\u0442\u0438\u043d\u043e\u0439 \u2013 \u0432 \u0446\u0435\u043d\u0443 \u0432\u0445\u043e\u0434\u0438\u0442 \u0441\u043b\u0435\u0434\u0443\u044e\u0449\u0430\u044f \u043c\u0435\u0431\u0435\u043b\u044c:<br \/>\n\u0412\u0438\u0442\u0440\u0438\u043d\u0430 K2 \u2013 89\/194\/37 \u2013 \u0448\u0438\u0440\u0438\u043d\u0430\/\u0432\u044b\u0441\u043e\u0442\u0430\/\u0433\u043b\u0443\u0431\u0438\u043d\u0430<br \/>\n\u0422\u0443\u043c\u0431\u0430 \u043f\u043e\u0434 \u0442\u0435\u043b\u0435\u0432\u0438\u0437\u043e\u0440 K4 \u2013 130\/49\/37 \u2013 \u0448\u0438\u0440\u0438\u043d\u0430\/\u0432\u044b\u0441\u043e\u0442\u0430\/\u0433\u043b\u0443\u0431\u0438\u043d\u0430<br \/>\n\u0420\u0430\u0441\u0448\u0438\u0440\u0435\u043d\u0438\u0435 K7 TV \u2013 80\/13\/30 \u2013 \u0448\u0438\u0440\u0438\u043d\u0430\/\u0432\u044b\u0441\u043e\u0442\u0430\/\u0433\u043b\u0443\u0431\u0438\u043d\u0430<br \/>\n\u041f\u043e\u043b\u043a\u0430 K6 \u2013 120\/32\/20 \u2013 \u0448\u0438\u0440\u0438\u043d\u0430\/\u0432\u044b\u0441\u043e\u0442\u0430\/\u0433\u043b\u0443\u0431\u0438\u043d\u0430<br \/>\n\u041a\u043e\u043c\u043e\u0434 K15 \u2013 89\/130\/37 \u2013 \u0448\u0438\u0440\u0438\u043d\u0430\/\u0432\u044b\u0441\u043e\u0442\u0430\/\u0433\u043b\u0443\u0431\u0438\u043d\u0430<br \/>\n\u0426\u0432\u0435\u0442:<br \/>\n\u0440\u0430\u043c\u0430 \u2013 \u0440\u0443\u0447\u043d\u0430\u044f \u0440\u0430\u0431\u043e\u0442\u0430 \u0438\u0437 \u0434\u0443\u0431\u0430<br \/>\n\u0424\u0430\u0441\u0430\u0434\u044b \u2013 \u0433\u0440\u0430\u0444\u0438\u0442 + \u0434\u0443\u0431\u043e\u0432\u0430\u044f \u0434\u043e\u0441\u043a\u0430<br \/>\n\u0434\u0435\u0440\u0435\u0432\u044f\u043d\u043d\u044b\u0435 \u0432\u0441\u0442\u0430\u0432\u043a\u0438<br \/>\n\u043d\u0430\u0431\u043e\u0440 \u0431\u0435\u0437 \u0440\u0443\u0447\u0435\u043a<br \/>\n\u0412 \u043a\u043e\u043c\u043f\u043b\u0435\u043a\u0442 \u0432\u0445\u043e\u0434\u044f\u0442 \u0432\u0438\u0442\u0440\u0438\u043d\u044b \u0441\u043e \u0441\u0432\u0435\u0442\u043e\u0434\u0438\u043e\u0434\u043d\u043e\u0439 \u043f\u043e\u0434\u0441\u0432\u0435\u0442\u043a\u043e\u0439.<br \/>\n\u041c\u0435\u0431\u0435\u043b\u044c\u043d\u0430\u044f \u0441\u0438\u0441\u0442\u0435\u043c\u0430 Keks \u2014 \u044d\u0442\u043e \u0443\u043d\u0438\u043a\u0430\u043b\u044c\u043d\u0430\u044f \u043c\u0435\u0431\u0435\u043b\u044c \u0434\u043b\u044f \u0433\u043e\u0441\u0442\u0438\u043d\u043e\u0439, \u043e\u0431\u043b\u0430\u0434\u0430\u044e\u0449\u0430\u044f \u0441\u043b\u0435\u0434\u0443\u044e\u0449\u0438\u043c\u0438 \u0445\u0430\u0440\u0430\u043a\u0442\u0435\u0440\u0438\u0441\u0442\u0438\u043a\u0430\u043c\u0438:<br \/>\n\u0441\u043e\u0432\u0440\u0435\u043c\u0435\u043d\u043d\u044b\u0439 \u0434\u0438\u0437\u0430\u0439\u043d<br \/>\n\u041f\u0440\u043e\u0447\u043d\u0430\u044f \u043a\u043e\u043d\u0441\u0442\u0440\u0443\u043a\u0446\u0438\u044f \u0438\u0437 \u0432\u044b\u0441\u043e\u043a\u043e\u043a\u0430\u0447\u0435\u0441\u0442\u0432\u0435\u043d\u043d\u043e\u0439 \u043b\u0430\u043c\u0438\u043d\u0438\u0440\u043e\u0432\u0430\u043d\u043d\u043e\u0439 \u041f\u0412\u0425-\u043f\u043b\u0438\u0442\u044b.<br \/>\n\u0417\u0430\u043f\u0430\u0442\u0435\u043d\u0442\u043e\u0432\u0430\u043d\u043d\u0430\u044f \u043a\u043e\u043d\u0441\u0442\u0440\u0443\u043a\u0446\u0438\u044f \u0433\u0430\u0440\u0430\u043d\u0442\u0438\u0440\u0443\u0435\u0442 \u0432\u044b\u0441\u043e\u0447\u0430\u0439\u0448\u0435\u0435 \u043a\u0430\u0447\u0435\u0441\u0442\u0432\u043e \u0438 \u0432\u043d\u0438\u043c\u0430\u043d\u0438\u0435 \u043a \u0434\u0435\u0442\u0430\u043b\u044f\u043c.<br \/>\n\u0414\u043e\u0441\u0442\u0443\u043f\u043d\u0430 \u0432\u043e\u0437\u043c\u043e\u0436\u043d\u043e\u0441\u0442\u044c \u0432\u044b\u0431\u043e\u0440\u0430 \u043e\u0442\u0434\u0435\u043b\u044c\u043d\u044b\u0445 \u044d\u043b\u0435\u043c\u0435\u043d\u0442\u043e\u0432.<br \/>\n\u0421\u0432\u0435\u0442\u043e\u0434\u0438\u043e\u0434\u043d\u043e\u0435 \u043e\u0441\u0432\u0435\u0449\u0435\u043d\u0438\u0435 \u0432 \u0441\u0442\u0430\u043d\u0434\u0430\u0440\u0442\u043d\u043e\u0439 \u043a\u043e\u043c\u043f\u043b\u0435\u043a\u0442\u0430\u0446\u0438\u0438.<br \/>\n\u041a\u043e\u0440\u043f\u0443\u0441: \u043b\u0430\u043c\u0438\u043d\u0438\u0440\u043e\u0432\u0430\u043d\u043d\u0430\u044f \u043c\u0435\u0431\u0435\u043b\u044c\u043d\u0430\u044f \u043f\u043b\u0438\u0442\u0430<br \/>\n\u041b\u0438\u0446\u0435\u0432\u0430\u044f \u0441\u0442\u043e\u0440\u043e\u043d\u0430: \u043f\u043b\u0438\u0442\u0430 \u041c\u0414\u0424 \u0441 \u041f\u0412\u0425-\u043f\u043e\u043a\u0440\u044b\u0442\u0438\u0435\u043c.<br \/>\n\u041d\u0430 \u0434\u043e\u043f\u043e\u043b\u043d\u0438\u0442\u0435\u043b\u044c\u043d\u043e\u0439 \u0444\u043e\u0442\u043e\u0433\u0440\u0430\u0444\u0438\u0438 \u043f\u043e\u043a\u0430\u0437\u0430\u043d\u044b \u0432\u0441\u0435 \u0434\u043e\u0441\u0442\u0443\u043f\u043d\u044b\u0435 \u043a\u043e\u043c\u043f\u043e\u043d\u0435\u043d\u0442\u044b \u043a\u043e\u043c\u043f\u043b\u0435\u043a\u0442\u0430 \u0441 \u0446\u0435\u043d\u0430\u043c\u0438. \u0415\u0441\u043b\u0438 \u0432\u0430\u0441 \u0438\u043d\u0442\u0435\u0440\u0435\u0441\u0443\u0435\u0442 \u043a\u043e\u043d\u043a\u0440\u0435\u0442\u043d\u044b\u0439 \u0434\u0438\u0437\u0430\u0439\u043d, \u043f\u043e\u0436\u0430\u043b\u0443\u0439\u0441\u0442\u0430, \u0441\u043e\u043e\u0431\u0449\u0438\u0442\u0435 \u043d\u0430\u043c \u043e\u0431 \u044d\u0442\u043e\u043c \u043f\u043e \u0430\u0434\u0440\u0435\u0441\u0443 salon@meblem4.pl<\/p>","protected":false},"excerpt":{"rendered":"<p>\u0421\u0438\u0441\u0442\u0435\u043c\u0430 \u043d\u0430\u0441\u0442\u0435\u043d\u043d\u044b\u0445 \u043c\u043e\u0434\u0443\u043b\u0435\u0439 Keks \u2013 \u0441\u043e\u0432\u0440\u0435\u043c\u0435\u043d\u043d\u043e\u0435 \u0440\u0435\u0448\u0435\u043d\u0438\u0435 \u0434\u043b\u044f \u0432\u0430\u0448\u0435\u0439 \u0433\u043e\u0441\u0442\u0438\u043d\u043e\u0439 \u2013 \u0432 \u0446\u0435\u043d\u0443 \u0432\u0445\u043e\u0434\u0438\u0442 \u0441\u043b\u0435\u0434\u0443\u044e\u0449\u0430\u044f \u043c\u0435\u0431\u0435\u043b\u044c: \u0412\u0438\u0442\u0440\u0438\u043d\u0430 K2 \u2013 89\/194\/37 \u2013 \u0448\u0438\u0440\u0438\u043d\u0430\/\u0432\u044b\u0441\u043e\u0442\u0430\/\u0433\u043b\u0443\u0431\u0438\u043d\u0430 \u0422\u0443\u043c\u0431\u0430 \u043f\u043e\u0434 \u0442\u0435\u043b\u0435\u0432\u0438\u0437\u043e\u0440 K4 \u2013 130\/49\/37 \u2013 \u0448\u0438\u0440\u0438\u043d\u0430\/\u0432\u044b\u0441\u043e\u0442\u0430\/\u0433\u043b\u0443\u0431\u0438\u043d\u0430 \u0412\u044b\u0434\u0432\u0438\u0436\u043d\u0430\u044f \u043f\u043e\u043b\u043a\u0430 \u043f\u043e\u0434 \u0442\u0435\u043b\u0435\u0432\u0438\u0437\u043e\u0440 K7 \u2013 80\/13\/30 \u2013 \u0448\u0438\u0440\u0438\u043d\u0430\/\u0432\u044b\u0441\u043e\u0442\u0430\/\u0433\u043b\u0443\u0431\u0438\u043d\u0430 \u041f\u043e\u043b\u043a\u0430 K6 \u2013 120\/32\/20 \u2013 \u0448\u0438\u0440\u0438\u043d\u0430\/\u0432\u044b\u0441\u043e\u0442\u0430\/\u0433\u043b\u0443\u0431\u0438\u043d\u0430 \u041a\u043e\u043c\u043e\u0434 K15 \u2013 89\/130\/37 \u2013 \u0448\u0438\u0440\u0438\u043d\u0430\/\u0432\u044b\u0441\u043e\u0442\u0430\/\u0433\u043b\u0443\u0431\u0438\u043d\u0430 [\u2026]<\/p>","protected":false},"featured_media":180428,"comment_status":"open","ping_status":"open","template":"","meta":[],"product_brand":[],"product_cat":[9593,4746,2008],"product_tag":[],"class_list":{"0":"post-180427","1":"product","2":"type-product","3":"status-publish","4":"has-post-thumbnail","6":"product_cat-furniture-system-keks-fadome","7":"product_cat-fadome","8":"product_cat-wall-units","10":"first","11":"instock","12":"purchasable","13":"product-type-simple"},"_links":{"self":[{"href":"https:\/\/baldumarket.lt\/ru\/wp-json\/wp\/v2\/product\/180427","targetHints":{"allow":["GET"]}}],"collection":[{"href":"https:\/\/baldumarket.lt\/ru\/wp-json\/wp\/v2\/product"}],"about":[{"href":"https:\/\/baldumarket.lt\/ru\/wp-json\/wp\/v2\/types\/product"}],"replies":[{"embeddable":true,"href":"https:\/\/baldumarket.lt\/ru\/wp-json\/wp\/v2\/comments?post=180427"}],"wp:featuredmedia":[{"embeddable":true,"href":"https:\/\/baldumarket.lt\/ru\/wp-json\/wp\/v2\/media\/180428"}],"wp:attachment":[{"href":"https:\/\/baldumarket.lt\/ru\/wp-json\/wp\/v2\/media?parent=180427"}],"wp:term":[{"taxonomy":"product_brand","embeddable":true,"href":"https:\/\/baldumarket.lt\/ru\/wp-json\/wp\/v2\/product_brand?post=180427"},{"taxonomy":"product_cat","embeddable":true,"href":"https:\/\/baldumarket.lt\/ru\/wp-json\/wp\/v2\/product_cat?post=180427"},{"taxonomy":"product_tag","embeddable":true,"href":"https:\/\/baldumarket.lt\/ru\/wp-json\/wp\/v2\/product_tag?post=180427"}],"curies":[{"name":"WP","href":"https:\/\/api.w.org\/{rel}","templated":true}]}}