{"id":180392,"date":"2025-12-21T22:14:45","date_gmt":"2025-12-21T19:14:45","guid":{"rendered":"https:\/\/baldumarket.lt\/product\/listwa-zabezpieczajaca-boczna-prawa\/"},"modified":"2026-03-30T19:31:59","modified_gmt":"2026-03-30T16:31:59","slug":"listwa-zabezpieczajaca-boczna-prawa","status":"publish","type":"product","link":"https:\/\/baldumarket.lt\/ru\/product\/listwa-zabezpieczajaca-boczna-prawa\/","title":{"rendered":"De\u0161in\u0117s pus\u0117s apsaugin\u0117 juostel\u0117"},"content":{"rendered":"<p>\u0417\u0430\u0449\u0438\u0442\u043d\u0430\u044f \u043f\u043e\u043b\u043e\u0441\u0430 \u0441 \u043f\u0440\u0430\u0432\u043e\u0439 \u0441\u0442\u043e\u0440\u043e\u043d\u044b.<br \/>\n\u041f\u0440\u0438\u043c\u0435\u0447\u0430\u043d\u0438\u0435: \u043f\u0440\u0438\u043e\u0431\u0440\u0435\u0441\u0442\u0438 \u044d\u0442\u043e\u0442 \u043f\u0440\u043e\u0434\u0443\u043a\u0442 \u0431\u0435\u0437 \u0437\u0430\u043a\u0430\u0437\u0430 \u043a\u0443\u0445\u043e\u043d\u043d\u043e\u0433\u043e \u0433\u0430\u0440\u043d\u0438\u0442\u0443\u0440\u0430 028 \u043e\u0442 \u043f\u0440\u043e\u0438\u0437\u0432\u043e\u0434\u0438\u0442\u0435\u043b\u044f \u043d\u0435\u0432\u043e\u0437\u043c\u043e\u0436\u043d\u043e.<\/p>","protected":false},"excerpt":{"rendered":"<p>Right side safety strip. NOTE &#8211; it is not possible to purchase this product without ordering the manufacturer&#8217;s kitchen 028.<\/p>","protected":false},"featured_media":180393,"comment_status":"open","ping_status":"open","template":"","meta":[],"product_brand":[],"product_cat":[1043,4746],"product_tag":[],"class_list":{"0":"post-180392","1":"product","2":"type-product","3":"status-publish","4":"has-post-thumbnail","6":"product_cat-extras","7":"product_cat-fadome","9":"first","10":"instock","11":"purchasable","12":"product-type-simple"},"_links":{"self":[{"href":"https:\/\/baldumarket.lt\/ru\/wp-json\/wp\/v2\/product\/180392","targetHints":{"allow":["GET"]}}],"collection":[{"href":"https:\/\/baldumarket.lt\/ru\/wp-json\/wp\/v2\/product"}],"about":[{"href":"https:\/\/baldumarket.lt\/ru\/wp-json\/wp\/v2\/types\/product"}],"replies":[{"embeddable":true,"href":"https:\/\/baldumarket.lt\/ru\/wp-json\/wp\/v2\/comments?post=180392"}],"wp:featuredmedia":[{"embeddable":true,"href":"https:\/\/baldumarket.lt\/ru\/wp-json\/wp\/v2\/media\/180393"}],"wp:attachment":[{"href":"https:\/\/baldumarket.lt\/ru\/wp-json\/wp\/v2\/media?parent=180392"}],"wp:term":[{"taxonomy":"product_brand","embeddable":true,"href":"https:\/\/baldumarket.lt\/ru\/wp-json\/wp\/v2\/product_brand?post=180392"},{"taxonomy":"product_cat","embeddable":true,"href":"https:\/\/baldumarket.lt\/ru\/wp-json\/wp\/v2\/product_cat?post=180392"},{"taxonomy":"product_tag","embeddable":true,"href":"https:\/\/baldumarket.lt\/ru\/wp-json\/wp\/v2\/product_tag?post=180392"}],"curies":[{"name":"WP","href":"https:\/\/api.w.org\/{rel}","templated":true}]}}