{"id":180388,"date":"2025-12-21T22:14:38","date_gmt":"2025-12-21T19:14:38","guid":{"rendered":"https:\/\/baldumarket.lt\/product\/listwa-szczelinowa-do-laczenia-blatow\/"},"modified":"2026-03-30T19:32:08","modified_gmt":"2026-03-30T16:32:08","slug":"listwa-szczelinowa-do-laczenia-blatow","status":"publish","type":"product","link":"https:\/\/baldumarket.lt\/ru\/product\/listwa-szczelinowa-do-laczenia-blatow\/","title":{"rendered":"Tarpin\u0117 juostel\u0117 stalvir\u0161i\u0173 sujungimui"},"content":{"rendered":"<p>\u0421\u043e\u0435\u0434\u0438\u043d\u0438\u0442\u0435\u043b\u044c\u043d\u0430\u044f \u043f\u043b\u0430\u043d\u043a\u0430 \u0434\u043b\u044f \u0441\u0442\u043e\u043b\u0435\u0448\u043d\u0438\u0446\u044b.<br \/>\n\u00a0<br \/>\n\u0414\u043e\u0431\u0440\u043e \u043f\u043e\u0436\u0430\u043b\u043e\u0432\u0430\u0442\u044c \u0432 \u043d\u0430\u0448 \u0438\u043d\u0442\u0435\u0440\u043d\u0435\u0442-\u043c\u0430\u0433\u0430\u0437\u0438\u043d, \u043f\u043e\u0441\u0432\u044f\u0449\u0435\u043d\u043d\u044b\u0439 \u043c\u0435\u0431\u0435\u043b\u0438 \u0438 \u0430\u043a\u0441\u0435\u0441\u0441\u0443\u0430\u0440\u0430\u043c, \u043a\u043e\u0442\u043e\u0440\u044b\u0435 \u0443\u043a\u0440\u0430\u0441\u044f\u0442 \u0432\u0430\u0448 \u0438\u043d\u0442\u0435\u0440\u044c\u0435\u0440. \u041c\u044b \u043f\u0440\u0435\u0434\u043b\u0430\u0433\u0430\u0435\u043c \u0448\u0438\u0440\u043e\u043a\u0438\u0439 \u0432\u044b\u0431\u043e\u0440 \u0432\u044b\u0441\u043e\u043a\u043e\u043a\u0430\u0447\u0435\u0441\u0442\u0432\u0435\u043d\u043d\u043e\u0439 \u043c\u0435\u0431\u0435\u043b\u0438, \u043a\u043e\u0442\u043e\u0440\u0430\u044f \u043e\u043f\u0440\u0430\u0432\u0434\u0430\u0435\u0442 \u0432\u0430\u0448\u0438 \u043e\u0436\u0438\u0434\u0430\u043d\u0438\u044f \u043a\u0430\u043a \u0432 \u0444\u0443\u043d\u043a\u0446\u0438\u043e\u043d\u0430\u043b\u044c\u043d\u043e\u0441\u0442\u0438, \u0442\u0430\u043a \u0438 \u0432 \u044d\u0441\u0442\u0435\u0442\u0438\u043a\u0435.<br \/>\n\u041e\u0434\u043d\u0438\u043c \u0438\u0437 \u043d\u0430\u0448\u0438\u0445 \u043b\u0443\u0447\u0448\u0438\u0445 \u043f\u0440\u043e\u0434\u0443\u043a\u0442\u043e\u0432 \u044f\u0432\u043b\u044f\u0435\u0442\u0441\u044f \u0441\u043e\u0435\u0434\u0438\u043d\u0438\u0442\u0435\u043b\u044c\u043d\u0430\u044f \u043f\u043b\u0430\u043d\u043a\u0430 \u0434\u043b\u044f \u0441\u0442\u043e\u043b\u0435\u0448\u043d\u0438\u0446. \u042d\u0442\u043e\u0442 \u043f\u0440\u043e\u0434\u0443\u043a\u0442 \u0441\u043f\u0435\u0446\u0438\u0430\u043b\u044c\u043d\u043e \u0440\u0430\u0437\u0440\u0430\u0431\u043e\u0442\u0430\u043d \u0434\u043b\u044f \u0441\u043e\u0435\u0434\u0438\u043d\u0435\u043d\u0438\u044f \u0441\u0442\u043e\u043b\u0435\u0448\u043d\u0438\u0446, \u043e\u0431\u0435\u0441\u043f\u0435\u0447\u0438\u0432\u0430\u044f \u0438\u0434\u0435\u0430\u043b\u044c\u043d\u043e\u0435 \u0438 \u0434\u043e\u043b\u0433\u043e\u0432\u0435\u0447\u043d\u043e\u0435 \u0441\u043e\u0435\u0434\u0438\u043d\u0435\u043d\u0438\u0435. \u0422\u043e\u0447\u043d\u043e \u0441\u043f\u0440\u043e\u0435\u043a\u0442\u0438\u0440\u043e\u0432\u0430\u043d\u043d\u0430\u044f \u0444\u043e\u0440\u043c\u0430 \u0438 \u043f\u043e\u0441\u0430\u0434\u043a\u0430 \u043f\u043e\u0437\u0432\u043e\u043b\u044f\u044e\u0442 \u044d\u0444\u0444\u0435\u043a\u0442\u0438\u0432\u043d\u043e \u0441\u043a\u0440\u044b\u0432\u0430\u0442\u044c \u0437\u0430\u0437\u043e\u0440\u044b \u043c\u0435\u0436\u0434\u0443 \u0441\u0442\u043e\u043b\u0435\u0448\u043d\u0438\u0446\u0430\u043c\u0438, \u043f\u0440\u0438\u0434\u0430\u0432\u0430\u044f \u0432\u0441\u0435\u0439 \u043a\u043e\u043d\u0441\u0442\u0440\u0443\u043a\u0446\u0438\u0438 \u0438\u0437\u044b\u0441\u043a\u0430\u043d\u043d\u044b\u0439 \u044d\u0441\u0442\u0435\u0442\u0438\u0447\u0435\u0441\u043a\u0438\u0439 \u0432\u0438\u0434. \u0421\u043e\u0435\u0434\u0438\u043d\u0438\u0442\u0435\u043b\u044c\u043d\u0430\u044f \u043f\u043b\u0430\u043d\u043a\u0430 \u043d\u0435 \u0442\u043e\u043b\u044c\u043a\u043e \u0437\u0430\u0449\u0438\u0449\u0430\u0435\u0442 \u0441\u0442\u043e\u043b\u0435\u0448\u043d\u0438\u0446\u044b \u043e\u0442 \u0437\u0430\u0433\u0440\u044f\u0437\u043d\u0435\u043d\u0438\u0439, \u043d\u043e \u0438 \u043f\u0440\u0435\u0434\u043e\u0442\u0432\u0440\u0430\u0449\u0430\u0435\u0442 \u0441\u043a\u043e\u043f\u043b\u0435\u043d\u0438\u0435 \u0433\u0440\u044f\u0437\u0438 \u0438 \u0436\u0438\u0434\u043a\u043e\u0441\u0442\u0435\u0439 \u0432 \u0442\u0440\u0443\u0434\u043d\u043e\u0434\u043e\u0441\u0442\u0443\u043f\u043d\u044b\u0445 \u043c\u0435\u0441\u0442\u0430\u0445. \u041d\u0430\u0448\u0438 \u0441\u043e\u0435\u0434\u0438\u043d\u0438\u0442\u0435\u043b\u044c\u043d\u044b\u0435 \u043f\u043b\u0430\u043d\u043a\u0438 \u0434\u043b\u044f \u0441\u0442\u043e\u043b\u0435\u0448\u043d\u0438\u0446 \u0438\u0437\u0433\u043e\u0442\u043e\u0432\u043b\u0435\u043d\u044b \u0438\u0437 \u0432\u044b\u0441\u043e\u043a\u043e\u043a\u0430\u0447\u0435\u0441\u0442\u0432\u0435\u043d\u043d\u044b\u0445 \u043c\u0430\u0442\u0435\u0440\u0438\u0430\u043b\u043e\u0432, \u0447\u0442\u043e \u0433\u0430\u0440\u0430\u043d\u0442\u0438\u0440\u0443\u0435\u0442 \u0434\u043e\u043b\u0433\u043e\u0432\u0435\u0447\u043d\u043e\u0441\u0442\u044c \u0438 \u043f\u0440\u043e\u0447\u043d\u043e\u0441\u0442\u044c.<br \/>\n\u041f\u043e\u0441\u0435\u0442\u0438\u0442\u0435 \u043d\u0430\u0448 \u0438\u043d\u0442\u0435\u0440\u043d\u0435\u0442-\u043c\u0430\u0433\u0430\u0437\u0438\u043d, \u0433\u0434\u0435 \u0432\u044b \u043d\u0430\u0439\u0434\u0435\u0442\u0435 \u0448\u0438\u0440\u043e\u043a\u0438\u0439 \u0430\u0441\u0441\u043e\u0440\u0442\u0438\u043c\u0435\u043d\u0442 \u043a\u0440\u0435\u043f\u0435\u0436\u043d\u044b\u0445 \u043f\u043b\u0430\u043d\u043e\u043a \u0434\u043b\u044f \u0441\u0442\u043e\u043b\u0435\u0448\u043d\u0438\u0446 \u0438 \u0434\u0440\u0443\u0433\u0438\u0445 \u0442\u043e\u0432\u0430\u0440\u043e\u0432, \u043a\u043e\u0442\u043e\u0440\u044b\u0435 \u043f\u043e\u043c\u043e\u0433\u0443\u0442 \u0432\u0430\u0448\u0435\u0439 \u043c\u0435\u0431\u0435\u043b\u0438 \u0432\u044b\u0433\u043b\u044f\u0434\u0435\u0442\u044c \u0438\u0434\u0435\u0430\u043b\u044c\u043d\u043e. \u041d\u0430\u0448\u0430 \u043a\u043e\u043c\u0430\u043d\u0434\u0430 \u0433\u043e\u0442\u043e\u0432\u0430 \u043e\u0442\u0432\u0435\u0442\u0438\u0442\u044c \u043d\u0430 \u0432\u0441\u0435 \u0432\u0430\u0448\u0438 \u0432\u043e\u043f\u0440\u043e\u0441\u044b \u0438 \u043f\u043e\u043c\u043e\u0447\u044c \u0432\u0430\u043c \u0441\u0434\u0435\u043b\u0430\u0442\u044c \u043f\u0440\u0430\u0432\u0438\u043b\u044c\u043d\u044b\u0439 \u0432\u044b\u0431\u043e\u0440. \u041c\u044b \u043f\u0440\u0435\u0434\u043b\u0430\u0433\u0430\u0435\u043c \u043f\u0440\u043e\u0441\u0442\u043e\u0439 \u0438 \u0443\u0434\u043e\u0431\u043d\u044b\u0439 \u043f\u0440\u043e\u0446\u0435\u0441\u0441 \u043e\u043d\u043b\u0430\u0439\u043d-\u0437\u0430\u043a\u0430\u0437\u0430, \u0447\u0442\u043e\u0431\u044b \u0432\u044b \u043c\u043e\u0433\u043b\u0438 \u0441\u043e\u0432\u0435\u0440\u0448\u0430\u0442\u044c \u043f\u043e\u043a\u0443\u043f\u043a\u0438 \u0438\u0437 \u043b\u044e\u0431\u043e\u0433\u043e \u043c\u0435\u0441\u0442\u0430 \u0438 \u0432 \u043b\u044e\u0431\u043e\u0435 \u0432\u0440\u0435\u043c\u044f.<br \/>\n\u0412\u041d\u0418\u041c\u0410\u041d\u0418\u0415: \u041f\u0440\u0438\u043e\u0431\u0440\u0435\u0441\u0442\u0438 \u0442\u043e\u0432\u0430\u0440 \u0431\u0435\u0437 \u0437\u0430\u043a\u0430\u0437\u0430 \u043a\u0443\u0445\u043d\u0438 \u0443 \u043f\u0440\u043e\u0438\u0437\u0432\u043e\u0434\u0438\u0442\u0435\u043b\u044f 028 \u043d\u0435\u0432\u043e\u0437\u043c\u043e\u0436\u043d\u043e.<\/p>","protected":false},"excerpt":{"rendered":"<p>Countertop Joint Strip. \u00a0 Welcome to our online store dedicated to furniture and accessories that will enhance your interiors. We offer a wide selection of high-quality furniture that will meet your expectations in both functionality and aesthetics. One of our standout products is the countertop joint strip. This product is specifically designed for joining countertops, [&hellip;]<\/p>","protected":false},"featured_media":180389,"comment_status":"open","ping_status":"open","template":"","meta":[],"product_brand":[],"product_cat":[1043,4746],"product_tag":[],"class_list":{"0":"post-180388","1":"product","2":"type-product","3":"status-publish","4":"has-post-thumbnail","6":"product_cat-extras","7":"product_cat-fadome","9":"first","10":"instock","11":"purchasable","12":"product-type-simple"},"_links":{"self":[{"href":"https:\/\/baldumarket.lt\/ru\/wp-json\/wp\/v2\/product\/180388","targetHints":{"allow":["GET"]}}],"collection":[{"href":"https:\/\/baldumarket.lt\/ru\/wp-json\/wp\/v2\/product"}],"about":[{"href":"https:\/\/baldumarket.lt\/ru\/wp-json\/wp\/v2\/types\/product"}],"replies":[{"embeddable":true,"href":"https:\/\/baldumarket.lt\/ru\/wp-json\/wp\/v2\/comments?post=180388"}],"wp:featuredmedia":[{"embeddable":true,"href":"https:\/\/baldumarket.lt\/ru\/wp-json\/wp\/v2\/media\/180389"}],"wp:attachment":[{"href":"https:\/\/baldumarket.lt\/ru\/wp-json\/wp\/v2\/media?parent=180388"}],"wp:term":[{"taxonomy":"product_brand","embeddable":true,"href":"https:\/\/baldumarket.lt\/ru\/wp-json\/wp\/v2\/product_brand?post=180388"},{"taxonomy":"product_cat","embeddable":true,"href":"https:\/\/baldumarket.lt\/ru\/wp-json\/wp\/v2\/product_cat?post=180388"},{"taxonomy":"product_tag","embeddable":true,"href":"https:\/\/baldumarket.lt\/ru\/wp-json\/wp\/v2\/product_tag?post=180388"}],"curies":[{"name":"WP","href":"https:\/\/api.w.org\/{rel}","templated":true}]}}