{"id":180386,"date":"2025-12-21T22:14:36","date_gmt":"2025-12-21T19:14:36","guid":{"rendered":"https:\/\/baldumarket.lt\/product\/listwa-przyblatowa-w-kolorze-blatow-2-m-zakonczenia\/"},"modified":"2026-03-30T19:32:08","modified_gmt":"2026-03-30T16:32:08","slug":"listwa-przyblatowa-w-kolorze-blatow-2-m-zakonczenia","status":"publish","type":"product","link":"https:\/\/baldumarket.lt\/ru\/product\/listwa-przyblatowa-w-kolorze-blatow-2-m-zakonczenia\/","title":{"rendered":"Stalvir\u0161io juostel\u0117 stalvir\u0161io spalvos, 2 \u043c + \u0433\u0430\u043b\u0430\u0439"},"content":{"rendered":"<p>\u0414\u0435\u043a\u043e\u0440\u0430\u0442\u0438\u0432\u043d\u0430\u044f \u043f\u043b\u0430\u043d\u043a\u0430 \u0434\u043b\u044f \u0441\u0442\u043e\u043b\u0435\u0448\u043d\u0438\u0446\u044b \u0442\u043e\u0433\u043e \u0436\u0435 \u0446\u0432\u0435\u0442\u0430, \u0447\u0442\u043e \u0438 \u0441\u0442\u043e\u043b\u0435\u0448\u043d\u0438\u0446\u044b, \u0434\u043b\u0438\u043d\u043e\u0439 2 \u043c, \u043f\u043b\u044e\u0441 \u0442\u043e\u0440\u0446\u0435\u0432\u044b\u0435 \u0437\u0430\u0433\u043b\u0443\u0448\u043a\u0438.<br \/>\n\u0412\u043d\u0443\u0442\u0440\u0435\u043d\u043d\u0438\u0435 \u0438 \u0432\u043d\u0435\u0448\u043d\u0438\u0435 \u0443\u0433\u043e\u043b\u043a\u0438 \u0442\u0430\u043a\u0436\u0435 \u043c\u043e\u0436\u043d\u043e \u043f\u0440\u0438\u043e\u0431\u0440\u0435\u0441\u0442\u0438 \u043e\u0442\u0434\u0435\u043b\u044c\u043d\u043e \u2013 \u043f\u043e\u0436\u0430\u043b\u0443\u0439\u0441\u0442\u0430, \u0441\u0432\u044f\u0436\u0438\u0442\u0435\u0441\u044c \u0441 \u043d\u0430\u043c\u0438 \u043f\u043e \u0430\u0434\u0440\u0435\u0441\u0443 kuchnie@meblem4.pl<br \/>\n\u041f\u0440\u0438\u043c\u0435\u0447\u0430\u043d\u0438\u0435: \u043f\u0440\u0438\u043e\u0431\u0440\u0435\u0441\u0442\u0438 \u044d\u0442\u043e\u0442 \u043f\u0440\u043e\u0434\u0443\u043a\u0442 \u0431\u0435\u0437 \u0437\u0430\u043a\u0430\u0437\u0430 \u043a\u0443\u0445\u043e\u043d\u043d\u043e\u0433\u043e \u0433\u0430\u0440\u043d\u0438\u0442\u0443\u0440\u0430 028 \u043e\u0442 \u043f\u0440\u043e\u0438\u0437\u0432\u043e\u0434\u0438\u0442\u0435\u043b\u044f \u043d\u0435\u0432\u043e\u0437\u043c\u043e\u0436\u043d\u043e.<\/p>","protected":false},"excerpt":{"rendered":"<p>\u0414\u0435\u043a\u043e\u0440\u0430\u0442\u0438\u0432\u043d\u0430\u044f \u043f\u043b\u0430\u043d\u043a\u0430 \u0434\u043b\u044f \u0441\u0442\u043e\u043b\u0435\u0448\u043d\u0438\u0446\u044b \u0442\u043e\u0433\u043e \u0436\u0435 \u0446\u0432\u0435\u0442\u0430, \u0447\u0442\u043e \u0438 \u0441\u0442\u043e\u043b\u0435\u0448\u043d\u0438\u0446\u044b, \u0434\u043b\u0438\u043d\u043e\u0439 2 \u043c, \u043f\u043b\u044e\u0441 \u0442\u043e\u0440\u0446\u0435\u0432\u044b\u0435 \u0437\u0430\u0433\u043b\u0443\u0448\u043a\u0438. \u0412\u043d\u0443\u0442\u0440\u0435\u043d\u043d\u0438\u0435 \u0438 \u0432\u043d\u0435\u0448\u043d\u0438\u0435 \u0443\u0433\u043b\u043e\u0432\u044b\u0435 \u044d\u043b\u0435\u043c\u0435\u043d\u0442\u044b \u0442\u0430\u043a\u0436\u0435 \u0434\u043e\u0441\u0442\u0443\u043f\u043d\u044b \u0434\u043b\u044f \u043f\u043e\u043a\u0443\u043f\u043a\u0438 \u2013 \u043f\u043e\u0436\u0430\u043b\u0443\u0439\u0441\u0442\u0430, \u0441\u0432\u044f\u0436\u0438\u0442\u0435\u0441\u044c \u0441 \u043d\u0430\u043c\u0438 \u043f\u043e \u0430\u0434\u0440\u0435\u0441\u0443 kuchnie@meblem4.pl. \u041f\u0420\u0418\u041c\u0415\u0427\u0410\u041d\u0418\u0415 \u2013 \u043f\u0440\u0438\u043e\u0431\u0440\u0435\u0441\u0442\u0438 \u044d\u0442\u043e\u0442 \u043f\u0440\u043e\u0434\u0443\u043a\u0442 \u043d\u0435\u0432\u043e\u0437\u043c\u043e\u0436\u043d\u043e \u0431\u0435\u0437 \u0437\u0430\u043a\u0430\u0437\u0430 \u043a\u0443\u0445\u043d\u0438 028 \u043e\u0442 \u043f\u0440\u043e\u0438\u0437\u0432\u043e\u0434\u0438\u0442\u0435\u043b\u044f.<\/p>","protected":false},"featured_media":180387,"comment_status":"open","ping_status":"open","template":"","meta":[],"product_brand":[],"product_cat":[1043,4746],"product_tag":[],"class_list":{"0":"post-180386","1":"product","2":"type-product","3":"status-publish","4":"has-post-thumbnail","6":"product_cat-extras","7":"product_cat-fadome","9":"first","10":"instock","11":"purchasable","12":"product-type-simple"},"_links":{"self":[{"href":"https:\/\/baldumarket.lt\/ru\/wp-json\/wp\/v2\/product\/180386","targetHints":{"allow":["GET"]}}],"collection":[{"href":"https:\/\/baldumarket.lt\/ru\/wp-json\/wp\/v2\/product"}],"about":[{"href":"https:\/\/baldumarket.lt\/ru\/wp-json\/wp\/v2\/types\/product"}],"replies":[{"embeddable":true,"href":"https:\/\/baldumarket.lt\/ru\/wp-json\/wp\/v2\/comments?post=180386"}],"wp:featuredmedia":[{"embeddable":true,"href":"https:\/\/baldumarket.lt\/ru\/wp-json\/wp\/v2\/media\/180387"}],"wp:attachment":[{"href":"https:\/\/baldumarket.lt\/ru\/wp-json\/wp\/v2\/media?parent=180386"}],"wp:term":[{"taxonomy":"product_brand","embeddable":true,"href":"https:\/\/baldumarket.lt\/ru\/wp-json\/wp\/v2\/product_brand?post=180386"},{"taxonomy":"product_cat","embeddable":true,"href":"https:\/\/baldumarket.lt\/ru\/wp-json\/wp\/v2\/product_cat?post=180386"},{"taxonomy":"product_tag","embeddable":true,"href":"https:\/\/baldumarket.lt\/ru\/wp-json\/wp\/v2\/product_tag?post=180386"}],"curies":[{"name":"WP","href":"https:\/\/api.w.org\/{rel}","templated":true}]}}