{"id":179855,"date":"2025-12-21T13:06:28","date_gmt":"2025-12-21T10:06:28","guid":{"rendered":"https:\/\/baldumarket.lt\/product\/witryna-80-z-oswietleniem-monaco-mona-035-14-masyw-debowy-100-1-x-drzwi-drewno-1-x-drzwi-szklo-drewno\/"},"modified":"2026-03-04T17:55:29","modified_gmt":"2026-03-04T14:55:29","slug":"witryna-80-z-oswietleniem-monaco-mona-035-14-masyw-debowy-100-1-x-drzwi-drewno-1-x-drzwi-szklo-drewno","status":"publish","type":"product","link":"https:\/\/baldumarket.lt\/ru\/product\/witryna-80-z-oswietleniem-monaco-mona-035-14-masyw-debowy-100-1-x-drzwi-drewno-1-x-drzwi-szklo-drewno\/","title":{"rendered":"\u0412\u0438\u0442\u0440\u0438\u043d\u0430 80 su ap\u0161vietimu \u041c\u041e\u041d\u0410\u041a\u041e \u2013 MONA.035.14 100 % \u0105\u017euolo masyvas 1 x medin\u0117s durys 1 x stiklas + medin\u0117s durys"},"content":{"rendered":"<p>\u0412\u0438\u0442\u0440\u0438\u043d\u0430 MONA.035.14 \u0441 \u043f\u043e\u0434\u0441\u0432\u0435\u0442\u043a\u043e\u0439 \u2014 \u044d\u0442\u043e \u0443\u043d\u0438\u043a\u0430\u043b\u044c\u043d\u044b\u0439 \u043f\u0440\u0435\u0434\u043c\u0435\u0442 \u043c\u0435\u0431\u0435\u043b\u0438, \u0433\u0430\u0440\u043c\u043e\u043d\u0438\u0447\u043d\u043e \u0441\u043e\u0447\u0435\u0442\u0430\u044e\u0449\u0438\u0439 \u0435\u0441\u0442\u0435\u0441\u0442\u0432\u0435\u043d\u043d\u0443\u044e \u044d\u043b\u0435\u0433\u0430\u043d\u0442\u043d\u043e\u0441\u0442\u044c \u0434\u0435\u0440\u0435\u0432\u0430 \u0441 \u0443\u0442\u043e\u043d\u0447\u0435\u043d\u043d\u044b\u043c \u0441\u043e\u0432\u0440\u0435\u043c\u0435\u043d\u043d\u044b\u043c \u0434\u0438\u0437\u0430\u0439\u043d\u043e\u043c. \u0421\u0442\u0435\u043a\u043b\u044f\u043d\u043d\u044b\u0435 \u044d\u043b\u0435\u043c\u0435\u043d\u0442\u044b \u0438 \u0441\u0432\u0435\u0442\u043e\u0434\u0438\u043e\u0434\u043d\u0430\u044f \u043f\u043e\u0434\u0441\u0432\u0435\u0442\u043a\u0430 \u0441\u043e\u0437\u0434\u0430\u044e\u0442 \u043e\u0449\u0443\u0449\u0435\u043d\u0438\u0435 \u043b\u0435\u0433\u043a\u043e\u0441\u0442\u0438 \u0438 \u043f\u043e\u0434\u0441\u0432\u0435\u0447\u0438\u0432\u0430\u044e\u0442 \u0432\u044b\u0441\u0442\u0430\u0432\u043b\u0435\u043d\u043d\u044b\u0435 \u043f\u0440\u0435\u0434\u043c\u0435\u0442\u044b, \u0441\u043e\u0437\u0434\u0430\u0432\u0430\u044f \u0443\u044e\u0442\u043d\u0443\u044e \u0430\u0442\u043c\u043e\u0441\u0444\u0435\u0440\u0443. \u0422\u0449\u0430\u0442\u0435\u043b\u044c\u043d\u043e \u043f\u0440\u043e\u0440\u0430\u0431\u043e\u0442\u0430\u043d\u043d\u044b\u0435 \u0434\u0435\u0442\u0430\u043b\u0438, \u0442\u0430\u043a\u0438\u0435 \u043a\u0430\u043a \u0430\u043b\u044e\u043c\u0438\u043d\u0438\u0435\u0432\u044b\u0435 \u0440\u0430\u043c\u044b \u0438 \u043c\u0435\u0442\u0430\u043b\u043b\u0438\u0447\u0435\u0441\u043a\u0438\u0435 \u0440\u0443\u0447\u043a\u0438, \u043f\u0440\u0438\u0434\u0430\u044e\u0442 \u0438\u0437\u0434\u0435\u043b\u0438\u044e \u0438\u0437\u044b\u0441\u043a\u0430\u043d\u043d\u044b\u0439 \u0445\u0430\u0440\u0430\u043a\u0442\u0435\u0440. \u0414\u0443\u0431 \u043c\u0435\u0434\u043e\u0432\u043e\u0433\u043e \u0446\u0432\u0435\u0442\u0430 \u043f\u043e\u0434\u0447\u0435\u0440\u043a\u0438\u0432\u0430\u0435\u0442 \u0435\u0441\u0442\u0435\u0441\u0442\u0432\u0435\u043d\u043d\u0443\u044e \u043a\u0440\u0430\u0441\u043e\u0442\u0443 \u043f\u0440\u0435\u0434\u043c\u0435\u0442\u0430, \u0434\u0435\u043b\u0430\u044f \u0435\u0433\u043e \u0438\u0434\u0435\u0430\u043b\u044c\u043d\u044b\u043c \u0434\u043e\u043f\u043e\u043b\u043d\u0435\u043d\u0438\u0435\u043c \u043a \u0441\u0442\u0438\u043b\u044c\u043d\u044b\u043c \u0438 \u0444\u0443\u043d\u043a\u0446\u0438\u043e\u043d\u0430\u043b\u044c\u043d\u044b\u043c \u0438\u043d\u0442\u0435\u0440\u044c\u0435\u0440\u0430\u043c.<\/p>","protected":false},"excerpt":{"rendered":"<p>\u0428\u0438\u0440\u0438\u043d\u0430: 204 \u0441\u043c<br \/>\n\u0413\u043b\u0443\u0431\u0438\u043d\u0430: 39 \u0441\u043c<br \/>\n\u0412\u044b\u0441\u043e\u0442\u0430: 82 \u0441\u043c<\/p>","protected":false},"featured_media":179856,"comment_status":"open","ping_status":"open","template":"","meta":[],"product_brand":[],"product_cat":[9796,4745,2006],"product_tag":[],"class_list":{"0":"post-179855","1":"product","2":"type-product","3":"status-publish","4":"has-post-thumbnail","6":"product_cat-furniture-system-monaco-krysiak","7":"product_cat-krysiak","8":"product_cat-vitrines","10":"first","11":"instock","12":"purchasable","13":"product-type-simple"},"_links":{"self":[{"href":"https:\/\/baldumarket.lt\/ru\/wp-json\/wp\/v2\/product\/179855","targetHints":{"allow":["GET"]}}],"collection":[{"href":"https:\/\/baldumarket.lt\/ru\/wp-json\/wp\/v2\/product"}],"about":[{"href":"https:\/\/baldumarket.lt\/ru\/wp-json\/wp\/v2\/types\/product"}],"replies":[{"embeddable":true,"href":"https:\/\/baldumarket.lt\/ru\/wp-json\/wp\/v2\/comments?post=179855"}],"wp:featuredmedia":[{"embeddable":true,"href":"https:\/\/baldumarket.lt\/ru\/wp-json\/wp\/v2\/media\/179856"}],"wp:attachment":[{"href":"https:\/\/baldumarket.lt\/ru\/wp-json\/wp\/v2\/media?parent=179855"}],"wp:term":[{"taxonomy":"product_brand","embeddable":true,"href":"https:\/\/baldumarket.lt\/ru\/wp-json\/wp\/v2\/product_brand?post=179855"},{"taxonomy":"product_cat","embeddable":true,"href":"https:\/\/baldumarket.lt\/ru\/wp-json\/wp\/v2\/product_cat?post=179855"},{"taxonomy":"product_tag","embeddable":true,"href":"https:\/\/baldumarket.lt\/ru\/wp-json\/wp\/v2\/product_tag?post=179855"}],"curies":[{"name":"WP","href":"https:\/\/api.w.org\/{rel}","templated":true}]}}