{"id":179487,"date":"2025-12-21T13:01:19","date_gmt":"2025-12-21T10:01:19","guid":{"rendered":"https:\/\/baldumarket.lt\/product\/dwudrzwiowa-szafa-z-masywu-debowego-monaco-mona-090-14-miodowy-dab\/"},"modified":"2026-03-04T17:55:50","modified_gmt":"2026-03-04T14:55:50","slug":"dwudrzwiowa-szafa-z-masywu-debowego-monaco-mona-090-14-miodowy-dab","status":"publish","type":"product","link":"https:\/\/baldumarket.lt\/ru\/product\/dwudrzwiowa-szafa-z-masywu-debowego-monaco-mona-090-14-miodowy-dab\/","title":{"rendered":"Dviej\u0173 dur\u0173 spinta i\u0161 \u0105\u017euolo masyvo \u2013 \u041c\u041e\u041d\u0410\u041a\u041e MONA.090.14 Medaus \u0105\u017euolas"},"content":{"rendered":"<p>\u0414\u0432\u0443\u0445\u043c\u0435\u0440\u043d\u044b\u0439 \u0448\u043a\u0430\u0444 MONA.090.14 \u2014 \u044d\u0442\u043e \u0444\u0443\u043d\u043a\u0446\u0438\u043e\u043d\u0430\u043b\u044c\u043d\u044b\u0439 \u0438 \u044d\u043b\u0435\u0433\u0430\u043d\u0442\u043d\u044b\u0439 \u043f\u0440\u0435\u0434\u043c\u0435\u0442 \u043c\u0435\u0431\u0435\u043b\u0438, \u043a\u043e\u0442\u043e\u0440\u044b\u0439 \u043f\u0440\u0435\u043a\u0440\u0430\u0441\u043d\u043e \u0432\u043f\u0438\u0448\u0435\u0442\u0441\u044f \u0432 \u043b\u044e\u0431\u0443\u044e \u0441\u043f\u0430\u043b\u044c\u043d\u044e \u0438\u043b\u0438 \u0433\u0430\u0440\u0434\u0435\u0440\u043e\u0431\u043d\u0443\u044e. \u0424\u0430\u0441\u0430\u0434\u044b \u0438\u0437 \u043c\u0430\u0441\u0441\u0438\u0432\u0430 \u0434\u0443\u0431\u0430 \u043f\u0440\u0438\u0434\u0430\u044e\u0442 \u0435\u043c\u0443 \u0435\u0441\u0442\u0435\u0441\u0442\u0432\u0435\u043d\u043d\u044b\u0439 \u0438 \u0432\u043d\u0435\u0432\u0440\u0435\u043c\u0435\u043d\u043d\u043e\u0439 \u0432\u0438\u0434, \u0430 \u0434\u0443\u0431\u043e\u0432\u044b\u0439 \u0448\u043f\u043e\u043d \u043d\u0430 \u0432\u043d\u0435\u0448\u043d\u0435\u0439 \u0440\u0430\u043c\u0435 \u0434\u043e\u043f\u043e\u043b\u043d\u0438\u0442\u0435\u043b\u044c\u043d\u043e \u043f\u043e\u0432\u044b\u0448\u0430\u0435\u0442 \u0435\u0433\u043e \u043f\u0440\u043e\u0447\u043d\u043e\u0441\u0442\u044c \u0438 \u044d\u0441\u0442\u0435\u0442\u0438\u0447\u0435\u0441\u043a\u0443\u044e \u043f\u0440\u0438\u0432\u043b\u0435\u043a\u0430\u0442\u0435\u043b\u044c\u043d\u043e\u0441\u0442\u044c. \u0412\u043d\u0443\u0442\u0440\u0435\u043d\u043d\u0435\u0435 \u043f\u0440\u043e\u0441\u0442\u0440\u0430\u043d\u0441\u0442\u0432\u043e \u0448\u043a\u0430\u0444\u0430 \u0441\u043f\u0440\u043e\u0435\u043a\u0442\u0438\u0440\u043e\u0432\u0430\u043d\u043e \u0441 \u0443\u0447\u0435\u0442\u043e\u043c \u043f\u0440\u0430\u043a\u0442\u0438\u0447\u043d\u043e\u0433\u043e \u0445\u0440\u0430\u043d\u0435\u043d\u0438\u044f: \u0441 \u043b\u0435\u0432\u043e\u0439 \u0441\u0442\u043e\u0440\u043e\u043d\u044b \u0440\u0430\u0441\u043f\u043e\u043b\u043e\u0436\u0435\u043d\u044b \u043f\u043e\u043b\u043a\u0430 \u0438 \u0448\u0442\u0430\u043d\u0433\u0430 \u0434\u043b\u044f \u043e\u0434\u0435\u0436\u0434\u044b, \u0430 \u0441 \u043f\u0440\u0430\u0432\u043e\u0439 \u2014 \u0447\u0435\u0442\u044b\u0440\u0435 \u043f\u0440\u043e\u0441\u0442\u043e\u0440\u043d\u044b\u0435 \u043f\u043e\u043b\u043a\u0438. \u0427\u0435\u0440\u043d\u044b\u0435 \u043c\u0435\u0442\u0430\u043b\u043b\u0438\u0447\u0435\u0441\u043a\u0438\u0435 \u0440\u0443\u0447\u043a\u0438 \u0438 \u0441\u0430\u043c\u043e\u0437\u0430\u043a\u0440\u044b\u0432\u0430\u044e\u0449\u0438\u0435\u0441\u044f \u043f\u0435\u0442\u043b\u0438 \u043e\u0431\u0435\u0441\u043f\u0435\u0447\u0438\u0432\u0430\u044e\u0442 \u0443\u0434\u043e\u0431\u0441\u0442\u0432\u043e \u0438\u0441\u043f\u043e\u043b\u044c\u0437\u043e\u0432\u0430\u043d\u0438\u044f.<\/p>","protected":false},"excerpt":{"rendered":"<p>\u0428\u0438\u0440\u0438\u043d\u0430: 89 \u0441\u043c<br \/>\n\u0413\u043b\u0443\u0431\u0438\u043d\u0430: 55 \u0441\u043c<br \/>\n\u0412\u044b\u0441\u043e\u0442\u0430: 204 \u0441\u043c<\/p>","protected":false},"featured_media":179488,"comment_status":"open","ping_status":"open","template":"","meta":[],"product_brand":[],"product_cat":[9796,4745,1177],"product_tag":[],"class_list":{"0":"post-179487","1":"product","2":"type-product","3":"status-publish","4":"has-post-thumbnail","6":"product_cat-furniture-system-monaco-krysiak","7":"product_cat-krysiak","8":"product_cat-wardrobes","10":"first","11":"instock","12":"purchasable","13":"product-type-simple"},"_links":{"self":[{"href":"https:\/\/baldumarket.lt\/ru\/wp-json\/wp\/v2\/product\/179487","targetHints":{"allow":["GET"]}}],"collection":[{"href":"https:\/\/baldumarket.lt\/ru\/wp-json\/wp\/v2\/product"}],"about":[{"href":"https:\/\/baldumarket.lt\/ru\/wp-json\/wp\/v2\/types\/product"}],"replies":[{"embeddable":true,"href":"https:\/\/baldumarket.lt\/ru\/wp-json\/wp\/v2\/comments?post=179487"}],"wp:featuredmedia":[{"embeddable":true,"href":"https:\/\/baldumarket.lt\/ru\/wp-json\/wp\/v2\/media\/179488"}],"wp:attachment":[{"href":"https:\/\/baldumarket.lt\/ru\/wp-json\/wp\/v2\/media?parent=179487"}],"wp:term":[{"taxonomy":"product_brand","embeddable":true,"href":"https:\/\/baldumarket.lt\/ru\/wp-json\/wp\/v2\/product_brand?post=179487"},{"taxonomy":"product_cat","embeddable":true,"href":"https:\/\/baldumarket.lt\/ru\/wp-json\/wp\/v2\/product_cat?post=179487"},{"taxonomy":"product_tag","embeddable":true,"href":"https:\/\/baldumarket.lt\/ru\/wp-json\/wp\/v2\/product_tag?post=179487"}],"curies":[{"name":"WP","href":"https:\/\/api.w.org\/{rel}","templated":true}]}}