{"id":179485,"date":"2025-12-21T13:01:17","date_gmt":"2025-12-21T10:01:17","guid":{"rendered":"https:\/\/baldumarket.lt\/product\/duza-komoda-225-rtv-z-6-drzwiczkami-monaco-mona-053-14-masyw-debowy-100-6-x-drzwi-drewno-2-x-wneka\/"},"modified":"2026-03-04T17:55:50","modified_gmt":"2026-03-04T14:55:50","slug":"duza-komoda-225-rtv-z-6-drzwiczkami-monaco-mona-053-14-masyw-debowy-100-6-x-drzwi-drewno-2-x-wneka","status":"publish","type":"product","link":"https:\/\/baldumarket.lt\/ru\/product\/duza-komoda-225-rtv-z-6-drzwiczkami-monaco-mona-053-14-masyw-debowy-100-6-x-drzwi-drewno-2-x-wneka\/","title":{"rendered":"Didel\u0117 225 RTV komoda su 6 durel\u0117mis MONACO &#8211; MONA.053.14 100 % \u0105\u017euolo masyvas 6 x medin\u0117s durys 2 x ni\u0161a"},"content":{"rendered":"<p>\u0411\u043e\u043b\u044c\u0448\u0430\u044f \u0442\u0443\u043c\u0431\u0430 \u043f\u043e\u0434 \u0442\u0435\u043b\u0435\u0432\u0438\u0437\u043e\u0440 MONA.053.14 \u2014 \u044d\u0442\u043e \u044d\u043b\u0435\u0433\u0430\u043d\u0442\u043d\u044b\u0439 \u0438 \u043f\u0440\u0430\u043a\u0442\u0438\u0447\u043d\u044b\u0439 \u043f\u0440\u0435\u0434\u043c\u0435\u0442 \u043c\u0435\u0431\u0435\u043b\u0438, \u0438\u0434\u0435\u0430\u043b\u044c\u043d\u043e \u043f\u043e\u0434\u0445\u043e\u0434\u044f\u0449\u0438\u0439 \u0434\u043b\u044f \u043f\u0440\u043e\u0441\u0442\u043e\u0440\u043d\u044b\u0445 \u0438\u043d\u0442\u0435\u0440\u044c\u0435\u0440\u043e\u0432. \u0424\u0430\u0441\u0430\u0434\u044b \u0438\u0437 \u043c\u0430\u0441\u0441\u0438\u0432\u0430 \u0434\u0443\u0431\u0430 \u043f\u043e\u0434\u0447\u0435\u0440\u043a\u0438\u0432\u0430\u044e\u0442 \u0435\u0433\u043e \u0435\u0441\u0442\u0435\u0441\u0442\u0432\u0435\u043d\u043d\u0443\u044e \u0442\u0435\u043a\u0441\u0442\u0443\u0440\u0443, \u0430 \u043c\u0435\u0434\u043e\u0432\u0430\u044f \u0434\u0443\u0431\u043e\u0432\u0430\u044f \u043e\u0442\u0434\u0435\u043b\u043a\u0430 \u0434\u043e\u0431\u0430\u0432\u043b\u044f\u0435\u0442 \u0442\u0435\u043f\u043b\u0430 \u0438 \u0443\u044e\u0442\u0430. \u041f\u0440\u043e\u0434\u0443\u043c\u0430\u043d\u043d\u0430\u044f \u043a\u043e\u043d\u0441\u0442\u0440\u0443\u043a\u0446\u0438\u044f \u0441 \u0448\u0435\u0441\u0442\u044c\u044e \u0434\u0432\u0435\u0440\u0446\u0430\u043c\u0438 \u0438 \u0434\u0432\u0443\u043c\u044f \u043e\u0442\u043a\u0440\u044b\u0442\u044b\u043c\u0438 \u043d\u0438\u0448\u0430\u043c\u0438 \u043f\u0440\u0435\u0434\u043b\u0430\u0433\u0430\u0435\u0442 \u0434\u043e\u0441\u0442\u0430\u0442\u043e\u0447\u043d\u043e \u043c\u0435\u0441\u0442\u0430 \u0434\u043b\u044f \u0445\u0440\u0430\u043d\u0435\u043d\u0438\u044f \u0438 \u0434\u0435\u043c\u043e\u043d\u0441\u0442\u0440\u0430\u0446\u0438\u0438 \u043c\u0443\u043b\u044c\u0442\u0438\u043c\u0435\u0434\u0438\u0439\u043d\u043e\u0439 \u0442\u0435\u0445\u043d\u0438\u043a\u0438. \u041f\u0440\u043e\u0447\u043d\u0430\u044f \u043a\u043e\u043d\u0441\u0442\u0440\u0443\u043a\u0446\u0438\u044f \u0438\u0437 \u043d\u0430\u0442\u0443\u0440\u0430\u043b\u044c\u043d\u044b\u0445 \u043c\u0430\u0442\u0435\u0440\u0438\u0430\u043b\u043e\u0432, \u0434\u043e\u043f\u043e\u043b\u043d\u0435\u043d\u043d\u0430\u044f \u0447\u0435\u0440\u043d\u044b\u043c\u0438 \u043c\u0435\u0442\u0430\u043b\u043b\u0438\u0447\u0435\u0441\u043a\u0438\u043c\u0438 \u0440\u0443\u0447\u043a\u0430\u043c\u0438 \u0438 \u0441\u0438\u0441\u0442\u0435\u043c\u043e\u0439 \u043f\u043b\u0430\u0432\u043d\u043e\u0433\u043e \u0437\u0430\u043a\u0440\u044b\u0432\u0430\u043d\u0438\u044f, \u0441\u043e\u0447\u0435\u0442\u0430\u0435\u0442 \u0432 \u0441\u0435\u0431\u0435 \u0444\u0443\u043d\u043a\u0446\u0438\u043e\u043d\u0430\u043b\u044c\u043d\u043e\u0441\u0442\u044c \u0438 \u0441\u043e\u0432\u0440\u0435\u043c\u0435\u043d\u043d\u044b\u0439 \u0441\u0442\u0438\u043b\u044c, \u0438\u0434\u0435\u0430\u043b\u044c\u043d\u043e \u0434\u043e\u043f\u043e\u043b\u043d\u044f\u044f \u0440\u0430\u0437\u043b\u0438\u0447\u043d\u044b\u0435 \u0432\u0430\u0440\u0438\u0430\u043d\u0442\u044b \u0434\u0438\u0437\u0430\u0439\u043d\u0430 \u0438\u043d\u0442\u0435\u0440\u044c\u0435\u0440\u0430.<\/p>","protected":false},"excerpt":{"rendered":"<p>\u0428\u0438\u0440\u0438\u043d\u0430: 224 \u0441\u043c<br \/>\n\u0413\u043b\u0443\u0431\u0438\u043d\u0430: 45 \u0441\u043c<br \/>\n\u0412\u044b\u0441\u043e\u0442\u0430: 50 \u0441\u043c<\/p>","protected":false},"featured_media":179486,"comment_status":"open","ping_status":"open","template":"","meta":[],"product_brand":[],"product_cat":[9796,4745,1175],"product_tag":[],"class_list":{"0":"post-179485","1":"product","2":"type-product","3":"status-publish","4":"has-post-thumbnail","6":"product_cat-furniture-system-monaco-krysiak","7":"product_cat-krysiak","8":"product_cat-tv-stands","10":"first","11":"instock","12":"purchasable","13":"product-type-simple"},"_links":{"self":[{"href":"https:\/\/baldumarket.lt\/ru\/wp-json\/wp\/v2\/product\/179485","targetHints":{"allow":["GET"]}}],"collection":[{"href":"https:\/\/baldumarket.lt\/ru\/wp-json\/wp\/v2\/product"}],"about":[{"href":"https:\/\/baldumarket.lt\/ru\/wp-json\/wp\/v2\/types\/product"}],"replies":[{"embeddable":true,"href":"https:\/\/baldumarket.lt\/ru\/wp-json\/wp\/v2\/comments?post=179485"}],"wp:featuredmedia":[{"embeddable":true,"href":"https:\/\/baldumarket.lt\/ru\/wp-json\/wp\/v2\/media\/179486"}],"wp:attachment":[{"href":"https:\/\/baldumarket.lt\/ru\/wp-json\/wp\/v2\/media?parent=179485"}],"wp:term":[{"taxonomy":"product_brand","embeddable":true,"href":"https:\/\/baldumarket.lt\/ru\/wp-json\/wp\/v2\/product_brand?post=179485"},{"taxonomy":"product_cat","embeddable":true,"href":"https:\/\/baldumarket.lt\/ru\/wp-json\/wp\/v2\/product_cat?post=179485"},{"taxonomy":"product_tag","embeddable":true,"href":"https:\/\/baldumarket.lt\/ru\/wp-json\/wp\/v2\/product_tag?post=179485"}],"curies":[{"name":"WP","href":"https:\/\/api.w.org\/{rel}","templated":true}]}}