{"id":179471,"date":"2025-12-21T13:01:05","date_gmt":"2025-12-21T10:01:05","guid":{"rendered":"https:\/\/baldumarket.lt\/product\/2-x-wklad-do-stolu-monaco-miodowy-dab-mona-171-14\/"},"modified":"2026-03-04T17:55:50","modified_gmt":"2026-03-04T14:55:50","slug":"2-x-wklad-do-stolu-monaco-miodowy-dab-mona-171-14","status":"publish","type":"product","link":"https:\/\/baldumarket.lt\/ru\/product\/2-x-wklad-do-stolu-monaco-miodowy-dab-mona-171-14\/","title":{"rendered":"2 x \u041c\u041e\u041d\u0410\u041a\u041e \u043c\u0435\u0434\u0430\u0443\u0441 \u0441\u043f\u0430\u043b\u0432\u043e \u0105\u017euolo stalo \u012fd\u0117klai \u2013 MONA.171.14"},"content":{"rendered":"<p>2 \u0448\u0442. x 50\u00d790 \u0432\u0441\u0442\u0430\u0432\u043a\u0438 \u0434\u043b\u044f \u0441\u0442\u043e\u043b\u0430 Monaco MONA.171.14<\/p>","protected":false},"excerpt":{"rendered":"<p>\u0428\u0438\u0440\u0438\u043d\u0430: 90 \u0441\u043c<br \/>\n\u0412\u0441\u0442\u0430\u0432\u043a\u0438 \u0434\u043b\u044f \u0441\u0442\u043e\u043b\u0430: 2 x 50 \u0441\u043c<br \/>\n\u0414\u043b\u0438\u043d\u0430: 50 \u0441\u043c<\/p>","protected":false},"featured_media":179472,"comment_status":"open","ping_status":"open","template":"","meta":[],"product_brand":[],"product_cat":[9796,4745,1934],"product_tag":[],"class_list":{"0":"post-179471","1":"product","2":"type-product","3":"status-publish","4":"has-post-thumbnail","6":"product_cat-furniture-system-monaco-krysiak","7":"product_cat-krysiak","8":"product_cat-tables","10":"first","11":"instock","12":"purchasable","13":"product-type-simple"},"_links":{"self":[{"href":"https:\/\/baldumarket.lt\/ru\/wp-json\/wp\/v2\/product\/179471","targetHints":{"allow":["GET"]}}],"collection":[{"href":"https:\/\/baldumarket.lt\/ru\/wp-json\/wp\/v2\/product"}],"about":[{"href":"https:\/\/baldumarket.lt\/ru\/wp-json\/wp\/v2\/types\/product"}],"replies":[{"embeddable":true,"href":"https:\/\/baldumarket.lt\/ru\/wp-json\/wp\/v2\/comments?post=179471"}],"wp:featuredmedia":[{"embeddable":true,"href":"https:\/\/baldumarket.lt\/ru\/wp-json\/wp\/v2\/media\/179472"}],"wp:attachment":[{"href":"https:\/\/baldumarket.lt\/ru\/wp-json\/wp\/v2\/media?parent=179471"}],"wp:term":[{"taxonomy":"product_brand","embeddable":true,"href":"https:\/\/baldumarket.lt\/ru\/wp-json\/wp\/v2\/product_brand?post=179471"},{"taxonomy":"product_cat","embeddable":true,"href":"https:\/\/baldumarket.lt\/ru\/wp-json\/wp\/v2\/product_cat?post=179471"},{"taxonomy":"product_tag","embeddable":true,"href":"https:\/\/baldumarket.lt\/ru\/wp-json\/wp\/v2\/product_tag?post=179471"}],"curies":[{"name":"WP","href":"https:\/\/api.w.org\/{rel}","templated":true}]}}