{"id":178507,"date":"2025-12-20T22:37:16","date_gmt":"2025-12-20T19:37:16","guid":{"rendered":"https:\/\/baldumarket.lt\/product\/zestaw-mebli-glamour-loftowy-z-oswietleniem-sento\/"},"modified":"2026-04-05T15:17:47","modified_gmt":"2026-04-05T12:17:47","slug":"zestaw-mebli-glamour-loftowy-z-oswietleniem-sento","status":"publish","type":"product","link":"https:\/\/baldumarket.lt\/ru\/product\/zestaw-mebli-glamour-loftowy-z-oswietleniem-sento\/","title":{"rendered":"Prabangus pal\u0117p\u0117s bald\u0173 komplektas su \u201eSento\u201c ap\u0161vietimu"},"content":{"rendered":"<p>\u041f\u0440\u0435\u0434\u0441\u0442\u0430\u0432\u043b\u044f\u0435\u043c \u0441\u0438\u0441\u0442\u0435\u043c\u0443 Sento \u2013 \u0441\u043e\u0447\u0435\u0442\u0430\u043d\u0438\u0435 \u0444\u0440\u0435\u0437\u0435\u0440\u043e\u0432\u0430\u043d\u043d\u043e\u0439 \u043f\u0435\u0440\u0435\u0434\u043d\u0435\u0439 \u043f\u0430\u043d\u0435\u043b\u0438 \u0438 \u0430\u043b\u044e\u043c\u0438\u043d\u0438\u0435\u0432\u043e\u0433\u043e \u043a\u0430\u0440\u043a\u0430\u0441\u0430, \u0434\u043e\u043f\u043e\u043b\u043d\u0435\u043d\u043d\u043e\u0435 \u0442\u0435\u043f\u043b\u044b\u043c \u0441\u0432\u0435\u0442\u043e\u0434\u0438\u043e\u0434\u043d\u044b\u043c \u043e\u0441\u0432\u0435\u0449\u0435\u043d\u0438\u0435\u043c. \u042d\u0442\u0430 \u043a\u043e\u043b\u043b\u0435\u043a\u0446\u0438\u044f \u0432\u043e\u0441\u0445\u0438\u0449\u0430\u0435\u0442 \u0438 \u0432\u044b\u0437\u044b\u0432\u0430\u0435\u0442 \u043e\u0433\u0440\u043e\u043c\u043d\u044b\u0439 \u0438\u043d\u0442\u0435\u0440\u0435\u0441.<br \/>\nSento \u0441\u043e\u0441\u0442\u043e\u0438\u0442 \u0438\u0437 \u0441\u0435\u043c\u0438 \u043c\u043e\u0434\u0443\u043b\u0435\u0439: \u0434\u0432\u0443\u0445 \u043d\u0438\u0437\u043a\u0438\u0445 \u0438 \u0434\u0432\u0443\u0445 \u0432\u044b\u0441\u043e\u043a\u0438\u0445 \u0432\u0438\u0442\u0440\u0438\u043d, \u043f\u043e\u0434\u0441\u0442\u0430\u0432\u043a\u0438 \u0434\u043b\u044f \u0442\u0435\u043b\u0435\u0432\u0438\u0437\u043e\u0440\u0430, \u043f\u0440\u0438\u043a\u0440\u043e\u0432\u0430\u0442\u043d\u043e\u0439 \u0442\u0443\u043c\u0431\u043e\u0447\u043a\u0438 \u0438 \u0442\u0440\u0435\u0445 \u043a\u043e\u043c\u043e\u0434\u043e\u0432 \u0440\u0430\u0437\u043b\u0438\u0447\u043d\u043e\u0439 \u043a\u043e\u043d\u0444\u0438\u0433\u0443\u0440\u0430\u0446\u0438\u0438. \u041c\u043e\u0434\u0443\u043b\u0438 \u0443\u0441\u0442\u0430\u043d\u043e\u0432\u043b\u0435\u043d\u044b \u043d\u0430 \u0441\u0442\u0430\u043b\u044c\u043d\u044b\u0445 \u043d\u043e\u0436\u043a\u0430\u0445, \u0447\u0442\u043e \u043f\u0440\u0438\u0434\u0430\u0435\u0442 \u0438\u043c \u043b\u0435\u0433\u043a\u043e\u0441\u0442\u044c, \u043d\u0435\u0441\u043c\u043e\u0442\u0440\u044f \u043d\u0430 \u0447\u0435\u0440\u043d\u044b\u0439 \u0446\u0432\u0435\u0442.<br \/>\n\u0422\u0435\u0445\u043d\u0438\u0447\u0435\u0441\u043a\u0438\u0435 \u0445\u0430\u0440\u0430\u043a\u0442\u0435\u0440\u0438\u0441\u0442\u0438\u043a\u0438:<br \/>\n\u0420\u0430\u043c\u0430: \u043b\u0430\u043c\u0438\u043d\u0438\u0440\u043e\u0432\u0430\u043d\u043d\u0430\u044f \u043f\u043b\u0438\u0442\u0430 \u0442\u043e\u043b\u0449\u0438\u043d\u043e\u0439 16 \u043c\u043c; \u043a\u0440\u043e\u043c\u043a\u0430 \u0438\u0437 \u0410\u0411\u0421-\u043f\u043b\u0430\u0441\u0442\u0438\u043a\u0430 \u0442\u043e\u043b\u0449\u0438\u043d\u043e\u0439 0,5 \u043c\u043c.<br \/>\n\u041f\u0435\u0440\u0435\u0434\u043d\u044f\u044f \u043f\u0430\u043d\u0435\u043b\u044c: \u041c\u0414\u0424 \u0442\u043e\u043b\u0449\u0438\u043d\u043e\u0439 18 \u043c\u043c, \u043e\u043a\u0440\u0430\u0448\u0435\u043d\u043d\u044b\u0439, \u0444\u0440\u0435\u0437\u0435\u0440\u043e\u0432\u0430\u043d\u043d\u044b\u0439.<br \/>\n\u0417\u0430\u043a\u0430\u043b\u0435\u043d\u043d\u043e\u0435 \u0447\u0435\u0440\u043d\u043e\u0435 \u0441\u0442\u0435\u043a\u043b\u043e \u0442\u043e\u043b\u0449\u0438\u043d\u043e\u0439 4 \u043c\u043c (\u0430\u043d\u0442\u0438\u0441\u043e\u043b) + \u0430\u043b\u044e\u043c\u0438\u043d\u0438\u0435\u0432\u0430\u044f \u0440\u0430\u043c\u0430 \u0442\u043e\u043b\u0449\u0438\u043d\u043e\u0439 18 \u043c\u043c<br \/>\n\u041d\u043e\u0436\u043a\u0438: \u0441\u0442\u0430\u043b\u044c\u043d\u043e\u0439 \u043f\u0440\u043e\u0444\u0438\u043b\u044c 18 x 18, \u043f\u043e\u0440\u043e\u0448\u043a\u043e\u0432\u043e\u0435 \u043f\u043e\u043a\u0440\u044b\u0442\u0438\u0435, \u0447\u0435\u0440\u043d\u044b\u0439 \u0446\u0432\u0435\u0442, \u0432\u044b\u0441\u043e\u0442\u0430 20 \u0441\u043c.<br \/>\n\u0421\u043f\u043e\u0441\u043e\u0431 \u043e\u0442\u043a\u0440\u044b\u0442\u0438\u044f: \u043d\u0430\u0436\u0430\u0442\u0438\u0435 (\u0431\u0430\u043c\u043f\u0435\u0440 Titus)<br \/>\n\u0441\u0432\u0435\u0442\u043e\u0434\u0438\u043e\u0434\u043d\u043e\u0435 \u043e\u0441\u0432\u0435\u0449\u0435\u043d\u0438\u0435<br \/>\n\u041f\u0435\u0442\u043b\u0438 \u0425\u0430\u0444\u0435\u043b\u0435<br \/>\n\u041d\u0430\u043f\u0440\u0430\u0432\u043b\u044f\u044e\u0449\u0438\u0435 H-45 L-300 H\u00e4fele \u0441 \u0448\u0430\u0440\u0438\u043a\u043e\u043f\u043e\u0434\u0448\u0438\u043f\u043d\u0438\u043a\u0430\u043c\u0438 \u0438 \u043f\u043e\u043b\u043d\u044b\u043c \u0432\u044b\u0434\u0432\u0438\u0436\u0435\u043d\u0438\u0435\u043c.<br \/>\n\u0426\u0432\u0435\u0442: \u0447\u0435\u0440\u043d\u044b\u0439\/\u0434\u0443\u0431 \u0412\u043e\u0442\u0430\u043d<br \/>\n\u0412 \u043a\u043e\u043c\u043f\u043b\u0435\u043a\u0442 \u0432\u0445\u043e\u0434\u044f\u0442:<br \/>\n\u0412\u044b\u0441\u043e\u043a\u0430\u044f \u0432\u0438\u0442\u0440\u0438\u043d\u0430 Sento WTSZ104 \u0441 \u043f\u043e\u0434\u0441\u0432\u0435\u0442\u043a\u043e\u0439 \u2013 104\/166\/39 \u0441\u043c (\u0448\u0438\u0440\u0438\u043d\u0430\/\u0432\u044b\u0441\u043e\u0442\u0430\/\u0433\u043b\u0443\u0431\u0438\u043d\u0430).<br \/>\n\u0422\u0443\u043c\u0431\u0430 \u043f\u043e\u0434 \u0442\u0435\u043b\u0435\u0432\u0438\u0437\u043e\u0440 Sento RTV154 \u0441 \u043f\u043e\u0434\u0441\u0432\u0435\u0442\u043a\u043e\u0439 \u2013 \u0433\u043b\u0443\u0431\u0438\u043d\u0430 154\/56\/39 \u0441\u043c (\u0448\u0438\u0440\u0438\u043d\u0430\/\u0432\u044b\u0441\u043e\u0442\u0430\/\u0433\u043b\u0443\u0431\u0438\u043d\u0430).<br \/>\n\u041a\u043e\u043c\u043e\u0434 Sento K104 \u0441 \u043f\u043e\u0434\u0441\u0432\u0435\u0442\u043a\u043e\u0439 \u2013 104\/83\/39 \u0428\u0438\u0440\u0438\u043d\u0430\/\u0412\u044b\u0441\u043e\u0442\u0430\/\u0413\u043b\u0443\u0431\u0438\u043d\u0430<\/p>","protected":false},"excerpt":{"rendered":"<p>\u041f\u0440\u0435\u0434\u0441\u0442\u0430\u0432\u043b\u044f\u0435\u043c \u0441\u0438\u0441\u0442\u0435\u043c\u0443 Sento \u2013 \u0441\u043e\u0447\u0435\u0442\u0430\u043d\u0438\u0435 \u0444\u0440\u0435\u0437\u0435\u0440\u043e\u0432\u0430\u043d\u043d\u043e\u0439 \u043f\u0435\u0440\u0435\u0434\u043d\u0435\u0439 \u043f\u0430\u043d\u0435\u043b\u0438 \u0438 \u0430\u043b\u044e\u043c\u0438\u043d\u0438\u0435\u0432\u043e\u0433\u043e \u043a\u0430\u0440\u043a\u0430\u0441\u0430, \u0434\u043e\u043f\u043e\u043b\u043d\u0435\u043d\u043d\u043e\u0435 \u0442\u0435\u043f\u043b\u043e\u0439 \u0441\u0432\u0435\u0442\u043e\u0434\u0438\u043e\u0434\u043d\u043e\u0439 \u043f\u043e\u0434\u0441\u0432\u0435\u0442\u043a\u043e\u0439. \u042d\u0442\u0430 \u043a\u043e\u043b\u043b\u0435\u043a\u0446\u0438\u044f \u0432\u043e\u0441\u0445\u0438\u0449\u0430\u0435\u0442 \u0438 \u0432\u044b\u0437\u044b\u0432\u0430\u0435\u0442 \u043e\u0433\u0440\u043e\u043c\u043d\u044b\u0439 \u0438\u043d\u0442\u0435\u0440\u0435\u0441. Sento \u0441\u043e\u0441\u0442\u043e\u0438\u0442 \u0438\u0437 \u0441\u0435\u043c\u0438 \u043c\u043e\u0434\u0443\u043b\u0435\u0439: \u0434\u0432\u0443\u0445 \u043d\u0438\u0437\u043a\u0438\u0445 \u0438 \u0434\u0432\u0443\u0445 \u0432\u044b\u0441\u043e\u043a\u0438\u0445 \u0432\u0438\u0442\u0440\u0438\u043d, \u043f\u043e\u0434\u0441\u0442\u0430\u0432\u043a\u0438 \u043f\u043e\u0434 \u0442\u0435\u043b\u0435\u0432\u0438\u0437\u043e\u0440, \u043f\u0440\u0438\u043a\u0440\u043e\u0432\u0430\u0442\u043d\u043e\u0439 \u0442\u0443\u043c\u0431\u043e\u0447\u043a\u0438 \u0438 \u0442\u0440\u0435\u0445 \u043a\u043e\u043c\u043e\u0434\u043e\u0432 \u0432 \u0440\u0430\u0437\u043b\u0438\u0447\u043d\u044b\u0445 \u043a\u043e\u043d\u0444\u0438\u0433\u0443\u0440\u0430\u0446\u0438\u044f\u0445. \u041c\u043e\u0434\u0443\u043b\u0438 \u0443\u0441\u0442\u0430\u043d\u043e\u0432\u043b\u0435\u043d\u044b \u043d\u0430 [\u2026]<\/p>","protected":false},"featured_media":178508,"comment_status":"open","ping_status":"open","template":"","meta":[],"product_brand":[],"product_cat":[9557,4635,2008],"product_tag":[],"class_list":{"0":"post-178507","1":"product","2":"type-product","3":"status-publish","4":"has-post-thumbnail","6":"product_cat-furniture-system-sento-piaski","7":"product_cat-piaski","8":"product_cat-wall-units","10":"first","11":"instock","12":"purchasable","13":"product-type-simple"},"_links":{"self":[{"href":"https:\/\/baldumarket.lt\/ru\/wp-json\/wp\/v2\/product\/178507","targetHints":{"allow":["GET"]}}],"collection":[{"href":"https:\/\/baldumarket.lt\/ru\/wp-json\/wp\/v2\/product"}],"about":[{"href":"https:\/\/baldumarket.lt\/ru\/wp-json\/wp\/v2\/types\/product"}],"replies":[{"embeddable":true,"href":"https:\/\/baldumarket.lt\/ru\/wp-json\/wp\/v2\/comments?post=178507"}],"wp:featuredmedia":[{"embeddable":true,"href":"https:\/\/baldumarket.lt\/ru\/wp-json\/wp\/v2\/media\/178508"}],"wp:attachment":[{"href":"https:\/\/baldumarket.lt\/ru\/wp-json\/wp\/v2\/media?parent=178507"}],"wp:term":[{"taxonomy":"product_brand","embeddable":true,"href":"https:\/\/baldumarket.lt\/ru\/wp-json\/wp\/v2\/product_brand?post=178507"},{"taxonomy":"product_cat","embeddable":true,"href":"https:\/\/baldumarket.lt\/ru\/wp-json\/wp\/v2\/product_cat?post=178507"},{"taxonomy":"product_tag","embeddable":true,"href":"https:\/\/baldumarket.lt\/ru\/wp-json\/wp\/v2\/product_tag?post=178507"}],"curies":[{"name":"WP","href":"https:\/\/api.w.org\/{rel}","templated":true}]}}