{"id":178302,"date":"2025-12-20T22:33:14","date_gmt":"2025-12-20T19:33:14","guid":{"rendered":"https:\/\/baldumarket.lt\/product\/szafy-sandbox-senso-303-cm-antisol-3-sztuki\/"},"modified":"2026-02-12T10:28:09","modified_gmt":"2026-02-12T07:28:09","slug":"szafy-sandbox-senso-303-cm-antisol-3-sztuki","status":"publish","type":"product","link":"https:\/\/baldumarket.lt\/ru\/product\/szafy-sandbox-senso-303-cm-antisol-3-sztuki\/","title":{"rendered":"Sm\u0117lio d\u0117\u017e\u0117s Senso spintos 303 cm + antikorozin\u0117 danga &#8211; 3 dalys"},"content":{"rendered":"<p>\u0428\u043a\u0430\u0444\u044b Sandbox Nova \u0438\u0437\u0433\u043e\u0442\u043e\u0432\u043b\u0435\u043d\u044b \u0438\u0437 \u0432\u044b\u0441\u043e\u043a\u043e\u043a\u0430\u0447\u0435\u0441\u0442\u0432\u0435\u043d\u043d\u043e\u0439 \u043b\u0430\u043c\u0438\u043d\u0438\u0440\u043e\u0432\u0430\u043d\u043d\u043e\u0439 \u043f\u043b\u0438\u0442\u044b \u0442\u043e\u043b\u0449\u0438\u043d\u043e\u0439 16 \u043c\u043c \u0441 \u043a\u0440\u043e\u043c\u043a\u0430\u043c\u0438, \u043e\u0442\u0434\u0435\u043b\u0430\u043d\u043d\u044b\u043c\u0438 \u0410\u0411\u0421-\u043f\u043b\u0430\u0441\u0442\u0438\u043a\u043e\u043c.<br \/>\n\u0424\u0430\u0441\u0430\u0434\u044b \u0443\u043a\u0440\u0430\u0448\u0435\u043d\u044b \u0434\u0435\u043a\u043e\u0440\u0430\u0442\u0438\u0432\u043d\u043e\u0439 \u043b\u0430\u043c\u0435\u043b\u044c\u043d\u043e\u0439 \u043f\u0430\u043d\u0435\u043b\u044c\u044e \u0438 \u0446\u0435\u043d\u0442\u0440\u0430\u043b\u044c\u043d\u043e\u0439 \u043f\u0440\u043e\u0442\u0438\u0432\u043e\u0441\u043a\u043e\u043b\u044c\u0437\u044f\u0449\u0435\u0439 \u0441\u0442\u0435\u043a\u043b\u044f\u043d\u043d\u043e\u0439 \u0432\u0441\u0442\u0430\u0432\u043a\u043e\u0439.<br \/>\n\u0428\u043a\u0430\u0444\u044b \u0438\u043c\u0435\u044e\u0442 \u0434\u0432\u0435 \u043f\u0435\u0440\u0435\u0434\u043d\u0438\u0435 \u0441\u0442\u0435\u043d\u043a\u0438: \u043d\u0430 \u043e\u0434\u043d\u043e\u0439 \u0440\u0430\u0441\u043f\u043e\u043b\u043e\u0436\u0435\u043d\u044b \u0434\u0432\u0435 \u0432\u0435\u0448\u0430\u043b\u043a\u0438 \u0434\u043b\u044f \u043e\u0434\u0435\u0436\u0434\u044b, \u0430 \u043d\u0430 \u0434\u0440\u0443\u0433\u043e\u0439 \u2014 \u043f\u043e\u043b\u043a\u0438.<br \/>\n\u0422\u0435\u0445\u043d\u0438\u0447\u0435\u0441\u043a\u0438\u0435 \u0445\u0430\u0440\u0430\u043a\u0442\u0435\u0440\u0438\u0441\u0442\u0438\u043a\u0438:<br \/>\n\u041a\u0430\u0440\u043a\u0430\u0441: \u043b\u0430\u043c\u0438\u043d\u0438\u0440\u043e\u0432\u0430\u043d\u043d\u0430\u044f \u0434\u043e\u0441\u043a\u0430 \u0442\u043e\u043b\u0449\u0438\u043d\u043e\u0439 16 \u043c\u043c, \u043a\u0440\u043e\u043c\u043a\u0430 \u0438\u0437 \u0410\u0411\u0421-\u043f\u043b\u0430\u0441\u0442\u0438\u043a\u0430 \u0442\u043e\u043b\u0449\u0438\u043d\u043e\u0439 0,5 \u043c\u043c.<br \/>\n\u0424\u0430\u0441\u0430\u0434\u044b: \u043b\u0430\u043c\u0438\u043d\u0438\u0440\u043e\u0432\u0430\u043d\u043d\u0430\u044f \u043f\u043b\u0438\u0442\u0430 16 \u043c\u043c, \u043a\u0440\u043e\u043c\u043a\u0430 \u0438\u0437 \u0410\u0411\u0421-\u043f\u043b\u0430\u0441\u0442\u0438\u043a\u0430 0,5 \u043c\u043c, \u0440\u0438\u0444\u043b\u0435\u043d\u044b\u0439 \u041c\u0414\u0424 18 \u043c\u043c + \u0446\u0435\u043d\u0442\u0440\u0430\u043b\u044c\u043d\u044b\u0439 \u043a\u043e\u0440\u043f\u0443\u0441 \u0441 \u0430\u043b\u044e\u043c\u0438\u043d\u0438\u0435\u0432\u043e\u0439 \u0440\u0430\u043c\u043e\u0439 20,5x18 \u043c\u043c + \u043f\u0440\u043e\u0442\u0438\u0432\u043e\u0441\u043a\u043e\u043b\u044c\u0437\u044f\u0449\u0435\u0435 \u0441\u0442\u0435\u043a\u043b\u043e<br \/>\n\u0420\u0430\u0441\u043f\u0430\u0448\u043d\u044b\u0435 \u0434\u0432\u0435\u0440\u0438: \u0447\u0435\u0440\u043d\u044b\u0439 \u0430\u043b\u044e\u043c\u0438\u043d\u0438\u0439, \u0446\u0435\u043d\u0442\u0440\u0430\u043b\u044c\u043d\u044b\u0439 \u0448\u043a\u0430\u0444 \u0441 \u0440\u0443\u0447\u043a\u043e\u0439 PUSH-TO-OPEN.<br \/>\n\u0420\u0435\u0433\u0443\u043b\u0438\u0440\u0443\u0435\u043c\u044b\u0435 \u043f\u043e\u043b\u043a\u0438<br \/>\n\u0426\u0432\u0435\u0442: \u0447\u0435\u0440\u043d\u044b\u0439 \u043a\u043e\u0440\u043f\u0443\u0441, \u043f\u0435\u0440\u0435\u0434\u043d\u044f\u044f \u043f\u0430\u043d\u0435\u043b\u044c: \u0433\u0440\u0430\u0444\u0438\u0442\u043e\u0432\u044b\u0439 NW\/\u0434\u0443\u0431 \u0412\u043e\u0442\u0430\u043d<br \/>\n\u0412 \u043a\u043e\u043c\u043f\u043b\u0435\u043a\u0442 \u0432\u0445\u043e\u0434\u044f\u0442 \u0442\u0440\u0438 \u0448\u043a\u0430\u0444\u0430.<\/p>","protected":false},"excerpt":{"rendered":"<p>\u0448\u0438\u0440\u0438\u043d\u0430 [\u0441\u043c] 303<br \/>\n\u0432\u044b\u0441\u043e\u0442\u0430 [\u0441\u043c] 200<br \/>\n\u0433\u043b\u0443\u0431\u0438\u043d\u0430 [\u0441\u043c] 51<\/p>","protected":false},"featured_media":178303,"comment_status":"open","ping_status":"open","template":"","meta":[],"product_brand":[],"product_cat":[9549,4635,1177],"product_tag":[],"class_list":{"0":"post-178302","1":"product","2":"type-product","3":"status-publish","4":"has-post-thumbnail","6":"product_cat-furniture-system-oro-piaski","7":"product_cat-piaski","8":"product_cat-wardrobes","10":"first","11":"instock","12":"purchasable","13":"product-type-simple"},"_links":{"self":[{"href":"https:\/\/baldumarket.lt\/ru\/wp-json\/wp\/v2\/product\/178302","targetHints":{"allow":["GET"]}}],"collection":[{"href":"https:\/\/baldumarket.lt\/ru\/wp-json\/wp\/v2\/product"}],"about":[{"href":"https:\/\/baldumarket.lt\/ru\/wp-json\/wp\/v2\/types\/product"}],"replies":[{"embeddable":true,"href":"https:\/\/baldumarket.lt\/ru\/wp-json\/wp\/v2\/comments?post=178302"}],"wp:featuredmedia":[{"embeddable":true,"href":"https:\/\/baldumarket.lt\/ru\/wp-json\/wp\/v2\/media\/178303"}],"wp:attachment":[{"href":"https:\/\/baldumarket.lt\/ru\/wp-json\/wp\/v2\/media?parent=178302"}],"wp:term":[{"taxonomy":"product_brand","embeddable":true,"href":"https:\/\/baldumarket.lt\/ru\/wp-json\/wp\/v2\/product_brand?post=178302"},{"taxonomy":"product_cat","embeddable":true,"href":"https:\/\/baldumarket.lt\/ru\/wp-json\/wp\/v2\/product_cat?post=178302"},{"taxonomy":"product_tag","embeddable":true,"href":"https:\/\/baldumarket.lt\/ru\/wp-json\/wp\/v2\/product_tag?post=178302"}],"curies":[{"name":"WP","href":"https:\/\/api.w.org\/{rel}","templated":true}]}}