{"id":176396,"date":"2025-12-20T21:53:06","date_gmt":"2025-12-20T18:53:06","guid":{"rendered":"https:\/\/baldumarket.lt\/product\/kaszmirowy-salon-mebloscianka-color\/"},"modified":"2026-04-05T16:09:16","modified_gmt":"2026-04-05T13:09:16","slug":"kaszmirowy-salon-mebloscianka-color","status":"publish","type":"product","link":"https:\/\/baldumarket.lt\/ru\/product\/kaszmirowy-salon-mebloscianka-color\/","title":{"rendered":"COLOR spalvos svetain\u0117s sienin\u0117 spintel\u0117"},"content":{"rendered":"<p>\u041a\u043e\u043b\u043b\u0435\u043a\u0446\u0438\u044f Color \u0440\u0430\u0437\u0440\u0430\u0431\u043e\u0442\u0430\u043d\u0430 \u0432 \u0441\u043e\u043e\u0442\u0432\u0435\u0442\u0441\u0442\u0432\u0438\u0438 \u0441 \u0441\u043e\u0432\u0440\u0435\u043c\u0435\u043d\u043d\u044b\u043c\u0438 \u0442\u0435\u043d\u0434\u0435\u043d\u0446\u0438\u044f\u043c\u0438: \u0432\u044b\u0441\u043e\u043a\u0438\u0435 \u0431\u0435\u043b\u044b\u0435 \u043c\u0435\u0442\u0430\u043b\u043b\u0438\u0447\u0435\u0441\u043a\u0438\u0435 \u043d\u043e\u0436\u043a\u0438, \u0433\u0435\u043e\u043c\u0435\u0442\u0440\u0438\u0447\u0435\u0441\u043a\u0430\u044f \u0444\u043e\u0440\u043c\u0430 \u0438 \u0446\u0432\u0435\u0442 \u043f\u043e\u0434\u0447\u0435\u0440\u043a\u0438\u0432\u0430\u044e\u0442 \u044d\u043b\u0435\u0433\u0430\u043d\u0442\u043d\u043e\u0441\u0442\u044c \u0438 \u0441\u043e\u0432\u0440\u0435\u043c\u0435\u043d\u043d\u044b\u0439 \u0441\u0442\u0438\u043b\u044c, \u0430 \u0442\u0430\u043a\u0436\u0435 \u043e\u0442\u0441\u044b\u043b\u0430\u044e\u0442 \u043a \u0441\u043a\u0430\u043d\u0434\u0438\u043d\u0430\u0432\u0441\u043a\u043e\u043c\u0443 \u0441\u0442\u0438\u043b\u044e. \u041f\u0430\u0440\u0430\u043c\u0435\u0442\u0440\u044b:<br \/>\n\u041a\u043e\u0440\u043f\u0443\u0441: \u043b\u0430\u043c\u0438\u043d\u0438\u0440\u043e\u0432\u0430\u043d\u043d\u0430\u044f \u043f\u043b\u0438\u0442\u0430 \u0442\u043e\u043b\u0449\u0438\u043d\u043e\u0439 16 \u043c\u043c + \u043a\u0440\u043e\u043c\u043a\u0430 \u0438\u0437 \u0410\u0411\u0421-\u043f\u043b\u0430\u0441\u0442\u0438\u043a\u0430 \u0442\u043e\u043b\u0449\u0438\u043d\u043e\u0439 0,5 \u043c\u043c.<br \/>\n\u0424\u0430\u0441\u0430\u0434\u044b: \u043b\u0430\u043c\u0438\u043d\u0438\u0440\u043e\u0432\u0430\u043d\u043d\u0430\u044f \u043f\u043b\u0438\u0442\u0430 \u0442\u043e\u043b\u0449\u0438\u043d\u043e\u0439 16 \u043c\u043c + \u043a\u0440\u043e\u043c\u043a\u0430 \u0438\u0437 \u0410\u0411\u0421-\u043f\u043b\u0430\u0441\u0442\u0438\u043a\u0430 \u0442\u043e\u043b\u0449\u0438\u043d\u043e\u0439 0,5 \u043c\u043c.<br \/>\n\u0420\u0443\u0447\u043a\u0430: \u043e\u0442\u0441\u0443\u0442\u0441\u0442\u0432\u0443\u0435\u0442, \u0441\u0438\u0441\u0442\u0435\u043c\u0430 \u043e\u0442\u043a\u0440\u044b\u0432\u0430\u043d\u0438\u044f \u043e\u0441\u0443\u0449\u0435\u0441\u0442\u0432\u043b\u044f\u0435\u0442\u0441\u044f \u0441 \u043f\u043e\u043c\u043e\u0449\u044c\u044e \u0432\u044b\u0441\u0442\u0443\u043f\u0430\u044e\u0449\u0435\u0433\u043e \u043a\u0440\u0430\u044f.<br \/>\n\u041d\u043e\u0433\u0430: \u043c\u0435\u0442\u0430\u043b\u043b\u0438\u0447\u0435\u0441\u043a\u0430\u044f, \u0441 \u043f\u043e\u0440\u043e\u0448\u043a\u043e\u0432\u044b\u043c \u043f\u043e\u043a\u0440\u044b\u0442\u0438\u0435\u043c \u0432 \u0446\u0432\u0435\u0442 \u043a\u043e\u0440\u043f\u0443\u0441\u0430, \u0432\u044b\u0441\u043e\u0442\u0430 20 \u0441\u043c.<br \/>\nFI 35 \u0441\u043a\u0440\u044b\u0442\u0430\u044f \u043f\u0435\u0442\u043b\u044f \u043d\u0430 \u043d\u0430\u043f\u0440\u0430\u0432\u043b\u044f\u044e\u0449\u0435\u0439 \u0441 \u0437\u0430\u0449\u0435\u043b\u043a\u043e\u0439<br \/>\n\u0426\u0432\u0435\u0442:<br \/>\n\u0412\u0435\u0440\u0445\u043d\u044f\u044f \u0438 \u043f\u0435\u0440\u0435\u0434\u043d\u044f\u044f \u0447\u0430\u0441\u0442\u0438: \u043a\u0430\u0448\u0435\u043c\u0438\u0440<br \/>\n\u0421\u0442\u043e\u043b\u0435\u0448\u043d\u0438\u0446\u0430 \u0438 \u0432\u043d\u0443\u0442\u0440\u0435\u043d\u043d\u044f\u044f \u043e\u0442\u0434\u0435\u043b\u043a\u0430: \u0434\u0443\u0431 \u0441\u043e\u0440\u0442\u0430 Linea.<br \/>\n\u0412 \u043a\u043e\u043c\u043f\u043b\u0435\u043a\u0442 \u0432\u0445\u043e\u0434\u044f\u0442:<br \/>\n\u0422\u0443\u043c\u0431\u0430 \u043f\u043e\u0434 \u0442\u0435\u043b\u0435\u0432\u0438\u0437\u043e\u0440-144 \u2013 144\/55\/37 \u0428\/\u0412\/\u0413<br \/>\n\u0432\u044b\u0441\u043e\u043a\u0438\u0439 \u043a\u043e\u043c\u043e\u0434-KD-97 \u2013 97\/122\/37 \u0428\/\u0412\/\u0413<br \/>\n\u0416\u0443\u0440\u043d\u0430\u043b\u044c\u043d\u044b\u0439 \u0441\u0442\u043e\u043b\u0438\u043a - \u0414\u043b\u0438\u043d\u0430 97 \u0441\u043c \u2013 97\/45\/65 \u0441\u043c (\u0428\/\u0412\/\u0413)<\/p>","protected":false},"excerpt":{"rendered":"<p>The Color collection was designed to align with current trends \u2013 tall white metal legs, a geometric shape, and color emphasize elegance and modern style, while also strongly referencing Scandinavian style. Parameters: Body: 16 mm laminated board + 0.5 mm ABS edging Fronts: 16 mm laminated board + 0.5 mm ABS edging Handle: none, opening [&hellip;]<\/p>","protected":false},"featured_media":176397,"comment_status":"open","ping_status":"open","template":"","meta":[],"product_brand":[],"product_cat":[9564,4635,2008],"product_tag":[],"class_list":{"0":"post-176396","1":"product","2":"type-product","3":"status-publish","4":"has-post-thumbnail","6":"product_cat-furniture-system-color-piaski","7":"product_cat-piaski","8":"product_cat-wall-units","10":"first","11":"instock","12":"purchasable","13":"product-type-simple"},"_links":{"self":[{"href":"https:\/\/baldumarket.lt\/ru\/wp-json\/wp\/v2\/product\/176396","targetHints":{"allow":["GET"]}}],"collection":[{"href":"https:\/\/baldumarket.lt\/ru\/wp-json\/wp\/v2\/product"}],"about":[{"href":"https:\/\/baldumarket.lt\/ru\/wp-json\/wp\/v2\/types\/product"}],"replies":[{"embeddable":true,"href":"https:\/\/baldumarket.lt\/ru\/wp-json\/wp\/v2\/comments?post=176396"}],"wp:featuredmedia":[{"embeddable":true,"href":"https:\/\/baldumarket.lt\/ru\/wp-json\/wp\/v2\/media\/176397"}],"wp:attachment":[{"href":"https:\/\/baldumarket.lt\/ru\/wp-json\/wp\/v2\/media?parent=176396"}],"wp:term":[{"taxonomy":"product_brand","embeddable":true,"href":"https:\/\/baldumarket.lt\/ru\/wp-json\/wp\/v2\/product_brand?post=176396"},{"taxonomy":"product_cat","embeddable":true,"href":"https:\/\/baldumarket.lt\/ru\/wp-json\/wp\/v2\/product_cat?post=176396"},{"taxonomy":"product_tag","embeddable":true,"href":"https:\/\/baldumarket.lt\/ru\/wp-json\/wp\/v2\/product_tag?post=176396"}],"curies":[{"name":"WP","href":"https:\/\/api.w.org\/{rel}","templated":true}]}}