{"id":176048,"date":"2025-12-20T13:10:14","date_gmt":"2025-12-20T10:10:14","guid":{"rendered":"https:\/\/baldumarket.lt\/product\/witryna-wysoka-nordi-nwt53-jednodrzwiowa-dab-artisan-czarna\/"},"modified":"2026-04-05T16:09:05","modified_gmt":"2026-04-05T13:09:05","slug":"witryna-wysoka-nordi-nwt53-jednodrzwiowa-dab-artisan-czarna","status":"publish","type":"product","link":"https:\/\/baldumarket.lt\/ru\/product\/witryna-wysoka-nordi-nwt53-jednodrzwiowa-dab-artisan-czarna\/","title":{"rendered":"Nordi NWT53 auk\u0161ta vitrina, vienv\u0117r\u0117s durys, \u201e\u0414\u0443\u0431 \u0440\u0435\u043c\u0435\u0441\u043b\u0435\u043d\u043d\u044b\u0439\u201c \/ juoda"},"content":{"rendered":"<p>\u0412\u044b\u0441\u043e\u043a\u0430\u044f \u0432\u0438\u0442\u0440\u0438\u043d\u0430 Nordi NWT53 \u0438\u0437\u0433\u043e\u0442\u043e\u0432\u043b\u0435\u043d\u0430 \u0438\u0437 \u0443\u0441\u0442\u043e\u0439\u0447\u0438\u0432\u043e\u0439 \u043a \u0446\u0430\u0440\u0430\u043f\u0438\u043d\u0430\u043c \u043b\u0430\u043c\u0438\u043d\u0438\u0440\u043e\u0432\u0430\u043d\u043d\u043e\u0439 \u043f\u043b\u0438\u0442\u044b \u0441 \u043e\u0442\u0434\u0435\u043b\u043a\u043e\u0439 \u00ab\u0414\u0443\u0431 \u0440\u0443\u0447\u043d\u043e\u0439 \u0440\u0430\u0431\u043e\u0442\u044b\u00bb \u0438 \u0447\u0435\u0440\u043d\u044b\u043c\u0438 \u0430\u043a\u0446\u0435\u043d\u0442\u0430\u043c\u0438 \u0438 \u044f\u0432\u043b\u044f\u0435\u0442\u0441\u044f \u0447\u0430\u0441\u0442\u044c\u044e \u043e\u0431\u0448\u0438\u0440\u043d\u043e\u0439 \u043c\u0435\u0431\u0435\u043b\u044c\u043d\u043e\u0439 \u043a\u043e\u043b\u043b\u0435\u043a\u0446\u0438\u0438 \u0441 \u0442\u0435\u043c \u0436\u0435 \u043d\u0430\u0437\u0432\u0430\u043d\u0438\u0435\u043c. \u0412 \u043a\u043e\u043c\u043f\u043b\u0435\u043a\u0442 \u0432\u0445\u043e\u0434\u0438\u0442 \u0447\u0430\u0441\u0442\u0438\u0447\u043d\u043e \u0437\u0430\u0441\u0442\u0435\u043a\u043b\u0435\u043d\u043d\u0430\u044f \u043f\u0435\u0440\u0435\u0434\u043d\u044f\u044f \u043f\u0430\u043d\u0435\u043b\u044c \u0438\u0437 \u0437\u0430\u043a\u0430\u043b\u0435\u043d\u043d\u043e\u0433\u043e \u0431\u0435\u0437\u043e\u043f\u0430\u0441\u043d\u043e\u0433\u043e \u0441\u0442\u0435\u043a\u043b\u0430 \u0438 \u043f\u0440\u043e\u0447\u043d\u043e\u0433\u043e \u041c\u0414\u0424. \u0412\u043d\u0443\u0442\u0440\u0438 \u0440\u0430\u0441\u043f\u043e\u043b\u043e\u0436\u0435\u043d\u044b \u0447\u0435\u0442\u044b\u0440\u0435 \u043f\u043e\u043b\u043a\u0438 \u0441 \u043f\u0430\u043d\u0435\u043b\u044f\u043c\u0438 \u0438 \u043e\u0434\u043d\u0430 \u0441\u0442\u0435\u043a\u043b\u044f\u043d\u043d\u0430\u044f \u043f\u043e\u043b\u043a\u0430. \u0412\u0441\u044f \u043a\u043e\u043d\u0441\u0442\u0440\u0443\u043a\u0446\u0438\u044f \u043e\u043f\u0438\u0440\u0430\u0435\u0442\u0441\u044f \u043d\u0430 \u043f\u0440\u043e\u0447\u043d\u044b\u0435 \u0447\u0435\u0440\u043d\u044b\u0435 \u0434\u0435\u0440\u0435\u0432\u044f\u043d\u043d\u044b\u0435 \u043d\u043e\u0436\u043a\u0438 \u0432\u044b\u0441\u043e\u0442\u043e\u0439 20 \u0441\u043c. \u0412\u0438\u0442\u0440\u0438\u043d\u0430 \u043f\u043e\u0441\u0442\u0430\u0432\u043b\u044f\u0435\u0442\u0441\u044f \u0432 \u0440\u0430\u0437\u043e\u0431\u0440\u0430\u043d\u043d\u043e\u043c \u0432\u0438\u0434\u0435 \u0441 \u043f\u0440\u043e\u0441\u0442\u043e\u0439 \u0438\u043d\u0441\u0442\u0440\u0443\u043a\u0446\u0438\u0435\u0439 \u043f\u043e \u0441\u0431\u043e\u0440\u043a\u0435. \u0412\u043d\u0443\u0442\u0440\u0435\u043d\u043d\u0435\u0435 \u043e\u0441\u0432\u0435\u0449\u0435\u043d\u0438\u0435 \u043c\u043e\u0436\u043d\u043e \u043f\u0440\u0438\u043e\u0431\u0440\u0435\u0441\u0442\u0438 \u043e\u0442\u0434\u0435\u043b\u044c\u043d\u043e \u0432 \u043c\u0430\u0441\u0442\u0435\u0440\u0435 \u0441\u0431\u043e\u0440\u043a\u0438.<\/p>","protected":false},"excerpt":{"rendered":"<p>\u0428\u0438\u0440\u0438\u043d\u0430: 53 \u0441\u043c<br \/>\n\u0413\u043b\u0443\u0431\u0438\u043d\u0430: 40 \u0441\u043c<br \/>\n\u0412\u044b\u0441\u043e\u0442\u0430: 197 \u0441\u043c<br \/>\n\u0426\u0432\u0435\u0442 \u043c\u0435\u0431\u0435\u043b\u0438: \u0414\u0443\u0431 \u0440\u0443\u0447\u043d\u043e\u0439 \u0440\u0430\u0431\u043e\u0442\u044b\/\u0427\u0435\u0440\u043d\u044b\u0439<\/p>","protected":false},"featured_media":176049,"comment_status":"open","ping_status":"open","template":"","meta":[],"product_brand":[],"product_cat":[9572,9115,4635,2006],"product_tag":[],"class_list":{"0":"post-176048","1":"product","2":"type-product","3":"status-publish","4":"has-post-thumbnail","6":"product_cat-furniture-system-nordi-piaski","7":"product_cat-nordi","8":"product_cat-piaski","9":"product_cat-vitrines","11":"first","12":"instock","13":"purchasable","14":"product-type-simple"},"_links":{"self":[{"href":"https:\/\/baldumarket.lt\/ru\/wp-json\/wp\/v2\/product\/176048","targetHints":{"allow":["GET"]}}],"collection":[{"href":"https:\/\/baldumarket.lt\/ru\/wp-json\/wp\/v2\/product"}],"about":[{"href":"https:\/\/baldumarket.lt\/ru\/wp-json\/wp\/v2\/types\/product"}],"replies":[{"embeddable":true,"href":"https:\/\/baldumarket.lt\/ru\/wp-json\/wp\/v2\/comments?post=176048"}],"wp:featuredmedia":[{"embeddable":true,"href":"https:\/\/baldumarket.lt\/ru\/wp-json\/wp\/v2\/media\/176049"}],"wp:attachment":[{"href":"https:\/\/baldumarket.lt\/ru\/wp-json\/wp\/v2\/media?parent=176048"}],"wp:term":[{"taxonomy":"product_brand","embeddable":true,"href":"https:\/\/baldumarket.lt\/ru\/wp-json\/wp\/v2\/product_brand?post=176048"},{"taxonomy":"product_cat","embeddable":true,"href":"https:\/\/baldumarket.lt\/ru\/wp-json\/wp\/v2\/product_cat?post=176048"},{"taxonomy":"product_tag","embeddable":true,"href":"https:\/\/baldumarket.lt\/ru\/wp-json\/wp\/v2\/product_tag?post=176048"}],"curies":[{"name":"WP","href":"https:\/\/api.w.org\/{rel}","templated":true}]}}