{"id":176000,"date":"2025-12-20T13:09:12","date_gmt":"2025-12-20T10:09:12","guid":{"rendered":"https:\/\/baldumarket.lt\/product\/witryna-niska-sento-wt104-dwudrzwiowa-oswietlenie-cashmiere\/"},"modified":"2026-04-05T02:50:18","modified_gmt":"2026-04-04T23:50:18","slug":"witryna-niska-sento-wt104-dwudrzwiowa-oswietlenie-cashmiere","status":"publish","type":"product","link":"https:\/\/baldumarket.lt\/ru\/product\/witryna-niska-sento-wt104-dwudrzwiowa-oswietlenie-cashmiere\/","title":{"rendered":"Sento WT104 \u0436\u0435\u043c\u0430 \u0432\u0438\u0442\u0440\u0438\u043d\u0430, dviej\u0173 dur\u0173, su ap\u0161vietimu, Cashmiere"},"content":{"rendered":"<p>\u042d\u043b\u0435\u0433\u0430\u043d\u0442\u043d\u044b\u0439 \u043d\u0438\u0437\u043a\u0438\u0439 \u0448\u043a\u0430\u0444-\u0432\u0438\u0442\u0440\u0438\u043d\u0430 Sento WT104 Cashmiere \u0431\u0435\u0437 \u0440\u0443\u0447\u0435\u043a \u044f\u0432\u043b\u044f\u0435\u0442\u0441\u044f \u0447\u0430\u0441\u0442\u044c\u044e \u0431\u043e\u043b\u0435\u0435 \u0448\u0438\u0440\u043e\u043a\u043e\u0439 \u043b\u0438\u043d\u0435\u0439\u043a\u0438 \u043c\u0435\u0431\u0435\u043b\u0438 \u0441 \u0442\u0435\u043c \u0436\u0435 \u043d\u0430\u0437\u0432\u0430\u043d\u0438\u0435\u043c \u0438 \u043e\u0442\u043b\u0438\u0447\u0430\u0435\u0442\u0441\u044f \u0441\u043e\u0432\u0440\u0435\u043c\u0435\u043d\u043d\u044b\u043c, \u043b\u0435\u0433\u043a\u0438\u043c \u0434\u0438\u0437\u0430\u0439\u043d\u043e\u043c. \u041e\u043d \u0438\u043c\u0435\u0435\u0442 \u0440\u0430\u0441\u043f\u0430\u0448\u043d\u044b\u0435 \u0434\u0432\u0435\u0440\u0446\u044b \u0441 \u043f\u0430\u0437\u0430\u043c\u0438 \u0438\u0437 \u043f\u0440\u043e\u0447\u043d\u043e\u0433\u043e \u041c\u0414\u0424, \u0430 \u0441\u0442\u0435\u043a\u043b\u044f\u043d\u043d\u0430\u044f \u0441\u0435\u043a\u0446\u0438\u044f \u0432\u044b\u043f\u043e\u043b\u043d\u0435\u043d\u0430 \u0438\u0437 \u0437\u0430\u043a\u0430\u043b\u0435\u043d\u043d\u043e\u0433\u043e \u0431\u0435\u0437\u043e\u043f\u0430\u0441\u043d\u043e\u0433\u043e \u0441\u0442\u0435\u043a\u043b\u0430. \u041e\u0442\u043a\u0440\u044b\u0442\u043e\u0435, \u0432\u0438\u0434\u0438\u043c\u043e\u0435 \u0432\u043d\u0443\u0442\u0440\u0435\u043d\u043d\u0435\u0435 \u043f\u0440\u043e\u0441\u0442\u0440\u0430\u043d\u0441\u0442\u0432\u043e \u0448\u043a\u0430\u0444\u0430 \u043e\u0441\u043d\u0430\u0449\u0435\u043d\u043e \u0441\u0442\u0438\u043b\u044c\u043d\u043e\u0439 \u0441\u0432\u0435\u0442\u043e\u0434\u0438\u043e\u0434\u043d\u043e\u0439 \u043f\u043e\u0434\u0441\u0432\u0435\u0442\u043a\u043e\u0439, \u043f\u043e\u0437\u0432\u043e\u043b\u044f\u044e\u0449\u0435\u0439 \u043f\u0440\u0430\u0432\u0438\u043b\u044c\u043d\u043e \u0434\u0435\u043c\u043e\u043d\u0441\u0442\u0440\u0438\u0440\u043e\u0432\u0430\u0442\u044c \u0432\u0441\u0435, \u0447\u0442\u043e \u0432\u044b \u0445\u043e\u0442\u0438\u0442\u0435 \u043f\u043e\u043a\u0430\u0437\u0430\u0442\u044c. \u041a\u043e\u0440\u043f\u0443\u0441 \u0448\u043a\u0430\u0444\u0430 \u0438\u0437\u0433\u043e\u0442\u043e\u0432\u043b\u0435\u043d \u0438\u0437 \u043b\u0430\u043c\u0438\u043d\u0438\u0440\u043e\u0432\u0430\u043d\u043d\u043e\u0439 \u043c\u0435\u0431\u0435\u043b\u044c\u043d\u043e\u0439 \u043f\u043b\u0438\u0442\u044b, \u043a\u043e\u0442\u043e\u0440\u0430\u044f \u043e\u0431\u043b\u0430\u0434\u0430\u0435\u0442 \u0432\u044b\u0441\u043e\u043a\u043e\u0439 \u0443\u0441\u0442\u043e\u0439\u0447\u0438\u0432\u043e\u0441\u0442\u044c\u044e \u043a \u0446\u0430\u0440\u0430\u043f\u0438\u043d\u0430\u043c. \u041d\u0438\u0436\u043d\u044f\u044f \u0441\u0435\u043a\u0446\u0438\u044f \u0438\u043c\u0435\u0435\u0442 \u043c\u0435\u0442\u0430\u043b\u043b\u0438\u0447\u0435\u0441\u043a\u0438\u0435 \u043d\u043e\u0436\u043a\u0438 \u0432\u044b\u0441\u043e\u0442\u043e\u0439 20 \u0441\u043c, \u0447\u0442\u043e \u043f\u043e\u0437\u0432\u043e\u043b\u044f\u0435\u0442 \u0438\u0441\u043f\u043e\u043b\u044c\u0437\u043e\u0432\u0430\u0442\u044c \u0440\u043e\u0431\u043e\u0442\u044b-\u043f\u044b\u043b\u0435\u0441\u043e\u0441\u044b. \u041d\u0438\u0437\u043a\u0438\u0439 \u0448\u043a\u0430\u0444-\u0432\u0438\u0442\u0440\u0438\u043d\u0430 \u043f\u043e\u0441\u0442\u0430\u0432\u043b\u044f\u0435\u0442\u0441\u044f \u0432 \u0440\u0430\u0437\u043e\u0431\u0440\u0430\u043d\u043d\u043e\u043c \u0432\u0438\u0434\u0435, \u0441 \u0447\u0435\u0442\u043a\u043e\u0439 \u0438\u043d\u0441\u0442\u0440\u0443\u043a\u0446\u0438\u0435\u0439 \u043f\u043e \u0441\u0431\u043e\u0440\u043a\u0435 \u0438 \u043a\u043e\u043c\u043f\u043b\u0435\u043a\u0442\u043e\u043c \u043a\u0440\u0435\u043f\u0435\u0436\u043d\u044b\u0445 \u044d\u043b\u0435\u043c\u0435\u043d\u0442\u043e\u0432.<\/p>","protected":false},"excerpt":{"rendered":"<p>\u0428\u0438\u0440\u0438\u043d\u0430: 104 \u0441\u043c<br \/>\n\u0413\u043b\u0443\u0431\u0438\u043d\u0430: 39 \u0441\u043c<br \/>\n\u0412\u044b\u0441\u043e\u0442\u0430: 126 \u0441\u043c<br \/>\n\u041e\u0441\u0432\u0435\u0449\u0435\u043d\u0438\u0435: \u0421 \u043e\u0441\u0432\u0435\u0449\u0435\u043d\u0438\u0435\u043c<br \/>\n\u0426\u0432\u0435\u0442 \u043c\u0435\u0431\u0435\u043b\u0438: \u041a\u0430\u0448\u0435\u043c\u0438\u0440<\/p>","protected":false},"featured_media":176001,"comment_status":"open","ping_status":"open","template":"","meta":[],"product_brand":[],"product_cat":[9557,4635,2006],"product_tag":[],"class_list":{"0":"post-176000","1":"product","2":"type-product","3":"status-publish","4":"has-post-thumbnail","6":"product_cat-furniture-system-sento-piaski","7":"product_cat-piaski","8":"product_cat-vitrines","10":"first","11":"instock","12":"purchasable","13":"product-type-simple"},"_links":{"self":[{"href":"https:\/\/baldumarket.lt\/ru\/wp-json\/wp\/v2\/product\/176000","targetHints":{"allow":["GET"]}}],"collection":[{"href":"https:\/\/baldumarket.lt\/ru\/wp-json\/wp\/v2\/product"}],"about":[{"href":"https:\/\/baldumarket.lt\/ru\/wp-json\/wp\/v2\/types\/product"}],"replies":[{"embeddable":true,"href":"https:\/\/baldumarket.lt\/ru\/wp-json\/wp\/v2\/comments?post=176000"}],"wp:featuredmedia":[{"embeddable":true,"href":"https:\/\/baldumarket.lt\/ru\/wp-json\/wp\/v2\/media\/176001"}],"wp:attachment":[{"href":"https:\/\/baldumarket.lt\/ru\/wp-json\/wp\/v2\/media?parent=176000"}],"wp:term":[{"taxonomy":"product_brand","embeddable":true,"href":"https:\/\/baldumarket.lt\/ru\/wp-json\/wp\/v2\/product_brand?post=176000"},{"taxonomy":"product_cat","embeddable":true,"href":"https:\/\/baldumarket.lt\/ru\/wp-json\/wp\/v2\/product_cat?post=176000"},{"taxonomy":"product_tag","embeddable":true,"href":"https:\/\/baldumarket.lt\/ru\/wp-json\/wp\/v2\/product_tag?post=176000"}],"curies":[{"name":"WP","href":"https:\/\/api.w.org\/{rel}","templated":true}]}}