{"id":175474,"date":"2025-12-20T12:57:35","date_gmt":"2025-12-20T09:57:35","guid":{"rendered":"https:\/\/baldumarket.lt\/product\/szafka-nocna-sento-s54-szuflada-wneka-oswietlenie-cashmiere\/"},"modified":"2026-04-05T02:50:05","modified_gmt":"2026-04-04T23:50:05","slug":"szafka-nocna-sento-s54-szuflada-wneka-oswietlenie-cashmiere","status":"publish","type":"product","link":"https:\/\/baldumarket.lt\/ru\/product\/szafka-nocna-sento-s54-szuflada-wneka-oswietlenie-cashmiere\/","title":{"rendered":"Sento S54 naktinis staliukas, stal\u010dius, ni\u0161a, ap\u0161vietimas, Cashmiere"},"content":{"rendered":"<p>\u0421\u043e\u0432\u0440\u0435\u043c\u0435\u043d\u043d\u0430\u044f \u043f\u0440\u0438\u043a\u0440\u043e\u0432\u0430\u0442\u043d\u0430\u044f \u0442\u0443\u043c\u0431\u0430 Sento S54 Cashmiere \u043e\u0441\u043d\u0430\u0449\u0435\u043d\u0430 \u0432\u043c\u0435\u0441\u0442\u0438\u0442\u0435\u043b\u044c\u043d\u044b\u043c \u0432\u044b\u0434\u0432\u0438\u0436\u043d\u044b\u043c \u044f\u0449\u0438\u043a\u043e\u043c \u0441 \u0440\u0438\u0444\u043b\u0435\u043d\u043e\u0439 \u0434\u0435\u043a\u043e\u0440\u0430\u0442\u0438\u0432\u043d\u043e\u0439 \u043f\u0435\u0440\u0435\u0434\u043d\u0435\u0439 \u043f\u0430\u043d\u0435\u043b\u044c\u044e \u0438\u0437 \u041c\u0414\u0424 \u0438 \u043d\u0438\u0448\u0435\u0439 \u0441\u043e \u0441\u0432\u0435\u0442\u043e\u0434\u0438\u043e\u0434\u043d\u043e\u0439 \u043f\u043e\u0434\u0441\u0432\u0435\u0442\u043a\u043e\u0439. \u041a\u043e\u0440\u043f\u0443\u0441 \u0438\u0437\u0433\u043e\u0442\u043e\u0432\u043b\u0435\u043d \u0438\u0437 \u0443\u0441\u0442\u043e\u0439\u0447\u0438\u0432\u043e\u0433\u043e \u043a \u0446\u0430\u0440\u0430\u043f\u0438\u043d\u0430\u043c \u043b\u0430\u043c\u0438\u043d\u0438\u0440\u043e\u0432\u0430\u043d\u043d\u043e\u0433\u043e \u043c\u0435\u0431\u0435\u043b\u044c\u043d\u043e\u0433\u043e \u043c\u0430\u0442\u0435\u0440\u0438\u0430\u043b\u0430, \u0447\u0442\u043e \u0433\u0430\u0440\u0430\u043d\u0442\u0438\u0440\u0443\u0435\u0442 \u0441\u043e\u0445\u0440\u0430\u043d\u043d\u043e\u0441\u0442\u044c \u043f\u043e\u0432\u0435\u0440\u0445\u043d\u043e\u0441\u0442\u0438 \u043e\u0442 \u0432\u043e\u0437\u0434\u0435\u0439\u0441\u0442\u0432\u0438\u044f \u043f\u0440\u0438\u043a\u0440\u043e\u0432\u0430\u0442\u043d\u043e\u0439 \u043b\u0430\u043c\u043f\u044b. \u0412\u0441\u044f \u0442\u0443\u043c\u0431\u0430 \u043e\u043f\u0438\u0440\u0430\u0435\u0442\u0441\u044f \u043d\u0430 \u044d\u043b\u0435\u0433\u0430\u043d\u0442\u043d\u044b\u0435 \u0432\u044b\u0441\u043e\u043a\u0438\u0435 (20 \u0441\u043c) \u043d\u043e\u0436\u043a\u0438, \u043e\u0431\u0435\u0441\u043f\u0435\u0447\u0438\u0432\u0430\u044e\u0449\u0438\u0435 \u0443\u0441\u0442\u043e\u0439\u0447\u0438\u0432\u043e\u0435 \u043e\u0441\u043d\u043e\u0432\u0430\u043d\u0438\u0435 \u0438 \u043e\u0431\u043b\u0435\u0433\u0447\u0430\u044e\u0449\u0438\u0435 \u0443\u0431\u043e\u0440\u043a\u0443 \u043f\u043e\u0434 \u0442\u0443\u043c\u0431\u043e\u0439. \u0422\u0443\u043c\u0431\u0430 \u0432\u0445\u043e\u0434\u0438\u0442 \u0432 \u043e\u0434\u043d\u043e\u0438\u043c\u0435\u043d\u043d\u0443\u044e \u043c\u0435\u0431\u0435\u043b\u044c\u043d\u0443\u044e \u043b\u0438\u043d\u0435\u0439\u043a\u0443 \u0438 \u043f\u043e\u0441\u0442\u0430\u0432\u043b\u044f\u0435\u0442\u0441\u044f \u0432 \u0440\u0430\u0437\u043e\u0431\u0440\u0430\u043d\u043d\u043e\u043c \u0432\u0438\u0434\u0435 \u0441 \u0438\u043d\u0441\u0442\u0440\u0443\u043a\u0446\u0438\u0435\u0439 \u0438 \u043a\u0440\u0435\u043f\u0435\u0436\u043d\u044b\u043c\u0438 \u044d\u043b\u0435\u043c\u0435\u043d\u0442\u0430\u043c\u0438.<\/p>","protected":false},"excerpt":{"rendered":"<p>\u0428\u0438\u0440\u0438\u043d\u0430: 54 \u0441\u043c<br \/>\n\u0413\u043b\u0443\u0431\u0438\u043d\u0430: 39 \u0441\u043c<br \/>\n\u0412\u044b\u0441\u043e\u0442\u0430: 59 \u0441\u043c<br \/>\n\u041e\u0441\u0432\u0435\u0449\u0435\u043d\u0438\u0435: \u0421 \u043e\u0441\u0432\u0435\u0449\u0435\u043d\u0438\u0435\u043c<br \/>\n\u0426\u0432\u0435\u0442 \u043c\u0435\u0431\u0435\u043b\u0438: \u041a\u0430\u0448\u0435\u043c\u0438\u0440<\/p>","protected":false},"featured_media":175475,"comment_status":"open","ping_status":"open","template":"","meta":[],"product_brand":[],"product_cat":[9557,1176,4635],"product_tag":[],"class_list":{"0":"post-175474","1":"product","2":"type-product","3":"status-publish","4":"has-post-thumbnail","6":"product_cat-furniture-system-sento-piaski","7":"product_cat-bedside-tables","8":"product_cat-piaski","10":"first","11":"instock","12":"purchasable","13":"product-type-simple"},"_links":{"self":[{"href":"https:\/\/baldumarket.lt\/ru\/wp-json\/wp\/v2\/product\/175474","targetHints":{"allow":["GET"]}}],"collection":[{"href":"https:\/\/baldumarket.lt\/ru\/wp-json\/wp\/v2\/product"}],"about":[{"href":"https:\/\/baldumarket.lt\/ru\/wp-json\/wp\/v2\/types\/product"}],"replies":[{"embeddable":true,"href":"https:\/\/baldumarket.lt\/ru\/wp-json\/wp\/v2\/comments?post=175474"}],"wp:featuredmedia":[{"embeddable":true,"href":"https:\/\/baldumarket.lt\/ru\/wp-json\/wp\/v2\/media\/175475"}],"wp:attachment":[{"href":"https:\/\/baldumarket.lt\/ru\/wp-json\/wp\/v2\/media?parent=175474"}],"wp:term":[{"taxonomy":"product_brand","embeddable":true,"href":"https:\/\/baldumarket.lt\/ru\/wp-json\/wp\/v2\/product_brand?post=175474"},{"taxonomy":"product_cat","embeddable":true,"href":"https:\/\/baldumarket.lt\/ru\/wp-json\/wp\/v2\/product_cat?post=175474"},{"taxonomy":"product_tag","embeddable":true,"href":"https:\/\/baldumarket.lt\/ru\/wp-json\/wp\/v2\/product_tag?post=175474"}],"curies":[{"name":"WP","href":"https:\/\/api.w.org\/{rel}","templated":true}]}}