{"id":174453,"date":"2025-12-20T12:37:28","date_gmt":"2025-12-20T09:37:28","guid":{"rendered":"https:\/\/baldumarket.lt\/product\/komoda-wysoka-color-kd97-drzwiczki-cashmere-dab-linea\/"},"modified":"2026-04-05T16:08:10","modified_gmt":"2026-04-05T13:08:10","slug":"komoda-wysoka-color-kd97-drzwiczki-cashmere-dab-linea","status":"publish","type":"product","link":"https:\/\/baldumarket.lt\/ru\/product\/komoda-wysoka-color-kd97-drzwiczki-cashmere-dab-linea\/","title":{"rendered":"COLOR KD97 Auk\u0161ta comoda su durel\u0117mis, ka\u0161myro\/linea \u0105\u017euolo spalvos"},"content":{"rendered":"<p>\u041f\u0440\u043e\u0441\u0442\u043e\u0440\u043d\u044b\u0439 \u0432\u044b\u0441\u043e\u043a\u0438\u0439 \u043a\u043e\u043c\u043e\u0434 Color KD97 \u0432\u044b\u043f\u043e\u043b\u043d\u0435\u043d \u0432 \u0446\u0432\u0435\u0442\u043e\u0432\u043e\u0439 \u0433\u0430\u043c\u043c\u0435 Cashmere \u043d\u0430 \u0444\u0430\u0441\u0430\u0434\u0430\u0445 \u0438 \u043a\u043e\u0440\u043f\u0443\u0441\u0435, \u0430 \u0432\u0435\u0440\u0445\u043d\u044f\u044f \u0438 \u0432\u043d\u0443\u0442\u0440\u0435\u043d\u043d\u044f\u044f \u0447\u0430\u0441\u0442\u0438 \u043e\u0442\u0434\u0435\u043b\u0430\u043d\u044b \u043f\u043e\u0434 \u0434\u0443\u0431 Linea. \u041a\u043e\u043d\u0441\u0442\u0440\u0443\u043a\u0446\u0438\u044f \u043a\u043e\u043c\u043e\u0434\u0430 \u0438\u0437\u0433\u043e\u0442\u043e\u0432\u043b\u0435\u043d\u0430 \u0438\u0437 \u043b\u0430\u043c\u0438\u043d\u0438\u0440\u043e\u0432\u0430\u043d\u043d\u043e\u0439 \u043f\u043b\u0438\u0442\u044b, \u0443\u0441\u0442\u043e\u0439\u0447\u0438\u0432\u043e\u0439 \u043a \u0446\u0430\u0440\u0430\u043f\u0438\u043d\u0430\u043c, \u0447\u0442\u043e \u043e\u0431\u0435\u0441\u043f\u0435\u0447\u0438\u0432\u0430\u0435\u0442 \u043f\u043e\u0432\u044b\u0448\u0435\u043d\u043d\u0443\u044e \u0438\u0437\u043d\u043e\u0441\u043e\u0441\u0442\u043e\u0439\u043a\u043e\u0441\u0442\u044c \u0438 \u043b\u0435\u0433\u043a\u043e\u0441\u0442\u044c \u0432 \u0443\u0445\u043e\u0434\u0435. \u041a\u043e\u043c\u043e\u0434 \u043f\u0440\u0435\u0434\u043b\u0430\u0433\u0430\u0435\u0442 \u043f\u0440\u043e\u0441\u0442\u043e\u0440\u043d\u043e\u0435 \u043f\u0440\u043e\u0441\u0442\u0440\u0430\u043d\u0441\u0442\u0432\u043e, \u0440\u0430\u0437\u0434\u0435\u043b\u0435\u043d\u043d\u043e\u0435 \u0434\u0432\u0443\u043c\u044f \u043f\u0440\u0430\u043a\u0442\u0438\u0447\u043d\u044b\u043c\u0438 \u0438 \u0443\u0434\u043e\u0431\u043d\u044b\u043c\u0438 \u043f\u043e\u043b\u043a\u0430\u043c\u0438. \u042d\u0442\u043e \u043f\u043e\u0437\u0432\u043e\u043b\u044f\u0435\u0442 \u043e\u0440\u0433\u0430\u043d\u0438\u0437\u043e\u0432\u0430\u043d\u043d\u043e \u0445\u0440\u0430\u043d\u0438\u0442\u044c \u0440\u0430\u0437\u043b\u0438\u0447\u043d\u044b\u0435 \u043f\u0440\u0435\u0434\u043c\u0435\u0442\u044b \u0438 \u043c\u0435\u043b\u043a\u0438\u0435 \u0432\u0435\u0449\u0438. \u041a\u043e\u043c\u043e\u0434 \u043e\u0442\u043b\u0438\u0447\u0430\u0435\u0442\u0441\u044f \u043f\u0440\u0438\u0432\u043b\u0435\u043a\u0430\u0442\u0435\u043b\u044c\u043d\u044b\u043c \u0441\u043e\u0447\u0435\u0442\u0430\u043d\u0438\u0435\u043c \u0446\u0432\u0435\u0442\u043e\u0432 \u0438 \u043f\u043e\u0441\u0442\u0430\u0432\u043b\u044f\u0435\u0442\u0441\u044f \u0432 \u0440\u0430\u0437\u043e\u0431\u0440\u0430\u043d\u043d\u043e\u043c \u0432\u0438\u0434\u0435, \u0441 \u043f\u043e\u0434\u0440\u043e\u0431\u043d\u044b\u043c\u0438 \u0438\u043d\u0441\u0442\u0440\u0443\u043a\u0446\u0438\u044f\u043c\u0438 \u0438 \u043a\u0440\u0435\u043f\u0435\u0436\u043d\u044b\u043c\u0438 \u044d\u043b\u0435\u043c\u0435\u043d\u0442\u0430\u043c\u0438.<\/p>","protected":false},"excerpt":{"rendered":"<p>\u0428\u0438\u0440\u0438\u043d\u0430: 97 \u0441\u043c<br \/>\n\u0413\u043b\u0443\u0431\u0438\u043d\u0430: 37 \u0441\u043c<br \/>\n\u0412\u044b\u0441\u043e\u0442\u0430: 122 \u0441\u043c<br \/>\n\u0426\u0432\u0435\u0442 \u043c\u0435\u0431\u0435\u043b\u0438: \u041a\u0430\u0448\u0435\u043c\u0438\u0440\/\u0414\u0443\u0431 \u041b\u0438\u043d\u0435\u0430<\/p>","protected":false},"featured_media":174454,"comment_status":"open","ping_status":"open","template":"","meta":[],"product_brand":[],"product_cat":[9564,1173,4635],"product_tag":[],"class_list":{"0":"post-174453","1":"product","2":"type-product","3":"status-publish","4":"has-post-thumbnail","6":"product_cat-furniture-system-color-piaski","7":"product_cat-chests-of-drawers","8":"product_cat-piaski","10":"first","11":"instock","12":"purchasable","13":"product-type-simple"},"_links":{"self":[{"href":"https:\/\/baldumarket.lt\/ru\/wp-json\/wp\/v2\/product\/174453","targetHints":{"allow":["GET"]}}],"collection":[{"href":"https:\/\/baldumarket.lt\/ru\/wp-json\/wp\/v2\/product"}],"about":[{"href":"https:\/\/baldumarket.lt\/ru\/wp-json\/wp\/v2\/types\/product"}],"replies":[{"embeddable":true,"href":"https:\/\/baldumarket.lt\/ru\/wp-json\/wp\/v2\/comments?post=174453"}],"wp:featuredmedia":[{"embeddable":true,"href":"https:\/\/baldumarket.lt\/ru\/wp-json\/wp\/v2\/media\/174454"}],"wp:attachment":[{"href":"https:\/\/baldumarket.lt\/ru\/wp-json\/wp\/v2\/media?parent=174453"}],"wp:term":[{"taxonomy":"product_brand","embeddable":true,"href":"https:\/\/baldumarket.lt\/ru\/wp-json\/wp\/v2\/product_brand?post=174453"},{"taxonomy":"product_cat","embeddable":true,"href":"https:\/\/baldumarket.lt\/ru\/wp-json\/wp\/v2\/product_cat?post=174453"},{"taxonomy":"product_tag","embeddable":true,"href":"https:\/\/baldumarket.lt\/ru\/wp-json\/wp\/v2\/product_tag?post=174453"}],"curies":[{"name":"WP","href":"https:\/\/api.w.org\/{rel}","templated":true}]}}