{"id":174334,"date":"2025-12-20T12:35:02","date_gmt":"2025-12-20T09:35:02","guid":{"rendered":"https:\/\/baldumarket.lt\/product\/komoda-sento-k104-dwudrzwiowa-oswietlenie-cashmiere\/"},"modified":"2026-04-05T02:50:05","modified_gmt":"2026-04-04T23:50:05","slug":"komoda-sento-k104-dwudrzwiowa-oswietlenie-cashmiere","status":"publish","type":"product","link":"https:\/\/baldumarket.lt\/ru\/product\/komoda-sento-k104-dwudrzwiowa-oswietlenie-cashmiere\/","title":{"rendered":"Sento K104 \u043a\u043e\u043c\u043e\u0434\u0430, dviej\u0173 dur\u0173, su ap\u0161vietimu, Cashmiere"},"content":{"rendered":"<p>\u041a\u043e\u043c\u043e\u0434 Sento K104 Cashmiere \u0432\u043f\u0435\u0447\u0430\u0442\u043b\u044f\u0435\u0442 \u0441\u0432\u043e\u0438\u043c \u0443\u043d\u0438\u043a\u0430\u043b\u044c\u043d\u044b\u043c \u043c\u0430\u0441\u0442\u0435\u0440\u0441\u0442\u0432\u043e\u043c \u0438\u0441\u043f\u043e\u043b\u043d\u0435\u043d\u0438\u044f, \u043e\u0442\u0440\u0430\u0436\u0430\u044e\u0449\u0438\u043c \u043f\u043e\u0441\u043b\u0435\u0434\u043d\u0438\u0435 \u0442\u0435\u043d\u0434\u0435\u043d\u0446\u0438\u0438 \u0432 \u0434\u0438\u0437\u0430\u0439\u043d\u0435 \u0438\u043d\u0442\u0435\u0440\u044c\u0435\u0440\u043e\u0432. \u042d\u0442\u043e\u0442 \u0448\u043a\u0430\u0444 \u0438\u0434\u0435\u0430\u043b\u044c\u043d\u043e \u0434\u043e\u043f\u043e\u043b\u043d\u0438\u0442 \u0441\u043e\u0432\u0440\u0435\u043c\u0435\u043d\u043d\u044b\u0439 \u0438\u043d\u0442\u0435\u0440\u044c\u0435\u0440, \u0441\u0442\u0430\u0432 \u043d\u0430\u0441\u0442\u043e\u044f\u0449\u0438\u043c \u0430\u043a\u0446\u0435\u043d\u0442\u043d\u044b\u043c \u044d\u043b\u0435\u043c\u0435\u043d\u0442\u043e\u043c. \u042d\u043b\u0435\u0433\u0430\u043d\u0442\u043d\u044b\u0439 \u043f\u0440\u0435\u0434\u043c\u0435\u0442 \u043c\u0435\u0431\u0435\u043b\u0438 \u043e\u0441\u043d\u0430\u0449\u0435\u043d \u0441\u0432\u0435\u0442\u043e\u0434\u0438\u043e\u0434\u043d\u043e\u0439 \u043f\u043e\u0434\u0441\u0432\u0435\u0442\u043a\u043e\u0439 \u0437\u0430 \u043f\u0435\u0440\u0435\u0434\u043d\u0435\u0439 \u043f\u0430\u043d\u0435\u043b\u044c\u044e \u0438\u0437 \u0437\u0430\u043a\u0430\u043b\u0435\u043d\u043d\u043e\u0433\u043e \u0441\u0442\u0435\u043a\u043b\u0430. \u0414\u0432\u0435\u0440\u0446\u044b \u0438\u043c\u0435\u044e\u0442 \u0441\u0435\u043d\u0441\u043e\u0440\u043d\u043e\u0435 \u0443\u043f\u0440\u0430\u0432\u043b\u0435\u043d\u0438\u0435. \u0412\u0435\u0441\u044c \u043a\u043e\u043c\u043e\u0434 \u0443\u0441\u0442\u0430\u043d\u043e\u0432\u043b\u0435\u043d \u043d\u0430 \u0432\u044b\u0441\u043e\u043a\u0438\u0445 (20 \u0441\u043c) \u0447\u0435\u0440\u043d\u044b\u0445 \u043d\u043e\u0436\u043a\u0430\u0445, \u043a\u043e\u0442\u043e\u0440\u044b\u0435 \u043f\u0440\u0438\u0434\u0430\u044e\u0442 \u0435\u043c\u0443 \u044d\u043b\u0435\u0433\u0430\u043d\u0442\u043d\u0443\u044e \u043b\u0435\u0433\u043a\u043e\u0441\u0442\u044c. \u041a\u043e\u043c\u043e\u0434 \u0438\u0437\u0433\u043e\u0442\u043e\u0432\u043b\u0435\u043d \u0438\u0437 \u043f\u0440\u043e\u0447\u043d\u043e\u0439, \u0443\u0441\u0442\u043e\u0439\u0447\u0438\u0432\u043e\u0439 \u043a \u0446\u0430\u0440\u0430\u043f\u0438\u043d\u0430\u043c \u043b\u0430\u043c\u0438\u043d\u0438\u0440\u043e\u0432\u0430\u043d\u043d\u043e\u0439 \u043f\u043b\u0438\u0442\u044b, \u0441 \u0440\u0438\u0444\u043b\u0435\u043d\u044b\u043c\u0438, \u043f\u0440\u043e\u0447\u043d\u044b\u043c\u0438 \u0444\u0430\u0441\u0430\u0434\u0430\u043c\u0438 \u0438\u0437 \u041c\u0414\u0424. \u041e\u043d \u0432\u0445\u043e\u0434\u0438\u0442 \u0432 \u043e\u0434\u043d\u043e\u0438\u043c\u0435\u043d\u043d\u0443\u044e \u043a\u043e\u043b\u043b\u0435\u043a\u0446\u0438\u044e, \u043a\u043e\u0442\u043e\u0440\u0430\u044f \u0432\u043a\u043b\u044e\u0447\u0430\u0435\u0442 \u0432 \u0441\u0435\u0431\u044f \u043a\u043e\u043c\u043e\u0434\u044b, \u0432\u0438\u0442\u0440\u0438\u043d\u044b, \u0442\u0443\u043c\u0431\u0443 \u043f\u043e\u0434 \u0442\u0435\u043b\u0435\u0432\u0438\u0437\u043e\u0440 \u0438 \u043f\u0440\u0438\u043a\u0440\u043e\u0432\u0430\u0442\u043d\u0443\u044e \u0442\u0443\u043c\u0431\u0443. \u0422\u0440\u0435\u0431\u0443\u0435\u0442\u0441\u044f \u0441\u0431\u043e\u0440\u043a\u0430, \u0432 \u043a\u043e\u043c\u043f\u043b\u0435\u043a\u0442\u0435 \u043f\u0440\u0438\u043b\u0430\u0433\u0430\u0435\u0442\u0441\u044f \u043f\u043e\u0434\u0440\u043e\u0431\u043d\u0430\u044f \u0438\u043d\u0441\u0442\u0440\u0443\u043a\u0446\u0438\u044f.<\/p>","protected":false},"excerpt":{"rendered":"<p>\u0428\u0438\u0440\u0438\u043d\u0430: 104 \u0441\u043c<br \/>\n\u0413\u043b\u0443\u0431\u0438\u043d\u0430: 39 \u0441\u043c<br \/>\n\u0412\u044b\u0441\u043e\u0442\u0430: 83 \u0441\u043c<br \/>\n\u041e\u0441\u0432\u0435\u0449\u0435\u043d\u0438\u0435: \u0421 \u043e\u0441\u0432\u0435\u0449\u0435\u043d\u0438\u0435\u043c<br \/>\n\u0426\u0432\u0435\u0442 \u043c\u0435\u0431\u0435\u043b\u0438: \u041a\u0430\u0448\u0435\u043c\u0438\u0440<\/p>","protected":false},"featured_media":174335,"comment_status":"open","ping_status":"open","template":"","meta":[],"product_brand":[],"product_cat":[9557,1173,4635],"product_tag":[],"class_list":{"0":"post-174334","1":"product","2":"type-product","3":"status-publish","4":"has-post-thumbnail","6":"product_cat-furniture-system-sento-piaski","7":"product_cat-chests-of-drawers","8":"product_cat-piaski","10":"first","11":"instock","12":"purchasable","13":"product-type-simple"},"_links":{"self":[{"href":"https:\/\/baldumarket.lt\/ru\/wp-json\/wp\/v2\/product\/174334","targetHints":{"allow":["GET"]}}],"collection":[{"href":"https:\/\/baldumarket.lt\/ru\/wp-json\/wp\/v2\/product"}],"about":[{"href":"https:\/\/baldumarket.lt\/ru\/wp-json\/wp\/v2\/types\/product"}],"replies":[{"embeddable":true,"href":"https:\/\/baldumarket.lt\/ru\/wp-json\/wp\/v2\/comments?post=174334"}],"wp:featuredmedia":[{"embeddable":true,"href":"https:\/\/baldumarket.lt\/ru\/wp-json\/wp\/v2\/media\/174335"}],"wp:attachment":[{"href":"https:\/\/baldumarket.lt\/ru\/wp-json\/wp\/v2\/media?parent=174334"}],"wp:term":[{"taxonomy":"product_brand","embeddable":true,"href":"https:\/\/baldumarket.lt\/ru\/wp-json\/wp\/v2\/product_brand?post=174334"},{"taxonomy":"product_cat","embeddable":true,"href":"https:\/\/baldumarket.lt\/ru\/wp-json\/wp\/v2\/product_cat?post=174334"},{"taxonomy":"product_tag","embeddable":true,"href":"https:\/\/baldumarket.lt\/ru\/wp-json\/wp\/v2\/product_tag?post=174334"}],"curies":[{"name":"WP","href":"https:\/\/api.w.org\/{rel}","templated":true}]}}