{"id":171415,"date":"2025-12-19T21:57:00","date_gmt":"2025-12-19T18:57:00","guid":{"rendered":"https:\/\/baldumarket.lt\/product\/aston-bezowy-super-mat-anti-fingerprint-nowoczesna-lawa-rozkladana-podnoszona-stol-lawostol-kaszmir\/"},"modified":"2026-02-11T10:15:40","modified_gmt":"2026-02-11T07:15:40","slug":"aston-bezowy-super-mat-anti-fingerprint-nowoczesna-lawa-rozkladana-podnoszona-stol-lawostol-kaszmir","status":"publish","type":"product","link":"https:\/\/baldumarket.lt\/ru\/product\/aston-bezowy-super-mat-anti-fingerprint-nowoczesna-lawa-rozkladana-podnoszona-stol-lawostol-kaszmir\/","title":{"rendered":"\u0410\u0421\u0422\u041e\u041d \u0411\u0435\u0436\u0435\u0432\u044b\u0439 [Super Mat \/ Apsauga nuo pir\u0161t\u0173 atspaud\u0173] \u2013 MODERNUS SULANKSTYMAS PAKELIAMAS STALAS-STALAS KA\u0160MYRO M\u0116LYJE"},"content":{"rendered":"<p>\u0416\u0443\u0440\u043d\u0430\u043b\u044c\u043d\u044b\u0439 \u0441\u0442\u043e\u043b\u0438\u043a \u0438\u0437\u0433\u043e\u0442\u043e\u0432\u043b\u0435\u043d \u0438\u0437 \u043c\u0430\u0442\u043e\u0432\u043e\u0439 \u0414\u0421\u041f \u0442\u043e\u043b\u0449\u0438\u043d\u043e\u0439 18 \u0438 28 \u043c\u043c, \u043b\u0430\u043c\u0438\u043d\u0438\u0440\u043e\u0432\u0430\u043d\u043d\u043e\u0439 \u0441 \u043e\u0431\u0435\u0438\u0445 \u0441\u0442\u043e\u0440\u043e\u043d, \u0441 \u043a\u0440\u043e\u043c\u043a\u043e\u0439 \u0438\u0437 \u0410\u0411\u0421-\u043f\u043b\u0430\u0441\u0442\u0438\u043a\u0430 \u0442\u043e\u043b\u0449\u0438\u043d\u043e\u0439 1 \u043c\u043c. \u0421\u0442\u043e\u043b\u0435\u0448\u043d\u0438\u0446\u0430 \u0434\u043e\u043f\u043e\u043b\u043d\u0438\u0442\u0435\u043b\u044c\u043d\u043e \u0443\u0442\u043e\u043b\u0449\u0435\u043d\u0430 \u0434\u043e 36 \u043c\u043c.<br \/>\n_______<br \/>\n\u041c\u0435\u0431\u0435\u043b\u044c \u043f\u043e\u043b\u043d\u043e\u0441\u0442\u044c\u044e \u0438\u0437\u0433\u043e\u0442\u043e\u0432\u043b\u0435\u043d\u0430 \u0438\u0437 \u043c\u0430\u0442\u043e\u0432\u043e\u0439 \u043f\u043b\u0438\u0442\u044b Acrylux \u0441 \u0437\u0430\u0449\u0438\u0442\u043e\u0439 \u043e\u0442 \u043e\u0442\u043f\u0435\u0447\u0430\u0442\u043a\u043e\u0432 \u043f\u0430\u043b\u044c\u0446\u0435\u0432 \u2013 \u0438\u0434\u0435\u0430\u043b\u044c\u043d\u043e\u0435 \u0440\u0435\u0448\u0435\u043d\u0438\u0435 \u0434\u043b\u044f \u0442\u0435\u0445, \u043a\u0442\u043e \u0438\u0449\u0435\u0442 \u0438\u043d\u043d\u043e\u0432\u0430\u0446\u0438\u043e\u043d\u043d\u044b\u0435 \u0440\u0435\u0448\u0435\u043d\u0438\u044f. \u041f\u043b\u0438\u0442\u044b \u043f\u043e\u043a\u0440\u044b\u0442\u044b \u0441\u0443\u043f\u0435\u0440\u043c\u0430\u0442\u043e\u0432\u044b\u043c \u043b\u0430\u043c\u0438\u043d\u0430\u0442\u043e\u043c \u0441\u043e \u0441\u043f\u0435\u0446\u0438\u0430\u043b\u044c\u043d\u044b\u043c\u0438 \u0433\u0438\u0434\u0440\u043e\u0444\u043e\u0431\u043d\u044b\u043c\u0438 \u0441\u0432\u043e\u0439\u0441\u0442\u0432\u0430\u043c\u0438, \u0447\u0442\u043e \u043f\u0440\u0438\u0434\u0430\u0435\u0442 \u043f\u043e\u0432\u0435\u0440\u0445\u043d\u043e\u0441\u0442\u0438 \u0434\u043e\u043f\u043e\u043b\u043d\u0438\u0442\u0435\u043b\u044c\u043d\u044b\u0435 \u043f\u0440\u0435\u0438\u043c\u0443\u0449\u0435\u0441\u0442\u0432\u0430, \u0442\u0430\u043a\u0438\u0435 \u043a\u0430\u043a:<br \/>\n\u041b\u0435\u0433\u043a\u043e \u0447\u0438\u0441\u0442\u0438\u0442\u0441\u044f \u2013 \u0436\u0438\u0440 \u0438 \u0436\u0438\u0434\u043a\u043e\u0441\u0442\u0438 \u043f\u0440\u0438\u043b\u0438\u043f\u0430\u044e\u0442 \u0431\u043b\u0430\u0433\u043e\u0434\u0430\u0440\u044f \u0430\u0434\u0441\u043e\u0440\u0431\u0446\u0438\u043e\u043d\u043d\u044b\u043c \u0441\u0432\u043e\u0439\u0441\u0442\u0432\u0430\u043c \u043b\u0430\u043c\u0438\u043d\u0430\u0442\u0430.<br \/>\n\u0423\u043c\u0435\u043d\u044c\u0448\u0435\u043d\u043e \u043a\u043e\u043b\u0438\u0447\u0435\u0441\u0442\u0432\u043e \u043e\u0442\u043f\u0435\u0447\u0430\u0442\u043a\u043e\u0432 \u043f\u0430\u043b\u044c\u0446\u0435\u0432 \u043d\u0430 \u043b\u0438\u0446\u0435\u0432\u043e\u0439 \u0441\u0442\u043e\u0440\u043e\u043d\u0435.<br \/>\n\u041e\u0431\u043b\u0430\u0434\u0430\u0435\u0442 \u0432\u044b\u0441\u043e\u043a\u043e\u0439 \u0443\u0441\u0442\u043e\u0439\u0447\u0438\u0432\u043e\u0441\u0442\u044c\u044e \u043a \u0446\u0430\u0440\u0430\u043f\u0438\u043d\u0430\u043c, \u0445\u0438\u043c\u0438\u0447\u0435\u0441\u043a\u0438\u043c \u043f\u043e\u0432\u0440\u0435\u0436\u0434\u0435\u043d\u0438\u044f\u043c \u0438 \u0443\u043b\u044c\u0442\u0440\u0430\u0444\u0438\u043e\u043b\u0435\u0442\u043e\u0432\u043e\u043c\u0443 \u0438\u0437\u043b\u0443\u0447\u0435\u043d\u0438\u044e.<br \/>\n\u0418\u0434\u0435\u0430\u043b\u044c\u043d\u0430\u044f \u0433\u043b\u0443\u0431\u0438\u043d\u0430 \u0446\u0432\u0435\u0442\u0430<br \/>\n\u0421\u0432\u0435\u0440\u0445\u043c\u0430\u0442\u043e\u0432\u0430\u044f \u043f\u043e\u0432\u0435\u0440\u0445\u043d\u043e\u0441\u0442\u044c \u0441 \u044d\u0444\u0444\u0435\u043a\u0442\u043e\u043c \u0441\u0430\u0442\u0438\u043d\u0438\u0440\u043e\u0432\u0430\u043d\u0438\u044f.<\/p>","protected":false},"excerpt":{"rendered":"<p>\u0428\u0418\u0420\u0418\u041d\u0410 120 \u0441\u043c \/ 160 \u0441\u043c \/ 200 \u0441\u043c, \u0413\u041b\u0423\u0411\u0418\u041d\u0410 70 \u0441\u043c \u0420\u0415\u0413\u0423\u041b\u0418\u0420\u0423\u0415\u041c\u0410\u042f, \u0412\u042b\u0421\u041e\u0422\u0410 56 \u2013 74 \u0441\u043c, \u041a\u041e\u041b\u0418\u0427\u0415\u0421\u0422\u0412\u041e \u0412\u0421\u0422\u0410\u0412\u041e\u041a 2 \u0448\u0442. x 40 \u0441\u043c (\u0441\u043a\u0440\u044b\u0442\u044b \u043f\u043e\u0434 \u0441\u0442\u043e\u043b\u0435\u0448\u043d\u0438\u0446\u0435\u0439), \u041c\u0410\u0422\u0415\u0420\u0418\u0410\u041b\u042b: \u0410\u043a\u0440\u0438\u043b\u043e\u0432\u044b\u0439 \u043c\u0430\u0442 Acrylux \u0441 \u0437\u0430\u0449\u0438\u0442\u043e\u0439 \u043e\u0442 \u043e\u0442\u043f\u0435\u0447\u0430\u0442\u043a\u043e\u0432 \u043f\u0430\u043b\u044c\u0446\u0435\u0432, \u0424\u0423\u041d\u041a\u0426\u0418\u042f: \u0420\u0430\u0441\u043a\u043b\u0430\u0434\u044b\u0432\u0430\u044e\u0449\u0430\u044f\u0441\u044f \u0441\u0442\u043e\u043b\u0435\u0448\u043d\u0438\u0446\u0430, \u041f\u041e\u0412\u0415\u0420\u0425\u041d\u041e\u0421\u0422\u042c: Super Mat (\u0441 \u0437\u0430\u0449\u0438\u0442\u043e\u0439 \u043e\u0442 \u043e\u0442\u043f\u0435\u0447\u0430\u0442\u043a\u043e\u0432 \u043f\u0430\u043b\u044c\u0446\u0435\u0432), \u0421\u0422\u0418\u041b\u042c: \u0421\u043e\u0432\u0440\u0435\u043c\u0435\u043d\u043d\u044b\u0439, \u0412\u0415\u0421 \u0421 \u0423\u041f\u0410\u041a\u041e\u0412\u041a\u041e\u0419: 65 \u043a\u0433<\/p>","protected":false},"featured_media":171416,"comment_status":"open","ping_status":"open","template":"","meta":[],"product_brand":[],"product_cat":[9522,866,4109],"product_tag":[],"class_list":{"0":"post-171415","1":"product","2":"type-product","3":"status-publish","4":"has-post-thumbnail","6":"product_cat-transformer-tables-aston-mazzoni","7":"product_cat-coffee-tables","8":"product_cat-mazzoni","10":"first","11":"instock","12":"purchasable","13":"product-type-simple"},"_links":{"self":[{"href":"https:\/\/baldumarket.lt\/ru\/wp-json\/wp\/v2\/product\/171415","targetHints":{"allow":["GET"]}}],"collection":[{"href":"https:\/\/baldumarket.lt\/ru\/wp-json\/wp\/v2\/product"}],"about":[{"href":"https:\/\/baldumarket.lt\/ru\/wp-json\/wp\/v2\/types\/product"}],"replies":[{"embeddable":true,"href":"https:\/\/baldumarket.lt\/ru\/wp-json\/wp\/v2\/comments?post=171415"}],"wp:featuredmedia":[{"embeddable":true,"href":"https:\/\/baldumarket.lt\/ru\/wp-json\/wp\/v2\/media\/171416"}],"wp:attachment":[{"href":"https:\/\/baldumarket.lt\/ru\/wp-json\/wp\/v2\/media?parent=171415"}],"wp:term":[{"taxonomy":"product_brand","embeddable":true,"href":"https:\/\/baldumarket.lt\/ru\/wp-json\/wp\/v2\/product_brand?post=171415"},{"taxonomy":"product_cat","embeddable":true,"href":"https:\/\/baldumarket.lt\/ru\/wp-json\/wp\/v2\/product_cat?post=171415"},{"taxonomy":"product_tag","embeddable":true,"href":"https:\/\/baldumarket.lt\/ru\/wp-json\/wp\/v2\/product_tag?post=171415"}],"curies":[{"name":"WP","href":"https:\/\/api.w.org\/{rel}","templated":true}]}}