{"id":171271,"date":"2025-12-19T21:54:12","date_gmt":"2025-12-19T18:54:12","guid":{"rendered":"https:\/\/baldumarket.lt\/product\/vito-bialy-mat-nogi-czarne-duzy-okragly-stol-o110-rozkladany-do-310-cm-z-nogami-y-loftowy-industrialny\/"},"modified":"2026-02-10T10:37:18","modified_gmt":"2026-02-10T07:37:18","slug":"vito-bialy-mat-nogi-czarne-duzy-okragly-stol-o110-rozkladany-do-310-cm-z-nogami-y-loftowy-industrialny","status":"publish","type":"product","link":"https:\/\/baldumarket.lt\/ru\/product\/vito-bialy-mat-nogi-czarne-duzy-okragly-stol-o110-rozkladany-do-310-cm-z-nogami-y-loftowy-industrialny\/","title":{"rendered":"VITO matin\u0117s baltos\/juodos kojos &#8211; DIDELIS APVALUS STALAS \u00d8110, I\u0160TRAUKIAMAS IKI 310 CM SU Y FORMOS KOJOMIS, PAL\u0116P\u0116S\/PRAMONINIS STILIUS"},"content":{"rendered":"<p>\u0421\u0442\u043e\u043b VITO \u2014 \u044d\u0442\u043e \u0438\u0434\u0435\u0430\u043b\u044c\u043d\u043e\u0435 \u0441\u043e\u0447\u0435\u0442\u0430\u043d\u0438\u0435 \u043f\u0440\u0430\u043a\u0442\u0438\u0447\u043d\u043e\u0441\u0442\u0438 \u0438 \u0441\u043e\u0432\u0440\u0435\u043c\u0435\u043d\u043d\u043e\u0433\u043e \u0434\u0438\u0437\u0430\u0439\u043d\u0430. \u0411\u043b\u0430\u0433\u043e\u0434\u0430\u0440\u044f \u043f\u0440\u043e\u0434\u0443\u043c\u0430\u043d\u043d\u043e\u0439 \u043a\u043e\u043d\u0441\u0442\u0440\u0443\u043a\u0446\u0438\u0438 \u0441 \u0432\u044b\u0434\u0432\u0438\u0436\u043d\u043e\u0439 \u0441\u0442\u043e\u043b\u0435\u0448\u043d\u0438\u0446\u0435\u0439 \u0438 \u0434\u043e\u043f\u043e\u043b\u043d\u0438\u0442\u0435\u043b\u044c\u043d\u044b\u043c\u0438 \u0432\u0441\u0442\u0430\u0432\u043a\u0430\u043c\u0438, \u0441\u0442\u043e\u043b \u043b\u0435\u0433\u043a\u043e \u0440\u0430\u0441\u043a\u043b\u0430\u0434\u044b\u0432\u0430\u0435\u0442\u0441\u044f \u0434\u043e \u0432\u043f\u0435\u0447\u0430\u0442\u043b\u044f\u044e\u0449\u0435\u0439 \u0434\u043b\u0438\u043d\u044b, \u0437\u0430 \u043d\u0438\u043c \u0441 \u043a\u043e\u043c\u0444\u043e\u0440\u0442\u043e\u043c \u043c\u043e\u0433\u0443\u0442 \u0440\u0430\u0437\u043c\u0435\u0441\u0442\u0438\u0442\u044c\u0441\u044f \u0434\u043e 10-12 \u0447\u0435\u043b\u043e\u0432\u0435\u043a. \u041e\u043d \u0438\u0434\u0435\u0430\u043b\u044c\u043d\u043e \u043f\u043e\u0434\u0445\u043e\u0434\u0438\u0442 \u043a\u0430\u043a \u0434\u043b\u044f \u043f\u043e\u0432\u0441\u0435\u0434\u043d\u0435\u0432\u043d\u044b\u0445 \u043e\u0431\u0435\u0434\u043e\u0432, \u0442\u0430\u043a \u0438 \u0434\u043b\u044f \u0431\u043e\u043b\u044c\u0448\u0438\u0445 \u0441\u0435\u043c\u0435\u0439\u043d\u044b\u0445 \u0438\u043b\u0438 \u0434\u0440\u0443\u0436\u0435\u0441\u043a\u0438\u0445 \u0432\u0441\u0442\u0440\u0435\u0447.<br \/>\n\u041e\u0442\u043b\u0438\u0447\u0438\u0442\u0435\u043b\u044c\u043d\u043e\u0439 \u043e\u0441\u043e\u0431\u0435\u043d\u043d\u043e\u0441\u0442\u044c\u044e \u0441\u0442\u043e\u043b\u0430 VITO \u044f\u0432\u043b\u044f\u044e\u0442\u0441\u044f \u0435\u0433\u043e \u0443\u0441\u0442\u043e\u0439\u0447\u0438\u0432\u044b\u0435 Y-\u043e\u0431\u0440\u0430\u0437\u043d\u044b\u0435 \u043d\u043e\u0436\u043a\u0438, \u043a\u043e\u0442\u043e\u0440\u044b\u0435 \u043f\u0440\u0438\u0434\u0430\u044e\u0442 \u0438\u0437\u0434\u0435\u043b\u0438\u044e \u0443\u043d\u0438\u043a\u0430\u043b\u044c\u043d\u044b\u0439 \u0432\u0438\u0434 \u0438 \u043e\u0431\u0435\u0441\u043f\u0435\u0447\u0438\u0432\u0430\u044e\u0442 \u043d\u0430\u0434\u0435\u0436\u043d\u0443\u044e \u043e\u043f\u043e\u0440\u0443. \u041c\u0435\u0445\u0430\u043d\u0438\u0437\u043c \u0432\u044b\u0434\u0432\u0438\u0436\u0435\u043d\u0438\u044f \u0438\u043d\u0442\u0443\u0438\u0442\u0438\u0432\u043d\u043e \u043f\u043e\u043d\u044f\u0442\u0435\u043d \u0438 \u0434\u043e\u043b\u0433\u043e\u0432\u0435\u0447\u0435\u043d, \u0447\u0442\u043e \u043f\u043e\u0437\u0432\u043e\u043b\u044f\u0435\u0442 \u0431\u044b\u0441\u0442\u0440\u043e \u0438 \u043b\u0435\u0433\u043a\u043e \u0438\u0437\u043c\u0435\u043d\u044f\u0442\u044c \u0440\u0430\u0437\u043c\u0435\u0440\u044b \u0441\u0442\u043e\u043b\u0430.<br \/>\n\u0421\u0442\u043e\u043b VITO \u0438\u0434\u0435\u0430\u043b\u044c\u043d\u043e \u0432\u043f\u0438\u0448\u0435\u0442\u0441\u044f \u043a\u0430\u043a \u0432 \u043a\u0443\u0445\u043d\u044e-\u0441\u0442\u043e\u043b\u043e\u0432\u0443\u044e, \u0442\u0430\u043a \u0438 \u0432 \u0433\u043e\u0441\u0442\u0438\u043d\u0443\u044e, \u0441\u0442\u0430\u0432 \u0446\u0435\u043d\u0442\u0440\u0430\u043b\u044c\u043d\u044b\u043c \u044d\u043b\u0435\u043c\u0435\u043d\u0442\u043e\u043c \u043b\u044e\u0431\u043e\u0433\u043e \u0438\u043d\u0442\u0435\u0440\u044c\u0435\u0440\u0430.<br \/>\n_______<br \/>\n\u0421\u0442\u043e\u043b\u0435\u0448\u043d\u0438\u0446\u0430 \u0438\u0437\u0433\u043e\u0442\u043e\u0432\u043b\u0435\u043d\u0430 \u0438\u0437 \u043c\u0430\u0442\u043e\u0432\u043e\u0439 \u0414\u0421\u041f \u0442\u043e\u043b\u0449\u0438\u043d\u043e\u0439 28 \u043c\u043c, \u043b\u0430\u043c\u0438\u043d\u0438\u0440\u043e\u0432\u0430\u043d\u043d\u043e\u0439 \u0441 \u043e\u0431\u0435\u0438\u0445 \u0441\u0442\u043e\u0440\u043e\u043d (\u0441 \u0431\u043e\u043a\u043e\u0432\u044b\u043c\u0438 \u0432\u044b\u0441\u0442\u0443\u043f\u0430\u043c\u0438 \u0434\u043e 56 \u043c\u043c), \u0430 \u0431\u043e\u043a\u043e\u0432\u044b\u0435 \u0432\u0441\u0442\u0430\u0432\u043a\u0438 \u0432\u044b\u043f\u043e\u043b\u043d\u0435\u043d\u044b \u0438\u0437 \u0414\u0421\u041f \u0442\u043e\u043b\u0449\u0438\u043d\u043e\u0439 28 \u043c\u043c. \u0412\u0441\u044f \u043f\u043e\u0432\u0435\u0440\u0445\u043d\u043e\u0441\u0442\u044c \u0441\u0442\u043e\u043b\u0430 \u043e\u0442\u0434\u0435\u043b\u0430\u043d\u0430 \u043a\u0440\u043e\u043c\u043a\u043e\u0439 \u0438\u0437 \u0410\u0411\u0421-\u043f\u043b\u0430\u0441\u0442\u0438\u043a\u0430 \u0442\u043e\u043b\u0449\u0438\u043d\u043e\u0439 1 \u043c\u043c. \u041d\u043e\u0436\u043a\u0438 \u0441\u0442\u043e\u043b\u0430 \u0438\u0437\u0433\u043e\u0442\u043e\u0432\u043b\u0435\u043d\u044b \u0438\u0437 \u0441\u0442\u0430\u043b\u0438 \u0441 \u043f\u043e\u0440\u043e\u0448\u043a\u043e\u0432\u044b\u043c \u043f\u043e\u043a\u0440\u044b\u0442\u0438\u0435\u043c (\u0441\u0435\u0447\u0435\u043d\u0438\u0435 \u043d\u043e\u0436\u043a\u0438: 3 x 6 \u0441\u043c). \u0412 \u043a\u043e\u043c\u043f\u043b\u0435\u043a\u0442 \u0442\u0430\u043a\u0436\u0435 \u0432\u0445\u043e\u0434\u044f\u0442 \u043e\u043f\u043e\u0440\u043d\u044b\u0435 \u043d\u043e\u0436\u043a\u0438 \u0438\u0437 \u0442\u043e\u0433\u043e \u0436\u0435 \u043c\u0430\u0442\u0435\u0440\u0438\u0430\u043b\u0430.<br \/>\n\u0412\u0410\u0416\u041d\u041e \u0417\u041d\u0410\u0422\u042c: \u0418\u0437-\u0437\u0430 \u043a\u0440\u0443\u0433\u043b\u043e\u0439 \u0444\u043e\u0440\u043c\u044b \u0441\u0442\u043e\u043b\u0435\u0448\u043d\u0438\u0446\u044b \u0434\u043e\u043f\u043e\u043b\u043d\u0438\u0442\u0435\u043b\u044c\u043d\u044b\u0435 \u0432\u0441\u0442\u0430\u0432\u043a\u0438 \u0445\u0440\u0430\u043d\u044f\u0442\u0441\u044f \u043e\u0442\u0434\u0435\u043b\u044c\u043d\u043e (\u0438\u0445 \u043d\u0435\u043b\u044c\u0437\u044f \u0445\u0440\u0430\u043d\u0438\u0442\u044c \u043f\u043e\u0434 \u0441\u0442\u043e\u043b\u0435\u0448\u043d\u0438\u0446\u0435\u0439).<br \/>\n\u0420\u0430\u0437\u043c\u0435\u0440\u044b \u0438 \u0432\u0435\u0441 \u0443\u043f\u0430\u043a\u043e\u0432\u043a\u0438:<br \/>\n1. 124 x 61,5 x 12,5 \u0441\u043c (26,6 \u043a\u0433)<br \/>\n2. 124 x 56,5 x 70 \u0441\u043c (21,3 \u043a\u0433)<br \/>\n3. 124 x 56,5 x 70 \u0441\u043c (21,3 \u043a\u0433)<br \/>\n4. 69,5 x 28,5 x 11,5 \u0441\u043c (14,3 \u043a\u0433)<br \/>\n5. 80,5 x 56 x 24 \u0441\u043c (12,6 \u043a\u0433)<\/p>","protected":false},"excerpt":{"rendered":"<p>\u0428\u0418\u0420\u0418\u041d\u0410 110 \/ 160 \/ 210 \/ 260 \/ 310 \u0441\u043c, \u0413\u041b\u0423\u0411\u0418\u041d\u0410 110 \u0441\u043c, \u0412\u042b\u0421\u041e\u0422\u0410 77,5 \u0441\u043c, \u041a\u041e\u041b\u0418\u0427\u0415\u0421\u0422\u0412\u041e \u0412\u0421\u0422\u0410\u0412\u041e\u041a 4 \u0448\u0442. x 50 \u0441\u043c (\u0445\u0440\u0430\u043d\u044f\u0442\u0441\u044f \u043e\u0442\u0434\u0435\u043b\u044c\u043d\u043e), \u0424\u041e\u0420\u041c\u0410 \u0421\u0422\u041e\u041b\u0415\u0428\u041d\u0418\u0426\u042b \u041a\u0440\u0443\u0433\u043b\u0430\u044f, \u0424\u0423\u041d\u041a\u0426\u0418\u042f \u0412\u044b\u0434\u0432\u0438\u0436\u043d\u0430\u044f \u0441\u0442\u043e\u043b\u0435\u0448\u043d\u0438\u0446\u0430, \u041f\u041e\u0412\u0415\u0420\u0425\u041d\u041e\u0421\u0422\u042c \u041c\u0430\u0442\u043e\u0432\u0430\u044f, \u0421\u0422\u0418\u041b\u042c \u041b\u043e\u0444\u0442 \/ \u0418\u043d\u0434\u0443\u0441\u0442\u0440\u0438\u0430\u043b, \u0412\u0415\u0421 \u0421 \u0423\u041f\u0410\u041a\u041e\u0412\u041a\u041e\u0419 96 \u043a\u0433<\/p>","protected":false},"featured_media":171272,"comment_status":"open","ping_status":"open","template":"","meta":[],"product_brand":[],"product_cat":[9520,4109,1934],"product_tag":[],"class_list":{"0":"post-171271","1":"product","2":"type-product","3":"status-publish","4":"has-post-thumbnail","6":"product_cat-tables-mazzoni","7":"product_cat-mazzoni","8":"product_cat-tables","10":"first","11":"instock","12":"purchasable","13":"product-type-simple"},"_links":{"self":[{"href":"https:\/\/baldumarket.lt\/ru\/wp-json\/wp\/v2\/product\/171271","targetHints":{"allow":["GET"]}}],"collection":[{"href":"https:\/\/baldumarket.lt\/ru\/wp-json\/wp\/v2\/product"}],"about":[{"href":"https:\/\/baldumarket.lt\/ru\/wp-json\/wp\/v2\/types\/product"}],"replies":[{"embeddable":true,"href":"https:\/\/baldumarket.lt\/ru\/wp-json\/wp\/v2\/comments?post=171271"}],"wp:featuredmedia":[{"embeddable":true,"href":"https:\/\/baldumarket.lt\/ru\/wp-json\/wp\/v2\/media\/171272"}],"wp:attachment":[{"href":"https:\/\/baldumarket.lt\/ru\/wp-json\/wp\/v2\/media?parent=171271"}],"wp:term":[{"taxonomy":"product_brand","embeddable":true,"href":"https:\/\/baldumarket.lt\/ru\/wp-json\/wp\/v2\/product_brand?post=171271"},{"taxonomy":"product_cat","embeddable":true,"href":"https:\/\/baldumarket.lt\/ru\/wp-json\/wp\/v2\/product_cat?post=171271"},{"taxonomy":"product_tag","embeddable":true,"href":"https:\/\/baldumarket.lt\/ru\/wp-json\/wp\/v2\/product_tag?post=171271"}],"curies":[{"name":"WP","href":"https:\/\/api.w.org\/{rel}","templated":true}]}}