{"id":171174,"date":"2025-12-19T21:52:17","date_gmt":"2025-12-19T18:52:17","guid":{"rendered":"https:\/\/baldumarket.lt\/product\/bosco-dab-naturalny-noga-czarna-okragly-stolik-kawowy-65-cm-lawa-do-salonu-fornir\/"},"modified":"2026-02-03T23:29:01","modified_gmt":"2026-02-03T20:29:01","slug":"bosco-dab-naturalny-noga-czarna-okragly-stolik-kawowy-65-cm-lawa-do-salonu-fornir","status":"publish","type":"product","link":"https:\/\/baldumarket.lt\/ru\/product\/bosco-dab-naturalny-noga-czarna-okragly-stolik-kawowy-65-cm-lawa-do-salonu-fornir\/","title":{"rendered":"BOSCO nat\u016bralaus \u0105\u017euolo\/juodos kojos \u2013 apvalus kavos staliukas 65 \u0441\u043c, svetain\u0117s staliukas su fanera"},"content":{"rendered":"<p>\u0416\u0443\u0440\u043d\u0430\u043b\u044c\u043d\u044b\u0439 \u0441\u0442\u043e\u043b\u0438\u043a BOSCO \u2014 \u044d\u0442\u043e \u044d\u043b\u0435\u0433\u0430\u043d\u0442\u043d\u044b\u0439 \u043f\u0440\u0435\u0434\u043c\u0435\u0442 \u043c\u0435\u0431\u0435\u043b\u0438 \u0441\u043e\u0432\u0440\u0435\u043c\u0435\u043d\u043d\u043e\u0439 \u0444\u043e\u0440\u043c\u044b, \u0441\u043e\u0447\u0435\u0442\u0430\u044e\u0449\u0438\u0439 \u043f\u0440\u043e\u0441\u0442\u043e\u0442\u0443 \u0438 \u0438\u0437\u044b\u0441\u043a\u0430\u043d\u043d\u044b\u0439 \u0434\u0438\u0437\u0430\u0439\u043d. \u041e\u043d \u0438\u043c\u0435\u0435\u0442 \u043a\u0440\u0443\u0433\u043b\u0443\u044e \u0441\u0442\u043e\u043b\u0435\u0448\u043d\u0438\u0446\u0443 \u0441 \u0448\u043f\u043e\u043d\u0438\u0440\u043e\u0432\u0430\u043d\u043d\u043e\u0439 \u043e\u0442\u0434\u0435\u043b\u043a\u043e\u0439, \u0443\u0441\u0442\u0430\u043d\u043e\u0432\u043b\u0435\u043d\u043d\u0443\u044e \u043d\u0430 \u043f\u0440\u043e\u0447\u043d\u043e\u0439 \u043a\u043e\u043d\u0438\u0447\u0435\u0441\u043a\u043e\u0439 \u0441\u0442\u0430\u043b\u044c\u043d\u043e\u0439 \u043d\u043e\u0436\u043a\u0435, \u0447\u0442\u043e \u043f\u0440\u0438\u0434\u0430\u0435\u0442 \u0435\u043c\u0443 \u0441\u043a\u0443\u043b\u044c\u043f\u0442\u0443\u0440\u043d\u044b\u0439 \u0432\u0438\u0434 \u0438 \u0438\u0441\u043a\u043b\u044e\u0447\u0438\u0442\u0435\u043b\u044c\u043d\u0443\u044e \u0443\u0441\u0442\u043e\u0439\u0447\u0438\u0432\u043e\u0441\u0442\u044c. \u0413\u0430\u0440\u043c\u043e\u043d\u0438\u0447\u043d\u043e\u0435 \u0441\u043e\u0447\u0435\u0442\u0430\u043d\u0438\u0435 \u0444\u043e\u0440\u043c \u0434\u0435\u043b\u0430\u0435\u0442 \u0441\u0442\u043e\u043b\u0438\u043a \u0438\u0434\u0435\u0430\u043b\u044c\u043d\u044b\u043c \u0434\u043e\u043f\u043e\u043b\u043d\u0435\u043d\u0438\u0435\u043c \u043a\u0430\u043a \u0434\u043b\u044f \u0441\u043e\u0432\u0440\u0435\u043c\u0435\u043d\u043d\u044b\u0445, \u0442\u0430\u043a \u0438 \u0434\u043b\u044f \u043c\u0438\u043d\u0438\u043c\u0430\u043b\u0438\u0441\u0442\u0438\u0447\u043d\u044b\u0445 \u0438\u043d\u0442\u0435\u0440\u044c\u0435\u0440\u043e\u0432. BOSCO \u2014 \u044d\u0442\u043e \u043d\u0435 \u0442\u043e\u043b\u044c\u043a\u043e \u0444\u0443\u043d\u043a\u0446\u0438\u043e\u043d\u0430\u043b\u044c\u043d\u044b\u0439 \u043f\u0440\u0435\u0434\u043c\u0435\u0442 \u043c\u0435\u0431\u0435\u043b\u0438, \u043d\u043e \u0438 \u0441\u0442\u0438\u043b\u044c\u043d\u044b\u0439 \u0434\u0435\u043a\u043e\u0440\u0430\u0442\u0438\u0432\u043d\u044b\u0439 \u0430\u043a\u0446\u0435\u043d\u0442.<\/p>","protected":false},"excerpt":{"rendered":"<p>\u0428\u0438\u0440\u0438\u043d\u0430 65 \u0441\u043c, \u0433\u043b\u0443\u0431\u0438\u043d\u0430 65 \u0441\u043c, \u0432\u044b\u0441\u043e\u0442\u0430 43 \u0441\u043c, \u0444\u043e\u0440\u043c\u0430 \u0441\u0442\u043e\u043b\u0435\u0448\u043d\u0438\u0446\u044b \u043a\u0440\u0443\u0433\u043b\u0430\u044f, \u043c\u0430\u0442\u0435\u0440\u0438\u0430\u043b\u044b: \u041c\u0414\u0424 \/ \u043d\u0430\u0442\u0443\u0440\u0430\u043b\u044c\u043d\u044b\u0439 \u0448\u043f\u043e\u043d \/ \u0441\u0442\u0430\u043b\u044c \u0441 \u043f\u043e\u0440\u043e\u0448\u043a\u043e\u0432\u044b\u043c \u043f\u043e\u043a\u0440\u044b\u0442\u0438\u0435\u043c, \u043f\u043e\u0432\u0435\u0440\u0445\u043d\u043e\u0441\u0442\u044c \u043c\u0430\u0442\u043e\u0432\u0430\u044f, \u0441\u0442\u0438\u043b\u044c: \u0441\u043e\u0432\u0440\u0435\u043c\u0435\u043d\u043d\u044b\u0439 \/ \u043b\u043e\u0444\u0442, \u0432\u0435\u0441 \u0441 \u0443\u043f\u0430\u043a\u043e\u0432\u043a\u043e\u0439 19,4 \u043a\u0433<\/p>","protected":false},"featured_media":171175,"comment_status":"open","ping_status":"open","template":"","meta":[],"product_brand":[],"product_cat":[866,4109],"product_tag":[],"class_list":{"0":"post-171174","1":"product","2":"type-product","3":"status-publish","4":"has-post-thumbnail","6":"product_cat-coffee-tables","7":"product_cat-mazzoni","9":"first","10":"instock","11":"purchasable","12":"product-type-simple"},"_links":{"self":[{"href":"https:\/\/baldumarket.lt\/ru\/wp-json\/wp\/v2\/product\/171174","targetHints":{"allow":["GET"]}}],"collection":[{"href":"https:\/\/baldumarket.lt\/ru\/wp-json\/wp\/v2\/product"}],"about":[{"href":"https:\/\/baldumarket.lt\/ru\/wp-json\/wp\/v2\/types\/product"}],"replies":[{"embeddable":true,"href":"https:\/\/baldumarket.lt\/ru\/wp-json\/wp\/v2\/comments?post=171174"}],"wp:featuredmedia":[{"embeddable":true,"href":"https:\/\/baldumarket.lt\/ru\/wp-json\/wp\/v2\/media\/171175"}],"wp:attachment":[{"href":"https:\/\/baldumarket.lt\/ru\/wp-json\/wp\/v2\/media?parent=171174"}],"wp:term":[{"taxonomy":"product_brand","embeddable":true,"href":"https:\/\/baldumarket.lt\/ru\/wp-json\/wp\/v2\/product_brand?post=171174"},{"taxonomy":"product_cat","embeddable":true,"href":"https:\/\/baldumarket.lt\/ru\/wp-json\/wp\/v2\/product_cat?post=171174"},{"taxonomy":"product_tag","embeddable":true,"href":"https:\/\/baldumarket.lt\/ru\/wp-json\/wp\/v2\/product_tag?post=171174"}],"curies":[{"name":"WP","href":"https:\/\/api.w.org\/{rel}","templated":true}]}}