{"id":170824,"date":"2025-12-19T21:45:14","date_gmt":"2025-12-19T18:45:14","guid":{"rendered":"https:\/\/baldumarket.lt\/product\/nela-bez-latte-tkanina-monza-60-nogi-bezowe-nowoczesne-krzeslo-obrotowe-tapicerowane-boucle-do-kuchni-salonu-boho\/"},"modified":"2026-02-11T12:06:18","modified_gmt":"2026-02-11T09:06:18","slug":"nela-bez-latte-tkanina-monza-60-nogi-bezowe-nowoczesne-krzeslo-obrotowe-tapicerowane-boucle-do-kuchni-salonu-boho","status":"publish","type":"product","link":"https:\/\/baldumarket.lt\/ru\/product\/nela-bez-latte-tkanina-monza-60-nogi-bezowe-nowoczesne-krzeslo-obrotowe-tapicerowane-boucle-do-kuchni-salonu-boho\/","title":{"rendered":"NELA Latte Beige (Monza 60 audinys) \/ sm\u0117lio spalvos kojel\u0117s \u2013 MODERNI SUKAMA K\u0116D\u0116, APMU\u0160TA BUKLE APMU\u0160TU, BOHO VIRTUVEI \/ SVETAINEI"},"content":{"rendered":"<p>\u0412\u0440\u0430\u0449\u0430\u044e\u0449\u0435\u0435\u0441\u044f \u043a\u0440\u0435\u0441\u043b\u043e NELA \u0441\u043e\u0447\u0435\u0442\u0430\u0435\u0442 \u0432 \u0441\u0435\u0431\u0435 \u043a\u043e\u043c\u0444\u043e\u0440\u0442, \u0444\u0443\u043d\u043a\u0446\u0438\u043e\u043d\u0430\u043b\u044c\u043d\u043e\u0441\u0442\u044c \u0438 \u0441\u043e\u0432\u0440\u0435\u043c\u0435\u043d\u043d\u044b\u0439 \u0434\u0438\u0437\u0430\u0439\u043d. \u0415\u0433\u043e \u0437\u0430\u043a\u0440\u0443\u0433\u043b\u0435\u043d\u043d\u043e\u0435 \u0441\u0438\u0434\u0435\u043d\u044c\u0435 \u0438 \u0441\u043f\u0438\u043d\u043a\u0430 \u0438\u043c\u0435\u044e\u0442 \u044d\u0440\u0433\u043e\u043d\u043e\u043c\u0438\u0447\u043d\u0443\u044e \u0444\u043e\u0440\u043c\u0443, \u043e\u0431\u0435\u0441\u043f\u0435\u0447\u0438\u0432\u0430\u044f \u0443\u0434\u043e\u0431\u043d\u0443\u044e \u043f\u043e\u0434\u0434\u0435\u0440\u0436\u043a\u0443 \u0441\u043f\u0438\u043d\u044b \u0438 \u0432\u044b\u0441\u043e\u043a\u0438\u0439 \u0443\u0440\u043e\u0432\u0435\u043d\u044c \u043a\u043e\u043c\u0444\u043e\u0440\u0442\u0430. \u041e\u0431\u0438\u0432\u043a\u0430 \u0432\u044b\u043f\u043e\u043b\u043d\u0435\u043d\u0430 \u0438\u0437 \u0447\u0440\u0435\u0437\u0432\u044b\u0447\u0430\u0439\u043d\u043e \u043f\u0440\u043e\u0447\u043d\u043e\u0439 \u0438 \u043f\u0440\u043e\u0441\u0442\u043e\u0439 \u0432 \u0443\u0445\u043e\u0434\u0435 \u0442\u043a\u0430\u043d\u0438, \u0443\u0441\u0442\u043e\u0439\u0447\u0438\u0432\u043e\u0439 \u043a \u0438\u0441\u0442\u0438\u0440\u0430\u043d\u0438\u044e \u0438 \u043f\u044f\u0442\u043d\u0430\u043c, \u0447\u0442\u043e \u0433\u0430\u0440\u0430\u043d\u0442\u0438\u0440\u0443\u0435\u0442 \u0434\u043b\u0438\u0442\u0435\u043b\u044c\u043d\u044b\u0439 \u0441\u0440\u043e\u043a \u0441\u043b\u0443\u0436\u0431\u044b.<br \/>\n\u041a\u0440\u0435\u0441\u043b\u043e \u0438\u043c\u0435\u0435\u0442 \u043f\u043e\u0432\u043e\u0440\u043e\u0442\u043d\u0443\u044e \u043a\u043e\u043d\u0441\u0442\u0440\u0443\u043a\u0446\u0438\u044e \u043d\u0430 360\u00b0, \u0447\u0442\u043e \u043e\u0431\u0435\u0441\u043f\u0435\u0447\u0438\u0432\u0430\u0435\u0442 \u043b\u0435\u0433\u043a\u043e\u0441\u0442\u044c \u043f\u0435\u0440\u0435\u043c\u0435\u0449\u0435\u043d\u0438\u044f \u0438 \u043f\u043e\u0432\u044b\u0448\u0430\u0435\u0442 \u0444\u0443\u043d\u043a\u0446\u0438\u043e\u043d\u0430\u043b\u044c\u043d\u043e\u0441\u0442\u044c.<br \/>\n\u0423\u0441\u0442\u043e\u0439\u0447\u0438\u0432\u043e\u0441\u0442\u044c \u043e\u0431\u0435\u0441\u043f\u0435\u0447\u0438\u0432\u0430\u0435\u0442\u0441\u044f \u043f\u0440\u043e\u0447\u043d\u044b\u043c\u0438 4-\u043e\u043f\u043e\u0440\u043d\u044b\u043c\u0438 \u043d\u043e\u0436\u043a\u0430\u043c\u0438 \u0438\u0437 \u0441\u0442\u0430\u043b\u0438 \u0441 \u043f\u043e\u0440\u043e\u0448\u043a\u043e\u0432\u044b\u043c \u043f\u043e\u043a\u0440\u044b\u0442\u0438\u0435\u043c, \u0430 \u0437\u0430\u0449\u0438\u0442\u043d\u044b\u0435 \u043f\u043b\u0430\u0441\u0442\u0438\u043a\u043e\u0432\u044b\u0435 \u043d\u043e\u0436\u043a\u0438 \u043f\u0440\u0435\u0434\u043e\u0442\u0432\u0440\u0430\u0449\u0430\u044e\u0442 \u0446\u0430\u0440\u0430\u043f\u0430\u043d\u0438\u0435 \u043f\u043e\u043b\u0430, \u0447\u0442\u043e \u0434\u0435\u043b\u0430\u0435\u0442 \u043c\u043e\u0434\u0435\u043b\u044c NELA \u0438\u0434\u0435\u0430\u043b\u044c\u043d\u043e\u0439 \u0434\u043b\u044f \u0441\u0430\u043c\u044b\u0445 \u0440\u0430\u0437\u043d\u044b\u0445 \u0438\u043d\u0442\u0435\u0440\u044c\u0435\u0440\u043e\u0432. \u042d\u0442\u043e \u044d\u043b\u0435\u0433\u0430\u043d\u0442\u043d\u044b\u0439 \u0438 \u043f\u0440\u0430\u043a\u0442\u0438\u0447\u043d\u044b\u0439 \u0432\u044b\u0431\u043e\u0440 \u0434\u043b\u044f \u0441\u0442\u043e\u043b\u043e\u0432\u044b\u0445, \u0433\u043e\u0441\u0442\u0438\u043d\u044b\u0445 \u0438\u043b\u0438 \u043e\u0444\u0438\u0441\u043e\u0432.<br \/>\n_______<br \/>\n\u041e\u0433\u043d\u0435\u0441\u0442\u043e\u0439\u043a\u0430\u044f \u0442\u043a\u0430\u043d\u044c (FR) \u2013 \u0411\u043b\u0430\u0433\u043e\u0434\u0430\u0440\u044f \u0441\u043f\u0435\u0446\u0438\u0430\u043b\u044c\u043d\u043e\u0439 \u043e\u0431\u0440\u0430\u0431\u043e\u0442\u043a\u0435 \u0442\u043a\u0430\u043d\u044c \u044d\u0442\u043e\u0433\u043e \u0438\u0437\u0434\u0435\u043b\u0438\u044f \u0443\u0441\u0442\u043e\u0439\u0447\u0438\u0432\u0430 \u043a \u0432\u044b\u0441\u043e\u043a\u0438\u043c \u0442\u0435\u043c\u043f\u0435\u0440\u0430\u0442\u0443\u0440\u0430\u043c \u0438 \u0432 \u0441\u043b\u0443\u0447\u0430\u0435 \u043f\u043e\u0436\u0430\u0440\u0430 \u043e\u0433\u0440\u0430\u043d\u0438\u0447\u0438\u0442 \u0440\u0430\u0441\u043f\u0440\u043e\u0441\u0442\u0440\u0430\u043d\u0435\u043d\u0438\u0435 \u043e\u0433\u043d\u044f \u0437\u0430 \u0441\u0447\u0435\u0442 \u0443\u0432\u0435\u043b\u0438\u0447\u0435\u043d\u043d\u043e\u0433\u043e \u0432\u0440\u0435\u043c\u0435\u043d\u0438 \u0433\u043e\u0440\u0435\u043d\u0438\u044f.<\/p>","protected":false},"excerpt":{"rendered":"<p>\u041c\u0410\u0422\u0415\u0420\u0418\u0410\u041b\u042b: \u0422\u043a\u0430\u043d\u044c Monza \/ \u0441\u0442\u0430\u043b\u044c \u0441 \u043f\u043e\u0440\u043e\u0448\u043a\u043e\u0432\u044b\u043c \u043f\u043e\u043a\u0440\u044b\u0442\u0438\u0435\u043c, \u0424\u0423\u041d\u041a\u0426\u0418\u042f: \u041f\u043e\u0432\u043e\u0440\u043e\u0442\u043d\u043e\u0435 \u043e\u0441\u043d\u043e\u0432\u0430\u043d\u0438\u0435 \u043d\u0430 360\u00b0, \u0421\u0422\u0418\u041b\u042c: \u041c\u043e\u0434\u0435\u0440\u043d \/ \u0411\u043e\u0445\u043e, \u0414\u0420\u0423\u0413\u041e\u0415: \u0418\u0437\u0434\u0435\u043b\u0438\u0435 \u043f\u0440\u0435\u0434\u043d\u0430\u0437\u043d\u0430\u0447\u0435\u043d\u043e \u0434\u043b\u044f \u0441\u0430\u043c\u043e\u0441\u0442\u043e\u044f\u0442\u0435\u043b\u044c\u043d\u043e\u0439 \u0441\u0431\u043e\u0440\u043a\u0438 \u0441 \u043f\u043e\u043c\u043e\u0449\u044c\u044e \u043f\u0440\u0438\u043b\u0430\u0433\u0430\u0435\u043c\u043e\u0439 \u0438\u043d\u0441\u0442\u0440\u0443\u043a\u0446\u0438\u0438. \u041c\u0410\u041a\u0421\u0418\u041c\u0410\u041b\u042c\u041d\u0410\u042f \u041d\u0410\u0413\u0420\u0423\u0417\u041a\u0410: 110 \u043a\u0433<\/p>","protected":false},"featured_media":170825,"comment_status":"open","ping_status":"open","template":"","meta":[],"product_brand":[],"product_cat":[9519,1930,4109],"product_tag":[],"class_list":{"0":"post-170824","1":"product","2":"type-product","3":"status-publish","4":"has-post-thumbnail","6":"product_cat-armchairs-and-stools-mazzoni","7":"product_cat-chairs","8":"product_cat-mazzoni","10":"first","11":"instock","12":"purchasable","13":"product-type-simple"},"_links":{"self":[{"href":"https:\/\/baldumarket.lt\/ru\/wp-json\/wp\/v2\/product\/170824","targetHints":{"allow":["GET"]}}],"collection":[{"href":"https:\/\/baldumarket.lt\/ru\/wp-json\/wp\/v2\/product"}],"about":[{"href":"https:\/\/baldumarket.lt\/ru\/wp-json\/wp\/v2\/types\/product"}],"replies":[{"embeddable":true,"href":"https:\/\/baldumarket.lt\/ru\/wp-json\/wp\/v2\/comments?post=170824"}],"wp:featuredmedia":[{"embeddable":true,"href":"https:\/\/baldumarket.lt\/ru\/wp-json\/wp\/v2\/media\/170825"}],"wp:attachment":[{"href":"https:\/\/baldumarket.lt\/ru\/wp-json\/wp\/v2\/media?parent=170824"}],"wp:term":[{"taxonomy":"product_brand","embeddable":true,"href":"https:\/\/baldumarket.lt\/ru\/wp-json\/wp\/v2\/product_brand?post=170824"},{"taxonomy":"product_cat","embeddable":true,"href":"https:\/\/baldumarket.lt\/ru\/wp-json\/wp\/v2\/product_cat?post=170824"},{"taxonomy":"product_tag","embeddable":true,"href":"https:\/\/baldumarket.lt\/ru\/wp-json\/wp\/v2\/product_tag?post=170824"}],"curies":[{"name":"WP","href":"https:\/\/api.w.org\/{rel}","templated":true}]}}