{"id":170672,"date":"2025-12-19T21:42:14","date_gmt":"2025-12-19T18:42:14","guid":{"rendered":"https:\/\/baldumarket.lt\/product\/lusso-czarny-mat-dab-artisan-nowoczesna-lawa-stolik-z-podnoszonym-blatem-schowkiem-polka-na-kolkach\/"},"modified":"2026-02-03T23:29:06","modified_gmt":"2026-02-03T20:29:06","slug":"lusso-czarny-mat-dab-artisan-nowoczesna-lawa-stolik-z-podnoszonym-blatem-schowkiem-polka-na-kolkach","status":"publish","type":"product","link":"https:\/\/baldumarket.lt\/ru\/product\/lusso-czarny-mat-dab-artisan-nowoczesna-lawa-stolik-z-podnoszonym-blatem-schowkiem-polka-na-kolkach\/","title":{"rendered":"LUSSO matin\u0117s juodos\/artisan \u0105\u017euolo spalvos \u2013 MODERNUS KAVOS STALIUKAS SU PAKELIAMU STALVIR\u0160IU + SAND\u0116LIAVIMO skyriumi + LENTYNA (ANT RATUK\u0172!)"},"content":{"rendered":"<p>\u041c\u0435\u0431\u0435\u043b\u044c \u0438\u0437\u0433\u043e\u0442\u043e\u0432\u043b\u0435\u043d\u0430 \u0438\u0437 \u0432\u044b\u0441\u043e\u043a\u043e\u043a\u0430\u0447\u0435\u0441\u0442\u0432\u0435\u043d\u043d\u043e\u0439 \u043c\u0430\u0442\u043e\u0432\u043e\u0439 \u0414\u0421\u041f, \u043b\u0430\u043c\u0438\u043d\u0438\u0440\u043e\u0432\u0430\u043d\u043d\u043e\u0439 \u0441 \u043e\u0431\u0435\u0438\u0445 \u0441\u0442\u043e\u0440\u043e\u043d, \u0442\u043e\u043b\u0449\u0438\u043d\u043e\u0439 28 \u0438 18 \u043c\u043c, \u0441 \u043e\u0442\u0434\u0435\u043b\u043a\u043e\u0439 \u043a\u0440\u043e\u043c\u043a\u043e\u0439 \u0438\u0437 \u0410\u0411\u0421-\u043f\u043b\u0430\u0441\u0442\u0438\u043a\u0430 \u0442\u043e\u043b\u0449\u0438\u043d\u043e\u0439 1 \u043c\u043c.<br \/>\n\u0420\u0430\u0437\u043c\u0435\u0440\u044b \u0438 \u0432\u0435\u0441 \u0443\u043f\u0430\u043a\u043e\u0432\u043a\u0438:<br \/>\n126,5 x 72,5 x 6,5 \u0441\u043c (27,3 \u043a\u0433)<br \/>\n108 x 41,5 x 9,5 \u0441\u043c (15,5 \u043a\u0433)<br \/>\n\u0411\u043e\u043b\u0435\u0435 \u043f\u043e\u0434\u0440\u043e\u0431\u043d\u0443\u044e \u0438\u043d\u0444\u043e\u0440\u043c\u0430\u0446\u0438\u044e \u043e \u0434\u043e\u0441\u0442\u0430\u0432\u043a\u0435 \u043c\u043e\u0436\u043d\u043e \u043d\u0430\u0439\u0442\u0438 \u0432\u043e \u0432\u043a\u043b\u0430\u0434\u043a\u0435 \u201c\u041e\u043f\u043b\u0430\u0442\u0430 \u0438 \u0434\u043e\u0441\u0442\u0430\u0432\u043a\u0430\u201d.<\/p>","protected":false},"excerpt":{"rendered":"<p>\u0428\u0418\u0420\u0418\u041d\u0410 112 \u0441\u043c, \u0413\u041b\u0423\u0411\u0418\u041d\u0410 66 \u0441\u043c, \u0412\u042b\u0421\u041e\u0422\u0410 45 \u0441\u043c \/ 71 \u0441\u043c, \u041c\u0410\u0422\u0415\u0420\u0418\u0410\u041b\u042b: \u0414\u0421\u041f, \u0424\u0423\u041d\u041a\u0426\u0418\u042f: \u041f\u043e\u0434\u044a\u0435\u043c \u0441\u0442\u043e\u043b\u0435\u0448\u043d\u0438\u0446\u044b (\u043d\u0435\u0442, \u0440\u0435\u0433\u0443\u043b\u0438\u0440\u043e\u0432\u043a\u0430 \u0412\u042b\u0421\u041e\u0422\u042b), \u041f\u041e\u0412\u0415\u0420\u0425\u041d\u041e\u0421\u0422\u042c: \u041c\u0430\u0442\u043e\u0432\u0430\u044f, \u0421\u0422\u0418\u041b\u042c: \u041c\u043e\u0434\u0435\u0440\u043d \/ \u041b\u043e\u0444\u0442 \/ \u0421\u043a\u0430\u043d\u0434\u0438\u043d\u0430\u0432\u0441\u043a\u0438\u0439, \u0412\u0415\u0421 \u0421 \u0423\u041f\u0410\u041a\u041e\u0412\u041a\u041e\u0419: 43 \u043a\u0433<\/p>","protected":false},"featured_media":170673,"comment_status":"open","ping_status":"open","template":"","meta":[],"product_brand":[],"product_cat":[866,4109],"product_tag":[],"class_list":{"0":"post-170672","1":"product","2":"type-product","3":"status-publish","4":"has-post-thumbnail","6":"product_cat-coffee-tables","7":"product_cat-mazzoni","9":"first","10":"instock","11":"purchasable","12":"product-type-simple"},"_links":{"self":[{"href":"https:\/\/baldumarket.lt\/ru\/wp-json\/wp\/v2\/product\/170672","targetHints":{"allow":["GET"]}}],"collection":[{"href":"https:\/\/baldumarket.lt\/ru\/wp-json\/wp\/v2\/product"}],"about":[{"href":"https:\/\/baldumarket.lt\/ru\/wp-json\/wp\/v2\/types\/product"}],"replies":[{"embeddable":true,"href":"https:\/\/baldumarket.lt\/ru\/wp-json\/wp\/v2\/comments?post=170672"}],"wp:featuredmedia":[{"embeddable":true,"href":"https:\/\/baldumarket.lt\/ru\/wp-json\/wp\/v2\/media\/170673"}],"wp:attachment":[{"href":"https:\/\/baldumarket.lt\/ru\/wp-json\/wp\/v2\/media?parent=170672"}],"wp:term":[{"taxonomy":"product_brand","embeddable":true,"href":"https:\/\/baldumarket.lt\/ru\/wp-json\/wp\/v2\/product_brand?post=170672"},{"taxonomy":"product_cat","embeddable":true,"href":"https:\/\/baldumarket.lt\/ru\/wp-json\/wp\/v2\/product_cat?post=170672"},{"taxonomy":"product_tag","embeddable":true,"href":"https:\/\/baldumarket.lt\/ru\/wp-json\/wp\/v2\/product_tag?post=170672"}],"curies":[{"name":"WP","href":"https:\/\/api.w.org\/{rel}","templated":true}]}}