{"id":170529,"date":"2025-12-19T21:39:32","date_gmt":"2025-12-19T18:39:32","guid":{"rendered":"https:\/\/baldumarket.lt\/product\/lusso-pastelowo-zielone-nowoczesne-krzeslo-ogrodowe-plastikowe-do-kuchni-kawiarni-ogrodu-sztaplowane\/"},"modified":"2026-02-11T10:10:17","modified_gmt":"2026-02-11T07:10:17","slug":"lusso-pastelowo-zielone-nowoczesne-krzeslo-ogrodowe-plastikowe-do-kuchni-kawiarni-ogrodu-sztaplowane","status":"publish","type":"product","link":"https:\/\/baldumarket.lt\/ru\/product\/lusso-pastelowo-zielone-nowoczesne-krzeslo-ogrodowe-plastikowe-do-kuchni-kawiarni-ogrodu-sztaplowane\/","title":{"rendered":"LUSSO Pastel Green &#8211; MODERNI PLASTIKIN\u0116 SODO K\u0116D\u0116 (virtuv\u0117je, kavin\u0117je, sode) [SUDEDAMA VIEN\u0104 KART\u0104]"},"content":{"rendered":"<p>\u0421\u0430\u0434\u043e\u0432\u044b\u0439 \u0441\u0442\u0443\u043b LUSSO \u2014 \u044d\u0442\u043e \u043f\u0440\u0430\u043a\u0442\u0438\u0447\u043d\u044b\u0439 \u0438 \u0441\u0442\u0438\u043b\u044c\u043d\u044b\u0439 \u043f\u0440\u0435\u0434\u043c\u0435\u0442 \u043c\u0435\u0431\u0435\u043b\u0438, \u0438\u0434\u0435\u0430\u043b\u044c\u043d\u043e \u043f\u043e\u0434\u0445\u043e\u0434\u044f\u0449\u0438\u0439 \u043a\u0430\u043a \u0434\u043b\u044f \u0441\u0430\u0434\u0430, \u0442\u0430\u043a \u0438 \u0434\u043b\u044f \u0442\u0435\u0440\u0440\u0430\u0441\u044b \u0438\u043b\u0438 \u0431\u0430\u043b\u043a\u043e\u043d\u0430. \u0418\u0437\u0433\u043e\u0442\u043e\u0432\u043b\u0435\u043d\u043d\u044b\u0439 \u0438\u0437 \u043f\u0440\u043e\u0447\u043d\u043e\u0433\u043e \u043f\u043b\u0430\u0441\u0442\u0438\u043a\u0430, \u043e\u043d \u043e\u0431\u043b\u0430\u0434\u0430\u0435\u0442 \u0432\u044b\u0441\u043e\u043a\u043e\u0439 \u0443\u0441\u0442\u043e\u0439\u0447\u0438\u0432\u043e\u0441\u0442\u044c\u044e \u043a \u043f\u043e\u0433\u043e\u0434\u043d\u044b\u043c \u0443\u0441\u043b\u043e\u0432\u0438\u044f\u043c, \u0442\u0430\u043a\u0438\u043c \u043a\u0430\u043a \u0434\u043e\u0436\u0434\u044c \u0438 \u0443\u043b\u044c\u0442\u0440\u0430\u0444\u0438\u043e\u043b\u0435\u0442\u043e\u0432\u043e\u0435 \u0438\u0437\u043b\u0443\u0447\u0435\u043d\u0438\u0435, \u0447\u0442\u043e \u0434\u0435\u043b\u0430\u0435\u0442 \u0435\u0433\u043e \u0438\u0434\u0435\u0430\u043b\u044c\u043d\u044b\u043c \u0432\u044b\u0431\u043e\u0440\u043e\u043c \u0434\u043b\u044f \u0434\u043b\u0438\u0442\u0435\u043b\u044c\u043d\u043e\u0433\u043e \u0438\u0441\u043f\u043e\u043b\u044c\u0437\u043e\u0432\u0430\u043d\u0438\u044f \u043d\u0430 \u043e\u0442\u043a\u0440\u044b\u0442\u043e\u043c \u0432\u043e\u0437\u0434\u0443\u0445\u0435.<br \/>\n\u041a\u0440\u0435\u0441\u043b\u043e \u043e\u0442\u043b\u0438\u0447\u0430\u0435\u0442\u0441\u044f \u043c\u0438\u043d\u0438\u043c\u0430\u043b\u0438\u0441\u0442\u0438\u0447\u043d\u044b\u043c \u0438 \u0441\u043e\u0432\u0440\u0435\u043c\u0435\u043d\u043d\u044b\u043c \u0434\u0438\u0437\u0430\u0439\u043d\u043e\u043c. \u0415\u0433\u043e \u044d\u0440\u0433\u043e\u043d\u043e\u043c\u0438\u0447\u043d\u0430\u044f \u0444\u043e\u0440\u043c\u0430, \u0441\u043b\u0435\u0433\u043a\u0430 \u0437\u0430\u043a\u0440\u0443\u0433\u043b\u0435\u043d\u043d\u043e\u0435 \u0441\u0438\u0434\u0435\u043d\u044c\u0435 \u0438 \u0441\u043f\u0438\u043d\u043a\u0430 \u0441 \u043d\u0435\u0431\u043e\u043b\u044c\u0448\u0438\u043c \u0432\u044b\u0440\u0435\u0437\u043e\u043c \u0434\u043b\u044f \u0432\u0435\u043d\u0442\u0438\u043b\u044f\u0446\u0438\u0438 \u043e\u0431\u0435\u0441\u043f\u0435\u0447\u0438\u0432\u0430\u044e\u0442 \u0432\u044b\u0441\u043e\u043a\u0438\u0439 \u0443\u0440\u043e\u0432\u0435\u043d\u044c \u043a\u043e\u043c\u0444\u043e\u0440\u0442\u0430. \u041f\u043e\u0434\u043b\u043e\u043a\u043e\u0442\u043d\u0438\u043a\u0438 \u0434\u043e\u0431\u0430\u0432\u043b\u044f\u044e\u0442 \u0443\u0434\u043e\u0431\u0441\u0442\u0432\u0430 \u043f\u0440\u0438 \u0434\u043b\u0438\u0442\u0435\u043b\u044c\u043d\u043e\u043c \u0441\u0438\u0434\u0435\u043d\u0438\u0438, \u0430 \u0442\u043e\u043d\u043a\u0438\u0435, \u043d\u043e \u043f\u0440\u043e\u0447\u043d\u044b\u0435 \u043d\u043e\u0436\u043a\u0438 \u0433\u0430\u0440\u0430\u043d\u0442\u0438\u0440\u0443\u044e\u0442 \u0443\u0441\u0442\u043e\u0439\u0447\u0438\u0432\u043e\u0441\u0442\u044c.<br \/>\n\u0421\u0442\u0443\u043b LUSSO \u043b\u0435\u0433\u043a\u0438\u0439, \u0447\u0442\u043e \u043e\u0431\u043b\u0435\u0433\u0447\u0430\u0435\u0442 \u0435\u0433\u043e \u0442\u0440\u0430\u043d\u0441\u043f\u043e\u0440\u0442\u0438\u0440\u043e\u0432\u043a\u0443, \u0438 \u043b\u0435\u0433\u043a\u043e \u0448\u0442\u0430\u0431\u0435\u043b\u0438\u0440\u0443\u0435\u0442\u0441\u044f, \u044d\u043a\u043e\u043d\u043e\u043c\u044f \u043c\u0435\u0441\u0442\u043e \u043f\u0440\u0438 \u0445\u0440\u0430\u043d\u0435\u043d\u0438\u0438. \u0415\u0433\u043e \u0441\u043e\u0432\u0440\u0435\u043c\u0435\u043d\u043d\u044b\u0439 \u0434\u0438\u0437\u0430\u0439\u043d \u0434\u0435\u043b\u0430\u0435\u0442 \u0435\u0433\u043e \u0438\u0434\u0435\u0430\u043b\u044c\u043d\u044b\u043c \u0434\u043e\u043f\u043e\u043b\u043d\u0435\u043d\u0438\u0435\u043c \u043a \u0440\u0430\u0437\u043b\u0438\u0447\u043d\u044b\u043c \u0441\u0430\u0434\u043e\u0432\u044b\u043c \u043a\u043e\u043c\u043f\u043e\u0437\u0438\u0446\u0438\u044f\u043c. \u042d\u0442\u043e \u0444\u0443\u043d\u043a\u0446\u0438\u043e\u043d\u0430\u043b\u044c\u043d\u043e\u0435 \u0440\u0435\u0448\u0435\u043d\u0438\u0435 \u0434\u043b\u044f \u0442\u0435\u0445, \u043a\u0442\u043e \u0446\u0435\u043d\u0438\u0442 \u043f\u0440\u043e\u0441\u0442\u043e\u0442\u0443, \u044d\u0441\u0442\u0435\u0442\u0438\u043a\u0443 \u0438 \u043f\u0440\u0430\u043a\u0442\u0438\u0447\u043d\u043e\u0441\u0442\u044c.<br \/>\n\u0426\u0435\u043b\u044c:<br \/>\n\u043a\u0443\u0445\u043d\u044f<br \/>\n\u0441\u0442\u043e\u043b\u043e\u0432\u0430\u044f<br \/>\n\u043a\u0430\u0444\u0435<br \/>\n\u0440\u0435\u0441\u0435\u043f\u0448\u043d\/\u0432\u0435\u0441\u0442\u0438\u0431\u044e\u043b\u044c<br \/>\n\u043e\u0442\u0435\u043b\u044c\/\u0440\u0435\u0441\u0442\u043e\u0440\u0430\u043d<br \/>\n\u0442\u0435\u0440\u0440\u0430\u0441\u0430\/\u0431\u0430\u043b\u043a\u043e\u043d\/\u0441\u0430\u0434<\/p>","protected":false},"excerpt":{"rendered":"<p>\u041c\u0410\u0422\u0415\u0420\u0418\u0410\u041b\u042b: \u041f\u043b\u0430\u0441\u0442\u0438\u043a (ABS), \u0421\u0422\u0418\u041b\u042c: \u0421\u043e\u0432\u0440\u0435\u043c\u0435\u043d\u043d\u044b\u0439, \u041c\u0410\u041a\u0421\u0418\u041c\u0410\u041b\u042c\u041d\u0410\u042f \u041d\u0410\u0413\u0420\u0423\u0417\u041a\u0410: 150 \u043a\u0433<\/p>","protected":false},"featured_media":170530,"comment_status":"open","ping_status":"open","template":"","meta":[],"product_brand":[],"product_cat":[9519,1930,4109],"product_tag":[],"class_list":{"0":"post-170529","1":"product","2":"type-product","3":"status-publish","4":"has-post-thumbnail","6":"product_cat-armchairs-and-stools-mazzoni","7":"product_cat-chairs","8":"product_cat-mazzoni","10":"first","11":"instock","12":"purchasable","13":"product-type-simple"},"_links":{"self":[{"href":"https:\/\/baldumarket.lt\/ru\/wp-json\/wp\/v2\/product\/170529","targetHints":{"allow":["GET"]}}],"collection":[{"href":"https:\/\/baldumarket.lt\/ru\/wp-json\/wp\/v2\/product"}],"about":[{"href":"https:\/\/baldumarket.lt\/ru\/wp-json\/wp\/v2\/types\/product"}],"replies":[{"embeddable":true,"href":"https:\/\/baldumarket.lt\/ru\/wp-json\/wp\/v2\/comments?post=170529"}],"wp:featuredmedia":[{"embeddable":true,"href":"https:\/\/baldumarket.lt\/ru\/wp-json\/wp\/v2\/media\/170530"}],"wp:attachment":[{"href":"https:\/\/baldumarket.lt\/ru\/wp-json\/wp\/v2\/media?parent=170529"}],"wp:term":[{"taxonomy":"product_brand","embeddable":true,"href":"https:\/\/baldumarket.lt\/ru\/wp-json\/wp\/v2\/product_brand?post=170529"},{"taxonomy":"product_cat","embeddable":true,"href":"https:\/\/baldumarket.lt\/ru\/wp-json\/wp\/v2\/product_cat?post=170529"},{"taxonomy":"product_tag","embeddable":true,"href":"https:\/\/baldumarket.lt\/ru\/wp-json\/wp\/v2\/product_tag?post=170529"}],"curies":[{"name":"WP","href":"https:\/\/api.w.org\/{rel}","templated":true}]}}