{"id":169976,"date":"2025-12-19T21:26:23","date_gmt":"2025-12-19T18:26:23","guid":{"rendered":"https:\/\/baldumarket.lt\/product\/adele-ekoskora-retro-brandy-691b-stelaz-dab-naturalny-krzeslo-drewniane-do-salonu-jadalni-kuchni-retro\/"},"modified":"2026-02-10T10:31:25","modified_gmt":"2026-02-10T07:31:25","slug":"adele-ekoskora-retro-brandy-691b-stelaz-dab-naturalny-krzeslo-drewniane-do-salonu-jadalni-kuchni-retro","status":"publish","type":"product","link":"https:\/\/baldumarket.lt\/ru\/product\/adele-ekoskora-retro-brandy-691b-stelaz-dab-naturalny-krzeslo-drewniane-do-salonu-jadalni-kuchni-retro\/","title":{"rendered":"ADELE Retro Brandy 691B eko oda\/nat\u016bralaus \u0105\u017euolo r\u0117mas \u2013 MEDIN\u0116 K\u0116D\u0116 SVETAINEI VALGOMAJAM RETRO VIRTUVEI"},"content":{"rendered":"<p>\u041a\u0430\u0440\u043a\u0430\u0441 \u043a\u0440\u0435\u0441\u043b\u0430 \u0438\u0437\u0433\u043e\u0442\u043e\u0432\u043b\u0435\u043d \u0438\u0437 \u043f\u0440\u043e\u043c\u0430\u0441\u043b\u0435\u043d\u043d\u043e\u0433\u043e \u0434\u0443\u0431\u0430, \u0430 \u0441\u0438\u0434\u0435\u043d\u044c\u0435 \u0438 \u0441\u043f\u0438\u043d\u043a\u0430 \u2014 \u0438\u0437 \u044d\u043a\u043e\u043a\u043e\u0436\u0438.<br \/>\n\u0421\u0435\u0440\u0442\u0438\u0444\u0438\u0446\u0438\u0440\u043e\u0432\u0430\u043d\u043e FSC\u00ae \u2013 \u0438\u0441\u043f\u043e\u043b\u044c\u0437\u0443\u0435\u043c\u044b\u0435 \u043c\u0430\u0442\u0435\u0440\u0438\u0430\u043b\u044b \u043f\u043e\u043b\u0443\u0447\u0435\u043d\u044b \u0438\u0437 \u043b\u0435\u0441\u043e\u0432, \u0443\u043f\u0440\u0430\u0432\u043b\u044f\u0435\u043c\u044b\u0445 \u0432 \u0441\u043e\u043e\u0442\u0432\u0435\u0442\u0441\u0442\u0432\u0438\u0438 \u0441 \u043f\u0440\u0438\u043d\u0446\u0438\u043f\u0430\u043c\u0438 \u0443\u0441\u0442\u043e\u0439\u0447\u0438\u0432\u043e\u0433\u043e \u0440\u0430\u0437\u0432\u0438\u0442\u0438\u044f.<\/p>","protected":false},"excerpt":{"rendered":"<p>\u041c\u0410\u0422\u0415\u0420\u0418\u0410\u041b\u042b \u042d\u043a\u043e-\u043a\u043e\u0436\u0430 \/ \u0434\u0443\u0431\u043e\u0432\u0430\u044f \u0434\u0440\u0435\u0432\u0435\u0441\u0438\u043d\u0430, \u0421\u0422\u0418\u041b\u042c \u0421\u043e\u0432\u0440\u0435\u043c\u0435\u043d\u043d\u044b\u0439 \/ \u0421\u043a\u0430\u043d\u0434\u0438\u043d\u0430\u0432\u0441\u043a\u0438\u0439 \/ \u041a\u043b\u0430\u0441\u0441\u0438\u0447\u0435\u0441\u043a\u0438\u0439, \u0412\u0415\u0421 \u0421 \u0423\u041f\u0410\u041a\u041e\u0412\u041a\u041e\u0419 7,8 \u043a\u0433, \u0414\u0420\u0423\u0413\u041e\u0415 \u0418\u0437\u0434\u0435\u043b\u0438\u0435 \u043f\u0440\u0435\u0434\u043d\u0430\u0437\u043d\u0430\u0447\u0435\u043d\u043e \u0434\u043b\u044f \u0441\u0430\u043c\u043e\u0441\u0442\u043e\u044f\u0442\u0435\u043b\u044c\u043d\u043e\u0439 \u0441\u0431\u043e\u0440\u043a\u0438 \u0441 \u043f\u043e\u043c\u043e\u0449\u044c\u044e \u043f\u0440\u0438\u043b\u0430\u0433\u0430\u0435\u043c\u043e\u0439 \u0438\u043d\u0441\u0442\u0440\u0443\u043a\u0446\u0438\u0438, \u041c\u0410\u041a\u0421\u0418\u041c\u0410\u041b\u042c\u041d\u0410\u042f \u041d\u0410\u0413\u0420\u0423\u0417\u041a\u0410 110 \u043a\u0433<\/p>","protected":false},"featured_media":169977,"comment_status":"open","ping_status":"open","template":"","meta":[],"product_brand":[],"product_cat":[9519,1930,4109],"product_tag":[],"class_list":{"0":"post-169976","1":"product","2":"type-product","3":"status-publish","4":"has-post-thumbnail","6":"product_cat-armchairs-and-stools-mazzoni","7":"product_cat-chairs","8":"product_cat-mazzoni","10":"first","11":"instock","12":"purchasable","13":"product-type-simple"},"_links":{"self":[{"href":"https:\/\/baldumarket.lt\/ru\/wp-json\/wp\/v2\/product\/169976","targetHints":{"allow":["GET"]}}],"collection":[{"href":"https:\/\/baldumarket.lt\/ru\/wp-json\/wp\/v2\/product"}],"about":[{"href":"https:\/\/baldumarket.lt\/ru\/wp-json\/wp\/v2\/types\/product"}],"replies":[{"embeddable":true,"href":"https:\/\/baldumarket.lt\/ru\/wp-json\/wp\/v2\/comments?post=169976"}],"wp:featuredmedia":[{"embeddable":true,"href":"https:\/\/baldumarket.lt\/ru\/wp-json\/wp\/v2\/media\/169977"}],"wp:attachment":[{"href":"https:\/\/baldumarket.lt\/ru\/wp-json\/wp\/v2\/media?parent=169976"}],"wp:term":[{"taxonomy":"product_brand","embeddable":true,"href":"https:\/\/baldumarket.lt\/ru\/wp-json\/wp\/v2\/product_brand?post=169976"},{"taxonomy":"product_cat","embeddable":true,"href":"https:\/\/baldumarket.lt\/ru\/wp-json\/wp\/v2\/product_cat?post=169976"},{"taxonomy":"product_tag","embeddable":true,"href":"https:\/\/baldumarket.lt\/ru\/wp-json\/wp\/v2\/product_tag?post=169976"}],"curies":[{"name":"WP","href":"https:\/\/api.w.org\/{rel}","templated":true}]}}