{"id":168497,"date":"2025-12-19T20:55:44","date_gmt":"2025-12-19T17:55:44","guid":{"rendered":"https:\/\/baldumarket.lt\/product\/finlo-bialy-mat-uchwyty-czarny-mat-nowoczesny-wieszak-scienny-z-polka-do-przedpokoju-90-i-70-cm\/"},"modified":"2026-04-06T17:36:21","modified_gmt":"2026-04-06T14:36:21","slug":"finlo-bialy-mat-uchwyty-czarny-mat-nowoczesny-wieszak-scienny-z-polka-do-przedpokoju-90-i-70-cm","status":"publish","type":"product","link":"https:\/\/baldumarket.lt\/ru\/product\/finlo-bialy-mat-uchwyty-czarny-mat-nowoczesny-wieszak-scienny-z-polka-do-przedpokoju-90-i-70-cm\/","title":{"rendered":"FINLO matin\u0117s baltos\/matin\u0117s juodos Ranken\u0117l\u0117s \u2013 MODERNUS SIENINIS PAKABINIMAS SU LENTYNA PRIE\u0160KORIUI 90 \u0438 70 \u0441\u043c"},"content":{"rendered":"<p>\u0412\u0435\u0448\u0430\u043b\u043a\u0430 \u0434\u043b\u044f \u043e\u0434\u0435\u0436\u0434\u044b \u0438\u0437\u0433\u043e\u0442\u043e\u0432\u043b\u0435\u043d\u0430 \u0438\u0437 \u043c\u0430\u0442\u043e\u0432\u043e\u0433\u043e \u0414\u0421\u041f \u0442\u043e\u043b\u0449\u0438\u043d\u043e\u0439 18 \u043c\u043c, \u043b\u0430\u043c\u0438\u043d\u0438\u0440\u043e\u0432\u0430\u043d\u043d\u043e\u0433\u043e \u0441 \u043e\u0431\u0435\u0438\u0445 \u0441\u0442\u043e\u0440\u043e\u043d, \u0441 \u043a\u0440\u043e\u043c\u043a\u043e\u0439 \u0438\u0437 \u0410\u0411\u0421-\u043f\u043b\u0430\u0441\u0442\u0438\u043a\u0430 \u0442\u043e\u043b\u0449\u0438\u043d\u043e\u0439 1 \u043c\u043c.<br \/>\n\u041c\u0435\u0442\u0430\u043b\u043b\u0438\u0447\u0435\u0441\u043a\u0438\u0435 \u0440\u0443\u0447\u043a\u0438 \u2014 \u044d\u0442\u043e \u0434\u043e\u043f\u043e\u043b\u043d\u0438\u0442\u0435\u043b\u044c\u043d\u044b\u0439 \u044d\u043b\u0435\u043c\u0435\u043d\u0442.<br \/>\n\u0412 \u043a\u043e\u043c\u043f\u043b\u0435\u043a\u0442\u0435:<br \/>\n\u041c\u043e\u043d\u0442\u0430\u0436\u043d\u044b\u0435 \u0434\u044e\u0431\u0435\u043b\u0438 \u0441 \u043a\u0440\u044e\u0447\u043a\u0430\u043c\u0438 \u0434\u043b\u044f \u043a\u0440\u0435\u043f\u043b\u0435\u043d\u0438\u044f \u043d\u0430 \u0441\u0442\u0435\u043d\u0435<br \/>\n\u0427\u0435\u0442\u043a\u0438\u0435 \u043f\u043e\u0448\u0430\u0433\u043e\u0432\u044b\u0435 \u0438\u043d\u0441\u0442\u0440\u0443\u043a\u0446\u0438\u0438 \u0437\u043d\u0430\u0447\u0438\u0442\u0435\u043b\u044c\u043d\u043e \u0443\u043f\u0440\u043e\u0449\u0430\u044e\u0442 \u0441\u0431\u043e\u0440\u043a\u0443 \u0438 \u0437\u0430\u043d\u0438\u043c\u0430\u044e\u0442 \u043f\u0440\u0438\u043c\u0435\u0440\u043d\u043e 20-30 \u043c\u0438\u043d\u0443\u0442.<\/p>","protected":false},"excerpt":{"rendered":"<p>\u0428\u0418\u0420\u0418\u041d\u0410 90 \u0438\u043b\u0438 70 \u0441\u043c (\u0432 \u0437\u0430\u0432\u0438\u0441\u0438\u043c\u043e\u0441\u0442\u0438 \u043e\u0442 \u0432\u044b\u0431\u0440\u0430\u043d\u043d\u043e\u0433\u043e \u0440\u0430\u0437\u043c\u0435\u0440\u0430), \u0413\u041b\u0423\u0411\u0418\u041d\u0410 15 \u0441\u043c, \u0412\u042b\u0421\u041e\u0422\u0410 40 \u0441\u043c, \u041c\u0410\u0422\u0415\u0420\u0418\u0410\u041b\u042b \u0414\u0421\u041f, \u041f\u041e\u0412\u0415\u0420\u0425\u041d\u041e\u0421\u0422\u042c \u041c\u0430\u0442\u043e\u0432\u0430\u044f, \u0421\u0422\u0418\u041b\u042c \u0421\u043e\u0432\u0440\u0435\u043c\u0435\u043d\u043d\u044b\u0439, \u0412\u0415\u0421 \u0421 \u0423\u041f\u0410\u041a\u041e\u0412\u041a\u041e\u0419 8 \u043a\u0433 (90 \u0441\u043c) \/ 6,5 \u043a\u0433 (70 \u0441\u043c)<\/p>","protected":false},"featured_media":168498,"comment_status":"open","ping_status":"open","template":"","meta":[],"product_brand":[],"product_cat":[1931,4109],"product_tag":[],"class_list":{"0":"post-168497","1":"product","2":"type-product","3":"status-publish","4":"has-post-thumbnail","6":"product_cat-hangers","7":"product_cat-mazzoni","9":"first","10":"instock","11":"purchasable","12":"product-type-simple"},"_links":{"self":[{"href":"https:\/\/baldumarket.lt\/ru\/wp-json\/wp\/v2\/product\/168497","targetHints":{"allow":["GET"]}}],"collection":[{"href":"https:\/\/baldumarket.lt\/ru\/wp-json\/wp\/v2\/product"}],"about":[{"href":"https:\/\/baldumarket.lt\/ru\/wp-json\/wp\/v2\/types\/product"}],"replies":[{"embeddable":true,"href":"https:\/\/baldumarket.lt\/ru\/wp-json\/wp\/v2\/comments?post=168497"}],"wp:featuredmedia":[{"embeddable":true,"href":"https:\/\/baldumarket.lt\/ru\/wp-json\/wp\/v2\/media\/168498"}],"wp:attachment":[{"href":"https:\/\/baldumarket.lt\/ru\/wp-json\/wp\/v2\/media?parent=168497"}],"wp:term":[{"taxonomy":"product_brand","embeddable":true,"href":"https:\/\/baldumarket.lt\/ru\/wp-json\/wp\/v2\/product_brand?post=168497"},{"taxonomy":"product_cat","embeddable":true,"href":"https:\/\/baldumarket.lt\/ru\/wp-json\/wp\/v2\/product_cat?post=168497"},{"taxonomy":"product_tag","embeddable":true,"href":"https:\/\/baldumarket.lt\/ru\/wp-json\/wp\/v2\/product_tag?post=168497"}],"curies":[{"name":"WP","href":"https:\/\/api.w.org\/{rel}","templated":true}]}}