{"id":168489,"date":"2025-12-19T20:55:34","date_gmt":"2025-12-19T17:55:34","guid":{"rendered":"https:\/\/baldumarket.lt\/product\/zestaw-mebli-folk-antracyt-ciemny-szary-dab-artisan-nowoczesna-mebloscianka-do-salonu-z-mala-szafka-rtv\/"},"modified":"2026-02-11T10:53:23","modified_gmt":"2026-02-11T07:53:23","slug":"zestaw-mebli-folk-antracyt-ciemny-szary-dab-artisan-nowoczesna-mebloscianka-do-salonu-z-mala-szafka-rtv","status":"publish","type":"product","link":"https:\/\/baldumarket.lt\/ru\/product\/zestaw-mebli-folk-antracyt-ciemny-szary-dab-artisan-nowoczesna-mebloscianka-do-salonu-z-mala-szafka-rtv\/","title":{"rendered":"\u0424\u041e\u041b\u042c\u041a \u0430\u043d\u0442\u0440\u0430\u0446\u0438\u0442\u043e (tamsiai pilkos) \/ amatininko \u0105\u017euolo bald\u0173 komplektas \u2013 MODERNI SVETAIN\u0116S SIENIN\u0116 SPINTEL\u0116 SU MA\u017dA TV SPINTEL\u0116LE"},"content":{"rendered":"<p>\u041c\u0435\u0431\u0435\u043b\u044c \u0438\u0437\u0433\u043e\u0442\u043e\u0432\u043b\u0435\u043d\u0430 \u0438\u0437 \u043c\u0430\u0442\u043e\u0432\u043e\u0433\u043e \u041c\u0414\u0424 \u0438 \u0414\u0421\u041f, \u043b\u0430\u043c\u0438\u043d\u0438\u0440\u043e\u0432\u0430\u043d\u043d\u044b\u0445 \u0441 \u043e\u0431\u0435\u0438\u0445 \u0441\u0442\u043e\u0440\u043e\u043d, \u0442\u043e\u043b\u0449\u0438\u043d\u043e\u0439 28 \u0438 18 \u043c\u043c, \u0441 \u043e\u0442\u0434\u0435\u043b\u043a\u043e\u0439 \u043a\u0440\u043e\u043c\u043a\u043e\u0439 \u0438\u0437 \u0410\u0411\u0421-\u043f\u043b\u0430\u0441\u0442\u0438\u043a\u0430 \u0442\u043e\u043b\u0449\u0438\u043d\u043e\u0439 1 \u043c\u043c. \u0421\u0442\u043e\u043b\u0435\u0448\u043d\u0438\u0446\u044b \u043f\u043e\u043a\u0440\u044b\u0442\u044b \u043c\u0430\u0442\u043e\u0432\u044b\u043c \u043f\u043e\u043b\u0438\u0443\u0440\u0435\u0442\u0430\u043d\u043e\u0432\u044b\u043c \u043b\u0430\u043a\u043e\u043c \u2013 \u043f\u0440\u043e\u0438\u0437\u0432\u043e\u0434\u0438\u0442\u0435\u043b\u044c \u0440\u0435\u043a\u043e\u043c\u0435\u043d\u0434\u0443\u0435\u0442 \u0438\u0441\u043f\u043e\u043b\u044c\u0437\u043e\u0432\u0430\u0442\u044c \u0437\u0430\u0449\u0438\u0442\u043d\u044b\u0435 \u043d\u0430\u043a\u043b\u0430\u0434\u043a\u0438 \u0434\u043b\u044f \u043f\u0440\u0435\u0434\u043e\u0442\u0432\u0440\u0430\u0449\u0435\u043d\u0438\u044f \u0446\u0430\u0440\u0430\u043f\u0438\u043d \u0432\u043e \u0432\u0440\u0435\u043c\u044f \u044d\u043a\u0441\u043f\u043b\u0443\u0430\u0442\u0430\u0446\u0438\u0438.<\/p>","protected":false},"excerpt":{"rendered":"<p>\u041c\u0410\u0422\u0415\u0420\u0418\u0410\u041b\u042b: \u041c\u0414\u0424 + \u0414\u0421\u041f, \u041f\u041e\u0412\u0415\u0420\u0425\u041d\u041e\u0421\u0422\u042c: \u041c\u0430\u0442\u043e\u0432\u0430\u044f, \u0421\u0422\u0418\u041b\u042c: \u0421\u043e\u0432\u0440\u0435\u043c\u0435\u043d\u043d\u044b\u0439, \u0412\u0415\u0421 \u0421 \u0423\u041f\u0410\u041a\u041e\u0412\u041a\u041e\u0419: 266 \u043a\u0433, \u0414\u0420\u0423\u0413\u041e\u0415: \u0418\u0437\u0434\u0435\u043b\u0438\u0435 \u043f\u0440\u0435\u0434\u043d\u0430\u0437\u043d\u0430\u0447\u0435\u043d\u043e \u0434\u043b\u044f \u0441\u0430\u043c\u043e\u0441\u0442\u043e\u044f\u0442\u0435\u043b\u044c\u043d\u043e\u0439 \u0441\u0431\u043e\u0440\u043a\u0438 \u0441 \u043f\u043e\u043c\u043e\u0449\u044c\u044e \u043f\u0440\u0438\u043b\u0430\u0433\u0430\u0435\u043c\u043e\u0439 \u0438\u043d\u0441\u0442\u0440\u0443\u043a\u0446\u0438\u0438.<\/p>","protected":false},"featured_media":168490,"comment_status":"open","ping_status":"open","template":"","meta":[],"product_brand":[],"product_cat":[9530,4109,2008],"product_tag":[],"class_list":{"0":"post-168489","1":"product","2":"type-product","3":"status-publish","4":"has-post-thumbnail","6":"product_cat-furniture-system-folk-mazzoni","7":"product_cat-mazzoni","8":"product_cat-wall-units","10":"first","11":"instock","12":"purchasable","13":"product-type-simple"},"_links":{"self":[{"href":"https:\/\/baldumarket.lt\/ru\/wp-json\/wp\/v2\/product\/168489","targetHints":{"allow":["GET"]}}],"collection":[{"href":"https:\/\/baldumarket.lt\/ru\/wp-json\/wp\/v2\/product"}],"about":[{"href":"https:\/\/baldumarket.lt\/ru\/wp-json\/wp\/v2\/types\/product"}],"replies":[{"embeddable":true,"href":"https:\/\/baldumarket.lt\/ru\/wp-json\/wp\/v2\/comments?post=168489"}],"wp:featuredmedia":[{"embeddable":true,"href":"https:\/\/baldumarket.lt\/ru\/wp-json\/wp\/v2\/media\/168490"}],"wp:attachment":[{"href":"https:\/\/baldumarket.lt\/ru\/wp-json\/wp\/v2\/media?parent=168489"}],"wp:term":[{"taxonomy":"product_brand","embeddable":true,"href":"https:\/\/baldumarket.lt\/ru\/wp-json\/wp\/v2\/product_brand?post=168489"},{"taxonomy":"product_cat","embeddable":true,"href":"https:\/\/baldumarket.lt\/ru\/wp-json\/wp\/v2\/product_cat?post=168489"},{"taxonomy":"product_tag","embeddable":true,"href":"https:\/\/baldumarket.lt\/ru\/wp-json\/wp\/v2\/product_tag?post=168489"}],"curies":[{"name":"WP","href":"https:\/\/api.w.org\/{rel}","templated":true}]}}