{"id":163235,"date":"2025-12-19T12:41:43","date_gmt":"2025-12-19T09:41:43","guid":{"rendered":"https:\/\/baldumarket.lt\/product\/brolo-bros07-szafa-2-drzwiowa-dab-catania-czarna-perla-biala\/"},"modified":"2026-04-06T18:43:58","modified_gmt":"2026-04-06T15:43:58","slug":"brolo-bros07-szafa-2-drzwiowa-dab-catania-czarna-perla-biala","status":"publish","type":"product","link":"https:\/\/baldumarket.lt\/ru\/product\/brolo-bros07-szafa-2-drzwiowa-dab-catania-czarna-perla-biala\/","title":{"rendered":"Brolo BROS07 \u2013 Dviej\u0173 duru spinta Catania \u0105\u017euolo\/juodo perlo\/baltos spalvos"},"content":{"rendered":"<p>\u0418\u0449\u0435\u0442\u0435 \u0444\u0443\u043d\u043a\u0446\u0438\u043e\u043d\u0430\u043b\u044c\u043d\u043e\u0435 \u0438 \u044d\u0441\u0442\u0435\u0442\u0438\u0447\u043d\u043e\u0435 \u0440\u0435\u0448\u0435\u043d\u0438\u0435 \u043f\u0440\u043e\u0431\u043b\u0435\u043c\u044b \u043d\u0435\u0445\u0432\u0430\u0442\u043a\u0438 \u043c\u0435\u0441\u0442\u0430 \u0434\u043b\u044f \u0445\u0440\u0430\u043d\u0435\u043d\u0438\u044f \u0432 \u0432\u0430\u0448\u0435\u0439 \u0441\u043f\u0430\u043b\u044c\u043d\u0435? \u0414\u0432\u0443\u0445\u0434\u0432\u0435\u0440\u043d\u044b\u0439 \u0448\u043a\u0430\u0444 Brolo BROS07 \u0432 \u0446\u0432\u0435\u0442\u0430\u0445 \u00ab\u041a\u0430\u0442\u0430\u043d\u0438\u0439\u0441\u043a\u0438\u0439 \u0434\u0443\u0431\u00bb, \u00ab\u0427\u0435\u0440\u043d\u044b\u0439 \u0436\u0435\u043c\u0447\u0443\u0433\u00bb \u0438 \u00ab\u0411\u0435\u043b\u044b\u0439\u00bb \u2014 \u044d\u0442\u043e \u043a\u0432\u0438\u043d\u0442\u044d\u0441\u0441\u0435\u043d\u0446\u0438\u044f \u0441\u043e\u0432\u0440\u0435\u043c\u0435\u043d\u043d\u043e\u0433\u043e \u0434\u0438\u0437\u0430\u0439\u043d\u0430 \u0432 \u0441\u043e\u0447\u0435\u0442\u0430\u043d\u0438\u0438 \u0441 \u043f\u0440\u0430\u043a\u0442\u0438\u0447\u043d\u044b\u043c \u0440\u0435\u0448\u0435\u043d\u0438\u0435\u043c \u0434\u043b\u044f \u043f\u043e\u0432\u0441\u0435\u0434\u043d\u0435\u0432\u043d\u044b\u0445 \u043d\u0443\u0436\u0434. \u041e\u043d \u043f\u0440\u0435\u0434\u043b\u0430\u0433\u0430\u0435\u0442 \u0443\u043d\u0438\u043a\u0430\u043b\u044c\u043d\u043e\u0435 \u0441\u043e\u0447\u0435\u0442\u0430\u043d\u0438\u0435 \u043d\u0430\u0442\u0443\u0440\u0430\u043b\u044c\u043d\u043e\u0433\u043e \u0432\u0438\u0434\u0430 \u0434\u0443\u0431\u0430 \u0441 \u044d\u043b\u0435\u0433\u0430\u043d\u0442\u043d\u043e\u0441\u0442\u044c\u044e \u00ab\u0427\u0435\u0440\u043d\u043e\u0433\u043e \u0436\u0435\u043c\u0447\u0443\u0433\u0430\u00bb \u0438 \u0447\u0438\u0441\u0442\u043e\u0442\u043e\u0439 \u0433\u043b\u044f\u043d\u0446\u0435\u0432\u043e\u0433\u043e \u0431\u0435\u043b\u043e\u0433\u043e. \u0414\u043e\u043b\u0433\u043e\u0432\u0435\u0447\u043d\u043e\u0441\u0442\u044c \u044d\u0442\u043e\u0433\u043e \u0438\u0437\u0434\u0435\u043b\u0438\u044f \u0433\u0430\u0440\u0430\u043d\u0442\u0438\u0440\u0443\u0435\u0442\u0441\u044f \u0438\u0441\u043f\u043e\u043b\u044c\u0437\u043e\u0432\u0430\u043d\u0438\u0435\u043c \u0432\u044b\u0441\u043e\u043a\u043e\u043a\u0430\u0447\u0435\u0441\u0442\u0432\u0435\u043d\u043d\u043e\u0439 \u043b\u0430\u043c\u0438\u043d\u0438\u0440\u043e\u0432\u0430\u043d\u043d\u043e\u0439 \u043f\u043b\u0438\u0442\u044b \u0438 \u041c\u0414\u0424, \u043a\u043e\u0442\u043e\u0440\u044b\u0435 \u043e\u0431\u0435\u0441\u043f\u0435\u0447\u0438\u0432\u0430\u044e\u0442 \u0443\u0441\u0442\u043e\u0439\u0447\u0438\u0432\u043e\u0441\u0442\u044c \u043a \u0446\u0430\u0440\u0430\u043f\u0438\u043d\u0430\u043c \u0438 \u0434\u0440\u0443\u0433\u0438\u043c \u043f\u043e\u0432\u0440\u0435\u0436\u0434\u0435\u043d\u0438\u044f\u043c, \u0441\u043e\u0445\u0440\u0430\u043d\u044f\u044f \u043f\u0440\u0438 \u044d\u0442\u043e\u043c \u0435\u0433\u043e \u043f\u0440\u0435\u0432\u043e\u0441\u0445\u043e\u0434\u043d\u044b\u0439 \u0432\u043d\u0435\u0448\u043d\u0438\u0439 \u0432\u0438\u0434 \u043d\u0430 \u0434\u043e\u043b\u0433\u0438\u0435 \u0433\u043e\u0434\u044b. \u0428\u043a\u0430\u0444 Brolo BROS07 \u0440\u0430\u0437\u043c\u0435\u0440\u043e\u043c 197,2 \u0441\u043c \u0432 \u0448\u0438\u0440\u0438\u043d\u0443, 208,5 \u0441\u043c \u0432 \u0432\u044b\u0441\u043e\u0442\u0443 \u0438 60,9 \u0441\u043c \u0432 \u0433\u043b\u0443\u0431\u0438\u043d\u0443 \u043b\u0435\u0433\u043a\u043e \u0432\u043c\u0435\u0441\u0442\u0438\u0442 \u0432\u0441\u0435 \u043d\u0435\u043e\u0431\u0445\u043e\u0434\u0438\u043c\u044b\u0435 \u0432\u0435\u0449\u0438. \u041e\u0441\u043d\u0430\u0449\u0435\u043d\u043d\u044b\u0439 \u0440\u0430\u0437\u0434\u0432\u0438\u0436\u043d\u043e\u0439 \u0441\u0438\u0441\u0442\u0435\u043c\u043e\u0439 \u0434\u0432\u0435\u0440\u0435\u0439, \u043e\u043d \u043e\u0431\u0435\u0441\u043f\u0435\u0447\u0438\u0432\u0430\u0435\u0442 \u043b\u0435\u0433\u043a\u0438\u0439 \u0434\u043e\u0441\u0442\u0443\u043f \u0432\u043d\u0443\u0442\u0440\u044c \u0434\u0430\u0436\u0435 \u0432 \u043e\u0433\u0440\u0430\u043d\u0438\u0447\u0435\u043d\u043d\u043e\u043c \u043f\u0440\u043e\u0441\u0442\u0440\u0430\u043d\u0441\u0442\u0432\u0435, \u043d\u0435 \u043e\u0441\u0442\u0430\u0432\u043b\u044f\u044f \u0434\u043e\u043f\u043e\u043b\u043d\u0438\u0442\u0435\u043b\u044c\u043d\u043e\u0433\u043e \u043c\u0435\u0441\u0442\u0430 \u0434\u043b\u044f \u043e\u0442\u043a\u0440\u044b\u0432\u0430\u043d\u0438\u044f \u0434\u0432\u0435\u0440\u0435\u0439.<\/p>","protected":false},"excerpt":{"rendered":"<p>\u0428\u0438\u0440\u0438\u043d\u0430 (\u0441\u043c): 197,2<br \/>\n\u0412\u044b\u0441\u043e\u0442\u0430 (\u0441\u043c): 208,5<br \/>\n\u0413\u043b\u0443\u0431\u0438\u043d\u0430 (\u0441\u043c): 60,9<\/p>","protected":false},"featured_media":163236,"comment_status":"open","ping_status":"open","template":"","meta":[],"product_brand":[],"product_cat":[9472,4107,1177],"product_tag":[],"class_list":{"0":"post-163235","1":"product","2":"type-product","3":"status-publish","4":"has-post-thumbnail","6":"product_cat-furniture-system-brolo-wojcik-meble","7":"product_cat-meble-wojcik","8":"product_cat-wardrobes","10":"first","11":"instock","12":"purchasable","13":"product-type-simple"},"_links":{"self":[{"href":"https:\/\/baldumarket.lt\/ru\/wp-json\/wp\/v2\/product\/163235","targetHints":{"allow":["GET"]}}],"collection":[{"href":"https:\/\/baldumarket.lt\/ru\/wp-json\/wp\/v2\/product"}],"about":[{"href":"https:\/\/baldumarket.lt\/ru\/wp-json\/wp\/v2\/types\/product"}],"replies":[{"embeddable":true,"href":"https:\/\/baldumarket.lt\/ru\/wp-json\/wp\/v2\/comments?post=163235"}],"wp:featuredmedia":[{"embeddable":true,"href":"https:\/\/baldumarket.lt\/ru\/wp-json\/wp\/v2\/media\/163236"}],"wp:attachment":[{"href":"https:\/\/baldumarket.lt\/ru\/wp-json\/wp\/v2\/media?parent=163235"}],"wp:term":[{"taxonomy":"product_brand","embeddable":true,"href":"https:\/\/baldumarket.lt\/ru\/wp-json\/wp\/v2\/product_brand?post=163235"},{"taxonomy":"product_cat","embeddable":true,"href":"https:\/\/baldumarket.lt\/ru\/wp-json\/wp\/v2\/product_cat?post=163235"},{"taxonomy":"product_tag","embeddable":true,"href":"https:\/\/baldumarket.lt\/ru\/wp-json\/wp\/v2\/product_tag?post=163235"}],"curies":[{"name":"WP","href":"https:\/\/api.w.org\/{rel}","templated":true}]}}