{"id":162745,"date":"2025-12-19T12:25:02","date_gmt":"2025-12-19T09:25:02","guid":{"rendered":"https:\/\/baldumarket.lt\/product\/pozzi-pozt01-stolik-kawowy-szarozielony-dab-coast-evoke\/"},"modified":"2026-04-06T19:46:28","modified_gmt":"2026-04-06T16:46:28","slug":"pozzi-pozt01-stolik-kawowy-szarozielony-dab-coast-evoke","status":"publish","type":"product","link":"https:\/\/baldumarket.lt\/ru\/product\/pozzi-pozt01-stolik-kawowy-szarozielony-dab-coast-evoke\/","title":{"rendered":"Pozzi POZT01 \u2013 pilkai \u017ealias \/ pakrant\u0117s stiliaus \u0105\u017euolo kavos staliukas"},"content":{"rendered":"<p>\u041f\u043e\u0434\u043d\u0438\u043c\u0438\u0442\u0435 \u044d\u043b\u0435\u0433\u0430\u043d\u0442\u043d\u043e\u0441\u0442\u044c \u0438 \u0444\u0443\u043d\u043a\u0446\u0438\u043e\u043d\u0430\u043b\u044c\u043d\u043e\u0441\u0442\u044c \u0432\u0430\u0448\u0435\u0439 \u0433\u043e\u0441\u0442\u0438\u043d\u043e\u0439 \u043d\u0430 \u043d\u043e\u0432\u044b\u0439 \u0443\u0440\u043e\u0432\u0435\u043d\u044c \u0441 \u0436\u0443\u0440\u043d\u0430\u043b\u044c\u043d\u044b\u043c \u0441\u0442\u043e\u043b\u0438\u043a\u043e\u043c Pozzi POZT01. \u0415\u0433\u043e \u0443\u043d\u0438\u043a\u0430\u043b\u044c\u043d\u043e\u0435 \u0441\u043e\u0447\u0435\u0442\u0430\u043d\u0438\u0435 \u0441\u0435\u0440\u043e-\u0437\u0435\u043b\u0435\u043d\u043e\u0433\u043e \u0446\u0432\u0435\u0442\u0430 \u0438 \u0434\u0443\u0431\u0430 Coast Evoke \u0434\u043e\u0431\u0430\u0432\u043b\u044f\u0435\u0442 \u0442\u0435\u043f\u043b\u0430 \u0438 \u0441\u043e\u0432\u0440\u0435\u043c\u0435\u043d\u043d\u043e\u0433\u043e \u0441\u0442\u0438\u043b\u044f. \u042d\u0442\u043e \u0438\u0434\u0435\u0430\u043b\u044c\u043d\u044b\u0439 \u0432\u044b\u0431\u043e\u0440 \u0434\u043b\u044f \u0442\u0435\u0445, \u043a\u0442\u043e \u0446\u0435\u043d\u0438\u0442 \u0438\u0437\u044b\u0441\u043a\u0430\u043d\u043d\u044b\u0439 \u0434\u0438\u0437\u0430\u0439\u043d \u0432 \u0441\u043e\u0447\u0435\u0442\u0430\u043d\u0438\u0438 \u0441 \u043f\u0440\u0430\u043a\u0442\u0438\u0447\u043d\u043e\u0441\u0442\u044c\u044e. \u0421\u0442\u0438\u043b\u044c\u043d\u044b\u0439 \u0432\u043d\u0435\u0448\u043d\u0438\u0439 \u0432\u0438\u0434 \u0436\u0443\u0440\u043d\u0430\u043b\u044c\u043d\u043e\u0433\u043e \u0441\u0442\u043e\u043b\u0438\u043a\u0430 Pozzi POZT01 \u0434\u0435\u043b\u0430\u0435\u0442 \u0435\u0433\u043e \u0446\u0435\u043d\u0442\u0440\u0430\u043b\u044c\u043d\u044b\u043c \u044d\u043b\u0435\u043c\u0435\u043d\u0442\u043e\u043c \u043b\u044e\u0431\u043e\u0439 \u0433\u043e\u0441\u0442\u0438\u043d\u043e\u0439. \u041d\u0435\u0436\u043d\u044b\u0439 \u043e\u0442\u0442\u0435\u043d\u043e\u043a \u0441\u0435\u0440\u043e\u0433\u043e \u0433\u0430\u0440\u043c\u043e\u043d\u0438\u0447\u043d\u043e \u0434\u043e\u043f\u043e\u043b\u043d\u044f\u0435\u0442 \u0435\u0441\u0442\u0435\u0441\u0442\u0432\u0435\u043d\u043d\u044b\u0439 \u0432\u0438\u0434 \u0434\u0443\u0431\u043e\u0432\u043e\u0439 \u043e\u0442\u0434\u0435\u043b\u043a\u0438, \u0441\u043e\u0437\u0434\u0430\u0432\u0430\u044f \u0438\u0441\u043a\u043b\u044e\u0447\u0438\u0442\u0435\u043b\u044c\u043d\u043e \u043c\u043e\u0434\u043d\u044b\u0439 \u0438 \u0443\u043d\u0438\u0432\u0435\u0440\u0441\u0430\u043b\u044c\u043d\u044b\u0439 \u043f\u0440\u0435\u0434\u043c\u0435\u0442 \u043c\u0435\u0431\u0435\u043b\u0438. \u042d\u0442\u043e \u0438\u0434\u0435\u0430\u043b\u044c\u043d\u043e\u0435 \u0440\u0435\u0448\u0435\u043d\u0438\u0435 \u0434\u043b\u044f \u0442\u0435\u0445, \u043a\u0442\u043e \u0445\u043e\u0447\u0435\u0442 \u0434\u043e\u0431\u0430\u0432\u0438\u0442\u044c \u044d\u043b\u0435\u0433\u0430\u043d\u0442\u043d\u043e\u0441\u0442\u0438 \u0432 \u0441\u0432\u043e\u0439 \u0438\u043d\u0442\u0435\u0440\u044c\u0435\u0440, \u043d\u0435 \u0436\u0435\u0440\u0442\u0432\u0443\u044f \u043a\u043e\u043c\u0444\u043e\u0440\u0442\u043e\u043c. \u0424\u0443\u043d\u043a\u0446\u0438\u043e\u043d\u0430\u043b\u044c\u043d\u043e\u0441\u0442\u044c \u0436\u0443\u0440\u043d\u0430\u043b\u044c\u043d\u043e\u0433\u043e \u0441\u0442\u043e\u043b\u0438\u043a\u0430 Pozzi POZT01 \u043d\u0435\u0437\u0430\u043c\u0435\u043d\u0438\u043c\u0430 \u0434\u043b\u044f \u043f\u043e\u0432\u0441\u0435\u0434\u043d\u0435\u0432\u043d\u043e\u0433\u043e \u0438\u0441\u043f\u043e\u043b\u044c\u0437\u043e\u0432\u0430\u043d\u0438\u044f. \u0415\u0433\u043e \u043f\u0440\u043e\u0441\u0442\u043e\u0440\u043d\u0430\u044f \u0441\u0442\u043e\u043b\u0435\u0448\u043d\u0438\u0446\u0430 \u043f\u0440\u0435\u0434\u043b\u0430\u0433\u0430\u0435\u0442 \u0434\u043e\u0441\u0442\u0430\u0442\u043e\u0447\u043d\u043e \u043c\u0435\u0441\u0442\u0430 \u0434\u043b\u044f \u0447\u0430\u0448\u0435\u043a \u043a\u043e\u0444\u0435, \u043a\u043d\u0438\u0433, \u0434\u0435\u043a\u043e\u0440\u0430\u0442\u0438\u0432\u043d\u044b\u0445 \u043f\u0440\u0435\u0434\u043c\u0435\u0442\u043e\u0432 \u0438\u043b\u0438 \u0434\u0430\u0436\u0435 \u043d\u043e\u0443\u0442\u0431\u0443\u043a\u0430, \u0447\u0442\u043e \u0434\u0435\u043b\u0430\u0435\u0442 \u0435\u0433\u043e \u043d\u0435\u0437\u0430\u043c\u0435\u043d\u0438\u043c\u044b\u043c \u0441\u043f\u0443\u0442\u043d\u0438\u043a\u043e\u043c \u0434\u043b\u044f \u0432\u0430\u0448\u0438\u0445 \u043c\u043e\u043c\u0435\u043d\u0442\u043e\u0432 \u043e\u0442\u0434\u044b\u0445\u0430. \u041f\u0440\u043e\u0447\u043d\u0430\u044f \u043b\u0430\u043c\u0438\u043d\u0438\u0440\u043e\u0432\u0430\u043d\u043d\u0430\u044f \u0434\u043e\u0441\u043a\u0430 \u043e\u0431\u0435\u0441\u043f\u0435\u0447\u0438\u0432\u0430\u0435\u0442 \u0434\u043e\u043b\u0433\u043e\u0432\u0435\u0447\u043d\u043e\u0441\u0442\u044c \u0438 \u043b\u0435\u0433\u043a\u043e\u0441\u0442\u044c \u0432 \u0443\u0445\u043e\u0434\u0435, \u0433\u0430\u0440\u0430\u043d\u0442\u0438\u0440\u0443\u044f \u0434\u043e\u043b\u0433\u0438\u0435 \u0433\u043e\u0434\u044b \u044d\u043a\u0441\u043f\u043b\u0443\u0430\u0442\u0430\u0446\u0438\u0438.<\/p>","protected":false},"excerpt":{"rendered":"<p>\u0428\u0438\u0440\u0438\u043d\u0430 (\u0441\u043c): 100<br \/>\n\u0412\u044b\u0441\u043e\u0442\u0430 (\u0441\u043c): 41,2<br \/>\n\u0413\u043b\u0443\u0431\u0438\u043d\u0430 (\u0441\u043c): 60<\/p>","protected":false},"featured_media":162746,"comment_status":"open","ping_status":"open","template":"","meta":[],"product_brand":[],"product_cat":[9493,866,4107],"product_tag":[],"class_list":{"0":"post-162745","1":"product","2":"type-product","3":"status-publish","4":"has-post-thumbnail","6":"product_cat-furniture-system-pozzi-wojcik-meble","7":"product_cat-coffee-tables","8":"product_cat-meble-wojcik","10":"first","11":"instock","12":"purchasable","13":"product-type-simple"},"_links":{"self":[{"href":"https:\/\/baldumarket.lt\/ru\/wp-json\/wp\/v2\/product\/162745","targetHints":{"allow":["GET"]}}],"collection":[{"href":"https:\/\/baldumarket.lt\/ru\/wp-json\/wp\/v2\/product"}],"about":[{"href":"https:\/\/baldumarket.lt\/ru\/wp-json\/wp\/v2\/types\/product"}],"replies":[{"embeddable":true,"href":"https:\/\/baldumarket.lt\/ru\/wp-json\/wp\/v2\/comments?post=162745"}],"wp:featuredmedia":[{"embeddable":true,"href":"https:\/\/baldumarket.lt\/ru\/wp-json\/wp\/v2\/media\/162746"}],"wp:attachment":[{"href":"https:\/\/baldumarket.lt\/ru\/wp-json\/wp\/v2\/media?parent=162745"}],"wp:term":[{"taxonomy":"product_brand","embeddable":true,"href":"https:\/\/baldumarket.lt\/ru\/wp-json\/wp\/v2\/product_brand?post=162745"},{"taxonomy":"product_cat","embeddable":true,"href":"https:\/\/baldumarket.lt\/ru\/wp-json\/wp\/v2\/product_cat?post=162745"},{"taxonomy":"product_tag","embeddable":true,"href":"https:\/\/baldumarket.lt\/ru\/wp-json\/wp\/v2\/product_tag?post=162745"}],"curies":[{"name":"WP","href":"https:\/\/api.w.org\/{rel}","templated":true}]}}