{"id":162157,"date":"2025-12-19T12:04:09","date_gmt":"2025-12-19T09:04:09","guid":{"rendered":"https:\/\/baldumarket.lt\/product\/fribo-frik05-szafka-nocna-2s-dab-ribbeck-zloty\/"},"modified":"2026-04-06T19:18:25","modified_gmt":"2026-04-06T16:18:25","slug":"fribo-frik05-szafka-nocna-2s-dab-ribbeck-zloty","status":"publish","type":"product","link":"https:\/\/baldumarket.lt\/ru\/product\/fribo-frik05-szafka-nocna-2s-dab-ribbeck-zloty\/","title":{"rendered":"Fribo FRIK05 \u2013 Dvivietis naktinis staliukas, Ribbek \u0105\u017euolo spalvos, auksin\u0117"},"content":{"rendered":"<p>\u041e\u0449\u0443\u0442\u0438\u0442\u0435 \u0432\u043e\u043b\u0448\u0435\u0431\u0441\u0442\u0432\u043e \u0443\u044e\u0442\u043d\u043e\u0439 \u0441\u043f\u0430\u043b\u044c\u043d\u0438 \u0441 \u043f\u0440\u0438\u043a\u0440\u043e\u0432\u0430\u0442\u043d\u043e\u0439 \u0442\u0443\u043c\u0431\u043e\u0447\u043a\u043e\u0439 Fribo FRIK05 \u0438\u0437 \u0437\u043e\u043b\u043e\u0442\u0438\u0441\u0442\u043e\u0433\u043e \u0434\u0443\u0431\u0430 Ribbeck. \u0418\u0441\u043a\u043b\u044e\u0447\u0438\u0442\u0435\u043b\u044c\u043d\u043e \u0441\u0442\u0438\u043b\u044c\u043d\u044b\u0439 \u0438 \u043f\u0440\u0430\u043a\u0442\u0438\u0447\u043d\u044b\u0439 \u043f\u0440\u0435\u0434\u043c\u0435\u0442 \u043c\u0435\u0431\u0435\u043b\u0438, \u0438\u0434\u0435\u0430\u043b\u044c\u043d\u043e \u043f\u043e\u0434\u0445\u043e\u0434\u044f\u0449\u0438\u0439 \u0434\u043b\u044f \u0441\u043e\u0432\u0440\u0435\u043c\u0435\u043d\u043d\u043e\u0433\u043e \u0438\u043d\u0442\u0435\u0440\u044c\u0435\u0440\u0430, \u0433\u0434\u0435 \u0432\u0430\u0436\u043d\u0430 \u043a\u0430\u0436\u0434\u0430\u044f \u0434\u0435\u0442\u0430\u043b\u044c. \u0421\u0431\u0430\u043b\u0430\u043d\u0441\u0438\u0440\u043e\u0432\u0430\u043d\u043d\u044b\u0435 \u043f\u0440\u043e\u043f\u043e\u0440\u0446\u0438\u0438 40 \u0441\u043c \u0432 \u0448\u0438\u0440\u0438\u043d\u0443, 51,8 \u0441\u043c \u0432 \u0432\u044b\u0441\u043e\u0442\u0443 \u0438 40 \u0441\u043c \u0432 \u0433\u043b\u0443\u0431\u0438\u043d\u0443 \u0434\u0435\u043b\u0430\u044e\u0442 Fribo FRIK05 \u0438\u0434\u0435\u0430\u043b\u044c\u043d\u044b\u043c \u0434\u043e\u043f\u043e\u043b\u043d\u0435\u043d\u0438\u0435\u043c \u043a \u043f\u0440\u0438\u043a\u0440\u043e\u0432\u0430\u0442\u043d\u043e\u0439 \u0442\u0443\u043c\u0431\u043e\u0447\u043a\u0435, \u043f\u0440\u0435\u0434\u043b\u0430\u0433\u0430\u044f \u043f\u0440\u0438 \u044d\u0442\u043e\u043c \u0434\u043e\u0441\u0442\u0430\u0442\u043e\u0447\u043d\u043e \u043c\u0435\u0441\u0442\u0430 \u0434\u043b\u044f \u0432\u0441\u0435\u0433\u043e \u043d\u0435\u043e\u0431\u0445\u043e\u0434\u0438\u043c\u043e\u0433\u043e \u0434\u043b\u044f \u0441\u043d\u0430. \u041e\u0442\u043a\u0440\u043e\u0439\u0442\u0435 \u0434\u043b\u044f \u0441\u0435\u0431\u044f \u043f\u0440\u0435\u0438\u043c\u0443\u0449\u0435\u0441\u0442\u0432\u0430 \u0445\u0440\u0430\u043d\u0435\u043d\u0438\u044f \u0432\u0435\u0449\u0435\u0439 \u0432 \u043f\u0440\u0438\u043a\u0440\u043e\u0432\u0430\u0442\u043d\u043e\u0439 \u0442\u0443\u043c\u0431\u043e\u0447\u043a\u0435 FRIK05 \u2013 \u043e\u0441\u043d\u0430\u0449\u0435\u043d\u043d\u0430\u044f \u0434\u0432\u0443\u043c\u044f \u043f\u0440\u043e\u0441\u0442\u043e\u0440\u043d\u044b\u043c\u0438 \u044f\u0449\u0438\u043a\u0430\u043c\u0438, \u043e\u043d\u0430 \u043f\u0440\u0435\u0434\u043e\u0441\u0442\u0430\u0432\u043b\u044f\u0435\u0442 \u0431\u043e\u043b\u0435\u0435 \u0447\u0435\u043c \u0434\u043e\u0441\u0442\u0430\u0442\u043e\u0447\u043d\u043e \u043c\u0435\u0441\u0442\u0430 \u0434\u043b\u044f \u043a\u043d\u0438\u0433, \u043e\u0447\u043a\u043e\u0432 \u0438 \u0434\u0430\u0436\u0435 \u043c\u0435\u043b\u043a\u0438\u0445 \u0430\u043a\u0441\u0435\u0441\u0441\u0443\u0430\u0440\u043e\u0432. \u0412\u044b\u0434\u0432\u0438\u0436\u043d\u044b\u0435 \u043d\u0430\u043f\u0440\u0430\u0432\u043b\u044f\u044e\u0449\u0438\u0435 \u043e\u0431\u0435\u0441\u043f\u0435\u0447\u0438\u0432\u0430\u044e\u0442 \u0447\u0440\u0435\u0437\u0432\u044b\u0447\u0430\u0439\u043d\u043e \u043b\u0435\u0433\u043a\u0438\u0439 \u0434\u043e\u0441\u0442\u0443\u043f \u043a \u0445\u0440\u0430\u043d\u044f\u0449\u0438\u043c\u0441\u044f \u043f\u0440\u0435\u0434\u043c\u0435\u0442\u0430\u043c. \u0411\u043e\u043b\u044c\u0448\u0435 \u043d\u0435 \u043d\u0443\u0436\u043d\u043e \u0438\u0441\u043a\u0430\u0442\u044c \u0444\u043e\u043d\u0430\u0440\u0438\u043a \u0432 \u0442\u0435\u043c\u043d\u043e\u0442\u0435 \u2013 \u0432\u0441\u0435 \u043f\u043e\u0434 \u0440\u0443\u043a\u043e\u0439 \u0432 \u043e\u0440\u0433\u0430\u043d\u0438\u0437\u043e\u0432\u0430\u043d\u043d\u043e\u043c \u0438 \u043b\u0435\u0433\u043a\u043e\u0434\u043e\u0441\u0442\u0443\u043f\u043d\u043e\u043c \u043c\u0435\u0441\u0442\u0435. \u0423\u043d\u0438\u043a\u0430\u043b\u044c\u043d\u0430\u044f \u044d\u0441\u0442\u0435\u0442\u0438\u043a\u0430 \u044d\u0442\u043e\u0439 \u043f\u0440\u0438\u043a\u0440\u043e\u0432\u0430\u0442\u043d\u043e\u0439 \u0442\u0443\u043c\u0431\u043e\u0447\u043a\u0438, \u043d\u0435\u0441\u043e\u043c\u043d\u0435\u043d\u043d\u043e, \u0434\u043e\u0431\u0430\u0432\u0438\u0442 \u043e\u0447\u0430\u0440\u043e\u0432\u0430\u043d\u0438\u044f \u043b\u044e\u0431\u043e\u0439 \u0441\u043f\u0430\u043b\u044c\u043d\u0435. \u0417\u043e\u043b\u043e\u0442\u0438\u0441\u0442\u044b\u0435 \u043e\u0442\u0442\u0435\u043d\u043a\u0438 \u0434\u0443\u0431\u0430 Ribbeck \u0438\u0434\u0435\u0430\u043b\u044c\u043d\u043e \u0434\u043e\u043f\u043e\u043b\u043d\u044f\u044e\u0442 \u0440\u0430\u0437\u043b\u0438\u0447\u043d\u044b\u0435 \u0446\u0432\u0435\u0442\u043e\u0432\u044b\u0435 \u043f\u0430\u043b\u0438\u0442\u0440\u044b, \u043f\u0440\u0438\u0432\u043d\u043e\u0441\u044f \u0442\u0435\u043f\u043b\u043e \u0438 \u0435\u0441\u0442\u0435\u0441\u0442\u0432\u0435\u043d\u043d\u043e\u0441\u0442\u044c \u0432 \u0438\u043d\u0442\u0435\u0440\u044c\u0435\u0440. \u041b\u0430\u043c\u0438\u043d\u0438\u0440\u043e\u0432\u0430\u043d\u043d\u0430\u044f \u043f\u043b\u0438\u0442\u0430 \u043d\u0435 \u0442\u043e\u043b\u044c\u043a\u043e \u043a\u0440\u0430\u0441\u0438\u0432\u0430, \u043d\u043e \u0438 \u0434\u043e\u043b\u0433\u043e\u0432\u0435\u0447\u043d\u0430, \u0430 \u0442\u0430\u043a\u0436\u0435 \u043b\u0435\u0433\u043a\u043e \u0447\u0438\u0441\u0442\u0438\u0442\u0441\u044f, \u0433\u0430\u0440\u0430\u043d\u0442\u0438\u0440\u0443\u044f, \u0447\u0442\u043e \u0448\u043a\u0430\u0444 \u0441\u043e\u0445\u0440\u0430\u043d\u0438\u0442 \u0441\u0432\u043e\u0439 \u043f\u0435\u0440\u0432\u043e\u0437\u0434\u0430\u043d\u043d\u044b\u0439 \u0432\u0438\u0434 \u043d\u0430 \u0434\u043e\u043b\u0433\u043e\u0435 \u0432\u0440\u0435\u043c\u044f.<\/p>","protected":false},"excerpt":{"rendered":"<p>\u0428\u0438\u0440\u0438\u043d\u0430 (\u0441\u043c): 40<br \/>\n\u0412\u044b\u0441\u043e\u0442\u0430 (\u0441\u043c): 51,8<br \/>\n\u0413\u043b\u0443\u0431\u0438\u043d\u0430 (\u0441\u043c): 40<\/p>","protected":false},"featured_media":162158,"comment_status":"open","ping_status":"open","template":"","meta":[],"product_brand":[],"product_cat":[9481,1176,4107],"product_tag":[],"class_list":{"0":"post-162157","1":"product","2":"type-product","3":"status-publish","4":"has-post-thumbnail","6":"product_cat-furniture-system-fribo-wojcik-meble","7":"product_cat-bedside-tables","8":"product_cat-meble-wojcik","10":"first","11":"instock","12":"purchasable","13":"product-type-simple"},"_links":{"self":[{"href":"https:\/\/baldumarket.lt\/ru\/wp-json\/wp\/v2\/product\/162157","targetHints":{"allow":["GET"]}}],"collection":[{"href":"https:\/\/baldumarket.lt\/ru\/wp-json\/wp\/v2\/product"}],"about":[{"href":"https:\/\/baldumarket.lt\/ru\/wp-json\/wp\/v2\/types\/product"}],"replies":[{"embeddable":true,"href":"https:\/\/baldumarket.lt\/ru\/wp-json\/wp\/v2\/comments?post=162157"}],"wp:featuredmedia":[{"embeddable":true,"href":"https:\/\/baldumarket.lt\/ru\/wp-json\/wp\/v2\/media\/162158"}],"wp:attachment":[{"href":"https:\/\/baldumarket.lt\/ru\/wp-json\/wp\/v2\/media?parent=162157"}],"wp:term":[{"taxonomy":"product_brand","embeddable":true,"href":"https:\/\/baldumarket.lt\/ru\/wp-json\/wp\/v2\/product_brand?post=162157"},{"taxonomy":"product_cat","embeddable":true,"href":"https:\/\/baldumarket.lt\/ru\/wp-json\/wp\/v2\/product_cat?post=162157"},{"taxonomy":"product_tag","embeddable":true,"href":"https:\/\/baldumarket.lt\/ru\/wp-json\/wp\/v2\/product_tag?post=162157"}],"curies":[{"name":"WP","href":"https:\/\/api.w.org\/{rel}","templated":true}]}}