{"id":161812,"date":"2025-12-19T01:55:18","date_gmt":"2025-12-18T22:55:18","guid":{"rendered":"https:\/\/baldumarket.lt\/product\/frida-s3d-szafa-3-drzwiowa-shirin-walnut\/"},"modified":"2026-04-12T12:57:26","modified_gmt":"2026-04-12T09:57:26","slug":"frida-s3d-szafa-3-drzwiowa-shirin-walnut","status":"publish","type":"product","link":"https:\/\/baldumarket.lt\/ru\/product\/frida-s3d-szafa-3-drzwiowa-shirin-walnut\/","title":{"rendered":"\u0424\u0440\u0438\u0434\u0430 S3D \u2013 \u0428\u0438\u0440\u0438\u043d rie\u0161utmed\u017eio 3 dur\u0173 spinta"},"content":{"rendered":"<p>\u041e\u0442\u043a\u0440\u043e\u0439\u0442\u0435 \u0434\u043b\u044f \u0441\u0435\u0431\u044f \u043d\u0435\u043e\u0431\u044b\u043a\u043d\u043e\u0432\u0435\u043d\u043d\u0443\u044e \u044d\u043b\u0435\u0433\u0430\u043d\u0442\u043d\u043e\u0441\u0442\u044c \u0438 \u0444\u0443\u043d\u043a\u0446\u0438\u043e\u043d\u0430\u043b\u044c\u043d\u043e\u0441\u0442\u044c \u0441 \u0442\u0440\u0435\u0445\u0434\u0432\u0435\u0440\u043d\u044b\u043c \u0448\u043a\u0430\u0444\u043e\u043c Frida S3D \u0432 \u0446\u0432\u0435\u0442\u0435 *Shirin Walnut* \u043e\u0442 \u0438\u0437\u0432\u0435\u0441\u0442\u043d\u043e\u0433\u043e \u0431\u0440\u0435\u043d\u0434\u0430 Ga\u0142a Meble. \u042d\u0442\u043e\u0442 \u0448\u043a\u0430\u0444 \u0438\u0434\u0435\u0430\u043b\u044c\u043d\u043e \u043f\u043e\u0434\u043e\u0439\u0434\u0435\u0442 \u0442\u0435\u043c, \u043a\u0442\u043e \u0446\u0435\u043d\u0438\u0442 \u043a\u043b\u0430\u0441\u0441\u0438\u0447\u0435\u0441\u043a\u0438\u0439 \u0434\u0438\u0437\u0430\u0439\u043d \u0438 \u0441\u043e\u0432\u0440\u0435\u043c\u0435\u043d\u043d\u044b\u0435 \u0430\u043a\u0446\u0435\u043d\u0442\u044b. \u0411\u043b\u0430\u0433\u043e\u0434\u0430\u0440\u044f \u0433\u0430\u0440\u043c\u043e\u043d\u0438\u0447\u043d\u043e\u043c\u0443 \u0441\u043e\u0447\u0435\u0442\u0430\u043d\u0438\u044e \u0434\u0440\u0435\u0432\u0435\u0441\u043d\u044b\u0445 \u043e\u0442\u0442\u0435\u043d\u043a\u043e\u0432 \u0438 \u0447\u0435\u0440\u043d\u043e\u0439 \u043e\u0442\u0434\u0435\u043b\u043a\u0438, \u0448\u043a\u0430\u0444 Frida S3D \u043f\u0440\u0438\u0432\u043d\u0435\u0441\u0435\u0442 \u0432 \u0432\u0430\u0448 \u0438\u043d\u0442\u0435\u0440\u044c\u0435\u0440 \u043d\u0435\u043f\u043e\u0432\u0442\u043e\u0440\u0438\u043c\u044b\u0439 \u0441\u0442\u0438\u043b\u044c \u0438 \u0443\u0442\u043e\u043d\u0447\u0435\u043d\u043d\u0443\u044e \u044d\u043b\u0435\u0433\u0430\u043d\u0442\u043d\u043e\u0441\u0442\u044c.<\/p>\n<p>\u0418\u0437\u0433\u043e\u0442\u043e\u0432\u043b\u0435\u043d\u043d\u044b\u0439 \u0438\u0437 \u0432\u044b\u0441\u043e\u043a\u043e\u043a\u0430\u0447\u0435\u0441\u0442\u0432\u0435\u043d\u043d\u043e\u0439 \u043b\u0430\u043c\u0438\u043d\u0438\u0440\u043e\u0432\u0430\u043d\u043d\u043e\u0439 \u043f\u043b\u0438\u0442\u044b, \u0448\u043a\u0430\u0444 Frida S3D \u043e\u0442\u043b\u0438\u0447\u0430\u0435\u0442\u0441\u044f \u043d\u0435 \u0442\u043e\u043b\u044c\u043a\u043e \u044d\u0441\u0442\u0435\u0442\u0438\u0447\u0435\u0441\u043a\u043e\u0439 \u043f\u0440\u0438\u0432\u043b\u0435\u043a\u0430\u0442\u0435\u043b\u044c\u043d\u043e\u0441\u0442\u044c\u044e, \u043d\u043e \u0438 \u0438\u0441\u043a\u043b\u044e\u0447\u0438\u0442\u0435\u043b\u044c\u043d\u043e\u0439 \u0434\u043e\u043b\u0433\u043e\u0432\u0435\u0447\u043d\u043e\u0441\u0442\u044c\u044e. \u0423\u0441\u0442\u043e\u0439\u0447\u0438\u0432\u043e\u0441\u0442\u044c \u043a \u043f\u043e\u0432\u0440\u0435\u0436\u0434\u0435\u043d\u0438\u044f\u043c \u0438 \u0446\u0430\u0440\u0430\u043f\u0438\u043d\u0430\u043c \u0433\u0430\u0440\u0430\u043d\u0442\u0438\u0440\u0443\u0435\u0442, \u0447\u0442\u043e \u043e\u043d \u0431\u0443\u0434\u0435\u0442 \u0432\u044b\u0433\u043b\u044f\u0434\u0435\u0442\u044c \u043a\u0430\u043a \u043d\u043e\u0432\u044b\u0439 \u0434\u043e\u043b\u0433\u0438\u0435 \u0433\u043e\u0434\u044b. \u042d\u043b\u0435\u0433\u0430\u043d\u0442\u043d\u044b\u0439 \u0446\u0432\u0435\u0442 \u00ab\u041e\u0440\u0435\u0445 \u0428\u0438\u0440\u0438\u043d\u00bb \u0434\u0435\u043b\u0430\u0435\u0442 \u0448\u043a\u0430\u0444 \u0438\u0434\u0435\u0430\u043b\u044c\u043d\u044b\u043c \u0434\u043e\u043f\u043e\u043b\u043d\u0435\u043d\u0438\u0435\u043c \u043a \u0440\u0430\u0437\u043b\u0438\u0447\u043d\u044b\u043c \u0438\u043d\u0442\u0435\u0440\u044c\u0435\u0440\u0430\u043c, \u0434\u043e\u0431\u0430\u0432\u043b\u044f\u044f \u0442\u0435\u043f\u043b\u0430 \u0438 \u0438\u043d\u0434\u0438\u0432\u0438\u0434\u0443\u0430\u043b\u044c\u043d\u043e\u0441\u0442\u0438.<\/p>\n<p>\u0428\u043a\u0430\u0444 Frida S3D \u043d\u0435 \u0442\u043e\u043b\u044c\u043a\u043e \u043a\u0440\u0430\u0441\u0438\u0432, \u043d\u043e \u0438 \u0447\u0440\u0435\u0437\u0432\u044b\u0447\u0430\u0439\u043d\u043e \u043f\u0440\u0430\u043a\u0442\u0438\u0447\u0435\u043d. \u0412\u043d\u0443\u0442\u0440\u0435\u043d\u043d\u0435\u0435 \u043f\u0440\u043e\u0441\u0442\u0440\u0430\u043d\u0441\u0442\u0432\u043e \u0440\u0430\u0437\u0440\u0430\u0431\u043e\u0442\u0430\u043d\u043e \u0441 \u0443\u0447\u0435\u0442\u043e\u043c \u043c\u0430\u043a\u0441\u0438\u043c\u0430\u043b\u044c\u043d\u043e\u0439 \u0444\u0443\u043d\u043a\u0446\u0438\u043e\u043d\u0430\u043b\u044c\u043d\u043e\u0441\u0442\u0438 \u2013 \u043e\u043d \u0432\u043a\u043b\u044e\u0447\u0430\u0435\u0442 \u043f\u044f\u0442\u044c \u043f\u0440\u043e\u0441\u0442\u043e\u0440\u043d\u044b\u0445 \u043f\u043e\u043b\u043e\u043a \u0438 \u0432\u0435\u0448\u0430\u043b\u043a\u0443 \u0434\u043b\u044f \u043e\u0434\u0435\u0436\u0434\u044b. \u042d\u0442\u043e \u043f\u043e\u0437\u0432\u043e\u043b\u044f\u0435\u0442 \u043b\u0435\u0433\u043a\u043e \u043f\u043e\u0434\u0434\u0435\u0440\u0436\u0438\u0432\u0430\u0442\u044c \u043f\u043e\u0440\u044f\u0434\u043e\u043a \u0438 \u0434\u0435\u0440\u0436\u0430\u0442\u044c \u0432\u0441\u0435 \u043d\u0435\u043e\u0431\u0445\u043e\u0434\u0438\u043c\u043e\u0435 \u043f\u043e\u0434 \u0440\u0443\u043a\u043e\u0439. \u041a\u043e\u043d\u0441\u0442\u0440\u0443\u043a\u0446\u0438\u044f \u0432\u044b\u0441\u043e\u0442\u043e\u0439 201 \u0441\u043c \u0438 \u0448\u0438\u0440\u0438\u043d\u043e\u0439 135 \u0441\u043c \u0432\u043c\u0435\u0449\u0430\u0435\u0442 \u0431\u043e\u043b\u044c\u0448\u043e\u0435 \u043a\u043e\u043b\u0438\u0447\u0435\u0441\u0442\u0432\u043e \u043e\u0434\u0435\u0436\u0434\u044b \u0438 \u0430\u043a\u0441\u0435\u0441\u0441\u0443\u0430\u0440\u043e\u0432, \u0438\u0434\u0435\u0430\u043b\u044c\u043d\u043e \u0432\u043f\u0438\u0441\u044b\u0432\u0430\u044f\u0441\u044c \u0432 \u043b\u044e\u0431\u043e\u0439 \u0438\u043d\u0442\u0435\u0440\u044c\u0435\u0440.<\/p>\n<p>\u0427\u0435\u0440\u043d\u044b\u0435 \u043f\u043b\u0430\u0441\u0442\u0438\u043a\u043e\u0432\u044b\u0435 \u0440\u0443\u0447\u043a\u0438 \u0438 \u043d\u043e\u0436\u043a\u0438 \u043f\u0440\u0438\u0434\u0430\u044e\u0442 \u0441\u043e\u0432\u0440\u0435\u043c\u0435\u043d\u043d\u044b\u0439 \u0432\u0438\u0434 \u0438 \u043e\u0431\u043b\u0435\u0433\u0447\u0430\u044e\u0442 \u043f\u043e\u0432\u0441\u0435\u0434\u043d\u0435\u0432\u043d\u043e\u0435 \u0438\u0441\u043f\u043e\u043b\u044c\u0437\u043e\u0432\u0430\u043d\u0438\u0435. \u041d\u043e\u0436\u043a\u0438 \u0432\u044b\u0441\u043e\u0442\u043e\u0439 12 \u0441\u043c \u043e\u0431\u0435\u0441\u043f\u0435\u0447\u0438\u0432\u0430\u044e\u0442 \u0443\u0441\u0442\u043e\u0439\u0447\u0438\u0432\u043e\u0441\u0442\u044c \u0438 \u0441\u043e\u0437\u0434\u0430\u044e\u0442 \u043e\u0449\u0443\u0449\u0435\u043d\u0438\u0435 \u043b\u0435\u0433\u043a\u043e\u0441\u0442\u0438 \u0438 \u043f\u0440\u0438\u043f\u043e\u0434\u043d\u044f\u0442\u043e\u0441\u0442\u0438, \u0447\u0442\u043e \u0434\u0435\u043b\u0430\u0435\u0442 \u0438\u0437\u0434\u0435\u043b\u0438\u0435 \u0435\u0449\u0435 \u0431\u043e\u043b\u0435\u0435 \u043f\u0440\u0438\u0432\u043b\u0435\u043a\u0430\u0442\u0435\u043b\u044c\u043d\u044b\u043c. \u0421\u0431\u043e\u0440\u043a\u0430 \u043f\u0440\u043e\u0441\u0442\u0430 \u0438 \u0438\u043d\u0442\u0443\u0438\u0442\u0438\u0432\u043d\u043e \u043f\u043e\u043d\u044f\u0442\u043d\u0430, \u0447\u0442\u043e \u043f\u043e\u0437\u0432\u043e\u043b\u044f\u0435\u0442 \u0431\u044b\u0441\u0442\u0440\u043e \u0438 \u043b\u0435\u0433\u043a\u043e \u0441\u043e\u0431\u0440\u0430\u0442\u044c \u0435\u0433\u043e \u0441\u0430\u043c\u043e\u0441\u0442\u043e\u044f\u0442\u0435\u043b\u044c\u043d\u043e.<\/p>\n<p>Frida S3D \u2014 \u0438\u0434\u0435\u0430\u043b\u044c\u043d\u044b\u0439 \u0432\u044b\u0431\u043e\u0440 \u0434\u043b\u044f \u043b\u044e\u0431\u043e\u0439 \u0441\u043f\u0430\u043b\u044c\u043d\u0438, \u043f\u0440\u0438\u0445\u043e\u0436\u0435\u0439 \u0438\u043b\u0438 \u0433\u0430\u0440\u0434\u0435\u0440\u043e\u0431\u043d\u043e\u0439. \u0413\u0430\u0440\u043c\u043e\u043d\u0438\u0447\u043d\u044b\u0439 \u0434\u0438\u0437\u0430\u0439\u043d \u0438 \u0432\u044b\u0441\u043e\u043a\u0430\u044f \u0444\u0443\u043d\u043a\u0446\u0438\u043e\u043d\u0430\u043b\u044c\u043d\u043e\u0441\u0442\u044c \u0443\u0434\u043e\u0432\u043b\u0435\u0442\u0432\u043e\u0440\u044f\u0442 \u0434\u0430\u0436\u0435 \u0441\u0430\u043c\u044b\u0445 \u0432\u0437\u044b\u0441\u043a\u0430\u0442\u0435\u043b\u044c\u043d\u044b\u0445 \u043f\u043e\u043a\u0443\u043f\u0430\u0442\u0435\u043b\u0435\u0439. \u041f\u043e\u0431\u0430\u043b\u0443\u0439\u0442\u0435 \u0441\u0435\u0431\u044f \u0440\u043e\u0441\u043a\u043e\u0448\u044c\u044e \u0438 \u043f\u0440\u0435\u0432\u0440\u0430\u0442\u0438\u0442\u0435 \u0441\u0432\u043e\u0439 \u0438\u043d\u0442\u0435\u0440\u044c\u0435\u0440 \u0432 \u0443\u044e\u0442\u043d\u043e\u0435 \u0438 \u0441\u0442\u0438\u043b\u044c\u043d\u043e\u0435 \u043f\u0440\u043e\u0441\u0442\u0440\u0430\u043d\u0441\u0442\u0432\u043e.<\/p>","protected":false},"excerpt":{"rendered":"<p>\u0428\u0438\u0440\u0438\u043d\u0430 (\u0441\u043c): 135<br \/>\n\u0412\u044b\u0441\u043e\u0442\u0430 (\u0441\u043c): 201<br \/>\n\u0413\u043b\u0443\u0431\u0438\u043d\u0430 (\u0441\u043c): 50,5<\/p>","protected":false},"featured_media":161813,"comment_status":"open","ping_status":"open","template":"","meta":[],"product_brand":[],"product_cat":[9452,4106,1177],"product_tag":[],"class_list":{"0":"post-161812","1":"product","2":"type-product","3":"status-publish","4":"has-post-thumbnail","6":"product_cat-furniture-system-frida-gala-meble","7":"product_cat-gala-meble","8":"product_cat-wardrobes","10":"first","11":"instock","12":"purchasable","13":"product-type-simple"},"_links":{"self":[{"href":"https:\/\/baldumarket.lt\/ru\/wp-json\/wp\/v2\/product\/161812","targetHints":{"allow":["GET"]}}],"collection":[{"href":"https:\/\/baldumarket.lt\/ru\/wp-json\/wp\/v2\/product"}],"about":[{"href":"https:\/\/baldumarket.lt\/ru\/wp-json\/wp\/v2\/types\/product"}],"replies":[{"embeddable":true,"href":"https:\/\/baldumarket.lt\/ru\/wp-json\/wp\/v2\/comments?post=161812"}],"wp:featuredmedia":[{"embeddable":true,"href":"https:\/\/baldumarket.lt\/ru\/wp-json\/wp\/v2\/media\/161813"}],"wp:attachment":[{"href":"https:\/\/baldumarket.lt\/ru\/wp-json\/wp\/v2\/media?parent=161812"}],"wp:term":[{"taxonomy":"product_brand","embeddable":true,"href":"https:\/\/baldumarket.lt\/ru\/wp-json\/wp\/v2\/product_brand?post=161812"},{"taxonomy":"product_cat","embeddable":true,"href":"https:\/\/baldumarket.lt\/ru\/wp-json\/wp\/v2\/product_cat?post=161812"},{"taxonomy":"product_tag","embeddable":true,"href":"https:\/\/baldumarket.lt\/ru\/wp-json\/wp\/v2\/product_tag?post=161812"}],"curies":[{"name":"WP","href":"https:\/\/api.w.org\/{rel}","templated":true}]}}