{"id":161108,"date":"2025-12-19T01:32:48","date_gmt":"2025-12-18T22:32:48","guid":{"rendered":"https:\/\/baldumarket.lt\/product\/montana-lefkas-p1-polka-wiszaca-dab-lefkas\/"},"modified":"2026-02-08T11:47:49","modified_gmt":"2026-02-08T08:47:49","slug":"montana-lefkas-p1-polka-wiszaca-dab-lefkas","status":"publish","type":"product","link":"https:\/\/baldumarket.lt\/ru\/product\/montana-lefkas-p1-polka-wiszaca-dab-lefkas\/","title":{"rendered":"MONTANA LEFKAS P1 &#8211; Lefkas \u0105\u017euolin\u0117 pakabinama lentyna"},"content":{"rendered":"","protected":false},"excerpt":{"rendered":"<p>\u0412\u044b\u0441\u043e\u0442\u0430 (\u0441\u043c): 20<br \/>\n\u0428\u0438\u0440\u0438\u043d\u0430 (\u0441\u043c): 130<br \/>\n\u0413\u043b\u0443\u0431\u0438\u043d\u0430 (\u0441\u043c): 19<\/p>","protected":false},"featured_media":161109,"comment_status":"open","ping_status":"open","template":"","meta":[],"product_brand":[],"product_cat":[9455,4106,1174],"product_tag":[],"class_list":{"0":"post-161108","1":"product","2":"type-product","3":"status-publish","4":"has-post-thumbnail","6":"product_cat-furniture-system-montana-gala-meble","7":"product_cat-gala-meble","8":"product_cat-hanging-shelves","10":"first","11":"instock","12":"purchasable","13":"product-type-simple"},"_links":{"self":[{"href":"https:\/\/baldumarket.lt\/ru\/wp-json\/wp\/v2\/product\/161108","targetHints":{"allow":["GET"]}}],"collection":[{"href":"https:\/\/baldumarket.lt\/ru\/wp-json\/wp\/v2\/product"}],"about":[{"href":"https:\/\/baldumarket.lt\/ru\/wp-json\/wp\/v2\/types\/product"}],"replies":[{"embeddable":true,"href":"https:\/\/baldumarket.lt\/ru\/wp-json\/wp\/v2\/comments?post=161108"}],"wp:featuredmedia":[{"embeddable":true,"href":"https:\/\/baldumarket.lt\/ru\/wp-json\/wp\/v2\/media\/161109"}],"wp:attachment":[{"href":"https:\/\/baldumarket.lt\/ru\/wp-json\/wp\/v2\/media?parent=161108"}],"wp:term":[{"taxonomy":"product_brand","embeddable":true,"href":"https:\/\/baldumarket.lt\/ru\/wp-json\/wp\/v2\/product_brand?post=161108"},{"taxonomy":"product_cat","embeddable":true,"href":"https:\/\/baldumarket.lt\/ru\/wp-json\/wp\/v2\/product_cat?post=161108"},{"taxonomy":"product_tag","embeddable":true,"href":"https:\/\/baldumarket.lt\/ru\/wp-json\/wp\/v2\/product_tag?post=161108"}],"curies":[{"name":"WP","href":"https:\/\/api.w.org\/{rel}","templated":true}]}}