{"id":161088,"date":"2025-12-19T01:32:09","date_gmt":"2025-12-18T22:32:09","guid":{"rendered":"https:\/\/baldumarket.lt\/product\/montana-lefkas-s3d-szafa-3-drzwiowa-dab-lefkas\/"},"modified":"2026-02-08T11:47:57","modified_gmt":"2026-02-08T08:47:57","slug":"montana-lefkas-s3d-szafa-3-drzwiowa-dab-lefkas","status":"publish","type":"product","link":"https:\/\/baldumarket.lt\/ru\/product\/montana-lefkas-s3d-szafa-3-drzwiowa-dab-lefkas\/","title":{"rendered":"MONTANA LEFKAS S3D &#8211; 3 dur\u0173 spinta Lefkas \u0105\u017euolas"},"content":{"rendered":"","protected":false},"excerpt":{"rendered":"<p>\u0412\u044b\u0441\u043e\u0442\u0430 (\u0441\u043c): 197<br \/>\n\u0428\u0438\u0440\u0438\u043d\u0430 (\u0441\u043c): 166<br \/>\n\u0413\u043b\u0443\u0431\u0438\u043d\u0430 (\u0441\u043c): 53<\/p>","protected":false},"featured_media":161089,"comment_status":"open","ping_status":"open","template":"","meta":[],"product_brand":[],"product_cat":[9455,4106,1177],"product_tag":[],"class_list":{"0":"post-161088","1":"product","2":"type-product","3":"status-publish","4":"has-post-thumbnail","6":"product_cat-furniture-system-montana-gala-meble","7":"product_cat-gala-meble","8":"product_cat-wardrobes","10":"first","11":"instock","12":"purchasable","13":"product-type-simple"},"_links":{"self":[{"href":"https:\/\/baldumarket.lt\/ru\/wp-json\/wp\/v2\/product\/161088","targetHints":{"allow":["GET"]}}],"collection":[{"href":"https:\/\/baldumarket.lt\/ru\/wp-json\/wp\/v2\/product"}],"about":[{"href":"https:\/\/baldumarket.lt\/ru\/wp-json\/wp\/v2\/types\/product"}],"replies":[{"embeddable":true,"href":"https:\/\/baldumarket.lt\/ru\/wp-json\/wp\/v2\/comments?post=161088"}],"wp:featuredmedia":[{"embeddable":true,"href":"https:\/\/baldumarket.lt\/ru\/wp-json\/wp\/v2\/media\/161089"}],"wp:attachment":[{"href":"https:\/\/baldumarket.lt\/ru\/wp-json\/wp\/v2\/media?parent=161088"}],"wp:term":[{"taxonomy":"product_brand","embeddable":true,"href":"https:\/\/baldumarket.lt\/ru\/wp-json\/wp\/v2\/product_brand?post=161088"},{"taxonomy":"product_cat","embeddable":true,"href":"https:\/\/baldumarket.lt\/ru\/wp-json\/wp\/v2\/product_cat?post=161088"},{"taxonomy":"product_tag","embeddable":true,"href":"https:\/\/baldumarket.lt\/ru\/wp-json\/wp\/v2\/product_tag?post=161088"}],"curies":[{"name":"WP","href":"https:\/\/api.w.org\/{rel}","templated":true}]}}