{"id":160958,"date":"2025-12-19T01:27:48","date_gmt":"2025-12-18T22:27:48","guid":{"rendered":"https:\/\/baldumarket.lt\/product\/prowansja-andersen-s4d-szafa-4-drzwiowa-2-szuflady\/"},"modified":"2026-02-08T12:11:22","modified_gmt":"2026-02-08T09:11:22","slug":"prowansja-andersen-s4d-szafa-4-drzwiowa-2-szuflady","status":"publish","type":"product","link":"https:\/\/baldumarket.lt\/ru\/product\/prowansja-andersen-s4d-szafa-4-drzwiowa-2-szuflady\/","title":{"rendered":"PROWANSJA Andersen S4D &#8211; 4 dur\u0173, 2 stal\u010di\u0173 spinta"},"content":{"rendered":"","protected":false},"excerpt":{"rendered":"<p>\u0412\u044b\u0441\u043e\u0442\u0430 (\u0441\u043c): 198<br \/>\n\u0428\u0438\u0440\u0438\u043d\u0430 (\u0441\u043c): 171<br \/>\n\u0413\u043b\u0443\u0431\u0438\u043d\u0430 (\u0441\u043c): 53<\/p>","protected":false},"featured_media":160959,"comment_status":"open","ping_status":"open","template":"","meta":[],"product_brand":[],"product_cat":[9456,4106,1177],"product_tag":[],"class_list":{"0":"post-160958","1":"product","2":"type-product","3":"status-publish","4":"has-post-thumbnail","6":"product_cat-furniture-system-prowancja-gala-meble","7":"product_cat-gala-meble","8":"product_cat-wardrobes","10":"first","11":"instock","12":"purchasable","13":"product-type-simple"},"_links":{"self":[{"href":"https:\/\/baldumarket.lt\/ru\/wp-json\/wp\/v2\/product\/160958","targetHints":{"allow":["GET"]}}],"collection":[{"href":"https:\/\/baldumarket.lt\/ru\/wp-json\/wp\/v2\/product"}],"about":[{"href":"https:\/\/baldumarket.lt\/ru\/wp-json\/wp\/v2\/types\/product"}],"replies":[{"embeddable":true,"href":"https:\/\/baldumarket.lt\/ru\/wp-json\/wp\/v2\/comments?post=160958"}],"wp:featuredmedia":[{"embeddable":true,"href":"https:\/\/baldumarket.lt\/ru\/wp-json\/wp\/v2\/media\/160959"}],"wp:attachment":[{"href":"https:\/\/baldumarket.lt\/ru\/wp-json\/wp\/v2\/media?parent=160958"}],"wp:term":[{"taxonomy":"product_brand","embeddable":true,"href":"https:\/\/baldumarket.lt\/ru\/wp-json\/wp\/v2\/product_brand?post=160958"},{"taxonomy":"product_cat","embeddable":true,"href":"https:\/\/baldumarket.lt\/ru\/wp-json\/wp\/v2\/product_cat?post=160958"},{"taxonomy":"product_tag","embeddable":true,"href":"https:\/\/baldumarket.lt\/ru\/wp-json\/wp\/v2\/product_tag?post=160958"}],"curies":[{"name":"WP","href":"https:\/\/api.w.org\/{rel}","templated":true}]}}