{"id":157880,"date":"2025-12-18T23:44:34","date_gmt":"2025-12-18T20:44:34","guid":{"rendered":"https:\/\/baldumarket.lt\/product\/szafka-kuchenna-gorna-1-drzwiowa-g60k-linea-grey-szary-mat\/"},"modified":"2026-02-18T11:33:47","modified_gmt":"2026-02-18T08:33:47","slug":"szafka-kuchenna-gorna-1-drzwiowa-g60k-linea-grey-szary-mat","status":"publish","type":"product","link":"https:\/\/baldumarket.lt\/ru\/product\/szafka-kuchenna-gorna-1-drzwiowa-g60k-linea-grey-szary-mat\/","title":{"rendered":"Vir\u0161utin\u0117 vien\u0173 duru virtu\u0117s spintel\u0117 G60K Linea pilkai matin\u0117"},"content":{"rendered":"<p>\u041e\u0442\u043a\u0440\u043e\u0439\u0442\u0435 \u0434\u043b\u044f \u0441\u0435\u0431\u044f \u044d\u043b\u0435\u0433\u0430\u043d\u0442\u043d\u043e\u0441\u0442\u044c \u0438 \u0444\u0443\u043d\u043a\u0446\u0438\u043e\u043d\u0430\u043b\u044c\u043d\u043e\u0441\u0442\u044c \u043d\u0430 \u0432\u0430\u0448\u0435\u0439 \u043a\u0443\u0445\u043d\u0435 \u0441 \u043a\u0443\u0445\u043e\u043d\u043d\u044b\u043c \u0448\u043a\u0430\u0444\u043e\u043c G60K Linea \u0432 \u043d\u0435\u0436\u043d\u043e\u043c \u043c\u0430\u0442\u043e\u0432\u043e\u043c \u0441\u0435\u0440\u043e\u043c \u0446\u0432\u0435\u0442\u0435. \u042d\u0442\u043e\u0442 \u043e\u0434\u043d\u043e\u0442\u043e\u043d\u043d\u044b\u0439 \u0434\u0438\u0437\u0430\u0439\u043d \u043e\u0442 \u0438\u0437\u0432\u0435\u0441\u0442\u043d\u043e\u0433\u043e \u0431\u0440\u0435\u043d\u0434\u0430 Ga\u0142a Meble \u0438\u0434\u0435\u0430\u043b\u044c\u043d\u043e \u0432\u043f\u0438\u0448\u0435\u0442\u0441\u044f \u0432 \u0441\u043e\u0432\u0440\u0435\u043c\u0435\u043d\u043d\u044b\u0435 \u0438\u043d\u0442\u0435\u0440\u044c\u0435\u0440\u044b, \u0434\u043e\u0431\u0430\u0432\u0438\u0432 \u0438\u043c \u0441\u043e\u0432\u0440\u0435\u043c\u0435\u043d\u043d\u044b\u0439 \u0445\u0430\u0440\u0430\u043a\u0442\u0435\u0440 \u0438 \u0441\u0432\u0435\u0436\u0435\u0441\u0442\u044c. \u041d\u0435\u0436\u043d\u044b\u0439 \u0431\u043b\u0435\u0441\u043a \u0441\u0435\u0440\u043e\u0439 \u043f\u0435\u0440\u0435\u0434\u043d\u0435\u0439 \u043f\u0430\u043d\u0435\u043b\u0438 \u0433\u0430\u0440\u043c\u043e\u043d\u0438\u0447\u043d\u043e \u0434\u043e\u043f\u043e\u043b\u043d\u044f\u0435\u0442 \u043c\u0430\u0442\u043e\u0432\u044b\u0439 \u0431\u0435\u043b\u044b\u0439 \u043a\u043e\u0440\u043f\u0443\u0441, \u0441\u043e\u0437\u0434\u0430\u0432\u0430\u044f \u044d\u0444\u0444\u0435\u043a\u0442\u043d\u043e\u0435 \u0441\u043e\u0447\u0435\u0442\u0430\u043d\u0438\u0435, \u043a\u043e\u0442\u043e\u0440\u043e\u0435 \u043f\u0440\u0438\u0432\u043b\u0435\u043a\u0430\u0435\u0442 \u0432\u043d\u0438\u043c\u0430\u043d\u0438\u0435 \u0438 \u043f\u0440\u0438\u0434\u0430\u0435\u0442 \u0438\u043d\u0442\u0435\u0440\u044c\u0435\u0440\u0443 \u043d\u0435\u043f\u043e\u0432\u0442\u043e\u0440\u0438\u043c\u044b\u0439 \u0441\u0442\u0438\u043b\u044c. \u041d\u0435\u0437\u0430\u0432\u0438\u0441\u0438\u043c\u043e \u043e\u0442 \u0440\u0430\u0437\u043c\u0435\u0440\u0430 \u0432\u0430\u0448\u0435\u0439 \u043a\u0443\u0445\u043d\u0438, \u044d\u0442\u043e\u0442 \u043a\u043e\u043c\u043f\u0430\u043a\u0442\u043d\u044b\u0439 \u0448\u043a\u0430\u0444 \u0448\u0438\u0440\u0438\u043d\u043e\u0439 60 \u0441\u043c \u043e\u0431\u044f\u0437\u0430\u0442\u0435\u043b\u044c\u043d\u043e \u043d\u0430\u0439\u0434\u0435\u0442 \u0441\u0432\u043e\u0435 \u043c\u0435\u0441\u0442\u043e \u043d\u0430 \u0441\u0442\u0435\u043d\u0435. \u041f\u0440\u0438 \u0432\u044b\u0441\u043e\u0442\u0435 40 \u0441\u043c \u0438 \u0433\u043b\u0443\u0431\u0438\u043d\u0435 32 \u0441\u043c \u043e\u043d \u043f\u0440\u0435\u0434\u043b\u0430\u0433\u0430\u0435\u0442 \u0434\u043e\u0441\u0442\u0430\u0442\u043e\u0447\u043d\u043e \u043c\u0435\u0441\u0442\u0430 \u0434\u043b\u044f \u0445\u0440\u0430\u043d\u0435\u043d\u0438\u044f \u043d\u0435\u043e\u0431\u0445\u043e\u0434\u0438\u043c\u044b\u0445 \u043a\u0443\u0445\u043e\u043d\u043d\u044b\u0445 \u043f\u0440\u0438\u043d\u0430\u0434\u043b\u0435\u0436\u043d\u043e\u0441\u0442\u0435\u0439, \u043d\u0435 \u043f\u0435\u0440\u0435\u0433\u0440\u0443\u0436\u0430\u044f \u043f\u0440\u043e\u0441\u0442\u0440\u0430\u043d\u0441\u0442\u0432\u043e. \u0415\u0433\u043e \u043f\u0440\u043e\u0434\u0443\u043c\u0430\u043d\u043d\u044b\u0439 \u0434\u0438\u0437\u0430\u0439\u043d \u0438\u0434\u0435\u0430\u043b\u044c\u043d\u043e \u043f\u043e\u0434\u0445\u043e\u0434\u0438\u0442 \u0434\u043b\u044f \u0445\u0440\u0430\u043d\u0435\u043d\u0438\u044f \u0442\u0430\u0440\u0435\u043b\u043e\u043a, \u0441\u043f\u0435\u0446\u0438\u0439 \u0438 \u043c\u0435\u043b\u043a\u0438\u0445 \u043a\u0443\u043b\u0438\u043d\u0430\u0440\u043d\u044b\u0445 \u043f\u0440\u0438\u0441\u043f\u043e\u0441\u043e\u0431\u043b\u0435\u043d\u0438\u0439. \u0428\u043a\u0430\u0444 G60K Linea \u0442\u0430\u043a\u0436\u0435 \u044f\u0432\u043b\u044f\u0435\u0442\u0441\u044f \u0441\u0438\u043d\u043e\u043d\u0438\u043c\u043e\u043c \u043f\u0440\u043e\u0447\u043d\u043e\u0441\u0442\u0438 \u0438 \u0434\u043e\u043b\u0433\u043e\u0432\u0435\u0447\u043d\u043e\u0441\u0442\u0438 \u0431\u043b\u0430\u0433\u043e\u0434\u0430\u0440\u044f \u0438\u0441\u043f\u043e\u043b\u044c\u0437\u043e\u0432\u0430\u043d\u0438\u044e \u0432\u044b\u0441\u043e\u043a\u043e\u043a\u0430\u0447\u0435\u0441\u0442\u0432\u0435\u043d\u043d\u044b\u0445 \u043c\u0430\u0442\u0435\u0440\u0438\u0430\u043b\u043e\u0432, \u0442\u0430\u043a\u0438\u0445 \u043a\u0430\u043a \u041c\u0414\u0424 \u0438 \u043b\u0430\u043c\u0438\u043d\u0438\u0440\u043e\u0432\u0430\u043d\u043d\u0430\u044f \u043f\u043b\u0438\u0442\u0430. \u041c\u0435\u0442\u0430\u043b\u043b\u0438\u0447\u0435\u0441\u043a\u0438\u0435 \u043f\u0435\u0442\u043b\u0438 \u043e\u0431\u0435\u0441\u043f\u0435\u0447\u0438\u0432\u0430\u044e\u0442 \u043f\u043b\u0430\u0432\u043d\u0443\u044e \u0438 \u0431\u0435\u0441\u0448\u0443\u043c\u043d\u0443\u044e \u0440\u0430\u0431\u043e\u0442\u0443, \u0433\u0430\u0440\u0430\u043d\u0442\u0438\u0440\u0443\u044f \u0434\u043e\u043b\u0433\u043e\u0432\u0435\u0447\u043d\u043e\u0441\u0442\u044c \u043c\u0435\u0431\u0435\u043b\u0438. \u042d\u0442\u043e\u0442 \u0444\u0443\u043d\u043a\u0446\u0438\u043e\u043d\u0430\u043b\u044c\u043d\u044b\u0439 \u0448\u043a\u0430\u0444 \u2014 \u0438\u0434\u0435\u0430\u043b\u044c\u043d\u043e\u0435 \u0440\u0435\u0448\u0435\u043d\u0438\u0435 \u0434\u043b\u044f \u0442\u0435\u0445, \u043a\u0442\u043e \u0446\u0435\u043d\u0438\u0442 \u0441\u043e\u0447\u0435\u0442\u0430\u043d\u0438\u0435 \u044d\u0441\u0442\u0435\u0442\u0438\u043a\u0438 \u0438 \u043f\u0440\u0430\u043a\u0442\u0438\u0447\u043d\u043e\u0441\u0442\u0438, \u0436\u0435\u043b\u0430\u044f \u0438\u043c\u0435\u0442\u044c \u0438\u043d\u0442\u0435\u0440\u044c\u0435\u0440, \u043a\u043e\u0442\u043e\u0440\u044b\u0439 \u0432\u043e\u0441\u0445\u0438\u0449\u0430\u0435\u0442 \u043a\u0430\u043a \u0432\u043d\u0435\u0448\u043d\u0438\u043c \u0432\u0438\u0434\u043e\u043c, \u0442\u0430\u043a \u0438 \u0444\u0443\u043d\u043a\u0446\u0438\u043e\u043d\u0430\u043b\u044c\u043d\u043e\u0441\u0442\u044c\u044e.<\/p>","protected":false},"excerpt":{"rendered":"<p>\u0428\u0438\u0440\u0438\u043d\u0430 (\u0441\u043c): 60<br \/>\n\u0412\u044b\u0441\u043e\u0442\u0430 (\u0441\u043c): 40<br \/>\n\u0413\u043b\u0443\u0431\u0438\u043d\u0430 (\u0441\u043c): 32<\/p>","protected":false},"featured_media":157881,"comment_status":"open","ping_status":"open","template":"","meta":[],"product_brand":[],"product_cat":[9446,4106],"product_tag":[],"class_list":{"0":"post-157880","1":"product","2":"type-product","3":"status-publish","4":"has-post-thumbnail","6":"product_cat-kitchen-system-linea-white","7":"product_cat-gala-meble","9":"first","10":"instock","11":"purchasable","12":"product-type-simple"},"_links":{"self":[{"href":"https:\/\/baldumarket.lt\/ru\/wp-json\/wp\/v2\/product\/157880","targetHints":{"allow":["GET"]}}],"collection":[{"href":"https:\/\/baldumarket.lt\/ru\/wp-json\/wp\/v2\/product"}],"about":[{"href":"https:\/\/baldumarket.lt\/ru\/wp-json\/wp\/v2\/types\/product"}],"replies":[{"embeddable":true,"href":"https:\/\/baldumarket.lt\/ru\/wp-json\/wp\/v2\/comments?post=157880"}],"wp:featuredmedia":[{"embeddable":true,"href":"https:\/\/baldumarket.lt\/ru\/wp-json\/wp\/v2\/media\/157881"}],"wp:attachment":[{"href":"https:\/\/baldumarket.lt\/ru\/wp-json\/wp\/v2\/media?parent=157880"}],"wp:term":[{"taxonomy":"product_brand","embeddable":true,"href":"https:\/\/baldumarket.lt\/ru\/wp-json\/wp\/v2\/product_brand?post=157880"},{"taxonomy":"product_cat","embeddable":true,"href":"https:\/\/baldumarket.lt\/ru\/wp-json\/wp\/v2\/product_cat?post=157880"},{"taxonomy":"product_tag","embeddable":true,"href":"https:\/\/baldumarket.lt\/ru\/wp-json\/wp\/v2\/product_tag?post=157880"}],"curies":[{"name":"WP","href":"https:\/\/api.w.org\/{rel}","templated":true}]}}