{"id":157683,"date":"2025-12-18T23:38:13","date_gmt":"2025-12-18T20:38:13","guid":{"rendered":"https:\/\/baldumarket.lt\/product\/szafka-kuchenna-gorna-1-drzwiowa-n60-langen-grey\/"},"modified":"2026-02-18T11:24:38","modified_gmt":"2026-02-18T08:24:38","slug":"szafka-kuchenna-gorna-1-drzwiowa-n60-langen-grey","status":"publish","type":"product","link":"https:\/\/baldumarket.lt\/ru\/product\/szafka-kuchenna-gorna-1-drzwiowa-n60-langen-grey\/","title":{"rendered":"Vir\u0161utin\u0117 1 duru virtu\u0117s spintel\u0117 N60 Langen Grey"},"content":{"rendered":"<p>\u041e\u0442\u043a\u0440\u043e\u0439\u0442\u0435 \u0434\u043b\u044f \u0441\u0435\u0431\u044f \u0438\u0434\u0435\u0430\u043b\u044c\u043d\u043e\u0435 \u0441\u043e\u0447\u0435\u0442\u0430\u043d\u0438\u0435 \u0441\u043e\u0432\u0440\u0435\u043c\u0435\u043d\u043d\u043e\u0433\u043e \u0434\u0438\u0437\u0430\u0439\u043d\u0430 \u0438 \u0444\u0443\u043d\u043a\u0446\u0438\u043e\u043d\u0430\u043b\u044c\u043d\u043e\u0441\u0442\u0438 \u0441 \u043d\u0430\u0448\u0435\u0439 \u044d\u043b\u0435\u0433\u0430\u043d\u0442\u043d\u043e\u0439 \u043a\u0443\u0445\u043e\u043d\u043d\u043e\u0439 \u0441\u0442\u043e\u043b\u0435\u0448\u043d\u0438\u0446\u0435\u0439 Langen Grey N60. \u042d\u0442\u0430 \u043a\u043e\u043c\u043f\u0430\u043a\u0442\u043d\u0430\u044f \u0438 \u0441\u0442\u0438\u043b\u044c\u043d\u0430\u044f \u0441\u0442\u043e\u043b\u0435\u0448\u043d\u0438\u0446\u0430 \u043f\u0440\u0438\u0432\u043b\u0435\u043a\u0430\u0435\u0442 \u0432\u043d\u0438\u043c\u0430\u043d\u0438\u0435 \u043c\u0430\u0442\u043e\u0432\u043e\u0439 \u0441\u0435\u0440\u043e\u0439 \u043f\u0435\u0440\u0435\u0434\u043d\u0435\u0439 \u043f\u0430\u043d\u0435\u043b\u044c\u044e \u0438 \u043a\u043e\u0440\u043f\u0443\u0441\u043e\u043c \u0438\u0437 \u0434\u0440\u0435\u0432\u0435\u0441\u0438\u043d\u044b \u0434\u0443\u0431\u0430 \u0440\u0443\u0447\u043d\u043e\u0439 \u0440\u0430\u0431\u043e\u0442\u044b, \u0441\u043e\u0437\u0434\u0430\u0432\u0430\u044f \u0433\u0430\u0440\u043c\u043e\u043d\u0438\u0447\u043d\u0443\u044e \u043a\u043e\u043c\u043f\u043e\u0437\u0438\u0446\u0438\u044e, \u043a\u043e\u0442\u043e\u0440\u0430\u044f \u0438\u0434\u0435\u0430\u043b\u044c\u043d\u043e \u0434\u043e\u043f\u043e\u043b\u043d\u0438\u0442 \u043a\u0430\u043a \u0441\u043e\u0432\u0440\u0435\u043c\u0435\u043d\u043d\u044b\u0439, \u0442\u0430\u043a \u0438 \u043a\u043b\u0430\u0441\u0441\u0438\u0447\u0435\u0441\u043a\u0438\u0439 \u0434\u0438\u0437\u0430\u0439\u043d \u0438\u043d\u0442\u0435\u0440\u044c\u0435\u0440\u0430.<\/p>\n<p>\u0411\u043b\u0430\u0433\u043e\u0434\u0430\u0440\u044f \u0442\u0449\u0430\u0442\u0435\u043b\u044c\u043d\u043e \u043f\u0440\u043e\u0434\u0443\u043c\u0430\u043d\u043d\u043e\u0439 \u043a\u043e\u043d\u0441\u0442\u0440\u0443\u043a\u0446\u0438\u0438, \u043a\u0443\u0445\u043e\u043d\u043d\u044b\u0439 \u0448\u043a\u0430\u0444 Langen Grey \u2014 \u0438\u0434\u0435\u0430\u043b\u044c\u043d\u043e\u0435 \u0440\u0435\u0448\u0435\u043d\u0438\u0435 \u0434\u043b\u044f \u0442\u0435\u0445, \u043a\u0442\u043e \u0446\u0435\u043d\u0438\u0442 \u044d\u0441\u0442\u0435\u0442\u0438\u043a\u0443 \u0438 \u0444\u0443\u043d\u043a\u0446\u0438\u043e\u043d\u0430\u043b\u044c\u043d\u043e\u0441\u0442\u044c. \u041e\u043f\u0442\u0438\u043c\u0430\u043b\u044c\u043d\u0430\u044f \u0433\u043b\u0443\u0431\u0438\u043d\u0430 \u0438 \u0448\u0438\u0440\u0438\u043d\u0430 \u043f\u043e\u0437\u0432\u043e\u043b\u044f\u044e\u0442 \u043f\u0440\u0430\u043a\u0442\u0438\u0447\u043d\u043e \u043e\u0440\u0433\u0430\u043d\u0438\u0437\u043e\u0432\u0430\u0442\u044c \u043a\u0443\u0445\u043e\u043d\u043d\u043e\u0435 \u043f\u0440\u043e\u0441\u0442\u0440\u0430\u043d\u0441\u0442\u0432\u043e, \u0441\u043e\u0445\u0440\u0430\u043d\u044f\u044f \u043f\u0440\u0438 \u044d\u0442\u043e\u043c \u044d\u043b\u0435\u0433\u0430\u043d\u0442\u043d\u044b\u0439 \u0432\u043d\u0435\u0448\u043d\u0438\u0439 \u0432\u0438\u0434. \u0415\u0433\u043e \u043d\u0435\u0436\u043d\u044b\u0439 \u0446\u0432\u0435\u0442 \u0434\u043e\u0431\u0430\u0432\u043b\u044f\u0435\u0442 \u0443\u044e\u0442\u0430, \u043f\u0440\u0435\u0432\u0440\u0430\u0449\u0430\u044f \u043a\u0443\u0445\u043d\u044e \u0432 \u0441\u0435\u0440\u0434\u0446\u0435 \u0434\u043e\u043c\u0430.<\/p>\n<p>\u042d\u0442\u0430 \u043c\u043e\u0434\u0435\u043b\u044c \u043e\u0442\u043b\u0438\u0447\u0430\u0435\u0442\u0441\u044f \u043d\u0435 \u0442\u043e\u043b\u044c\u043a\u043e \u044d\u043b\u0435\u0433\u0430\u043d\u0442\u043d\u043e\u0441\u0442\u044c\u044e, \u043d\u043e \u0438 \u0434\u043e\u043b\u0433\u043e\u0432\u0435\u0447\u043d\u043e\u0441\u0442\u044c\u044e. \u0418\u0437\u0433\u043e\u0442\u043e\u0432\u043b\u0435\u043d\u043d\u0430\u044f \u0438\u0437 \u0443\u0434\u0430\u0440\u043e\u043f\u0440\u043e\u0447\u043d\u044b\u0445 \u043c\u0430\u0442\u0435\u0440\u0438\u0430\u043b\u043e\u0432, \u043e\u043d\u0430 \u0433\u0430\u0440\u0430\u043d\u0442\u0438\u0440\u0443\u0435\u0442 \u0434\u043b\u0438\u0442\u0435\u043b\u044c\u043d\u044b\u0439 \u0441\u0440\u043e\u043a \u0441\u043b\u0443\u0436\u0431\u044b, \u0447\u0442\u043e \u0434\u0435\u043b\u0430\u0435\u0442 \u0435\u0435 \u043e\u0442\u043b\u0438\u0447\u043d\u044b\u043c \u0432\u043b\u043e\u0436\u0435\u043d\u0438\u0435\u043c \u043d\u0430 \u0434\u043e\u043b\u0433\u0438\u0435 \u0433\u043e\u0434\u044b. \u041a\u0440\u043e\u043c\u0435 \u0442\u043e\u0433\u043e, \u0432\u043e\u0437\u043c\u043e\u0436\u043d\u043e\u0441\u0442\u044c \u0432\u044b\u0431\u043e\u0440\u0430 \u043c\u0435\u0436\u0434\u0443 \u043a\u043b\u0430\u0441\u0441\u0438\u0447\u0435\u0441\u043a\u043e\u0439 \u0447\u0435\u0440\u043d\u043e\u0439 \u0440\u0443\u0447\u043a\u043e\u0439 \u0438\u043b\u0438 \u0441\u0438\u0441\u0442\u0435\u043c\u043e\u0439 \u043e\u0442\u043a\u0440\u044b\u0432\u0430\u043d\u0438\u044f \u043d\u0430\u0436\u0430\u0442\u0438\u0435\u043c \u043f\u043e\u0437\u0432\u043e\u043b\u044f\u0435\u0442 \u043f\u0435\u0440\u0441\u043e\u043d\u0430\u043b\u0438\u0437\u0438\u0440\u043e\u0432\u0430\u0442\u044c \u0448\u043a\u0430\u0444 \u0432 \u0441\u043e\u043e\u0442\u0432\u0435\u0442\u0441\u0442\u0432\u0438\u0438 \u0441 \u0432\u0430\u0448\u0438\u043c\u0438 \u0438\u043d\u0434\u0438\u0432\u0438\u0434\u0443\u0430\u043b\u044c\u043d\u044b\u043c\u0438 \u043f\u0440\u0435\u0434\u043f\u043e\u0447\u0442\u0435\u043d\u0438\u044f\u043c\u0438 \u0438 \u0441\u0442\u0438\u043b\u0435\u043c \u0438\u043d\u0442\u0435\u0440\u044c\u0435\u0440\u0430.<\/p>\n<p>\u041a\u043e\u043d\u0441\u0442\u0440\u0443\u043a\u0446\u0438\u044f \u043a\u0443\u0445\u043e\u043d\u043d\u043e\u0433\u043e \u0448\u043a\u0430\u0444\u0430 \u0440\u0430\u0437\u0440\u0430\u0431\u043e\u0442\u0430\u043d\u0430 \u0441 \u0443\u0447\u0435\u0442\u043e\u043c \u043f\u0440\u043e\u0441\u0442\u043e\u0442\u044b \u0438 \u0443\u0434\u043e\u0431\u0441\u0442\u0432\u0430 \u0441\u0431\u043e\u0440\u043a\u0438, \u043f\u0440\u0435\u0434\u043b\u0430\u0433\u0430\u044f \u0433\u043e\u0442\u043e\u0432\u043e\u0435 \u0440\u0435\u0448\u0435\u043d\u0438\u0435 \u0434\u043b\u044f \u043c\u043e\u043d\u0442\u0430\u0436\u0430. \u041f\u0440\u0438\u0432\u043d\u0435\u0441\u0438\u0442\u0435 \u0432 \u0441\u0432\u043e\u044e \u043a\u0443\u0445\u043d\u044e \u043d\u043e\u0442\u043a\u0443 \u0441\u043e\u0432\u0440\u0435\u043c\u0435\u043d\u043d\u043e\u0439 \u044d\u043b\u0435\u0433\u0430\u043d\u0442\u043d\u043e\u0441\u0442\u0438 \u0438 \u0444\u0443\u043d\u043a\u0446\u0438\u043e\u043d\u0430\u043b\u044c\u043d\u043e\u0441\u0442\u0438 \u0441 \u043f\u043e\u043c\u043e\u0449\u044c\u044e \u043d\u0430\u0448\u0435\u0433\u043e \u043f\u0440\u043e\u0434\u0443\u043a\u0442\u0430, \u043a\u043e\u0442\u043e\u0440\u044b\u0439, \u043d\u0435\u0441\u043e\u043c\u043d\u0435\u043d\u043d\u043e, \u043e\u043f\u0440\u0430\u0432\u0434\u0430\u0435\u0442 \u043e\u0436\u0438\u0434\u0430\u043d\u0438\u044f \u0434\u0430\u0436\u0435 \u0441\u0430\u043c\u044b\u0445 \u0442\u0440\u0435\u0431\u043e\u0432\u0430\u0442\u0435\u043b\u044c\u043d\u044b\u0445 \u043a\u043b\u0438\u0435\u043d\u0442\u043e\u0432.<\/p>","protected":false},"excerpt":{"rendered":"<p>\u0428\u0438\u0440\u0438\u043d\u0430 (\u0441\u043c): 60<br \/>\n\u0412\u044b\u0441\u043e\u0442\u0430 (\u0441\u043c): 36<br \/>\n\u0413\u043b\u0443\u0431\u0438\u043d\u0430 (\u0441\u043c): 58<\/p>","protected":false},"featured_media":157684,"comment_status":"open","ping_status":"open","template":"","meta":[],"product_brand":[],"product_cat":[9442,4106],"product_tag":[],"class_list":{"0":"post-157683","1":"product","2":"type-product","3":"status-publish","4":"has-post-thumbnail","6":"product_cat-kitchen-system-langen-dab-artisan","7":"product_cat-gala-meble","9":"first","10":"instock","11":"purchasable","12":"product-type-simple"},"_links":{"self":[{"href":"https:\/\/baldumarket.lt\/ru\/wp-json\/wp\/v2\/product\/157683","targetHints":{"allow":["GET"]}}],"collection":[{"href":"https:\/\/baldumarket.lt\/ru\/wp-json\/wp\/v2\/product"}],"about":[{"href":"https:\/\/baldumarket.lt\/ru\/wp-json\/wp\/v2\/types\/product"}],"replies":[{"embeddable":true,"href":"https:\/\/baldumarket.lt\/ru\/wp-json\/wp\/v2\/comments?post=157683"}],"wp:featuredmedia":[{"embeddable":true,"href":"https:\/\/baldumarket.lt\/ru\/wp-json\/wp\/v2\/media\/157684"}],"wp:attachment":[{"href":"https:\/\/baldumarket.lt\/ru\/wp-json\/wp\/v2\/media?parent=157683"}],"wp:term":[{"taxonomy":"product_brand","embeddable":true,"href":"https:\/\/baldumarket.lt\/ru\/wp-json\/wp\/v2\/product_brand?post=157683"},{"taxonomy":"product_cat","embeddable":true,"href":"https:\/\/baldumarket.lt\/ru\/wp-json\/wp\/v2\/product_cat?post=157683"},{"taxonomy":"product_tag","embeddable":true,"href":"https:\/\/baldumarket.lt\/ru\/wp-json\/wp\/v2\/product_tag?post=157683"}],"curies":[{"name":"WP","href":"https:\/\/api.w.org\/{rel}","templated":true}]}}