{"id":156917,"date":"2025-12-18T23:12:59","date_gmt":"2025-12-18T20:12:59","guid":{"rendered":"https:\/\/baldumarket.lt\/product\/szafka-kuchenna-gorna-witryna-1-drzwiowa-prawa-g30s-p-sycylia-andersen\/"},"modified":"2026-02-06T12:47:21","modified_gmt":"2026-02-06T09:47:21","slug":"szafka-kuchenna-gorna-witryna-1-drzwiowa-prawa-g30s-p-sycylia-andersen","status":"publish","type":"product","link":"https:\/\/baldumarket.lt\/ru\/product\/szafka-kuchenna-gorna-witryna-1-drzwiowa-prawa-g30s-p-sycylia-andersen\/","title":{"rendered":"Vir\u0161utin\u0117 virtu\u0117s spintel\u0117, vienv\u0117r\u0117, de\u0161inin\u0117, G30S-P, Sicily Andersen"},"content":{"rendered":"<p>\u0412\u043e\u043f\u043b\u043e\u0442\u0438\u0442\u0435 \u0432 \u0436\u0438\u0437\u043d\u044c \u0441\u0432\u043e\u0438 \u043a\u0443\u0445\u043e\u043d\u043d\u044b\u0435 \u043c\u0435\u0447\u0442\u044b \u0441 \u043f\u043e\u043c\u043e\u0449\u044c\u044e \u044d\u043b\u0435\u0433\u0430\u043d\u0442\u043d\u043e\u0433\u043e \u043e\u0434\u043d\u043e\u0441\u0442\u0432\u043e\u0440\u0447\u0430\u0442\u043e\u0433\u043e \u0432\u0435\u0440\u0445\u043d\u0435\u0433\u043e \u0448\u043a\u0430\u0444\u0430 \u0438\u0437 \u0441\u0435\u0440\u0438\u0438 Andersen Sycylia. \u0418\u0437\u044b\u0441\u043a\u0430\u043d\u043d\u044b\u0439 \u0434\u0438\u0437\u0430\u0439\u043d \u0438 \u0441\u0442\u0438\u043b\u044c\u043d\u0430\u044f \u043f\u0440\u043e\u0441\u0442\u043e\u0442\u0430 \u044d\u0442\u043e\u0433\u043e \u0448\u043a\u0430\u0444\u0430 \u043f\u0440\u0438\u0434\u0430\u0434\u0443\u0442 \u0432\u0430\u0448\u0435\u0439 \u043a\u0443\u0445\u043d\u0435 \u043d\u0435\u043f\u043e\u0432\u0442\u043e\u0440\u0438\u043c\u044b\u0439 \u0445\u0430\u0440\u0430\u043a\u0442\u0435\u0440, \u0441\u043e\u0437\u0434\u0430\u0432 \u0438\u0434\u0435\u0430\u043b\u044c\u043d\u043e\u0435 \u0441\u043e\u0447\u0435\u0442\u0430\u043d\u0438\u0435 \u0441\u043e\u0432\u0440\u0435\u043c\u0435\u043d\u043d\u043e\u0441\u0442\u0438 \u0438 \u043a\u043b\u0430\u0441\u0441\u0438\u0447\u0435\u0441\u043a\u043e\u0433\u043e \u0441\u0442\u0438\u043b\u044f. \u0424\u0430\u0441\u0430\u0434 \u0438\u0437 \u0441\u043e\u0441\u043d\u044b Andersen \u0433\u0430\u0440\u043c\u043e\u043d\u0438\u0447\u043d\u043e \u0441\u043e\u0447\u0435\u0442\u0430\u0435\u0442\u0441\u044f \u0441 \u043c\u0430\u0442\u043e\u0432\u044b\u043c \u0431\u0435\u043b\u044b\u043c \u043a\u043e\u0440\u043f\u0443\u0441\u043e\u043c, \u0441\u043e\u0437\u0434\u0430\u0432\u0430\u044f \u043f\u0440\u043e\u0441\u0442\u0440\u0430\u043d\u0441\u0442\u0432\u043e, \u0438\u0437\u043b\u0443\u0447\u0430\u044e\u0449\u0435\u0435 \u0442\u0435\u043f\u043b\u043e \u0438 \u0443\u044e\u0442. \u0411\u043b\u0430\u0433\u043e\u0434\u0430\u0440\u044f \u0444\u0443\u043d\u043a\u0446\u0438\u043e\u043d\u0430\u043b\u044c\u043d\u043e\u043c\u0443 \u0434\u0438\u0437\u0430\u0439\u043d\u0443 \u0448\u043a\u0430\u0444 \u043e\u0431\u043b\u0435\u0433\u0447\u0430\u0435\u0442 \u0445\u0440\u0430\u043d\u0435\u043d\u0438\u0435 \u043d\u0435\u043e\u0431\u0445\u043e\u0434\u0438\u043c\u044b\u0445 \u043a\u0443\u0445\u043e\u043d\u043d\u044b\u0445 \u043f\u0440\u0438\u043d\u0430\u0434\u043b\u0435\u0436\u043d\u043e\u0441\u0442\u0435\u0439, \u043e\u0431\u0435\u0441\u043f\u0435\u0447\u0438\u0432\u0430\u044f \u043b\u0435\u0433\u043a\u0438\u0439 \u0434\u043e\u0441\u0442\u0443\u043f \u043a\u043e \u0432\u0441\u0435\u043c\u0443 \u043d\u0435\u043e\u0431\u0445\u043e\u0434\u0438\u043c\u043e\u043c\u0443. \u041f\u0440\u043e\u0434\u0443\u043c\u0430\u043d\u043d\u0430\u044f \u0432\u043d\u0443\u0442\u0440\u0435\u043d\u043d\u044f\u044f \u043f\u043b\u0430\u043d\u0438\u0440\u043e\u0432\u043a\u0430 \u0438\u0434\u0435\u0430\u043b\u044c\u043d\u043e \u043f\u043e\u0434\u0445\u043e\u0434\u0438\u0442 \u0434\u043b\u044f \u043f\u043e\u0434\u0434\u0435\u0440\u0436\u0430\u043d\u0438\u044f \u043f\u043e\u0440\u044f\u0434\u043a\u0430 \u043d\u0430 \u043a\u0443\u0445\u043d\u0435. \u0418\u0437\u044f\u0449\u043d\u0430\u044f \u0441\u0435\u0440\u0435\u0431\u0440\u0438\u0441\u0442\u0430\u044f \u043f\u043b\u0430\u0441\u0442\u0438\u043a\u043e\u0432\u0430\u044f \u0440\u0443\u0447\u043a\u0430 \u0434\u043e\u0431\u0430\u0432\u043b\u044f\u0435\u0442 \u0441\u043e\u0432\u0440\u0435\u043c\u0435\u043d\u043d\u044b\u0439 \u0448\u0442\u0440\u0438\u0445, \u043f\u043e\u0434\u0447\u0435\u0440\u043a\u0438\u0432\u0430\u044f \u0443\u043d\u0438\u043a\u0430\u043b\u044c\u043d\u044b\u0439 \u0441\u0442\u0438\u043b\u044c \u043c\u0435\u0431\u0435\u043b\u0438. \u0411\u043b\u0430\u0433\u043e\u0434\u0430\u0440\u044f \u043a\u0430\u0447\u0435\u0441\u0442\u0432\u0443, \u0441\u0442\u0438\u043b\u044e \u0438 \u0444\u0443\u043d\u043a\u0446\u0438\u043e\u043d\u0430\u043b\u044c\u043d\u043e\u0441\u0442\u0438 \u0448\u043a\u0430\u0444 Andersen Sycylia \u044f\u0432\u043b\u044f\u0435\u0442\u0441\u044f \u043d\u0435 \u0442\u043e\u043b\u044c\u043a\u043e \u0434\u0435\u043a\u043e\u0440\u0430\u0442\u0438\u0432\u043d\u044b\u043c \u044d\u043b\u0435\u043c\u0435\u043d\u0442\u043e\u043c, \u043d\u043e, \u043f\u0440\u0435\u0436\u0434\u0435 \u0432\u0441\u0435\u0433\u043e, \u043f\u0440\u0430\u043a\u0442\u0438\u0447\u043d\u044b\u043c \u0434\u043e\u043f\u043e\u043b\u043d\u0435\u043d\u0438\u0435\u043c \u043a \u0432\u0430\u0448\u0435\u0439 \u043a\u0443\u0445\u043d\u0435. \u0418\u0441\u043f\u043e\u043b\u044c\u0437\u0443\u0435\u043c\u0430\u044f \u0432 \u0444\u0430\u0441\u0430\u0434\u0435 \u043f\u043b\u0438\u0442\u0430 \u041c\u0414\u0424 \u043e\u0431\u0435\u0441\u043f\u0435\u0447\u0438\u0432\u0430\u0435\u0442 \u0434\u043e\u043b\u0433\u043e\u0432\u0435\u0447\u043d\u043e\u0441\u0442\u044c \u0438 \u0441\u0442\u0438\u043b\u044c\u043d\u044b\u0439 \u0432\u043d\u0435\u0448\u043d\u0438\u0439 \u0432\u0438\u0434, \u043a\u043e\u0442\u043e\u0440\u044b\u0439 \u0431\u0443\u0434\u0435\u0442 \u0440\u0430\u0434\u043e\u0432\u0430\u0442\u044c \u0433\u043b\u0430\u0437 \u0434\u043e\u043b\u0433\u0438\u0435 \u0433\u043e\u0434\u044b. \u041b\u0430\u043c\u0438\u043d\u0438\u0440\u043e\u0432\u0430\u043d\u043d\u044b\u0439 \u043a\u043e\u0440\u043f\u0443\u0441 \u043e\u0431\u0435\u0441\u043f\u0435\u0447\u0438\u0432\u0430\u0435\u0442 \u0434\u043e\u043f\u043e\u043b\u043d\u0438\u0442\u0435\u043b\u044c\u043d\u0443\u044e \u0433\u0430\u0440\u0430\u043d\u0442\u0438\u044e \u0442\u043e\u0433\u043e, \u0447\u0442\u043e \u0448\u043a\u0430\u0444 \u043f\u0440\u0435\u043a\u0440\u0430\u0441\u043d\u043e \u0432\u044b\u0434\u0435\u0440\u0436\u0438\u0442 \u043d\u0430\u0433\u0440\u0443\u0437\u043a\u0438 \u0435\u0436\u0435\u0434\u043d\u0435\u0432\u043d\u043e\u0439 \u044d\u043a\u0441\u043f\u043b\u0443\u0430\u0442\u0430\u0446\u0438\u0438.<\/p>","protected":false},"excerpt":{"rendered":"<p>\u0428\u0438\u0440\u0438\u043d\u0430 (\u0441\u043c): 30<br \/>\n\u0412\u044b\u0441\u043e\u0442\u0430 (\u0441\u043c): 72<br \/>\n\u0413\u043b\u0443\u0431\u0438\u043d\u0430 (\u0441\u043c): 32<\/p>","protected":false},"featured_media":156918,"comment_status":"open","ping_status":"open","template":"","meta":[],"product_brand":[],"product_cat":[9440,9441,4106,9118],"product_tag":[],"class_list":{"0":"post-156917","1":"product","2":"type-product","3":"status-publish","4":"has-post-thumbnail","6":"product_cat-kitchen-system-sycylia-sosna-andersen","7":"product_cat-white","8":"product_cat-gala-meble","9":"product_cat-kitchen-cabinets","11":"first","12":"instock","13":"purchasable","14":"product-type-simple"},"_links":{"self":[{"href":"https:\/\/baldumarket.lt\/ru\/wp-json\/wp\/v2\/product\/156917","targetHints":{"allow":["GET"]}}],"collection":[{"href":"https:\/\/baldumarket.lt\/ru\/wp-json\/wp\/v2\/product"}],"about":[{"href":"https:\/\/baldumarket.lt\/ru\/wp-json\/wp\/v2\/types\/product"}],"replies":[{"embeddable":true,"href":"https:\/\/baldumarket.lt\/ru\/wp-json\/wp\/v2\/comments?post=156917"}],"wp:featuredmedia":[{"embeddable":true,"href":"https:\/\/baldumarket.lt\/ru\/wp-json\/wp\/v2\/media\/156918"}],"wp:attachment":[{"href":"https:\/\/baldumarket.lt\/ru\/wp-json\/wp\/v2\/media?parent=156917"}],"wp:term":[{"taxonomy":"product_brand","embeddable":true,"href":"https:\/\/baldumarket.lt\/ru\/wp-json\/wp\/v2\/product_brand?post=156917"},{"taxonomy":"product_cat","embeddable":true,"href":"https:\/\/baldumarket.lt\/ru\/wp-json\/wp\/v2\/product_cat?post=156917"},{"taxonomy":"product_tag","embeddable":true,"href":"https:\/\/baldumarket.lt\/ru\/wp-json\/wp\/v2\/product_tag?post=156917"}],"curies":[{"name":"WP","href":"https:\/\/api.w.org\/{rel}","templated":true}]}}