{"id":156880,"date":"2025-12-18T23:11:39","date_gmt":"2025-12-18T20:11:39","guid":{"rendered":"https:\/\/baldumarket.lt\/product\/szafka-kuchenna-gorna-witryna-1-drzwiowa-w40s-p-l-linea-grey-szary-mat\/"},"modified":"2026-02-18T11:32:59","modified_gmt":"2026-02-18T08:32:59","slug":"szafka-kuchenna-gorna-witryna-1-drzwiowa-w40s-p-l-linea-grey-szary-mat","status":"publish","type":"product","link":"https:\/\/baldumarket.lt\/ru\/product\/szafka-kuchenna-gorna-witryna-1-drzwiowa-w40s-p-l-linea-grey-szary-mat\/","title":{"rendered":"Vir\u0161utin\u0117 virtu\u0117s spintel\u0117, 1 \u0442\u0432\u0435\u0440\u0434\u0430\u044f \u0432\u0438\u0442\u0440\u0438\u043d\u0430, W40S P\/L, \u201eLinea Grey\u201c, \u043c\u0430\u0442\u043e\u0432\u0430\u044f \u043f\u0438\u043b\u043a\u0430"},"content":{"rendered":"<p>\u041e\u0442\u043a\u0440\u043e\u0439\u0442\u0435 \u0434\u043b\u044f \u0441\u0435\u0431\u044f \u0438\u0434\u0435\u0430\u043b\u044c\u043d\u044b\u0439 \u0441\u043f\u043e\u0441\u043e\u0431 \u043e\u0440\u0433\u0430\u043d\u0438\u0437\u043e\u0432\u0430\u0442\u044c \u043f\u0440\u043e\u0441\u0442\u0440\u0430\u043d\u0441\u0442\u0432\u043e \u043d\u0430 \u0432\u0430\u0448\u0435\u0439 \u043a\u0443\u0445\u043d\u0435 \u0441 \u043f\u043e\u043c\u043e\u0449\u044c\u044e \u044d\u043b\u0435\u0433\u0430\u043d\u0442\u043d\u043e\u0433\u043e \u0432\u0435\u0440\u0445\u043d\u0435\u0433\u043e \u0448\u043a\u0430\u0444\u0430 Linea Grey. \u0415\u0433\u043e \u0441\u043e\u0432\u0440\u0435\u043c\u0435\u043d\u043d\u044b\u0439 \u0434\u0438\u0437\u0430\u0439\u043d \u043e\u0447\u0430\u0440\u043e\u0432\u044b\u0432\u0430\u0435\u0442 \u043a\u0430\u0436\u0434\u043e\u0439 \u0434\u0435\u0442\u0430\u043b\u044c\u044e, \u0434\u043e\u0431\u0430\u0432\u043b\u044f\u044f \u043d\u043e\u0442\u043a\u0443 \u0440\u043e\u0441\u043a\u043e\u0448\u0438 \u0432 \u0432\u0430\u0448 \u0438\u043d\u0442\u0435\u0440\u044c\u0435\u0440. \u041f\u0440\u043e\u0434\u0443\u043c\u0430\u043d\u043d\u0430\u044f \u043a\u043e\u043d\u0441\u0442\u0440\u0443\u043a\u0446\u0438\u044f \u0438\u0434\u0435\u0430\u043b\u044c\u043d\u043e \u0441\u043e\u043e\u0442\u0432\u0435\u0442\u0441\u0442\u0432\u0443\u0435\u0442 \u0432\u0430\u0448\u0438\u043c \u043f\u043e\u0442\u0440\u0435\u0431\u043d\u043e\u0441\u0442\u044f\u043c, \u043f\u0440\u0435\u0434\u043b\u0430\u0433\u0430\u044f \u043a\u0430\u043a \u044d\u0441\u0442\u0435\u0442\u0438\u0447\u0435\u0441\u043a\u0443\u044e \u043a\u0440\u0430\u0441\u043e\u0442\u0443, \u0442\u0430\u043a \u0438 \u043f\u043e\u0432\u0441\u0435\u0434\u043d\u0435\u0432\u043d\u0443\u044e \u043f\u0440\u0430\u043a\u0442\u0438\u0447\u043d\u043e\u0441\u0442\u044c. \u0421\u0442\u0438\u043b\u044c\u043d\u044b\u0439 \u0441\u0435\u0440\u044b\u0439 \u0444\u0430\u0441\u0430\u0434 \u0441 \u0433\u043b\u044f\u043d\u0446\u0435\u0432\u043e\u0439 \u043e\u0442\u0434\u0435\u043b\u043a\u043e\u0439 \u0441\u043e\u0437\u0434\u0430\u0435\u0442 \u043e\u0449\u0443\u0449\u0435\u043d\u0438\u0435 \u0447\u0438\u0441\u0442\u043e\u0442\u044b \u0438 \u043f\u0440\u043e\u0441\u0442\u043e\u0440\u0430, \u0438\u0434\u0435\u0430\u043b\u044c\u043d\u043e \u043f\u043e\u0434\u0445\u043e\u0434\u044f\u0449\u0435\u0435 \u0434\u043b\u044f \u043b\u044e\u0431\u043e\u0439 \u0441\u043e\u0432\u0440\u0435\u043c\u0435\u043d\u043d\u043e\u0439 \u043a\u0443\u0445\u043d\u0438. \u0424\u0443\u043d\u043a\u0446\u0438\u043e\u043d\u0430\u043b\u044c\u043d\u043e\u0441\u0442\u044c \u0438 \u044d\u0441\u0442\u0435\u0442\u0438\u043a\u0430 \u0438\u0434\u0443\u0442 \u0440\u0443\u043a\u0430 \u043e\u0431 \u0440\u0443\u043a\u0443. \u0418\u0437\u0433\u043e\u0442\u043e\u0432\u043b\u0435\u043d\u043d\u044b\u0439 \u0438\u0437 \u0432\u044b\u0441\u043e\u043a\u043e\u043a\u0430\u0447\u0435\u0441\u0442\u0432\u0435\u043d\u043d\u043e\u0433\u043e \u041c\u0414\u0424, \u0444\u0430\u0441\u0430\u0434 \u043e\u0431\u0435\u0441\u043f\u0435\u0447\u0438\u0432\u0430\u0435\u0442 \u0434\u043e\u043b\u0433\u043e\u0432\u0435\u0447\u043d\u043e\u0441\u0442\u044c \u0438 \u043f\u0440\u043e\u0447\u043d\u043e\u0441\u0442\u044c, \u043f\u043e\u0437\u0432\u043e\u043b\u044f\u044f \u0432\u0430\u043c \u043d\u0430\u0441\u043b\u0430\u0436\u0434\u0430\u0442\u044c\u0441\u044f \u0443\u043d\u0438\u043a\u0430\u043b\u044c\u043d\u044b\u043c \u0432\u043d\u0435\u0448\u043d\u0438\u043c \u0432\u0438\u0434\u043e\u043c \u0448\u043a\u0430\u0444\u0430 \u0434\u043e\u043b\u0433\u0438\u0435 \u0433\u043e\u0434\u044b. \u041c\u0430\u0442\u043e\u0432\u0430\u044f \u0431\u0435\u043b\u0430\u044f \u043e\u0442\u0434\u0435\u043b\u043a\u0430 \u043a\u043e\u0440\u043f\u0443\u0441\u0430 \u0434\u043e\u0431\u0430\u0432\u043b\u044f\u0435\u0442 \u0438\u0437\u044b\u0441\u043a\u0430\u043d\u043d\u043e\u0441\u0442\u0438, \u043f\u0440\u0438\u0432\u043d\u043e\u0441\u044f \u0433\u0430\u0440\u043c\u043e\u043d\u0438\u044e \u0438 \u0446\u0435\u043b\u043e\u0441\u0442\u043d\u043e\u0441\u0442\u044c \u0432 \u0432\u0430\u0448\u0443 \u043a\u0443\u0445\u043d\u044e. \u0421 \u044d\u0442\u0438\u043c \u0448\u043a\u0430\u0444\u043e\u043c \u0432\u0430\u0448\u0430 \u043a\u043e\u043c\u043d\u0430\u0442\u0430 \u043f\u043e\u043b\u0443\u0447\u0438\u0442 \u043d\u0435 \u0442\u043e\u043b\u044c\u043a\u043e \u043f\u0440\u0430\u043a\u0442\u0438\u0447\u043d\u043e\u0435 \u043c\u0435\u0441\u0442\u043e \u0434\u043b\u044f \u0445\u0440\u0430\u043d\u0435\u043d\u0438\u044f, \u043d\u043e \u0438 \u0443\u043d\u0438\u043a\u0430\u043b\u044c\u043d\u044b\u0439 \u0434\u0435\u043a\u043e\u0440\u0430\u0442\u0438\u0432\u043d\u044b\u0439 \u044d\u043b\u0435\u043c\u0435\u043d\u0442. \u0411\u043b\u0430\u0433\u043e\u0434\u0430\u0440\u044f \u0441\u0430\u043c\u043e\u0437\u0430\u043a\u0440\u044b\u0432\u0430\u044e\u0449\u0438\u043c\u0441\u044f \u043f\u0435\u0442\u043b\u044f\u043c, \u0448\u043a\u0430\u0444 Linea Grey \u043e\u0431\u0435\u0441\u043f\u0435\u0447\u0438\u0432\u0430\u0435\u0442 \u043f\u043b\u0430\u0432\u043d\u043e\u0435 \u0438 \u0431\u0435\u0441\u0448\u0443\u043c\u043d\u043e\u0435 \u043e\u0442\u043a\u0440\u044b\u0432\u0430\u043d\u0438\u0435 \u0438 \u0437\u0430\u043a\u0440\u044b\u0432\u0430\u043d\u0438\u0435 \u0434\u0432\u0435\u0440\u0435\u0439, \u0447\u0442\u043e \u043a\u0440\u0430\u0439\u043d\u0435 \u0432\u0430\u0436\u043d\u043e \u0432 \u043f\u043e\u043c\u0435\u0449\u0435\u043d\u0438\u044f\u0445, \u0433\u0434\u0435 \u043a\u043e\u043c\u0444\u043e\u0440\u0442 \u0438 \u0442\u0438\u0448\u0438\u043d\u0430 \u0438\u043c\u0435\u044e\u0442 \u043f\u0435\u0440\u0432\u043e\u0441\u0442\u0435\u043f\u0435\u043d\u043d\u043e\u0435 \u0437\u043d\u0430\u0447\u0435\u043d\u0438\u0435. \u041a\u043e\u043c\u043f\u0430\u043a\u0442\u043d\u044b\u0435 \u0440\u0430\u0437\u043c\u0435\u0440\u044b \u043f\u043e\u0437\u0432\u043e\u043b\u044f\u044e\u0442 \u0435\u043c\u0443 \u043b\u0435\u0433\u043a\u043e \u0432\u043f\u0438\u0441\u0430\u0442\u044c\u0441\u044f \u0432 \u043b\u044e\u0431\u043e\u0439 \u0438\u043d\u0442\u0435\u0440\u044c\u0435\u0440, \u0433\u0430\u0440\u0430\u043d\u0442\u0438\u0440\u0443\u044f, \u0447\u0442\u043e \u0432\u0430\u0448\u0430 \u043f\u043e\u0441\u0443\u0434\u0430 \u0438 \u043a\u0443\u0445\u043e\u043d\u043d\u044b\u0435 \u043f\u0440\u0438\u043d\u0430\u0434\u043b\u0435\u0436\u043d\u043e\u0441\u0442\u0438 \u0432\u0441\u0435\u0433\u0434\u0430 \u0431\u0443\u0434\u0443\u0442 \u043f\u043e\u0434 \u0440\u0443\u043a\u043e\u0439.<\/p>","protected":false},"excerpt":{"rendered":"<p>\u0428\u0438\u0440\u0438\u043d\u0430 (\u0441\u043c): 40<br \/>\n\u0412\u044b\u0441\u043e\u0442\u0430 (\u0441\u043c): 127<br \/>\n\u0413\u043b\u0443\u0431\u0438\u043d\u0430 (\u0441\u043c): 32<\/p>","protected":false},"featured_media":156881,"comment_status":"open","ping_status":"open","template":"","meta":[],"product_brand":[],"product_cat":[9446,4106],"product_tag":[],"class_list":{"0":"post-156880","1":"product","2":"type-product","3":"status-publish","4":"has-post-thumbnail","6":"product_cat-kitchen-system-linea-white","7":"product_cat-gala-meble","9":"first","10":"instock","11":"purchasable","12":"product-type-simple"},"_links":{"self":[{"href":"https:\/\/baldumarket.lt\/ru\/wp-json\/wp\/v2\/product\/156880","targetHints":{"allow":["GET"]}}],"collection":[{"href":"https:\/\/baldumarket.lt\/ru\/wp-json\/wp\/v2\/product"}],"about":[{"href":"https:\/\/baldumarket.lt\/ru\/wp-json\/wp\/v2\/types\/product"}],"replies":[{"embeddable":true,"href":"https:\/\/baldumarket.lt\/ru\/wp-json\/wp\/v2\/comments?post=156880"}],"wp:featuredmedia":[{"embeddable":true,"href":"https:\/\/baldumarket.lt\/ru\/wp-json\/wp\/v2\/media\/156881"}],"wp:attachment":[{"href":"https:\/\/baldumarket.lt\/ru\/wp-json\/wp\/v2\/media?parent=156880"}],"wp:term":[{"taxonomy":"product_brand","embeddable":true,"href":"https:\/\/baldumarket.lt\/ru\/wp-json\/wp\/v2\/product_brand?post=156880"},{"taxonomy":"product_cat","embeddable":true,"href":"https:\/\/baldumarket.lt\/ru\/wp-json\/wp\/v2\/product_cat?post=156880"},{"taxonomy":"product_tag","embeddable":true,"href":"https:\/\/baldumarket.lt\/ru\/wp-json\/wp\/v2\/product_tag?post=156880"}],"curies":[{"name":"WP","href":"https:\/\/api.w.org\/{rel}","templated":true}]}}