{"id":156189,"date":"2025-12-18T18:25:33","date_gmt":"2025-12-18T15:25:33","guid":{"rendered":"https:\/\/baldumarket.lt\/product\/scandi-regal-1d2s-zgaszona-zielen-dab-olejowany\/"},"modified":"2026-02-05T12:08:40","modified_gmt":"2026-02-05T09:08:40","slug":"scandi-regal-1d2s-zgaszona-zielen-dab-olejowany","status":"publish","type":"product","link":"https:\/\/baldumarket.lt\/ru\/product\/scandi-regal-1d2s-zgaszona-zielen-dab-olejowany\/","title":{"rendered":"Scandi \u2013 Lentyna 1D2S Dulki\u0173 \u017ealia alyvuota \u0105\u017euolo spalva"},"content":{"rendered":"<p>\u0414\u043e\u0431\u0430\u0432\u044c\u0442\u0435 \u043d\u043e\u0442\u043a\u0443 \u0441\u043a\u0430\u043d\u0434\u0438\u043d\u0430\u0432\u0441\u043a\u043e\u0433\u043e \u0441\u0442\u0438\u043b\u044f \u0432 \u0441\u0432\u043e\u0439 \u0438\u043d\u0442\u0435\u0440\u044c\u0435\u0440 \u0441 \u043f\u043e\u043c\u043e\u0449\u044c\u044e \u043a\u043d\u0438\u0436\u043d\u043e\u0433\u043e \u0448\u043a\u0430\u0444\u0430 Scandi 1D2S \u0432 \u043f\u0440\u0438\u0433\u043b\u0443\u0448\u0435\u043d\u043d\u043e\u043c \u0437\u0435\u043b\u0435\u043d\u043e\u043c \u0446\u0432\u0435\u0442\u0435 \u0438 \u043e\u0442\u0434\u0435\u043b\u043a\u0435 \u0438\u0437 \u043f\u0440\u043e\u043c\u0430\u0441\u043b\u0435\u043d\u043d\u043e\u0433\u043e \u0434\u0443\u0431\u0430. \u0415\u0433\u043e \u044d\u043b\u0435\u0433\u0430\u043d\u0442\u043d\u044b\u0439 \u0438 \u0441\u043e\u0432\u0440\u0435\u043c\u0435\u043d\u043d\u044b\u0439 \u0434\u0438\u0437\u0430\u0439\u043d \u0434\u0435\u043b\u0430\u0435\u0442 \u044d\u0442\u043e\u0442 \u043a\u043d\u0438\u0436\u043d\u044b\u0439 \u0448\u043a\u0430\u0444 \u043d\u0435 \u0442\u043e\u043b\u044c\u043a\u043e \u0444\u0443\u043d\u043a\u0446\u0438\u043e\u043d\u0430\u043b\u044c\u043d\u044b\u043c \u043f\u0440\u0435\u0434\u043c\u0435\u0442\u043e\u043c \u043c\u0435\u0431\u0435\u043b\u0438, \u043d\u043e \u0438 \u0441\u0442\u0438\u043b\u044c\u043d\u044b\u043c \u0430\u043a\u0446\u0435\u043d\u0442\u043e\u043c, \u043a\u043e\u0442\u043e\u0440\u044b\u0439 \u043f\u0440\u0438\u0432\u043b\u0435\u0447\u0435\u0442 \u0432\u043d\u0438\u043c\u0430\u043d\u0438\u0435 \u043a\u0430\u0436\u0434\u043e\u0433\u043e \u0433\u043e\u0441\u0442\u044f. \u0421\u0434\u0435\u0440\u0436\u0430\u043d\u043d\u0430\u044f \u0446\u0432\u0435\u0442\u043e\u0432\u0430\u044f \u0433\u0430\u043c\u043c\u0430 \u0438\u0434\u0435\u0430\u043b\u044c\u043d\u043e \u0441\u043e\u043e\u0442\u0432\u0435\u0442\u0441\u0442\u0432\u0443\u0435\u0442 \u043f\u043e\u0441\u043b\u0435\u0434\u043d\u0438\u043c \u0442\u0435\u043d\u0434\u0435\u043d\u0446\u0438\u044f\u043c \u0434\u0438\u0437\u0430\u0439\u043d\u0430, \u0434\u043e\u0431\u0430\u0432\u043b\u044f\u044f \u043a\u043b\u0430\u0441\u0441 \u0438 \u0445\u0430\u0440\u0430\u043a\u0442\u0435\u0440 \u043b\u044e\u0431\u043e\u043c\u0443 \u043f\u043e\u043c\u0435\u0449\u0435\u043d\u0438\u044e. \u041a\u043d\u0438\u0436\u043d\u044b\u0439 \u0448\u043a\u0430\u0444 Scandi \u0440\u0430\u0437\u0440\u0430\u0431\u043e\u0442\u0430\u043d \u0441 \u0443\u0447\u0435\u0442\u043e\u043c \u0432\u0430\u0448\u0435\u0433\u043e \u0443\u0434\u043e\u0431\u0441\u0442\u0432\u0430. \u0415\u0433\u043e \u043a\u043e\u043d\u0441\u0442\u0440\u0443\u043a\u0446\u0438\u044f \u0432\u044b\u0441\u043e\u0442\u043e\u0439 215 \u0441\u043c \u043e\u0431\u0435\u0441\u043f\u0435\u0447\u0438\u0432\u0430\u0435\u0442 \u0434\u043e\u0441\u0442\u0430\u0442\u043e\u0447\u043d\u043e \u043c\u0435\u0441\u0442\u0430 \u0434\u043b\u044f \u0445\u0440\u0430\u043d\u0435\u043d\u0438\u044f, \u0447\u0442\u043e \u0434\u0435\u043b\u0430\u0435\u0442 \u0435\u0433\u043e \u0438\u0434\u0435\u0430\u043b\u044c\u043d\u044b\u043c \u0434\u043b\u044f \u0445\u0440\u0430\u043d\u0435\u043d\u0438\u044f \u043a\u043d\u0438\u0433, \u043f\u0440\u0435\u0434\u043c\u0435\u0442\u043e\u0432 \u0434\u0435\u043a\u043e\u0440\u0430 \u0438 \u043f\u043e\u0432\u0441\u0435\u0434\u043d\u0435\u0432\u043d\u044b\u0445 \u0432\u0435\u0449\u0435\u0439. \u041e\u043d \u0438\u0434\u0435\u0430\u043b\u044c\u043d\u043e \u0432\u043f\u0438\u0448\u0435\u0442\u0441\u044f \u043a\u0430\u043a \u0432 \u0433\u043e\u0441\u0442\u0438\u043d\u0443\u044e, \u0442\u0430\u043a \u0438 \u0432 \u0434\u043e\u043c\u0430\u0448\u043d\u0438\u0439 \u043e\u0444\u0438\u0441, \u0441\u043e\u0437\u0434\u0430\u0432\u0430\u044f \u043f\u0440\u043e\u0441\u0442\u0440\u0430\u043d\u0441\u0442\u0432\u043e, \u0441\u043f\u043e\u0441\u043e\u0431\u0441\u0442\u0432\u0443\u044e\u0449\u0435\u0435 \u043e\u0440\u0433\u0430\u043d\u0438\u0437\u0430\u0446\u0438\u0438 \u0438 \u0442\u0432\u043e\u0440\u0447\u0435\u0441\u043a\u043e\u043c\u0443 \u043c\u044b\u0448\u043b\u0435\u043d\u0438\u044e. \u0413\u043b\u0443\u0431\u0438\u043d\u0430 40 \u0441\u043c \u043e\u0431\u0435\u0441\u043f\u0435\u0447\u0438\u0432\u0430\u0435\u0442 \u043a\u043e\u043c\u0444\u043e\u0440\u0442\u043d\u043e\u0435 \u0438\u0441\u043f\u043e\u043b\u044c\u0437\u043e\u0432\u0430\u043d\u0438\u0435, \u043d\u0435 \u0437\u0430\u043d\u0438\u043c\u0430\u044f \u0441\u043b\u0438\u0448\u043a\u043e\u043c \u043c\u043d\u043e\u0433\u043e \u043c\u0435\u0441\u0442\u0430. \u041f\u0440\u0438\u0433\u043b\u0443\u0448\u0435\u043d\u043d\u044b\u0439 \u0437\u0435\u043b\u0435\u043d\u044b\u0439 \u0446\u0432\u0435\u0442, \u0443\u043a\u0440\u0430\u0448\u0430\u044e\u0449\u0438\u0439 \u043a\u043e\u0440\u043f\u0443\u0441 \u0438 \u043f\u0435\u0440\u0435\u0434\u043d\u044e\u044e \u043f\u0430\u043d\u0435\u043b\u044c \u043a\u043d\u0438\u0436\u043d\u043e\u0433\u043e \u0448\u043a\u0430\u0444\u0430, \u043f\u0440\u0438\u0432\u043d\u043e\u0441\u0438\u0442 \u0433\u0430\u0440\u043c\u043e\u043d\u0438\u044e \u0438 \u0441\u043f\u043e\u043a\u043e\u0439\u0441\u0442\u0432\u0438\u0435 \u0432 \u0438\u043d\u0442\u0435\u0440\u044c\u0435\u0440. \u0421\u043e\u0447\u0435\u0442\u0430\u043d\u0438\u0435 \u0441 \u043f\u0440\u043e\u043c\u0430\u0441\u043b\u0435\u043d\u043d\u044b\u043c \u0434\u0443\u0431\u043e\u043c \u043f\u043e\u0434\u0447\u0435\u0440\u043a\u0438\u0432\u0430\u0435\u0442 \u0435\u0441\u0442\u0435\u0441\u0442\u0432\u0435\u043d\u043d\u0443\u044e \u043a\u0440\u0430\u0441\u043e\u0442\u0443 \u043c\u0430\u0442\u0435\u0440\u0438\u0430\u043b\u043e\u0432, \u0434\u0435\u043b\u0430\u044f \u043a\u043d\u0438\u0436\u043d\u044b\u0439 \u0448\u043a\u0430\u0444 \u043d\u0435 \u0442\u043e\u043b\u044c\u043a\u043e \u043f\u0440\u0430\u043a\u0442\u0438\u0447\u043d\u044b\u043c, \u043d\u043e \u0438 \u044d\u0441\u0442\u0435\u0442\u0438\u0447\u0435\u0441\u043a\u0438 \u043f\u0440\u0438\u0432\u043b\u0435\u043a\u0430\u0442\u0435\u043b\u044c\u043d\u044b\u043c. \u0418\u0437\u0433\u043e\u0442\u043e\u0432\u043b\u0435\u043d\u043d\u0430\u044f \u0438\u0437 \u043f\u0440\u043e\u0447\u043d\u044b\u0445 \u043b\u0430\u043c\u0438\u043d\u0438\u0440\u043e\u0432\u0430\u043d\u043d\u044b\u0445 \u043f\u043b\u0438\u0442, \u044d\u0442\u0430 \u043c\u0435\u0431\u0435\u043b\u044c \u043b\u0435\u0433\u043a\u043e \u0447\u0438\u0441\u0442\u0438\u0442\u0441\u044f \u0438 \u0443\u0441\u0442\u043e\u0439\u0447\u0438\u0432\u0430 \u043a \u043f\u043e\u0432\u0441\u0435\u0434\u043d\u0435\u0432\u043d\u043e\u043c\u0443 \u0438\u0441\u043f\u043e\u043b\u044c\u0437\u043e\u0432\u0430\u043d\u0438\u044e, \u0447\u0442\u043e \u0434\u0435\u043b\u0430\u0435\u0442 \u0435\u0435 \u0438\u0434\u0435\u0430\u043b\u044c\u043d\u044b\u043c \u0432\u044b\u0431\u043e\u0440\u043e\u043c \u0434\u043b\u044f \u0441\u0435\u043c\u0435\u0439 \u0441 \u0434\u0435\u0442\u044c\u043c\u0438 \u0438 \u0434\u043e\u043c\u0430\u0448\u043d\u0438\u043c\u0438 \u0436\u0438\u0432\u043e\u0442\u043d\u044b\u043c\u0438.<\/p>","protected":false},"excerpt":{"rendered":"<p>\u0428\u0438\u0440\u0438\u043d\u0430 (\u0441\u043c): 50<br \/>\n\u0412\u044b\u0441\u043e\u0442\u0430 (\u0441\u043c): 215<br \/>\n\u0413\u043b\u0443\u0431\u0438\u043d\u0430 (\u0441\u043c): 40<\/p>","protected":false},"featured_media":156190,"comment_status":"open","ping_status":"open","template":"","meta":[],"product_brand":[],"product_cat":[9430,4105,1987],"product_tag":[],"class_list":{"0":"post-156189","1":"product","2":"type-product","3":"status-publish","4":"has-post-thumbnail","6":"product_cat-furniture-system-scandi","7":"product_cat-helvetia","8":"product_cat-shelving-units","10":"first","11":"instock","12":"purchasable","13":"product-type-simple"},"_links":{"self":[{"href":"https:\/\/baldumarket.lt\/ru\/wp-json\/wp\/v2\/product\/156189","targetHints":{"allow":["GET"]}}],"collection":[{"href":"https:\/\/baldumarket.lt\/ru\/wp-json\/wp\/v2\/product"}],"about":[{"href":"https:\/\/baldumarket.lt\/ru\/wp-json\/wp\/v2\/types\/product"}],"replies":[{"embeddable":true,"href":"https:\/\/baldumarket.lt\/ru\/wp-json\/wp\/v2\/comments?post=156189"}],"wp:featuredmedia":[{"embeddable":true,"href":"https:\/\/baldumarket.lt\/ru\/wp-json\/wp\/v2\/media\/156190"}],"wp:attachment":[{"href":"https:\/\/baldumarket.lt\/ru\/wp-json\/wp\/v2\/media?parent=156189"}],"wp:term":[{"taxonomy":"product_brand","embeddable":true,"href":"https:\/\/baldumarket.lt\/ru\/wp-json\/wp\/v2\/product_brand?post=156189"},{"taxonomy":"product_cat","embeddable":true,"href":"https:\/\/baldumarket.lt\/ru\/wp-json\/wp\/v2\/product_cat?post=156189"},{"taxonomy":"product_tag","embeddable":true,"href":"https:\/\/baldumarket.lt\/ru\/wp-json\/wp\/v2\/product_tag?post=156189"}],"curies":[{"name":"WP","href":"https:\/\/api.w.org\/{rel}","templated":true}]}}