{"id":152681,"date":"2025-12-18T05:53:53","date_gmt":"2025-12-18T02:53:53","guid":{"rendered":"https:\/\/baldumarket.lt\/?post_type=product&#038;p=152681"},"modified":"2026-02-03T23:33:46","modified_gmt":"2026-02-03T20:33:46","slug":"naroznik-plaza-l-gr1-3","status":"publish","type":"product","link":"https:\/\/baldumarket.lt\/ru\/product\/naroznik-plaza-l-gr1-3\/","title":{"rendered":"Kampin\u0117 aik\u0161t\u0117 L Gr1"},"content":{"rendered":"<h5><span style=\"color: #54859b\">\u041f\u043e\u0441\u0435\u0442\u0438\u0442\u0435 \u043d\u0430\u0448 \u0432\u0438\u0440\u0442\u0443\u0430\u043b\u044c\u043d\u044b\u0439 \u043c\u0430\u0433\u0430\u0437\u0438\u043d \u0431\u0440\u0435\u043d\u0434\u0430 WERSAL.<\/span><\/h5>\n<p> <a href=\"https:\/\/my.matterport.com\/show\/?m=SjRhosZFbQJ\" target=\"_blank\" rel=\"noopener\"><span style=\"color: #e47025\">https:\/\/my.matterport.com\/<\/span><\/a><\/p>\n<p>\u0423\u0433\u043b\u043e\u0432\u043e\u0439 \u0434\u0438\u0432\u0430\u043d Plaza \u2014 \u044d\u0442\u043e \u0438\u0441\u043a\u043b\u044e\u0447\u0438\u0442\u0435\u043b\u044c\u043d\u043e \u044d\u0444\u0444\u0435\u043a\u0442\u043d\u0430\u044f \u043c\u043e\u0434\u0435\u043b\u044c \u0441 \u043a\u0440\u0430\u0441\u0438\u0432\u043e\u0439 \u0434\u0435\u043a\u043e\u0440\u0430\u0442\u0438\u0432\u043d\u043e\u0439 \u0441\u0442\u0440\u043e\u0447\u043a\u043e\u0439, \u043a\u043e\u0442\u043e\u0440\u0430\u044f \u0434\u043e\u0431\u0430\u0432\u043b\u044f\u0435\u0442 \u044d\u043b\u0435\u0433\u0430\u043d\u0442\u043d\u043e\u0441\u0442\u0438 \u0438 \u0441\u0442\u0438\u043b\u044f. \u041e\u043d \u043e\u0441\u043d\u0430\u0449\u0435\u043d \u0440\u0435\u0433\u0443\u043b\u0438\u0440\u0443\u0435\u043c\u044b\u043c\u0438 \u043f\u043e\u0434\u0433\u043e\u043b\u043e\u0432\u043d\u0438\u043a\u0430\u043c\u0438, \u0432\u044b\u0434\u0432\u0438\u0436\u043d\u043e\u0439 \u0441\u043f\u0438\u043d\u043a\u043e\u0439 \u0438 \u044d\u043b\u0435\u043a\u0442\u0440\u0438\u0447\u0435\u0441\u043a\u0438 \u0432\u044b\u0434\u0432\u0438\u0433\u0430\u044e\u0449\u0438\u043c\u0441\u044f \u0441\u0438\u0434\u0435\u043d\u044c\u0435\u043c, \u043a\u043e\u0442\u043e\u0440\u043e\u0435 \u043c\u043e\u0436\u043d\u043e \u0438\u0441\u043f\u043e\u043b\u044c\u0437\u043e\u0432\u0430\u0442\u044c \u043a\u0430\u043a \u0441\u043f\u0430\u043b\u044c\u043d\u043e\u0435 \u043c\u0435\u0441\u0442\u043e. \u0423\u0433\u043b\u043e\u0432\u043e\u0439 \u0434\u0438\u0432\u0430\u043d \u043d\u0435 \u0438\u043c\u0435\u0435\u0442 \u0442\u0438\u043f\u0438\u0447\u043d\u043e\u0439 \u0444\u0443\u043d\u043a\u0446\u0438\u0438 \u0441\u043f\u0430\u043b\u044c\u043d\u043e\u0433\u043e \u043c\u0435\u0441\u0442\u0430 \u0438\u043b\u0438 \u043e\u0442\u0434\u0435\u043b\u0435\u043d\u0438\u044f \u0434\u043b\u044f \u0445\u0440\u0430\u043d\u0435\u043d\u0438\u044f \u043f\u043e\u0441\u0442\u0435\u043b\u044c\u043d\u043e\u0433\u043e \u0431\u0435\u043b\u044c\u044f. \u0421\u0438\u0434\u0435\u043d\u044c\u0435 \u043d\u0430\u043f\u043e\u043b\u043d\u0435\u043d\u043e \u043f\u0440\u0443\u0436\u0438\u043d\u0430\u043c\u0438 \u0442\u0438\u043f\u0430 \u0410 \u0438 \u043f\u0435\u043d\u043e\u043f\u043e\u043b\u0438\u0443\u0440\u0435\u0442\u0430\u043d\u043e\u043c N30. \u0421\u043f\u0438\u043d\u043a\u0430 \u043d\u0430\u043f\u043e\u043b\u043d\u0435\u043d\u0430 \u043f\u0435\u043d\u043e\u043f\u043e\u043b\u0438\u0443\u0440\u0435\u0442\u0430\u043d\u043e\u043c T1818 \u0438 \u0438\u043c\u0435\u0435\u0442 \u044d\u043b\u0430\u0441\u0442\u0438\u0447\u043d\u044b\u0439 \u043f\u043e\u044f\u0441. \u0421\u043f\u0438\u043d\u043a\u0430 \u043e\u0431\u0438\u0442\u0430 \u0442\u043a\u0430\u043d\u044c\u044e. \u0427\u0435\u0440\u043d\u044b\u0435 \u043c\u0435\u0442\u0430\u043b\u043b\u0438\u0447\u0435\u0441\u043a\u0438\u0435 \u043d\u043e\u0436\u043a\u0438 \u0432\u044b\u0441\u043e\u0442\u043e\u0439 15 \u0441\u043c. \u0414\u043e\u0441\u0442\u0443\u043f\u043d\u044b \u043b\u0435\u0432\u043e\u0441\u0442\u043e\u0440\u043e\u043d\u043d\u0438\u0439 \u0438 \u043f\u0440\u0430\u0432\u043e\u0441\u0442\u043e\u0440\u043e\u043d\u043d\u0438\u0439 \u0432\u0430\u0440\u0438\u0430\u043d\u0442\u044b. \u0414\u0438\u0432\u0430\u043d Plaza \u0432\u044b\u043f\u0443\u0441\u043a\u0430\u0435\u0442\u0441\u044f \u0432 \u0440\u0430\u0437\u043c\u0435\u0440\u0430\u0445 Mini, L \u0438 XL.<\/p>","protected":false},"excerpt":{"rendered":"<p>\u0412\u0435\u0441: 151 \u043a\u0433<br \/>\n\u0428\u0438\u0440\u0438\u043d\u0430: 300 \u0441\u043c<br \/>\n\u0413\u043b\u0443\u0431\u0438\u043d\u0430: 216 \u0441\u043c<br \/>\n\u0412\u044b\u0441\u043e\u0442\u0430: 99 \u0441\u043c<br \/>\n\u0413\u043b\u0443\u0431\u0438\u043d\u0430 \u0441\u0438\u0434\u0435\u043d\u044c\u044f: 62 \u0441\u043c<br \/>\n\u0412\u044b\u0441\u043e\u0442\u0430 \u0441\u0438\u0434\u0435\u043d\u044c\u044f: 44 \u0441\u043c<br \/>\n\u041e\u043f\u043e\u0440\u0430: \u043d\u0430 \u043d\u043e\u0433\u0438<br \/>\n\u0421\u0442\u043e\u0440\u043e\u043d\u0430: \u041b\u0435\u0432\u0430\u044f<br \/>\n\u041f\u043e\u0434\u043b\u043e\u043a\u043e\u0442\u043d\u0438\u043a\u0438: \u0441 \u043f\u043e\u0434\u043b\u043e\u043a\u043e\u0442\u043d\u0438\u043a\u0430\u043c\u0438<\/p>","protected":false},"featured_media":152725,"comment_status":"open","ping_status":"closed","template":"","meta":[],"product_brand":[],"product_cat":[9386,616,1983,4104],"product_tag":[],"class_list":{"0":"post-152681","1":"product","2":"type-product","3":"status-publish","4":"has-post-thumbnail","6":"product_cat-avangarde-wersal-upholstered-furniture","7":"product_cat-corners","8":"product_cat-corners-l","9":"product_cat-wersal","11":"first","12":"instock","13":"shipping-taxable","14":"purchasable","15":"product-type-variable","16":"wvs-archive-product-wrapper"},"_links":{"self":[{"href":"https:\/\/baldumarket.lt\/ru\/wp-json\/wp\/v2\/product\/152681","targetHints":{"allow":["GET"]}}],"collection":[{"href":"https:\/\/baldumarket.lt\/ru\/wp-json\/wp\/v2\/product"}],"about":[{"href":"https:\/\/baldumarket.lt\/ru\/wp-json\/wp\/v2\/types\/product"}],"replies":[{"embeddable":true,"href":"https:\/\/baldumarket.lt\/ru\/wp-json\/wp\/v2\/comments?post=152681"}],"wp:featuredmedia":[{"embeddable":true,"href":"https:\/\/baldumarket.lt\/ru\/wp-json\/wp\/v2\/media\/152725"}],"wp:attachment":[{"href":"https:\/\/baldumarket.lt\/ru\/wp-json\/wp\/v2\/media?parent=152681"}],"wp:term":[{"taxonomy":"product_brand","embeddable":true,"href":"https:\/\/baldumarket.lt\/ru\/wp-json\/wp\/v2\/product_brand?post=152681"},{"taxonomy":"product_cat","embeddable":true,"href":"https:\/\/baldumarket.lt\/ru\/wp-json\/wp\/v2\/product_cat?post=152681"},{"taxonomy":"product_tag","embeddable":true,"href":"https:\/\/baldumarket.lt\/ru\/wp-json\/wp\/v2\/product_tag?post=152681"}],"curies":[{"name":"WP","href":"https:\/\/api.w.org\/{rel}","templated":true}]}}