{"id":150962,"date":"2025-12-18T05:07:34","date_gmt":"2025-12-18T02:07:34","guid":{"rendered":"https:\/\/baldumarket.lt\/?post_type=product&#038;p=150962"},"modified":"2026-02-03T23:34:21","modified_gmt":"2026-02-03T20:34:21","slug":"lozko-kontynentalne-z-pojemnikiem-diori-140x200-gr1","status":"publish","type":"product","link":"https:\/\/baldumarket.lt\/ru\/product\/lozko-kontynentalne-z-pojemnikiem-diori-140x200-gr1\/","title":{"rendered":"Kontinentin\u0117 lova su daiktad\u0117\u017ee Diori 140\u00d7200 Gr1"},"content":{"rendered":"<h5><span style=\"color: #54859b\">\u041f\u043e\u0441\u0435\u0442\u0438\u0442\u0435 \u043d\u0430\u0448 \u0432\u0438\u0440\u0442\u0443\u0430\u043b\u044c\u043d\u044b\u0439 \u043c\u0430\u0433\u0430\u0437\u0438\u043d \u0431\u0440\u0435\u043d\u0434\u0430 WERSAL.<\/span><\/h5>\n<p> <a href=\"https:\/\/my.matterport.com\/show\/?m=SjRhosZFbQJ\" target=\"_blank\" rel=\"noopener\"><span style=\"color: #e47025\">https:\/\/my.matterport.com\/<\/span><\/a><\/p>\n<p>\u041a\u043e\u043d\u0442\u0438\u043d\u0435\u043d\u0442\u0430\u043b\u044c\u043d\u0430\u044f \u043a\u0440\u043e\u0432\u0430\u0442\u044c Diori \u0440\u0430\u0437\u043c\u0435\u0440\u043e\u043c 140\u00d7200 \u0441\u043c \u2014 \u0438\u0434\u0435\u0430\u043b\u044c\u043d\u043e\u0435 \u0440\u0435\u0448\u0435\u043d\u0438\u0435.<br \/>\n\u0414\u043b\u044f \u0442\u0435\u0445, \u043a\u0442\u043e \u0445\u043e\u0447\u0435\u0442 \u0441\u043e\u0447\u0435\u0442\u0430\u0442\u044c \u043a\u043e\u043c\u0444\u043e\u0440\u0442 \u0438 \u044d\u043b\u0435\u0433\u0430\u043d\u0442\u043d\u043e\u0441\u0442\u044c \u0432 \u043d\u0435\u0431\u043e\u043b\u044c\u0448\u043e\u043c \u043f\u043e\u043c\u0435\u0449\u0435\u043d\u0438\u0438.<br \/>\n\u041f\u0440\u043e\u0447\u043d\u044b\u0439 \u0434\u0443\u0431\u043e\u0432\u044b\u0439 \u043a\u0430\u0440\u043a\u0430\u0441 \u043e\u0431\u0435\u0441\u043f\u0435\u0447\u0438\u0432\u0430\u0435\u0442 \u0434\u043e\u043b\u0433\u043e\u0432\u0435\u0447\u043d\u043e\u0441\u0442\u044c, \u0430 \u043e\u0442\u0434\u0435\u043b\u0435\u043d\u0438\u0435 \u0434\u043b\u044f \u0441\u043d\u0430 \u043f\u0440\u0435\u0434\u043b\u0430\u0433\u0430\u0435\u0442<br \/>\n\u0423\u043c\u043d\u043e\u0435 \u0440\u0435\u0448\u0435\u043d\u0438\u0435 \u0434\u043b\u044f \u0445\u0440\u0430\u043d\u0435\u043d\u0438\u044f \u0432\u0435\u0449\u0435\u0439. \u0414\u0432\u0443\u0441\u043f\u0430\u043b\u044c\u043d\u044b\u0439 \u043c\u0430\u0442\u0440\u0430\u0441 \u0441 \u043f\u0440\u0443\u0436\u0438\u043d\u043d\u044b\u043c \u0431\u043b\u043e\u043a\u043e\u043c Bonnell \u0438<br \/>\n\u0421\u0435\u043c\u0438\u0437\u043e\u043d\u043d\u044b\u0439 \u043f\u0440\u0443\u0436\u0438\u043d\u043d\u044b\u0439 \u0431\u043b\u043e\u043a \u0432\u044b\u0441\u043e\u0442\u043e\u0439 18 \u0441\u043c \u043e\u0431\u0435\u0441\u043f\u0435\u0447\u0438\u0442 \u0437\u0434\u043e\u0440\u043e\u0432\u044b\u0439 \u0438 \u0441\u043f\u043e\u043a\u043e\u0439\u043d\u044b\u0439 \u0441\u043e\u043d, \u0430\u0434\u0430\u043f\u0442\u0438\u0440\u0443\u044f\u0441\u044c \u043a \u0435\u0441\u0442\u0435\u0441\u0442\u0432\u0435\u043d\u043d\u044b\u043c \u0438\u0437\u0433\u0438\u0431\u0430\u043c \u0432\u0430\u0448\u0435\u0433\u043e \u0442\u0435\u043b\u0430.<\/p>","protected":false},"excerpt":{"rendered":"<p>\u0428\u0438\u0440\u0438\u043d\u0430: 154 \u0441\u043c<br \/>\n\u0412\u044b\u0441\u043e\u0442\u0430: 116 \u0441\u043c<br \/>\n\u0413\u043b\u0443\u0431\u0438\u043d\u0430: 209 \u0441\u043c<br \/>\n\u0421\u043f\u0430\u043b\u044c\u043d\u0430\u044f \u0437\u043e\u043d\u0430: 140\u00d7200 \u0441\u043c<\/p>","protected":false},"featured_media":151023,"comment_status":"open","ping_status":"closed","template":"","meta":[],"product_brand":[],"product_cat":[9391,505,1970,514,4104],"product_tag":[],"class_list":{"0":"post-150962","1":"product","2":"type-product","3":"status-publish","4":"has-post-thumbnail","6":"product_cat-dream-wersal-upholstered-furniture","7":"product_cat-bedroom-beds","8":"product_cat-beds-140x200","9":"product_cat-continental-beds","10":"product_cat-wersal","12":"first","13":"instock","14":"shipping-taxable","15":"purchasable","16":"product-type-variable","17":"wvs-archive-product-wrapper"},"_links":{"self":[{"href":"https:\/\/baldumarket.lt\/ru\/wp-json\/wp\/v2\/product\/150962","targetHints":{"allow":["GET"]}}],"collection":[{"href":"https:\/\/baldumarket.lt\/ru\/wp-json\/wp\/v2\/product"}],"about":[{"href":"https:\/\/baldumarket.lt\/ru\/wp-json\/wp\/v2\/types\/product"}],"replies":[{"embeddable":true,"href":"https:\/\/baldumarket.lt\/ru\/wp-json\/wp\/v2\/comments?post=150962"}],"wp:featuredmedia":[{"embeddable":true,"href":"https:\/\/baldumarket.lt\/ru\/wp-json\/wp\/v2\/media\/151023"}],"wp:attachment":[{"href":"https:\/\/baldumarket.lt\/ru\/wp-json\/wp\/v2\/media?parent=150962"}],"wp:term":[{"taxonomy":"product_brand","embeddable":true,"href":"https:\/\/baldumarket.lt\/ru\/wp-json\/wp\/v2\/product_brand?post=150962"},{"taxonomy":"product_cat","embeddable":true,"href":"https:\/\/baldumarket.lt\/ru\/wp-json\/wp\/v2\/product_cat?post=150962"},{"taxonomy":"product_tag","embeddable":true,"href":"https:\/\/baldumarket.lt\/ru\/wp-json\/wp\/v2\/product_tag?post=150962"}],"curies":[{"name":"WP","href":"https:\/\/api.w.org\/{rel}","templated":true}]}}