{"id":145070,"date":"2025-12-14T19:30:48","date_gmt":"2025-12-14T16:30:48","guid":{"rendered":"https:\/\/baldumarket.lt\/product\/szafa-smart-3-dab-sonoma-bialy-lux-bez-lustra\/"},"modified":"2026-02-11T01:27:44","modified_gmt":"2026-02-10T22:27:44","slug":"szafa-smart-3-dab-sonoma-bialy-lux-bez-lustra","status":"publish","type":"product","link":"https:\/\/baldumarket.lt\/ru\/product\/szafa-smart-3-dab-sonoma-bialy-lux-bez-lustra\/","title":{"rendered":"SMART 3 \u0441\u043f\u0438\u043d\u0442\u0430, Sonoma \u0105\u017euolas + Balta Prabangi, be veidrod\u017eio"},"content":{"rendered":"","protected":false},"excerpt":{"rendered":"","protected":false},"featured_media":145071,"comment_status":"open","ping_status":"open","template":"","meta":[],"product_brand":[],"product_cat":[3678,1177],"product_tag":[],"class_list":{"0":"post-145070","1":"product","2":"type-product","3":"status-publish","4":"has-post-thumbnail","6":"product_cat-meblar","7":"product_cat-wardrobes","9":"first","10":"instock","11":"product-type-simple"},"_links":{"self":[{"href":"https:\/\/baldumarket.lt\/ru\/wp-json\/wp\/v2\/product\/145070","targetHints":{"allow":["GET"]}}],"collection":[{"href":"https:\/\/baldumarket.lt\/ru\/wp-json\/wp\/v2\/product"}],"about":[{"href":"https:\/\/baldumarket.lt\/ru\/wp-json\/wp\/v2\/types\/product"}],"replies":[{"embeddable":true,"href":"https:\/\/baldumarket.lt\/ru\/wp-json\/wp\/v2\/comments?post=145070"}],"wp:featuredmedia":[{"embeddable":true,"href":"https:\/\/baldumarket.lt\/ru\/wp-json\/wp\/v2\/media\/145071"}],"wp:attachment":[{"href":"https:\/\/baldumarket.lt\/ru\/wp-json\/wp\/v2\/media?parent=145070"}],"wp:term":[{"taxonomy":"product_brand","embeddable":true,"href":"https:\/\/baldumarket.lt\/ru\/wp-json\/wp\/v2\/product_brand?post=145070"},{"taxonomy":"product_cat","embeddable":true,"href":"https:\/\/baldumarket.lt\/ru\/wp-json\/wp\/v2\/product_cat?post=145070"},{"taxonomy":"product_tag","embeddable":true,"href":"https:\/\/baldumarket.lt\/ru\/wp-json\/wp\/v2\/product_tag?post=145070"}],"curies":[{"name":"WP","href":"https:\/\/api.w.org\/{rel}","templated":true}]}}