{"id":144877,"date":"2025-12-14T19:26:26","date_gmt":"2025-12-14T16:26:26","guid":{"rendered":"https:\/\/baldumarket.lt\/product\/sergio-system-12-bez-piaskowy-v-dab-olejowany-granat-krolewski\/"},"modified":"2026-02-11T01:26:17","modified_gmt":"2026-02-10T22:26:17","slug":"sergio-system-12-bez-piaskowy-v-dab-olejowany-granat-krolewski","status":"publish","type":"product","link":"https:\/\/baldumarket.lt\/ru\/product\/sergio-system-12-bez-piaskowy-v-dab-olejowany-granat-krolewski\/","title":{"rendered":"SERGIO sistema 12 sm\u0117lio spalvos V + alyvuotas \u0105\u017euolas + karali\u0161koji tamsiai m\u0117lyna"},"content":{"rendered":"<p>\u0421\u043f\u0430\u043b\u044c\u043d\u0430\u044f \u0437\u043e\u043d\u0430 90\u00d7200<\/p>","protected":false},"excerpt":{"rendered":"<p>\u0421\u043f\u0430\u043b\u044c\u043d\u0430\u044f \u0437\u043e\u043d\u0430 90\u00d7200<\/p>","protected":false},"featured_media":144878,"comment_status":"open","ping_status":"open","template":"","meta":[],"product_brand":[],"product_cat":[505,3678],"product_tag":[],"class_list":{"0":"post-144877","1":"product","2":"type-product","3":"status-publish","4":"has-post-thumbnail","6":"product_cat-bedroom-beds","7":"product_cat-meblar","9":"first","10":"instock","11":"product-type-simple"},"_links":{"self":[{"href":"https:\/\/baldumarket.lt\/ru\/wp-json\/wp\/v2\/product\/144877","targetHints":{"allow":["GET"]}}],"collection":[{"href":"https:\/\/baldumarket.lt\/ru\/wp-json\/wp\/v2\/product"}],"about":[{"href":"https:\/\/baldumarket.lt\/ru\/wp-json\/wp\/v2\/types\/product"}],"replies":[{"embeddable":true,"href":"https:\/\/baldumarket.lt\/ru\/wp-json\/wp\/v2\/comments?post=144877"}],"wp:featuredmedia":[{"embeddable":true,"href":"https:\/\/baldumarket.lt\/ru\/wp-json\/wp\/v2\/media\/144878"}],"wp:attachment":[{"href":"https:\/\/baldumarket.lt\/ru\/wp-json\/wp\/v2\/media?parent=144877"}],"wp:term":[{"taxonomy":"product_brand","embeddable":true,"href":"https:\/\/baldumarket.lt\/ru\/wp-json\/wp\/v2\/product_brand?post=144877"},{"taxonomy":"product_cat","embeddable":true,"href":"https:\/\/baldumarket.lt\/ru\/wp-json\/wp\/v2\/product_cat?post=144877"},{"taxonomy":"product_tag","embeddable":true,"href":"https:\/\/baldumarket.lt\/ru\/wp-json\/wp\/v2\/product_tag?post=144877"}],"curies":[{"name":"WP","href":"https:\/\/api.w.org\/{rel}","templated":true}]}}